{"id":4382,"date":"2017-10-10T17:02:39","date_gmt":"2017-10-10T15:02:39","guid":{"rendered":"http:\/\/alter-entorn.com?page_id=4382"},"modified":"2017-12-19T19:17:31","modified_gmt":"2017-12-19T17:17:31","slug":"nettoyage-menager","status":"publish","type":"page","link":"https:\/\/alter-entorn.com\/fr\/nettoyage-menager\/","title":{"rendered":"NETTOYAGE M\u00c9NAGER eMC"},"content":{"rendered":"<h2><u>Comment fonctionnent-ils et pourquoi nettoient-ils aussi bien?<\/u><\/h2>\n<p>La technologie chimique traditionnelle des d\u00e9tergents utilis\u00e9s habituellement pour le nettoyage des surfaces est bas\u00e9e sur la transformation des graisses en \u00e9tat liquide pour qu&rsquo;elles puissent \u00eatre entra\u00een\u00e9es par l&rsquo;eau. Cependant, elles ne sont pas efficaces pour \u00e9liminer la couche de polysaccharides que forme le biofilm (une pellicule se forme sur les surfaces).<\/p>\n<p>Par contre, les enzymes des nettoyants <strong>eMC\u00ae<\/strong> d\u00e9gradent la couche polym\u00e9rique que forme la structure du biofilm et elles transforment les cha\u00eenes organiques complexes en r\u00e9sidus de taille r\u00e9duite qui sont irr\u00e9versiblement d\u00e9truits et facilement solubles \u00e0 l&rsquo;eau. Les nettoyants <strong>eMC\u00ae <\/strong>produisent un effet antiadh\u00e9rent et antistatique. Les surfaces restent propres plus longtemps et l&rsquo;environnement n&rsquo;est pas pollu\u00e9 par les substances chimiques. Ils sont donc beaucoup plus efficaces et sains.<\/p>\n<h4>COMMENT UTILISER LES NETTOYANTS eMC\u00ae:<\/h4>\n<ul>\n<li>Ils peuvent \u00eatre utilis\u00e9s sur n&rsquo;importe quelle surface.<\/li>\n<li>Ils peuvent \u00eatre dilu\u00e9s \u00e0 l&rsquo;eau dans un pulv\u00e9risateur (5\u00a0ml x 500\u00a0ml). Pulv\u00e9risez la surface que vous souhaitez nettoyer et laissez agir pendant une minute, puis essuyez avec un chiffon ou une \u00e9ponge.<\/li>\n<li>Ajouter dans le seau 5\u00a0ml (l&rsquo;\u00e9quivalent \u00e0 la mesure du bouchon du r\u00e9cipient) x\u00a05\u00a0l d&rsquo;eau.<\/li>\n<li>Il peut \u00e9galement \u00eatre utilis\u00e9 comme d\u00e9sodorisant.<\/li>\n<\/ul>\n<h4>AVANTAGES\u00a0:<\/h4>\n<ul>\n<li>Ils ne contiennent pas de substances chimiques.<\/li>\n<li>Ce sont des produits concentr\u00e9s qui durent longtemps et occupent peu d&rsquo;espace.<\/li>\n<li>Ils ont un effet antistatique\u00a0: ils n&rsquo;attirent pas la poussi\u00e8re et la propret\u00e9 dure plus longtemps.<\/li>\n<li>L&rsquo;eau r\u00e9siduelle est excellente pour les tuyauteries et plantes.<\/li>\n<\/ul>\n<p><a href=\"\/?product_cat=nettoyage_menager&#038;lang=fr\">Voir les produits dans cette cat\u00e9gorie<\/a><\/p>\n","protected":false},"excerpt":{"rendered":"<p>Comment fonctionnent-ils et pourquoi nettoient-ils aussi bien? La technologie chimique traditionnelle des d\u00e9tergents utilis\u00e9s habituellement pour le nettoyage des surfaces est bas\u00e9e sur la transformation des graisses en \u00e9tat liquide pour qu&rsquo;elles puissent \u00eatre entra\u00een\u00e9es par l&rsquo;eau. Cependant, elles ne sont pas efficaces pour \u00e9liminer la couche de polysaccharides que forme le biofilm (une pellicule [&hellip;]<\/p>\n","protected":false},"author":3,"featured_media":0,"parent":0,"menu_order":0,"comment_status":"closed","ping_status":"closed","template":"","meta":{"_joinchat":[],"footnotes":""},"class_list":["post-4382","page","type-page","status-publish","hentry"],"yoast_head":"<!-- This site is optimized with the Yoast SEO plugin v27.4 - https:\/\/yoast.com\/product\/yoast-seo-wordpress\/ -->\n<title>Produits de nettoyage eMC\u00ae sans produits chimiques<\/title>\n<meta name=\"description\" content=\"Produits nettoyants \u00e9cologiques concentr\u00e9s, issus de la microbiologie, 100% naturels, sans aucun type de produit chimique\" \/>\n<meta name=\"robots\" content=\"index, follow, max-snippet:-1, max-image-preview:large, max-video-preview:-1\" \/>\n<link rel=\"canonical\" href=\"https:\/\/alter-entorn.com\/fr\/nettoyage-menager\/\" \/>\n<meta property=\"og:locale\" content=\"fr_FR\" \/>\n<meta property=\"og:type\" content=\"article\" \/>\n<meta property=\"og:title\" content=\"Produits de nettoyage eMC\u00ae sans produits chimiques\" \/>\n<meta property=\"og:description\" content=\"Produits nettoyants \u00e9cologiques concentr\u00e9s, issus de la microbiologie, 100% naturels, sans aucun type de produit chimique\" \/>\n<meta property=\"og:url\" content=\"https:\/\/alter-entorn.com\/fr\/nettoyage-menager\/\" \/>\n<meta property=\"og:site_name\" content=\"alter-entorn\" \/>\n<meta property=\"article:publisher\" content=\"https:\/\/www.facebook.com\/alterentorn\/\" \/>\n<meta property=\"article:modified_time\" content=\"2017-12-19T17:17:31+00:00\" \/>\n<meta name=\"twitter:card\" content=\"summary_large_image\" \/>\n<meta name=\"twitter:site\" content=\"@alterentorn\" \/>\n<meta name=\"twitter:label1\" content=\"Dur\u00e9e de lecture estim\u00e9e\" \/>\n\t<meta name=\"twitter:data1\" content=\"1 minute\" \/>\n<script type=\"application\/ld+json\" class=\"yoast-schema-graph\">{\"@context\":\"https:\\\/\\\/schema.org\",\"@graph\":[{\"@type\":\"WebPage\",\"@id\":\"https:\\\/\\\/alter-entorn.com\\\/fr\\\/nettoyage-menager\\\/\",\"url\":\"https:\\\/\\\/alter-entorn.com\\\/fr\\\/nettoyage-menager\\\/\",\"name\":\"Produits de nettoyage eMC\u00ae sans produits chimiques\",\"isPartOf\":{\"@id\":\"https:\\\/\\\/alter-entorn.com\\\/fr\\\/#website\"},\"datePublished\":\"2017-10-10T15:02:39+00:00\",\"dateModified\":\"2017-12-19T17:17:31+00:00\",\"description\":\"Produits nettoyants \u00e9cologiques concentr\u00e9s, issus de la microbiologie, 100% naturels, sans aucun type de produit chimique\",\"breadcrumb\":{\"@id\":\"https:\\\/\\\/alter-entorn.com\\\/fr\\\/nettoyage-menager\\\/#breadcrumb\"},\"inLanguage\":\"fr-FR\",\"potentialAction\":[{\"@type\":\"ReadAction\",\"target\":[\"https:\\\/\\\/alter-entorn.com\\\/fr\\\/nettoyage-menager\\\/\"]}]},{\"@type\":\"BreadcrumbList\",\"@id\":\"https:\\\/\\\/alter-entorn.com\\\/fr\\\/nettoyage-menager\\\/#breadcrumb\",\"itemListElement\":[{\"@type\":\"ListItem\",\"position\":1,\"name\":\"Portada\",\"item\":\"https:\\\/\\\/alter-entorn.com\\\/fr\\\/\"},{\"@type\":\"ListItem\",\"position\":2,\"name\":\"NETTOYAGE M\u00c9NAGER eMC\"}]},{\"@type\":\"WebSite\",\"@id\":\"https:\\\/\\\/alter-entorn.com\\\/fr\\\/#website\",\"url\":\"https:\\\/\\\/alter-entorn.com\\\/fr\\\/\",\"name\":\"alter-entorn\",\"description\":\"Soluciones Microbiol\u00f3gicas probi\u00f3ticos\",\"publisher\":{\"@id\":\"https:\\\/\\\/alter-entorn.com\\\/fr\\\/#organization\"},\"potentialAction\":[{\"@type\":\"SearchAction\",\"target\":{\"@type\":\"EntryPoint\",\"urlTemplate\":\"https:\\\/\\\/alter-entorn.com\\\/fr\\\/?s={search_term_string}\"},\"query-input\":{\"@type\":\"PropertyValueSpecification\",\"valueRequired\":true,\"valueName\":\"search_term_string\"}}],\"inLanguage\":\"fr-FR\"},{\"@type\":\"Organization\",\"@id\":\"https:\\\/\\\/alter-entorn.com\\\/fr\\\/#organization\",\"name\":\"alter-entorn\",\"url\":\"https:\\\/\\\/alter-entorn.com\\\/fr\\\/\",\"logo\":{\"@type\":\"ImageObject\",\"inLanguage\":\"fr-FR\",\"@id\":\"https:\\\/\\\/alter-entorn.com\\\/fr\\\/#\\\/schema\\\/logo\\\/image\\\/\",\"url\":\"https:\\\/\\\/alter-entorn.com\\\/wp-content\\\/uploads\\\/2018\\\/10\\\/logo_alter_entorn-sin-texto-1.png\",\"contentUrl\":\"https:\\\/\\\/alter-entorn.com\\\/wp-content\\\/uploads\\\/2018\\\/10\\\/logo_alter_entorn-sin-texto-1.png\",\"width\":246,\"height\":68,\"caption\":\"alter-entorn\"},\"image\":{\"@id\":\"https:\\\/\\\/alter-entorn.com\\\/fr\\\/#\\\/schema\\\/logo\\\/image\\\/\"},\"sameAs\":[\"https:\\\/\\\/www.facebook.com\\\/alterentorn\\\/\",\"https:\\\/\\\/x.com\\\/alterentorn\"]}]}<\/script>\n<!-- \/ Yoast SEO plugin. -->","yoast_head_json":{"title":"Produits de nettoyage eMC\u00ae sans produits chimiques","description":"Produits nettoyants \u00e9cologiques concentr\u00e9s, issus de la microbiologie, 100% naturels, sans aucun type de produit chimique","robots":{"index":"index","follow":"follow","max-snippet":"max-snippet:-1","max-image-preview":"max-image-preview:large","max-video-preview":"max-video-preview:-1"},"canonical":"https:\/\/alter-entorn.com\/fr\/nettoyage-menager\/","og_locale":"fr_FR","og_type":"article","og_title":"Produits de nettoyage eMC\u00ae sans produits chimiques","og_description":"Produits nettoyants \u00e9cologiques concentr\u00e9s, issus de la microbiologie, 100% naturels, sans aucun type de produit chimique","og_url":"https:\/\/alter-entorn.com\/fr\/nettoyage-menager\/","og_site_name":"alter-entorn","article_publisher":"https:\/\/www.facebook.com\/alterentorn\/","article_modified_time":"2017-12-19T17:17:31+00:00","twitter_card":"summary_large_image","twitter_site":"@alterentorn","twitter_misc":{"Dur\u00e9e de lecture estim\u00e9e":"1 minute"},"schema":{"@context":"https:\/\/schema.org","@graph":[{"@type":"WebPage","@id":"https:\/\/alter-entorn.com\/fr\/nettoyage-menager\/","url":"https:\/\/alter-entorn.com\/fr\/nettoyage-menager\/","name":"Produits de nettoyage eMC\u00ae sans produits chimiques","isPartOf":{"@id":"https:\/\/alter-entorn.com\/fr\/#website"},"datePublished":"2017-10-10T15:02:39+00:00","dateModified":"2017-12-19T17:17:31+00:00","description":"Produits nettoyants \u00e9cologiques concentr\u00e9s, issus de la microbiologie, 100% naturels, sans aucun type de produit chimique","breadcrumb":{"@id":"https:\/\/alter-entorn.com\/fr\/nettoyage-menager\/#breadcrumb"},"inLanguage":"fr-FR","potentialAction":[{"@type":"ReadAction","target":["https:\/\/alter-entorn.com\/fr\/nettoyage-menager\/"]}]},{"@type":"BreadcrumbList","@id":"https:\/\/alter-entorn.com\/fr\/nettoyage-menager\/#breadcrumb","itemListElement":[{"@type":"ListItem","position":1,"name":"Portada","item":"https:\/\/alter-entorn.com\/fr\/"},{"@type":"ListItem","position":2,"name":"NETTOYAGE M\u00c9NAGER eMC"}]},{"@type":"WebSite","@id":"https:\/\/alter-entorn.com\/fr\/#website","url":"https:\/\/alter-entorn.com\/fr\/","name":"alter-entorn","description":"Soluciones Microbiol\u00f3gicas probi\u00f3ticos","publisher":{"@id":"https:\/\/alter-entorn.com\/fr\/#organization"},"potentialAction":[{"@type":"SearchAction","target":{"@type":"EntryPoint","urlTemplate":"https:\/\/alter-entorn.com\/fr\/?s={search_term_string}"},"query-input":{"@type":"PropertyValueSpecification","valueRequired":true,"valueName":"search_term_string"}}],"inLanguage":"fr-FR"},{"@type":"Organization","@id":"https:\/\/alter-entorn.com\/fr\/#organization","name":"alter-entorn","url":"https:\/\/alter-entorn.com\/fr\/","logo":{"@type":"ImageObject","inLanguage":"fr-FR","@id":"https:\/\/alter-entorn.com\/fr\/#\/schema\/logo\/image\/","url":"https:\/\/alter-entorn.com\/wp-content\/uploads\/2018\/10\/logo_alter_entorn-sin-texto-1.png","contentUrl":"https:\/\/alter-entorn.com\/wp-content\/uploads\/2018\/10\/logo_alter_entorn-sin-texto-1.png","width":246,"height":68,"caption":"alter-entorn"},"image":{"@id":"https:\/\/alter-entorn.com\/fr\/#\/schema\/logo\/image\/"},"sameAs":["https:\/\/www.facebook.com\/alterentorn\/","https:\/\/x.com\/alterentorn"]}]}},"_links":{"self":[{"href":"https:\/\/alter-entorn.com\/fr\/wp-json\/wp\/v2\/pages\/4382","targetHints":{"allow":["GET"]}}],"collection":[{"href":"https:\/\/alter-entorn.com\/fr\/wp-json\/wp\/v2\/pages"}],"about":[{"href":"https:\/\/alter-entorn.com\/fr\/wp-json\/wp\/v2\/types\/page"}],"author":[{"embeddable":true,"href":"https:\/\/alter-entorn.com\/fr\/wp-json\/wp\/v2\/users\/3"}],"replies":[{"embeddable":true,"href":"https:\/\/alter-entorn.com\/fr\/wp-json\/wp\/v2\/comments?post=4382"}],"version-history":[{"count":0,"href":"https:\/\/alter-entorn.com\/fr\/wp-json\/wp\/v2\/pages\/4382\/revisions"}],"wp:attachment":[{"href":"https:\/\/alter-entorn.com\/fr\/wp-json\/wp\/v2\/media?parent=4382"}],"curies":[{"name":"wp","href":"https:\/\/api.w.org\/{rel}","templated":true}]}}