{"id":4385,"date":"2017-10-10T17:15:00","date_gmt":"2017-10-10T15:15:00","guid":{"rendered":"http:\/\/alter-entorn.com?page_id=4385"},"modified":"2017-12-19T19:16:52","modified_gmt":"2017-12-19T17:16:52","slug":"jardin","status":"publish","type":"page","link":"https:\/\/alter-entorn.com\/fr\/jardin\/","title":{"rendered":"Jardin"},"content":{"rendered":"<p>Donner de la vie au sol gr\u00e2ce \u00e0 la microbiologie. Nos plantes cro\u00eetront saines et r\u00e9sistantes. Elles attireront des insectes et d&rsquo;autres animaux qui t\u00e9moignent de la bonne sant\u00e9 du sol.<\/p>\n<p>Les b\u00e9n\u00e9fices que nous apporte la culture de notre propre potager ou jardin sont nombreux. En plus d&rsquo;am\u00e9liorer notre alimentation, le jardinage aide \u00e0 r\u00e9duire le stress, am\u00e9liore la condition physique, r\u00e9duit la tension, augmente l&rsquo;amour-propre et favorise le d\u00e9veloppement personnel.<\/p>\n<p>Les fruits et l\u00e9gumes que nous cultivons dans notre jardin sont les plus frais que nous pouvons consommer. De nombreuses \u00e9tudes diff\u00e9rentes ont d\u00e9montr\u00e9 que les personnes qui cultivent leur propre potager consomment beaucoup plus de fruits et l\u00e9gumes que celles qui ne le font pas.<\/p>\n<blockquote><p>Faisons-le avec des produits 100% naturels et sans substances chimiques nocives.<\/p><\/blockquote>\n<p>Avec l&rsquo;apport de microorganismes au potager, nous am\u00e9liorerons la structure du sol et nous attirerons des insectes et d&rsquo;autres animaux qui t\u00e9moignent de sa bonne sant\u00e9. Les coccinelles, vers de terre et abeilles, parmi d&rsquo;autres, combattront les infestations et oxyg\u00e9neront la terre. Ainsi, nos plantes auront plus de vitalit\u00e9 et elles seront plus productives et r\u00e9sistantes.<\/p>\n<p><strong>Quatre \u00e9l\u00e9ments essentiels pour avoir des plantes fortes et saines\u00a0:<\/strong><\/p>\n<ul>\n<li><strong><em>Agrobalanced\u00ae<\/em><\/strong>Microorganismes \u00e0 ajouter \u00e0 l&rsquo;arrosage<\/li>\n<li><strong>Min\u00e9raux<\/strong><\/li>\n<li><strong><em>Compost micro<\/em><\/strong>(mati\u00e8re organique) \u00e0 apporter au sol<\/li>\n<li><strong>Technique<\/strong>(main d&rsquo;\u0153uvre et savoir-faire)<\/li>\n<\/ul>\n<p><strong>De quoi avons-nous besoin pour cultiver notre potager de fa\u00e7on saine et durable\u00a0?<\/strong><\/p>\n<ul>\n<li>D&rsquo;un espace expos\u00e9 au soleil et en plein air (balcon, terrasse, jardin)<\/li>\n<li>De r\u00e9cipients pour planter<\/li>\n<li>D&rsquo;un substrat<\/li>\n<li>D&rsquo;eau<\/li>\n<li>D&rsquo;un peu de temps<\/li>\n<\/ul>\n<p><strong>Cette combinaison nous permettra<\/strong><\/p>\n<ul>\n<li>D&rsquo;am\u00e9liorer\u00a0<strong>la qualit\u00e9 du sol<\/strong>et sa structure<\/li>\n<li>D&rsquo;am\u00e9liorer\u00a0<strong>la croissance des plantes,<\/strong> des fruits et de la production<\/li>\n<li>D&rsquo;am\u00e9liorer <strong>la sant\u00e9 et la vitalit\u00e9 des plantes<\/strong><\/li>\n<\/ul>\n<p>Pour les lieux o\u00f9 nous ne voulons pas d&rsquo;herbes, nous pouvons utiliser le d\u00e9sherbant sans substances chimiques. Nous \u00e9liminerons les herbes qui nous g\u00eanent sans polluer l&rsquo;environnement.<\/p>\n<p><a href=\"\/?product_cat=jardin-fr&#038;lang=fr\">Voir les produits dans cette cat\u00e9gorie<\/a><\/p>\n","protected":false},"excerpt":{"rendered":"<p>Donner de la vie au sol gr\u00e2ce \u00e0 la microbiologie. Nos plantes cro\u00eetront saines et r\u00e9sistantes. Elles attireront des insectes et d&rsquo;autres animaux qui t\u00e9moignent de la bonne sant\u00e9 du sol. Les b\u00e9n\u00e9fices que nous apporte la culture de notre propre potager ou jardin sont nombreux. En plus d&rsquo;am\u00e9liorer notre alimentation, le jardinage aide \u00e0 [&hellip;]<\/p>\n","protected":false},"author":3,"featured_media":0,"parent":0,"menu_order":0,"comment_status":"closed","ping_status":"closed","template":"","meta":{"_joinchat":[],"footnotes":""},"class_list":["post-4385","page","type-page","status-publish","hentry"],"yoast_head":"<!-- This site is optimized with the Yoast SEO plugin v27.4 - https:\/\/yoast.com\/product\/yoast-seo-wordpress\/ -->\n<title>Produits microbiologiques pour votre jardin ou jardin bio<\/title>\n<meta name=\"description\" content=\"Produits naturels \u00e0 base de micro-organismes, sans produits chimiques nocifs, pour le soin de vos plantes et l\u00e9gumes pour votre jardin bio\" \/>\n<meta name=\"robots\" content=\"index, follow, max-snippet:-1, max-image-preview:large, max-video-preview:-1\" \/>\n<link rel=\"canonical\" href=\"https:\/\/alter-entorn.com\/fr\/jardin\/\" \/>\n<meta property=\"og:locale\" content=\"fr_FR\" \/>\n<meta property=\"og:type\" content=\"article\" \/>\n<meta property=\"og:title\" content=\"Produits microbiologiques pour votre jardin ou jardin bio\" \/>\n<meta property=\"og:description\" content=\"Produits naturels \u00e0 base de micro-organismes, sans produits chimiques nocifs, pour le soin de vos plantes et l\u00e9gumes pour votre jardin bio\" \/>\n<meta property=\"og:url\" content=\"https:\/\/alter-entorn.com\/fr\/jardin\/\" \/>\n<meta property=\"og:site_name\" content=\"alter-entorn\" \/>\n<meta property=\"article:publisher\" content=\"https:\/\/www.facebook.com\/alterentorn\/\" \/>\n<meta property=\"article:modified_time\" content=\"2017-12-19T17:16:52+00:00\" \/>\n<meta name=\"twitter:card\" content=\"summary_large_image\" \/>\n<meta name=\"twitter:site\" content=\"@alterentorn\" \/>\n<meta name=\"twitter:label1\" content=\"Dur\u00e9e de lecture estim\u00e9e\" \/>\n\t<meta name=\"twitter:data1\" content=\"2 minutes\" \/>\n<script type=\"application\/ld+json\" class=\"yoast-schema-graph\">{\"@context\":\"https:\\\/\\\/schema.org\",\"@graph\":[{\"@type\":\"WebPage\",\"@id\":\"https:\\\/\\\/alter-entorn.com\\\/fr\\\/jardin\\\/\",\"url\":\"https:\\\/\\\/alter-entorn.com\\\/fr\\\/jardin\\\/\",\"name\":\"Produits microbiologiques pour votre jardin ou jardin bio\",\"isPartOf\":{\"@id\":\"https:\\\/\\\/alter-entorn.com\\\/fr\\\/#website\"},\"datePublished\":\"2017-10-10T15:15:00+00:00\",\"dateModified\":\"2017-12-19T17:16:52+00:00\",\"description\":\"Produits naturels \u00e0 base de micro-organismes, sans produits chimiques nocifs, pour le soin de vos plantes et l\u00e9gumes pour votre jardin bio\",\"breadcrumb\":{\"@id\":\"https:\\\/\\\/alter-entorn.com\\\/fr\\\/jardin\\\/#breadcrumb\"},\"inLanguage\":\"fr-FR\",\"potentialAction\":[{\"@type\":\"ReadAction\",\"target\":[\"https:\\\/\\\/alter-entorn.com\\\/fr\\\/jardin\\\/\"]}]},{\"@type\":\"BreadcrumbList\",\"@id\":\"https:\\\/\\\/alter-entorn.com\\\/fr\\\/jardin\\\/#breadcrumb\",\"itemListElement\":[{\"@type\":\"ListItem\",\"position\":1,\"name\":\"Portada\",\"item\":\"https:\\\/\\\/alter-entorn.com\\\/fr\\\/\"},{\"@type\":\"ListItem\",\"position\":2,\"name\":\"Jardin\"}]},{\"@type\":\"WebSite\",\"@id\":\"https:\\\/\\\/alter-entorn.com\\\/fr\\\/#website\",\"url\":\"https:\\\/\\\/alter-entorn.com\\\/fr\\\/\",\"name\":\"alter-entorn\",\"description\":\"Soluciones Microbiol\u00f3gicas probi\u00f3ticos\",\"publisher\":{\"@id\":\"https:\\\/\\\/alter-entorn.com\\\/fr\\\/#organization\"},\"potentialAction\":[{\"@type\":\"SearchAction\",\"target\":{\"@type\":\"EntryPoint\",\"urlTemplate\":\"https:\\\/\\\/alter-entorn.com\\\/fr\\\/?s={search_term_string}\"},\"query-input\":{\"@type\":\"PropertyValueSpecification\",\"valueRequired\":true,\"valueName\":\"search_term_string\"}}],\"inLanguage\":\"fr-FR\"},{\"@type\":\"Organization\",\"@id\":\"https:\\\/\\\/alter-entorn.com\\\/fr\\\/#organization\",\"name\":\"alter-entorn\",\"url\":\"https:\\\/\\\/alter-entorn.com\\\/fr\\\/\",\"logo\":{\"@type\":\"ImageObject\",\"inLanguage\":\"fr-FR\",\"@id\":\"https:\\\/\\\/alter-entorn.com\\\/fr\\\/#\\\/schema\\\/logo\\\/image\\\/\",\"url\":\"https:\\\/\\\/alter-entorn.com\\\/wp-content\\\/uploads\\\/2018\\\/10\\\/logo_alter_entorn-sin-texto-1.png\",\"contentUrl\":\"https:\\\/\\\/alter-entorn.com\\\/wp-content\\\/uploads\\\/2018\\\/10\\\/logo_alter_entorn-sin-texto-1.png\",\"width\":246,\"height\":68,\"caption\":\"alter-entorn\"},\"image\":{\"@id\":\"https:\\\/\\\/alter-entorn.com\\\/fr\\\/#\\\/schema\\\/logo\\\/image\\\/\"},\"sameAs\":[\"https:\\\/\\\/www.facebook.com\\\/alterentorn\\\/\",\"https:\\\/\\\/x.com\\\/alterentorn\"]}]}<\/script>\n<!-- \/ Yoast SEO plugin. -->","yoast_head_json":{"title":"Produits microbiologiques pour votre jardin ou jardin bio","description":"Produits naturels \u00e0 base de micro-organismes, sans produits chimiques nocifs, pour le soin de vos plantes et l\u00e9gumes pour votre jardin bio","robots":{"index":"index","follow":"follow","max-snippet":"max-snippet:-1","max-image-preview":"max-image-preview:large","max-video-preview":"max-video-preview:-1"},"canonical":"https:\/\/alter-entorn.com\/fr\/jardin\/","og_locale":"fr_FR","og_type":"article","og_title":"Produits microbiologiques pour votre jardin ou jardin bio","og_description":"Produits naturels \u00e0 base de micro-organismes, sans produits chimiques nocifs, pour le soin de vos plantes et l\u00e9gumes pour votre jardin bio","og_url":"https:\/\/alter-entorn.com\/fr\/jardin\/","og_site_name":"alter-entorn","article_publisher":"https:\/\/www.facebook.com\/alterentorn\/","article_modified_time":"2017-12-19T17:16:52+00:00","twitter_card":"summary_large_image","twitter_site":"@alterentorn","twitter_misc":{"Dur\u00e9e de lecture estim\u00e9e":"2 minutes"},"schema":{"@context":"https:\/\/schema.org","@graph":[{"@type":"WebPage","@id":"https:\/\/alter-entorn.com\/fr\/jardin\/","url":"https:\/\/alter-entorn.com\/fr\/jardin\/","name":"Produits microbiologiques pour votre jardin ou jardin bio","isPartOf":{"@id":"https:\/\/alter-entorn.com\/fr\/#website"},"datePublished":"2017-10-10T15:15:00+00:00","dateModified":"2017-12-19T17:16:52+00:00","description":"Produits naturels \u00e0 base de micro-organismes, sans produits chimiques nocifs, pour le soin de vos plantes et l\u00e9gumes pour votre jardin bio","breadcrumb":{"@id":"https:\/\/alter-entorn.com\/fr\/jardin\/#breadcrumb"},"inLanguage":"fr-FR","potentialAction":[{"@type":"ReadAction","target":["https:\/\/alter-entorn.com\/fr\/jardin\/"]}]},{"@type":"BreadcrumbList","@id":"https:\/\/alter-entorn.com\/fr\/jardin\/#breadcrumb","itemListElement":[{"@type":"ListItem","position":1,"name":"Portada","item":"https:\/\/alter-entorn.com\/fr\/"},{"@type":"ListItem","position":2,"name":"Jardin"}]},{"@type":"WebSite","@id":"https:\/\/alter-entorn.com\/fr\/#website","url":"https:\/\/alter-entorn.com\/fr\/","name":"alter-entorn","description":"Soluciones Microbiol\u00f3gicas probi\u00f3ticos","publisher":{"@id":"https:\/\/alter-entorn.com\/fr\/#organization"},"potentialAction":[{"@type":"SearchAction","target":{"@type":"EntryPoint","urlTemplate":"https:\/\/alter-entorn.com\/fr\/?s={search_term_string}"},"query-input":{"@type":"PropertyValueSpecification","valueRequired":true,"valueName":"search_term_string"}}],"inLanguage":"fr-FR"},{"@type":"Organization","@id":"https:\/\/alter-entorn.com\/fr\/#organization","name":"alter-entorn","url":"https:\/\/alter-entorn.com\/fr\/","logo":{"@type":"ImageObject","inLanguage":"fr-FR","@id":"https:\/\/alter-entorn.com\/fr\/#\/schema\/logo\/image\/","url":"https:\/\/alter-entorn.com\/wp-content\/uploads\/2018\/10\/logo_alter_entorn-sin-texto-1.png","contentUrl":"https:\/\/alter-entorn.com\/wp-content\/uploads\/2018\/10\/logo_alter_entorn-sin-texto-1.png","width":246,"height":68,"caption":"alter-entorn"},"image":{"@id":"https:\/\/alter-entorn.com\/fr\/#\/schema\/logo\/image\/"},"sameAs":["https:\/\/www.facebook.com\/alterentorn\/","https:\/\/x.com\/alterentorn"]}]}},"_links":{"self":[{"href":"https:\/\/alter-entorn.com\/fr\/wp-json\/wp\/v2\/pages\/4385","targetHints":{"allow":["GET"]}}],"collection":[{"href":"https:\/\/alter-entorn.com\/fr\/wp-json\/wp\/v2\/pages"}],"about":[{"href":"https:\/\/alter-entorn.com\/fr\/wp-json\/wp\/v2\/types\/page"}],"author":[{"embeddable":true,"href":"https:\/\/alter-entorn.com\/fr\/wp-json\/wp\/v2\/users\/3"}],"replies":[{"embeddable":true,"href":"https:\/\/alter-entorn.com\/fr\/wp-json\/wp\/v2\/comments?post=4385"}],"version-history":[{"count":0,"href":"https:\/\/alter-entorn.com\/fr\/wp-json\/wp\/v2\/pages\/4385\/revisions"}],"wp:attachment":[{"href":"https:\/\/alter-entorn.com\/fr\/wp-json\/wp\/v2\/media?parent=4385"}],"curies":[{"name":"wp","href":"https:\/\/api.w.org\/{rel}","templated":true}]}}