{"id":5585,"date":"2018-06-25T10:18:42","date_gmt":"2018-06-25T08:18:42","guid":{"rendered":"http:\/\/alter-entorn.com\/politique-de-cookies\/"},"modified":"2018-06-25T10:18:42","modified_gmt":"2018-06-25T08:18:42","slug":"politique-de-cookies","status":"publish","type":"page","link":"https:\/\/alter-entorn.com\/fr\/politique-de-cookies\/","title":{"rendered":"Politique de cookies"},"content":{"rendered":"<p>Lorsque vous nous autorisez, l&rsquo;acc\u00e8s et la navigation sur le site accessible via l&rsquo;URL <strong>http:\/\/www.alter-entorn.com, ou les domaines de votre groupe<\/strong> (ci-apr\u00e8s, <strong>ALTER ENTORN),<\/strong> propri\u00e9t\u00e9 de<strong> ALTER ENTORN SL ,<\/strong> (ci-apr\u00e8s,<strong> ALTER ENTORN)<\/strong> assume l&rsquo;utilisation et le t\u00e9l\u00e9chargement de ses propres cookies sur l&rsquo;\u00e9quipement terminal (ordinateur, tablette, smartphones) avec lequel vous acc\u00e9dez et naviguez <strong>ALTER ENTORN<\/strong> afin de permettre et d&rsquo;optimiser la navigation \u00e0 travers elle, ainsi que analyser certains de vos comportements pendant la navigation, de mani\u00e8re anonyme.<\/p>\n<p>Nous vous encourageons \u00e0 lire attentivement ce document afin de vous informer en d\u00e9tail sur l&rsquo;utilisation de cette technologie dans <strong>ALTER ENTORN.<\/strong><\/p>\n<p>&nbsp;<\/p>\n<p><strong>Que sont les cookies?<\/strong><\/p>\n<p>Les cookies sont de petits fichiers texte qui sont t\u00e9l\u00e9charg\u00e9s sur l&rsquo;ordinateur ou le terminal avec lequel vous naviguez sur Internet lors de la saisie de certaines pages et \/ ou qui utilisent certains services qui y sont propos\u00e9s, et qui permettent de stocker des informations pouvant \u00eatre r\u00e9cup\u00e9r\u00e9es ult\u00e9rieurement. divers buts. En outre, et selon la fa\u00e7on dont vous utilisez votre \u00e9quipement, ils peuvent \u00eatre utilis\u00e9s pour reconna\u00eetre l&rsquo;utilisateur.<\/p>\n<p>&nbsp;<\/p>\n<p><strong>Consentement<\/strong><\/p>\n<p>En acc\u00e9dant \u00e0 ALTER ENTORN.se vous recevrez certaines informations sur l&rsquo;utilisation de cette technologie via votre appareil ou \u00e9quipement terminal et nous vous demanderons de nous donner votre consentement pour cela. Gardez \u00e0 l&rsquo;esprit que certains cookies peuvent \u00eatre n\u00e9cessaires pour le fonctionnement de ALTER ENTORN et, si vous refusez ce consentement, l&rsquo;acc\u00e8s \u00e0 celui-ci peut \u00eatre entrav\u00e9.<\/p>\n<p>\u00c0 tout moment, vous pouvez retirer votre consentement \u00e0 l&rsquo;utilisation de cette technologie \u00e0 travers les fonctions de votre navigateur, en d\u00e9sactivant les cookies ou en bloquant la possibilit\u00e9 d&rsquo;\u00eatre t\u00e9l\u00e9charg\u00e9 sur votre appareil ou appareil. Voir la section \u00abGestion et d\u00e9sactivation des cookies\u00bb de cette politique de cookies pour obtenir plus d&rsquo;informations \u00e0 ce sujet.<\/p>\n<p>&nbsp;<\/p>\n<p><strong>Les cookies utilis\u00e9s dans ALTER ENTORN.<\/strong><\/p>\n<p>Pour ce faire, <strong>ALTER ENTORN<\/strong>\u00a0utilise, via<strong> ALTER ENTORN.<\/strong>, Les types de cookies suivants:<\/p>\n<p>&nbsp;<\/p>\n<ol>\n<li><strong>Cookies de personnalisation:<\/strong> ceux qui permettent \u00e0 l&rsquo;utilisateur d&rsquo;acc\u00e9der au service avec certaines caract\u00e9ristiques g\u00e9n\u00e9rales pr\u00e9d\u00e9finies bas\u00e9es sur une s\u00e9rie de crit\u00e8res dans le terminal de l&rsquo;utilisateur, tels que la langue, le type de navigateur \u00e0 travers lequel l&rsquo;utilisateur acc\u00e8de au service , la configuration r\u00e9gionale d&rsquo;o\u00f9 vous acc\u00e9dez au service, etc.<\/li>\n<li><strong>Cookies techniques:<\/strong> ce sont ceux qui permettent \u00e0 l&rsquo;utilisateur de naviguer \u00e0 travers une page Web, une plate-forme ou une application et l&rsquo;utilisation des diff\u00e9rentes options ou services qui y existent, comme par exemple le contr\u00f4le du trafic et la communication des donn\u00e9es, l&rsquo;identification des session, acc\u00e8s aux parties \u00e0 acc\u00e8s restreint, m\u00e9moriser les \u00e9l\u00e9ments composant une commande, effectuer le processus d&rsquo;achat d&rsquo;une commande, faire une demande d&rsquo;inscription ou de participation \u00e0 un \u00e9v\u00e9nement, utiliser des \u00e9l\u00e9ments de s\u00e9curit\u00e9 pendant la navigation, stocker des contenus pour diffusion de vid\u00e9os ou de son ou de partager du contenu \u00e0 travers les r\u00e9seaux sociaux.<\/li>\n<li><strong>Cookies d&rsquo;analyse:<\/strong> Ceux qui sont bien trait\u00e9s par nous ou par des tiers, nous permettent de quantifier le nombre d&rsquo;utilisateurs et donc effectuer la mesure et l&rsquo;analyse statistique de l&rsquo;utilisation faite par les utilisateurs du service offert. Pour ce faire, nous analysons votre navigation sur notre site afin d&rsquo;am\u00e9liorer l&rsquo;offre de produits ou de services que nous vous proposons.<\/li>\n<li><strong>Cookies publicitaires:<\/strong> Ceux qui sont bien trait\u00e9s par nous ou par des tiers, nous permettent de g\u00e9rer le plus efficacement possible l&rsquo;offre des espaces publicitaires qui sont sur le site, en adaptant le contenu de la publicit\u00e9 au contenu du service demand\u00e9 ou \u00e0 l&rsquo;utilisation que vous faites de notre page Web. Pour cela, nous pouvons analyser vos habitudes de navigation sur Internet et nous pouvons vous montrer des publicit\u00e9s li\u00e9es \u00e0 votre profil de navigation.<\/li>\n<li><strong>Cookies de publicit\u00e9 comportementale:<\/strong> Ce sont ceux qui permettent de g\u00e9rer, de la mani\u00e8re la plus efficace possible, les espaces publicitaires que, le cas \u00e9ch\u00e9ant, l&rsquo;\u00e9diteur a inclus dans une page Web, application ou plateforme \u00e0 partir de laquelle le service demand\u00e9 est fourni. Ces cookies stockent des informations sur le comportement des utilisateurs obtenues gr\u00e2ce \u00e0 l&rsquo;observation continue de leurs habitudes de navigation, ce qui permet le d\u00e9veloppement d&rsquo;un profil sp\u00e9cifique pour afficher de la publicit\u00e9 bas\u00e9e sur celui-ci.<\/li>\n<\/ol>\n<p>&nbsp;<\/p>\n<p><strong>Qui utilise nos cookies?<\/strong><\/p>\n<p>Les informations sur notre site Web sont trait\u00e9es \u00e0 la fois par l&rsquo;\u00e9diteur et les tiers avec lesquels l&rsquo;\u00e9diteur a souscrit un service pour lequel l&rsquo;utilisation de cookies est requise.<\/p>\n<p>Le site web de<strong> ALTER ENTORN.S.L.,<\/strong> Peut utiliser des services de tiers au nom de <strong>ALTER ENTORN.,<\/strong> Collecter des informations \u00e0 des fins statistiques, l&rsquo;utilisation du site par l&rsquo;utilisateur et pour la fourniture d&rsquo;autres services Internet.<\/p>\n<p>L&rsquo;utilisateur accepte express\u00e9ment, pour l&rsquo;utilisation de ce site, le traitement des informations collect\u00e9es de la mani\u00e8re et aux fins susmentionn\u00e9es. Et, de m\u00eame, il reconna\u00eet conna\u00eetre la possibilit\u00e9 de rejeter le traitement de ces donn\u00e9es ou informations en rejetant l&rsquo;utilisation de ccokies, en s\u00e9lectionnant la configuration appropri\u00e9e \u00e0 cet effet \u00e0 partir de votre navigateur. Bien que cette option pour bloquer les cookies dans votre navigateur peut ne pas permettre l&rsquo;utilisation compl\u00e8te de toutes les fonctionnalit\u00e9s du site Web.<\/p>\n<p>&nbsp;<\/p>\n<p><strong>Gestion et d\u00e9sactivation des cookies<\/strong><\/p>\n<p>\u00c0 tout moment, vous pouvez retirer votre consentement \u00e0 l&rsquo;utilisation de cookies en d\u00e9sactivant ou en bloquant votre t\u00e9l\u00e9chargement via des fonctions sp\u00e9cifiques du navigateur que vous utilisez.<\/p>\n<p>Ci-dessous, nous vous proposons une liste d&rsquo;instructions et de liens sur les \u00e9tapes \u00e0 suivre pour l&rsquo;activation, la d\u00e9sactivation, la suppression et la gestion des cookies en fonction de chaque navigateur:<\/p>\n<p>&nbsp;<\/p>\n<p><strong>Apple Safari<\/strong><\/p>\n<p>Avec Safari ouvert, appuyez sur Safari&gt; Pr\u00e9f\u00e9rences &#8230;&gt; Confidentialit\u00e9 et s\u00e9lectionnez \u00ab\u00a0Toujours bloquer\u00a0\u00bb, \u00ab\u00a0Autoriser uniquement depuis le site Web actuel\u00a0\u00bb, \u00ab\u00a0Autoriser depuis les sites que je visite\u00a0\u00bb ou \u00ab\u00a0Toujours autoriser\u00a0\u00bb.<\/p>\n<p>Pour plus d&rsquo;informations, http:\/\/support.apple.com\/kb\/PH17191<\/p>\n<p><strong>\u00a0<\/strong><\/p>\n<p><strong>Google Chrome<\/strong><\/p>\n<p>Avec Google Chrome ouvert, cliquez sur l&rsquo;ic\u00f4ne du menu Chrome &lt;Param\u00e8tres &lt;Afficher les options avanc\u00e9es &#8230; &lt;Confidentialit\u00e9 &lt;Param\u00e8tres du contenu &#8230; &lt;Cookies et configurez-le en fonction de vos pr\u00e9f\u00e9rences<\/p>\n<p>Pour plus d&rsquo;informations, https:\/\/support.google.com\/chrome\/answer\/95647?hl=fr<\/p>\n<p>&nbsp;<\/p>\n<p><strong>Internet Explorer 11<\/strong><\/p>\n<p>Cliquez sur l&rsquo;ic\u00f4ne Internet Explorer dans la barre des t\u00e2ches &lt;Outils &lt;Options Internet &lt;Confidentialit\u00e9 et personnalisez les param\u00e8tres de cookies en fonction de vos pr\u00e9f\u00e9rences<\/p>\n<p>Pour plus d&rsquo;informations, http:\/\/windows.microsoft.com\/es-es\/internet-explorer\/delete-manage-cookies#ie=ie-11<\/p>\n<p><strong>\u00a0<\/strong><\/p>\n<p><strong>Mozilla Firefox<\/strong><\/p>\n<p>Avec Firefox ouvert, appuyez sur le bouton Menu &lt;Pr\u00e9f\u00e9rences &lt;Confidentialit\u00e9 et personnalisez les param\u00e8tres des cookies en fonction de vos pr\u00e9f\u00e9rences<\/p>\n<p>Pour plus d&rsquo;informations, http:\/\/support.mozilla.org\/es\/kb\/habilitar-y-deshabilitar-cookies-que-los-sitios-we<\/p>\n<p>&nbsp;<\/p>\n<p><strong>Opera<\/strong><\/p>\n<p>Avec Opera ouvert, cliquez sur Param\u00e8tres &lt;Options &lt;Avanc\u00e9 &lt;Cookies et personnalisez les param\u00e8tres des cookies en fonction de vos pr\u00e9f\u00e9rences<\/p>\n<p>Pour plus d&rsquo;informations, http:\/\/help.opera.com\/Windows\/12.00\/es-ES\/cookies.html<\/p>\n<p>&nbsp;<\/p>\n<p><strong>Safari pour iOS 8<\/strong><\/p>\n<p>Appuyez sur Param\u00e8tres&gt; Safari&gt; Bloquer les cookies et s\u00e9lectionnez \u00ab\u00a0Toujours autoriser\u00a0\u00bb, \u00ab\u00a0Autoriser depuis les sites que je visite\u00a0\u00bb, \u00ab\u00a0Autoriser uniquement depuis les sites Web actuels\u00a0\u00bb ou \u00ab\u00a0Toujours bloquer\u00a0\u00bb.<\/p>\n<p>Pour plus d&rsquo;informations, http:\/\/support.apple.com\/es-es\/HT1677<\/p>\n<p><strong>\u00a0<\/strong><\/p>\n<p><strong>Chrome pour Android et iOS<\/strong><\/p>\n<p>Avec Google Chrome ouvert, cliquez sur l&rsquo;ic\u00f4ne du menu Chrome &lt;Param\u00e8tres &lt;Afficher les options avanc\u00e9es &#8230; &lt;Confidentialit\u00e9 &lt;Param\u00e8tres du contenu &#8230; &lt;Cookies et configurer, selon vos pr\u00e9f\u00e9rences<\/p>\n<p>Pour plus d&rsquo;informations, https:\/\/support.google.com\/chrome\/answer\/95647?hl=fr<\/p>\n<p>&nbsp;<\/p>\n<p><strong>Internet Explorer Mobile<\/strong><\/p>\n<p>Avec Internet Explorer Mobile ouvert, cliquez sur Plus &lt;Param\u00e8tres et personnalisez les param\u00e8tres de cookies en fonction de vos pr\u00e9f\u00e9rences<\/p>\n<p>Pour plus d&rsquo;informations, http:\/\/www.windowsphone.com\/es-es\/how-to\/wp7\/web\/changing-privacy-and-other-browser-settings<\/p>\n<p>Si les informations ou les liens pr\u00e9c\u00e9dents \u00e9taient obsol\u00e8tes, si votre navigateur ne figure pas dans cette liste ou si, dans le cas contraire, vous ne trouvez pas le moyen de g\u00e9rer les cookies, consultez le site officiel ou contactez-nous via de l&rsquo;adresse email info@pickaso.com, \u00e0 travers laquelle nous allons essayer de vous aider.<\/p>\n<p>&nbsp;<\/p>\n<p>Pour toute question, demande ou suggestion concernant l&rsquo;utilisation des cookies dans <strong>ALTER ENTORN,<\/strong> n&rsquo;h\u00e9sitez pas \u00e0 nous contacter via l&rsquo;adresse email: info@alter-entorn.com.<\/p>\n","protected":false},"excerpt":{"rendered":"<p>Lorsque vous nous autorisez, l&rsquo;acc\u00e8s et la navigation sur le site accessible via l&rsquo;URL http:\/\/www.alter-entorn.com, ou les domaines de votre groupe (ci-apr\u00e8s, ALTER ENTORN), propri\u00e9t\u00e9 de ALTER ENTORN SL , (ci-apr\u00e8s, ALTER ENTORN) assume l&rsquo;utilisation et le t\u00e9l\u00e9chargement de ses propres cookies sur l&rsquo;\u00e9quipement terminal (ordinateur, tablette, smartphones) avec lequel vous acc\u00e9dez et naviguez ALTER [&hellip;]<\/p>\n","protected":false},"author":1,"featured_media":0,"parent":0,"menu_order":0,"comment_status":"closed","ping_status":"closed","template":"","meta":{"_joinchat":[],"footnotes":""},"class_list":["post-5585","page","type-page","status-publish","hentry"],"yoast_head":"<!-- This site is optimized with the Yoast SEO plugin v27.4 - https:\/\/yoast.com\/product\/yoast-seo-wordpress\/ -->\n<title>Politique de cookies de alter-entorn.com - alter-entorn.com<\/title>\n<meta name=\"description\" content=\"La politique des cookies de alter-entorn.com: quels sont les cookies, quel type sont utilis\u00e9s et qui le fait, entre autres questions. Pour plus d&#039;informations \u00e9crivez \u00e0 info@alter-entorn.com\" \/>\n<meta name=\"robots\" content=\"index, follow, max-snippet:-1, max-image-preview:large, max-video-preview:-1\" \/>\n<link rel=\"canonical\" href=\"https:\/\/alter-entorn.com\/fr\/politique-de-cookies\/\" \/>\n<meta property=\"og:locale\" content=\"fr_FR\" \/>\n<meta property=\"og:type\" content=\"article\" \/>\n<meta property=\"og:title\" content=\"Politique de cookies de alter-entorn.com - alter-entorn.com\" \/>\n<meta property=\"og:description\" content=\"La politique des cookies de alter-entorn.com: quels sont les cookies, quel type sont utilis\u00e9s et qui le fait, entre autres questions. Pour plus d&#039;informations \u00e9crivez \u00e0 info@alter-entorn.com\" \/>\n<meta property=\"og:url\" content=\"https:\/\/alter-entorn.com\/fr\/politique-de-cookies\/\" \/>\n<meta property=\"og:site_name\" content=\"alter-entorn\" \/>\n<meta property=\"article:publisher\" content=\"https:\/\/www.facebook.com\/alterentorn\/\" \/>\n<meta name=\"twitter:card\" content=\"summary_large_image\" \/>\n<meta name=\"twitter:site\" content=\"@alterentorn\" \/>\n<meta name=\"twitter:label1\" content=\"Dur\u00e9e de lecture estim\u00e9e\" \/>\n\t<meta name=\"twitter:data1\" content=\"7 minutes\" \/>\n<script type=\"application\/ld+json\" class=\"yoast-schema-graph\">{\"@context\":\"https:\\\/\\\/schema.org\",\"@graph\":[{\"@type\":\"WebPage\",\"@id\":\"https:\\\/\\\/alter-entorn.com\\\/fr\\\/politique-de-cookies\\\/\",\"url\":\"https:\\\/\\\/alter-entorn.com\\\/fr\\\/politique-de-cookies\\\/\",\"name\":\"Politique de cookies de alter-entorn.com - alter-entorn.com\",\"isPartOf\":{\"@id\":\"https:\\\/\\\/alter-entorn.com\\\/fr\\\/#website\"},\"datePublished\":\"2018-06-25T08:18:42+00:00\",\"description\":\"La politique des cookies de alter-entorn.com: quels sont les cookies, quel type sont utilis\u00e9s et qui le fait, entre autres questions. Pour plus d'informations \u00e9crivez \u00e0 info@alter-entorn.com\",\"breadcrumb\":{\"@id\":\"https:\\\/\\\/alter-entorn.com\\\/fr\\\/politique-de-cookies\\\/#breadcrumb\"},\"inLanguage\":\"fr-FR\",\"potentialAction\":[{\"@type\":\"ReadAction\",\"target\":[\"https:\\\/\\\/alter-entorn.com\\\/fr\\\/politique-de-cookies\\\/\"]}]},{\"@type\":\"BreadcrumbList\",\"@id\":\"https:\\\/\\\/alter-entorn.com\\\/fr\\\/politique-de-cookies\\\/#breadcrumb\",\"itemListElement\":[{\"@type\":\"ListItem\",\"position\":1,\"name\":\"Portada\",\"item\":\"https:\\\/\\\/alter-entorn.com\\\/fr\\\/\"},{\"@type\":\"ListItem\",\"position\":2,\"name\":\"Politique de cookies\"}]},{\"@type\":\"WebSite\",\"@id\":\"https:\\\/\\\/alter-entorn.com\\\/fr\\\/#website\",\"url\":\"https:\\\/\\\/alter-entorn.com\\\/fr\\\/\",\"name\":\"alter-entorn\",\"description\":\"Soluciones Microbiol\u00f3gicas probi\u00f3ticos\",\"publisher\":{\"@id\":\"https:\\\/\\\/alter-entorn.com\\\/fr\\\/#organization\"},\"potentialAction\":[{\"@type\":\"SearchAction\",\"target\":{\"@type\":\"EntryPoint\",\"urlTemplate\":\"https:\\\/\\\/alter-entorn.com\\\/fr\\\/?s={search_term_string}\"},\"query-input\":{\"@type\":\"PropertyValueSpecification\",\"valueRequired\":true,\"valueName\":\"search_term_string\"}}],\"inLanguage\":\"fr-FR\"},{\"@type\":\"Organization\",\"@id\":\"https:\\\/\\\/alter-entorn.com\\\/fr\\\/#organization\",\"name\":\"alter-entorn\",\"url\":\"https:\\\/\\\/alter-entorn.com\\\/fr\\\/\",\"logo\":{\"@type\":\"ImageObject\",\"inLanguage\":\"fr-FR\",\"@id\":\"https:\\\/\\\/alter-entorn.com\\\/fr\\\/#\\\/schema\\\/logo\\\/image\\\/\",\"url\":\"https:\\\/\\\/alter-entorn.com\\\/wp-content\\\/uploads\\\/2018\\\/10\\\/logo_alter_entorn-sin-texto-1.png\",\"contentUrl\":\"https:\\\/\\\/alter-entorn.com\\\/wp-content\\\/uploads\\\/2018\\\/10\\\/logo_alter_entorn-sin-texto-1.png\",\"width\":246,\"height\":68,\"caption\":\"alter-entorn\"},\"image\":{\"@id\":\"https:\\\/\\\/alter-entorn.com\\\/fr\\\/#\\\/schema\\\/logo\\\/image\\\/\"},\"sameAs\":[\"https:\\\/\\\/www.facebook.com\\\/alterentorn\\\/\",\"https:\\\/\\\/x.com\\\/alterentorn\"]}]}<\/script>\n<!-- \/ Yoast SEO plugin. -->","yoast_head_json":{"title":"Politique de cookies de alter-entorn.com - alter-entorn.com","description":"La politique des cookies de alter-entorn.com: quels sont les cookies, quel type sont utilis\u00e9s et qui le fait, entre autres questions. Pour plus d'informations \u00e9crivez \u00e0 info@alter-entorn.com","robots":{"index":"index","follow":"follow","max-snippet":"max-snippet:-1","max-image-preview":"max-image-preview:large","max-video-preview":"max-video-preview:-1"},"canonical":"https:\/\/alter-entorn.com\/fr\/politique-de-cookies\/","og_locale":"fr_FR","og_type":"article","og_title":"Politique de cookies de alter-entorn.com - alter-entorn.com","og_description":"La politique des cookies de alter-entorn.com: quels sont les cookies, quel type sont utilis\u00e9s et qui le fait, entre autres questions. Pour plus d'informations \u00e9crivez \u00e0 info@alter-entorn.com","og_url":"https:\/\/alter-entorn.com\/fr\/politique-de-cookies\/","og_site_name":"alter-entorn","article_publisher":"https:\/\/www.facebook.com\/alterentorn\/","twitter_card":"summary_large_image","twitter_site":"@alterentorn","twitter_misc":{"Dur\u00e9e de lecture estim\u00e9e":"7 minutes"},"schema":{"@context":"https:\/\/schema.org","@graph":[{"@type":"WebPage","@id":"https:\/\/alter-entorn.com\/fr\/politique-de-cookies\/","url":"https:\/\/alter-entorn.com\/fr\/politique-de-cookies\/","name":"Politique de cookies de alter-entorn.com - alter-entorn.com","isPartOf":{"@id":"https:\/\/alter-entorn.com\/fr\/#website"},"datePublished":"2018-06-25T08:18:42+00:00","description":"La politique des cookies de alter-entorn.com: quels sont les cookies, quel type sont utilis\u00e9s et qui le fait, entre autres questions. Pour plus d'informations \u00e9crivez \u00e0 info@alter-entorn.com","breadcrumb":{"@id":"https:\/\/alter-entorn.com\/fr\/politique-de-cookies\/#breadcrumb"},"inLanguage":"fr-FR","potentialAction":[{"@type":"ReadAction","target":["https:\/\/alter-entorn.com\/fr\/politique-de-cookies\/"]}]},{"@type":"BreadcrumbList","@id":"https:\/\/alter-entorn.com\/fr\/politique-de-cookies\/#breadcrumb","itemListElement":[{"@type":"ListItem","position":1,"name":"Portada","item":"https:\/\/alter-entorn.com\/fr\/"},{"@type":"ListItem","position":2,"name":"Politique de cookies"}]},{"@type":"WebSite","@id":"https:\/\/alter-entorn.com\/fr\/#website","url":"https:\/\/alter-entorn.com\/fr\/","name":"alter-entorn","description":"Soluciones Microbiol\u00f3gicas probi\u00f3ticos","publisher":{"@id":"https:\/\/alter-entorn.com\/fr\/#organization"},"potentialAction":[{"@type":"SearchAction","target":{"@type":"EntryPoint","urlTemplate":"https:\/\/alter-entorn.com\/fr\/?s={search_term_string}"},"query-input":{"@type":"PropertyValueSpecification","valueRequired":true,"valueName":"search_term_string"}}],"inLanguage":"fr-FR"},{"@type":"Organization","@id":"https:\/\/alter-entorn.com\/fr\/#organization","name":"alter-entorn","url":"https:\/\/alter-entorn.com\/fr\/","logo":{"@type":"ImageObject","inLanguage":"fr-FR","@id":"https:\/\/alter-entorn.com\/fr\/#\/schema\/logo\/image\/","url":"https:\/\/alter-entorn.com\/wp-content\/uploads\/2018\/10\/logo_alter_entorn-sin-texto-1.png","contentUrl":"https:\/\/alter-entorn.com\/wp-content\/uploads\/2018\/10\/logo_alter_entorn-sin-texto-1.png","width":246,"height":68,"caption":"alter-entorn"},"image":{"@id":"https:\/\/alter-entorn.com\/fr\/#\/schema\/logo\/image\/"},"sameAs":["https:\/\/www.facebook.com\/alterentorn\/","https:\/\/x.com\/alterentorn"]}]}},"_links":{"self":[{"href":"https:\/\/alter-entorn.com\/fr\/wp-json\/wp\/v2\/pages\/5585","targetHints":{"allow":["GET"]}}],"collection":[{"href":"https:\/\/alter-entorn.com\/fr\/wp-json\/wp\/v2\/pages"}],"about":[{"href":"https:\/\/alter-entorn.com\/fr\/wp-json\/wp\/v2\/types\/page"}],"author":[{"embeddable":true,"href":"https:\/\/alter-entorn.com\/fr\/wp-json\/wp\/v2\/users\/1"}],"replies":[{"embeddable":true,"href":"https:\/\/alter-entorn.com\/fr\/wp-json\/wp\/v2\/comments?post=5585"}],"version-history":[{"count":0,"href":"https:\/\/alter-entorn.com\/fr\/wp-json\/wp\/v2\/pages\/5585\/revisions"}],"wp:attachment":[{"href":"https:\/\/alter-entorn.com\/fr\/wp-json\/wp\/v2\/media?parent=5585"}],"curies":[{"name":"wp","href":"https:\/\/api.w.org\/{rel}","templated":true}]}}