{"id":10817,"date":"2026-01-08T11:19:38","date_gmt":"2026-01-08T09:19:38","guid":{"rendered":"https:\/\/alter-entorn.com\/producto\/microbz-men\/"},"modified":"2026-02-02T13:44:52","modified_gmt":"2026-02-02T11:44:52","slug":"microbz-men","status":"publish","type":"product","link":"https:\/\/alter-entorn.com\/fr\/producto\/microbz-men\/","title":{"rendered":"microbz men"},"content":{"rendered":"<p>Microbz Men est une boisson probiotique sp\u00e9cialement formul\u00e9e pour la sant\u00e9 masculine.<\/p>\n<p>Elle associe 14 familles de micro-organismes b\u00e9n\u00e9fiques soigneusement s\u00e9lectionn\u00e9es \u00e0 plus de 50 jus naturels, min\u00e9raux et plantes. Elle favorise la sant\u00e9 digestive et soulage la plupart des troubles intestinaux tels que les br\u00fblures d&rsquo;estomac, les ballonnements, les gaz et la constipation. Elle contribue au bon fonctionnement de la prostate.<\/p>\n<p>Elle am\u00e9liore l&rsquo;absorption des nutriments, procure une sensation de bien-\u00eatre et r\u00e9duit le stress.<\/p>\n<p>Elle am\u00e9liore la tol\u00e9rance au bl\u00e9 et aux produits laitiers.<\/p>\n<p>Convient aux v\u00e9g\u00e9tariens et aux v\u00e9g\u00e9taliens.<\/p>\n<p>Microbz Men est un compl\u00e9ment alimentaire et non un m\u00e9dicament. Son efficacit\u00e9 n&rsquo;est pas garantie et les r\u00e9sultats peuvent varier.<\/p>\n","protected":false},"excerpt":{"rendered":"[caption id=\"attachment_10790\" align=\"alignnone\" width=\"800\"]<img loading=\"lazy\" decoding=\"async\" class=\"size-full wp-image-10790\" src=\"https:\/\/alter-entorn.com\/wp-content\/uploads\/2025\/12\/Mensprobioticbottleimage.jpg.webp\" alt=\"botella 500ml microbz men\" width=\"800\" height=\"800\" srcset=\"https:\/\/alter-entorn.com\/wp-content\/uploads\/2025\/12\/Mensprobioticbottleimage.jpg.webp 800w, https:\/\/alter-entorn.com\/wp-content\/uploads\/2025\/12\/Mensprobioticbottleimage.jpg-300x300.webp 300w, https:\/\/alter-entorn.com\/wp-content\/uploads\/2025\/12\/Mensprobioticbottleimage.jpg-150x150.webp 150w, https:\/\/alter-entorn.com\/wp-content\/uploads\/2025\/12\/Mensprobioticbottleimage.jpg-768x768.webp 768w, https:\/\/alter-entorn.com\/wp-content\/uploads\/2025\/12\/Mensprobioticbottleimage.jpg-570x570.webp 570w, https:\/\/alter-entorn.com\/wp-content\/uploads\/2025\/12\/Mensprobioticbottleimage.jpg-100x100.webp 100w\" sizes=\"auto, (max-width: 800px) 100vw, 800px\" \/> Probi\u00f3tico l\u00edquido para hombres[\/caption]\n[caption id=\"attachment_10790\" align=\"alignnone\" width=\"800\"]<img loading=\"lazy\" decoding=\"async\" class=\"size-full wp-image-10790\" src=\"https:\/\/alter-entorn.com\/wp-content\/uploads\/2025\/12\/Mensprobioticbottleimage.jpg.webp\" alt=\"botella 500ml microbz men\" width=\"800\" height=\"800\" srcset=\"https:\/\/alter-entorn.com\/wp-content\/uploads\/2025\/12\/Mensprobioticbottleimage.jpg.webp 800w, https:\/\/alter-entorn.com\/wp-content\/uploads\/2025\/12\/Mensprobioticbottleimage.jpg-300x300.webp 300w, https:\/\/alter-entorn.com\/wp-content\/uploads\/2025\/12\/Mensprobioticbottleimage.jpg-150x150.webp 150w, https:\/\/alter-entorn.com\/wp-content\/uploads\/2025\/12\/Mensprobioticbottleimage.jpg-768x768.webp 768w, https:\/\/alter-entorn.com\/wp-content\/uploads\/2025\/12\/Mensprobioticbottleimage.jpg-570x570.webp 570w, https:\/\/alter-entorn.com\/wp-content\/uploads\/2025\/12\/Mensprobioticbottleimage.jpg-100x100.webp 100w\" sizes=\"auto, (max-width: 800px) 100vw, 800px\" \/> Probi\u00f3tico l\u00edquido para hombres[\/caption]\n","protected":false},"featured_media":10829,"template":"","meta":{"_joinchat":[]},"product_brand":[],"product_cat":[115,120],"product_tag":[881,3386,3387,3388,3389,3390,3391],"class_list":{"0":"post-10817","1":"product","2":"type-product","3":"status-publish","4":"has-post-thumbnail","6":"product_cat-sante-et-bien-etre","7":"product_cat-supplements-probiotiques","8":"product_tag-supplements-probiotiques","9":"product_tag-probiotiques","10":"product_tag-probiotiques-liquides","11":"product_tag-sante-de-la-prostate","12":"product_tag-sante-des-hommes","13":"product_tag-microbiote","14":"product_tag-sante-intestinale-des-hommes","16":"first","17":"instock","18":"taxable","19":"shipping-taxable","20":"purchasable","21":"product-type-variable"},"yoast_head":"<!-- This site is optimized with the Yoast SEO plugin v27.4 - https:\/\/yoast.com\/product\/yoast-seo-wordpress\/ -->\n<title>microbz men - alter-entorn<\/title>\n<meta name=\"description\" content=\"Boisson probiotique ferment\u00e9e aux herbes et min\u00e9raux, sp\u00e9cialement formul\u00e9e pour la sant\u00e9 masculine. Contient des micro-organismes b\u00e9n\u00e9fiques.\" \/>\n<meta name=\"robots\" content=\"index, follow, max-snippet:-1, max-image-preview:large, max-video-preview:-1\" \/>\n<link rel=\"canonical\" href=\"https:\/\/alter-entorn.com\/fr\/producto\/microbz-men\/\" \/>\n<meta property=\"og:locale\" content=\"fr_FR\" \/>\n<meta property=\"og:type\" content=\"article\" \/>\n<meta property=\"og:title\" content=\"microbz men - alter-entorn\" \/>\n<meta property=\"og:description\" content=\"Boisson probiotique ferment\u00e9e aux herbes et min\u00e9raux, sp\u00e9cialement formul\u00e9e pour la sant\u00e9 masculine. Contient des micro-organismes b\u00e9n\u00e9fiques.\" \/>\n<meta property=\"og:url\" content=\"https:\/\/alter-entorn.com\/fr\/producto\/microbz-men\/\" \/>\n<meta property=\"og:site_name\" content=\"alter-entorn\" \/>\n<meta property=\"article:publisher\" content=\"https:\/\/www.facebook.com\/alterentorn\/\" \/>\n<meta property=\"article:modified_time\" content=\"2026-02-02T11:44:52+00:00\" \/>\n<meta property=\"og:image\" content=\"https:\/\/alter-entorn.com\/wp-content\/uploads\/2025\/12\/microbzmen.jpg\" \/>\n\t<meta property=\"og:image:width\" content=\"1000\" \/>\n\t<meta property=\"og:image:height\" content=\"1500\" \/>\n\t<meta property=\"og:image:type\" content=\"image\/jpeg\" \/>\n<meta name=\"twitter:card\" content=\"summary_large_image\" \/>\n<meta name=\"twitter:site\" content=\"@alterentorn\" \/>\n<meta name=\"twitter:label1\" content=\"Dur\u00e9e de lecture estim\u00e9e\" \/>\n\t<meta name=\"twitter:data1\" content=\"1 minute\" \/>\n<script type=\"application\/ld+json\" class=\"yoast-schema-graph\">{\"@context\":\"https:\\\/\\\/schema.org\",\"@graph\":[{\"@type\":\"WebPage\",\"@id\":\"https:\\\/\\\/alter-entorn.com\\\/fr\\\/producto\\\/microbz-men\\\/\",\"url\":\"https:\\\/\\\/alter-entorn.com\\\/fr\\\/producto\\\/microbz-men\\\/\",\"name\":\"microbz men - alter-entorn\",\"isPartOf\":{\"@id\":\"https:\\\/\\\/alter-entorn.com\\\/fr\\\/#website\"},\"primaryImageOfPage\":{\"@id\":\"https:\\\/\\\/alter-entorn.com\\\/fr\\\/producto\\\/microbz-men\\\/#primaryimage\"},\"image\":{\"@id\":\"https:\\\/\\\/alter-entorn.com\\\/fr\\\/producto\\\/microbz-men\\\/#primaryimage\"},\"thumbnailUrl\":\"https:\\\/\\\/alter-entorn.com\\\/wp-content\\\/uploads\\\/2025\\\/12\\\/microbzmen.jpg\",\"datePublished\":\"2026-01-08T09:19:38+00:00\",\"dateModified\":\"2026-02-02T11:44:52+00:00\",\"description\":\"Boisson probiotique ferment\u00e9e aux herbes et min\u00e9raux, sp\u00e9cialement formul\u00e9e pour la sant\u00e9 masculine. Contient des micro-organismes b\u00e9n\u00e9fiques.\",\"breadcrumb\":{\"@id\":\"https:\\\/\\\/alter-entorn.com\\\/fr\\\/producto\\\/microbz-men\\\/#breadcrumb\"},\"inLanguage\":\"fr-FR\",\"potentialAction\":[{\"@type\":\"ReadAction\",\"target\":[\"https:\\\/\\\/alter-entorn.com\\\/fr\\\/producto\\\/microbz-men\\\/\"]}]},{\"@type\":\"ImageObject\",\"inLanguage\":\"fr-FR\",\"@id\":\"https:\\\/\\\/alter-entorn.com\\\/fr\\\/producto\\\/microbz-men\\\/#primaryimage\",\"url\":\"https:\\\/\\\/alter-entorn.com\\\/wp-content\\\/uploads\\\/2025\\\/12\\\/microbzmen.jpg\",\"contentUrl\":\"https:\\\/\\\/alter-entorn.com\\\/wp-content\\\/uploads\\\/2025\\\/12\\\/microbzmen.jpg\",\"width\":1000,\"height\":1500,\"caption\":\"suplemento probi\u00f3tico formulado para la salud m\u00e1sculina\"},{\"@type\":\"BreadcrumbList\",\"@id\":\"https:\\\/\\\/alter-entorn.com\\\/fr\\\/producto\\\/microbz-men\\\/#breadcrumb\",\"itemListElement\":[{\"@type\":\"ListItem\",\"position\":1,\"name\":\"Portada\",\"item\":\"https:\\\/\\\/alter-entorn.com\\\/fr\\\/\"},{\"@type\":\"ListItem\",\"position\":2,\"name\":\"Boutique\",\"item\":\"https:\\\/\\\/alter-entorn.com\\\/tienda\\\/\"},{\"@type\":\"ListItem\",\"position\":3,\"name\":\"microbz men\"}]},{\"@type\":\"WebSite\",\"@id\":\"https:\\\/\\\/alter-entorn.com\\\/fr\\\/#website\",\"url\":\"https:\\\/\\\/alter-entorn.com\\\/fr\\\/\",\"name\":\"alter-entorn\",\"description\":\"Soluciones Microbiol\u00f3gicas probi\u00f3ticos\",\"publisher\":{\"@id\":\"https:\\\/\\\/alter-entorn.com\\\/fr\\\/#organization\"},\"potentialAction\":[{\"@type\":\"SearchAction\",\"target\":{\"@type\":\"EntryPoint\",\"urlTemplate\":\"https:\\\/\\\/alter-entorn.com\\\/fr\\\/?s={search_term_string}\"},\"query-input\":{\"@type\":\"PropertyValueSpecification\",\"valueRequired\":true,\"valueName\":\"search_term_string\"}}],\"inLanguage\":\"fr-FR\"},{\"@type\":\"Organization\",\"@id\":\"https:\\\/\\\/alter-entorn.com\\\/fr\\\/#organization\",\"name\":\"alter-entorn\",\"url\":\"https:\\\/\\\/alter-entorn.com\\\/fr\\\/\",\"logo\":{\"@type\":\"ImageObject\",\"inLanguage\":\"fr-FR\",\"@id\":\"https:\\\/\\\/alter-entorn.com\\\/fr\\\/#\\\/schema\\\/logo\\\/image\\\/\",\"url\":\"https:\\\/\\\/alter-entorn.com\\\/wp-content\\\/uploads\\\/2018\\\/10\\\/logo_alter_entorn-sin-texto-1.png\",\"contentUrl\":\"https:\\\/\\\/alter-entorn.com\\\/wp-content\\\/uploads\\\/2018\\\/10\\\/logo_alter_entorn-sin-texto-1.png\",\"width\":246,\"height\":68,\"caption\":\"alter-entorn\"},\"image\":{\"@id\":\"https:\\\/\\\/alter-entorn.com\\\/fr\\\/#\\\/schema\\\/logo\\\/image\\\/\"},\"sameAs\":[\"https:\\\/\\\/www.facebook.com\\\/alterentorn\\\/\",\"https:\\\/\\\/x.com\\\/alterentorn\"]}]}<\/script>\n<!-- \/ Yoast SEO plugin. -->","yoast_head_json":{"title":"microbz men - alter-entorn","description":"Boisson probiotique ferment\u00e9e aux herbes et min\u00e9raux, sp\u00e9cialement formul\u00e9e pour la sant\u00e9 masculine. Contient des micro-organismes b\u00e9n\u00e9fiques.","robots":{"index":"index","follow":"follow","max-snippet":"max-snippet:-1","max-image-preview":"max-image-preview:large","max-video-preview":"max-video-preview:-1"},"canonical":"https:\/\/alter-entorn.com\/fr\/producto\/microbz-men\/","og_locale":"fr_FR","og_type":"article","og_title":"microbz men - alter-entorn","og_description":"Boisson probiotique ferment\u00e9e aux herbes et min\u00e9raux, sp\u00e9cialement formul\u00e9e pour la sant\u00e9 masculine. Contient des micro-organismes b\u00e9n\u00e9fiques.","og_url":"https:\/\/alter-entorn.com\/fr\/producto\/microbz-men\/","og_site_name":"alter-entorn","article_publisher":"https:\/\/www.facebook.com\/alterentorn\/","article_modified_time":"2026-02-02T11:44:52+00:00","og_image":[{"width":1000,"height":1500,"url":"https:\/\/alter-entorn.com\/wp-content\/uploads\/2025\/12\/microbzmen.jpg","type":"image\/jpeg"}],"twitter_card":"summary_large_image","twitter_site":"@alterentorn","twitter_misc":{"Dur\u00e9e de lecture estim\u00e9e":"1 minute"},"schema":{"@context":"https:\/\/schema.org","@graph":[{"@type":"WebPage","@id":"https:\/\/alter-entorn.com\/fr\/producto\/microbz-men\/","url":"https:\/\/alter-entorn.com\/fr\/producto\/microbz-men\/","name":"microbz men - alter-entorn","isPartOf":{"@id":"https:\/\/alter-entorn.com\/fr\/#website"},"primaryImageOfPage":{"@id":"https:\/\/alter-entorn.com\/fr\/producto\/microbz-men\/#primaryimage"},"image":{"@id":"https:\/\/alter-entorn.com\/fr\/producto\/microbz-men\/#primaryimage"},"thumbnailUrl":"https:\/\/alter-entorn.com\/wp-content\/uploads\/2025\/12\/microbzmen.jpg","datePublished":"2026-01-08T09:19:38+00:00","dateModified":"2026-02-02T11:44:52+00:00","description":"Boisson probiotique ferment\u00e9e aux herbes et min\u00e9raux, sp\u00e9cialement formul\u00e9e pour la sant\u00e9 masculine. Contient des micro-organismes b\u00e9n\u00e9fiques.","breadcrumb":{"@id":"https:\/\/alter-entorn.com\/fr\/producto\/microbz-men\/#breadcrumb"},"inLanguage":"fr-FR","potentialAction":[{"@type":"ReadAction","target":["https:\/\/alter-entorn.com\/fr\/producto\/microbz-men\/"]}]},{"@type":"ImageObject","inLanguage":"fr-FR","@id":"https:\/\/alter-entorn.com\/fr\/producto\/microbz-men\/#primaryimage","url":"https:\/\/alter-entorn.com\/wp-content\/uploads\/2025\/12\/microbzmen.jpg","contentUrl":"https:\/\/alter-entorn.com\/wp-content\/uploads\/2025\/12\/microbzmen.jpg","width":1000,"height":1500,"caption":"suplemento probi\u00f3tico formulado para la salud m\u00e1sculina"},{"@type":"BreadcrumbList","@id":"https:\/\/alter-entorn.com\/fr\/producto\/microbz-men\/#breadcrumb","itemListElement":[{"@type":"ListItem","position":1,"name":"Portada","item":"https:\/\/alter-entorn.com\/fr\/"},{"@type":"ListItem","position":2,"name":"Boutique","item":"https:\/\/alter-entorn.com\/tienda\/"},{"@type":"ListItem","position":3,"name":"microbz men"}]},{"@type":"WebSite","@id":"https:\/\/alter-entorn.com\/fr\/#website","url":"https:\/\/alter-entorn.com\/fr\/","name":"alter-entorn","description":"Soluciones Microbiol\u00f3gicas probi\u00f3ticos","publisher":{"@id":"https:\/\/alter-entorn.com\/fr\/#organization"},"potentialAction":[{"@type":"SearchAction","target":{"@type":"EntryPoint","urlTemplate":"https:\/\/alter-entorn.com\/fr\/?s={search_term_string}"},"query-input":{"@type":"PropertyValueSpecification","valueRequired":true,"valueName":"search_term_string"}}],"inLanguage":"fr-FR"},{"@type":"Organization","@id":"https:\/\/alter-entorn.com\/fr\/#organization","name":"alter-entorn","url":"https:\/\/alter-entorn.com\/fr\/","logo":{"@type":"ImageObject","inLanguage":"fr-FR","@id":"https:\/\/alter-entorn.com\/fr\/#\/schema\/logo\/image\/","url":"https:\/\/alter-entorn.com\/wp-content\/uploads\/2018\/10\/logo_alter_entorn-sin-texto-1.png","contentUrl":"https:\/\/alter-entorn.com\/wp-content\/uploads\/2018\/10\/logo_alter_entorn-sin-texto-1.png","width":246,"height":68,"caption":"alter-entorn"},"image":{"@id":"https:\/\/alter-entorn.com\/fr\/#\/schema\/logo\/image\/"},"sameAs":["https:\/\/www.facebook.com\/alterentorn\/","https:\/\/x.com\/alterentorn"]}]}},"_links":{"self":[{"href":"https:\/\/alter-entorn.com\/fr\/wp-json\/wp\/v2\/product\/10817","targetHints":{"allow":["GET"]}}],"collection":[{"href":"https:\/\/alter-entorn.com\/fr\/wp-json\/wp\/v2\/product"}],"about":[{"href":"https:\/\/alter-entorn.com\/fr\/wp-json\/wp\/v2\/types\/product"}],"wp:featuredmedia":[{"embeddable":true,"href":"https:\/\/alter-entorn.com\/fr\/wp-json\/wp\/v2\/media\/10829"}],"wp:attachment":[{"href":"https:\/\/alter-entorn.com\/fr\/wp-json\/wp\/v2\/media?parent=10817"}],"wp:term":[{"taxonomy":"product_brand","embeddable":true,"href":"https:\/\/alter-entorn.com\/fr\/wp-json\/wp\/v2\/product_brand?post=10817"},{"taxonomy":"product_cat","embeddable":true,"href":"https:\/\/alter-entorn.com\/fr\/wp-json\/wp\/v2\/product_cat?post=10817"},{"taxonomy":"product_tag","embeddable":true,"href":"https:\/\/alter-entorn.com\/fr\/wp-json\/wp\/v2\/product_tag?post=10817"}],"curies":[{"name":"wp","href":"https:\/\/api.w.org\/{rel}","templated":true}]}}