{"id":4268,"date":"2017-08-21T17:07:42","date_gmt":"2018-01-15T09:43:11","guid":{"rendered":"http:\/\/alter-entorn.com?post_type=product&#038;p=4268"},"modified":"2019-11-12T14:43:25","modified_gmt":"2019-11-12T13:43:25","slug":"top-dress-chevaux","status":"publish","type":"product","link":"https:\/\/alter-entorn.com\/fr\/producto\/top-dress-chevaux\/","title":{"rendered":"Top Dress Chevaux (10kg)"},"content":{"rendered":"<p>C&rsquo;est un suppl\u00e9ment alimentaire \u00e0 haute valeur nutritive. Il se compose essentiellement de son de bl\u00e9 organique ferment\u00e9. Pendant la fermentation,\u00a0de nombreux m\u00e9tabolites \u00e0 haute valeur nutritive sont produits. Ils peuvent s&rsquo;ajouter \u00e0 la ration quotidienne et le produit convient tout particuli\u00e8rement \u00e0 l&rsquo;alimentation additionnelle avant et durant des situations stressantes.<\/p>\n","protected":false},"excerpt":{"rendered":"<p>Suppl\u00e9ment alimentaire sp\u00e9cifique pour chevaux<\/p>\n","protected":false},"featured_media":8785,"template":"","meta":{"_joinchat":[]},"product_brand":[],"product_cat":[128],"product_tag":[1028,1356,1393,1503,1507,1508,1553,1561,1566,1570],"class_list":{"0":"post-4268","1":"product","2":"type-product","3":"status-publish","4":"has-post-thumbnail","6":"product_cat-animaux-domestiques","7":"product_tag-supplements-naturels","8":"product_tag-chevaux-de-nourriture","9":"product_tag-chevaux-de-nourriture-fr","10":"product_tag-probiotiques-pour-les-animaux","11":"product_tag-probiotiques-pour-les-chevaux","12":"product_tag-probiotiques-pour-animaux-de-compagnie","13":"product_tag-complement-alimentaire-pour-chevaux","14":"product_tag-supplement-probiotique","15":"product_tag-complements-alimentaires-pour-animaux","16":"product_tag-complements-alimentaires-pour-animaux-domestiques","18":"first","19":"instock","20":"taxable","21":"shipping-taxable","22":"purchasable","23":"product-type-simple"},"yoast_head":"<!-- This site is optimized with the Yoast SEO plugin v27.4 - https:\/\/yoast.com\/product\/yoast-seo-wordpress\/ -->\n<title>Top Dress Chevaux - Compl\u00e9ment alimentaire naturel pour chevaux<\/title>\n<meta name=\"description\" content=\"Compl\u00e9ment alimentaire de grande valeur nutritionnelle pour les chevaux. Fabriqu\u00e9 \u00e0 partir de son de bl\u00e9 biologique ferment\u00e9 avec de la microbiologie.\" \/>\n<meta name=\"robots\" content=\"index, follow, max-snippet:-1, max-image-preview:large, max-video-preview:-1\" \/>\n<link rel=\"canonical\" href=\"https:\/\/alter-entorn.com\/fr\/producto\/top-dress-chevaux\/\" \/>\n<meta property=\"og:locale\" content=\"fr_FR\" \/>\n<meta property=\"og:type\" content=\"article\" \/>\n<meta property=\"og:title\" content=\"Top Dress Chevaux - Compl\u00e9ment alimentaire naturel pour chevaux\" \/>\n<meta property=\"og:description\" content=\"Compl\u00e9ment alimentaire de grande valeur nutritionnelle pour les chevaux. Fabriqu\u00e9 \u00e0 partir de son de bl\u00e9 biologique ferment\u00e9 avec de la microbiologie.\" \/>\n<meta property=\"og:url\" content=\"https:\/\/alter-entorn.com\/fr\/producto\/top-dress-chevaux\/\" \/>\n<meta property=\"og:site_name\" content=\"alter-entorn\" \/>\n<meta property=\"article:publisher\" content=\"https:\/\/www.facebook.com\/alterentorn\/\" \/>\n<meta property=\"article:modified_time\" content=\"2019-11-12T13:43:25+00:00\" \/>\n<meta property=\"og:image\" content=\"https:\/\/alter-entorn.com\/wp-content\/uploads\/2022\/03\/topdressproducte.jpg\" \/>\n\t<meta property=\"og:image:width\" content=\"1\" \/>\n\t<meta property=\"og:image:height\" content=\"1\" \/>\n\t<meta property=\"og:image:type\" content=\"image\/jpeg\" \/>\n<meta name=\"twitter:card\" content=\"summary_large_image\" \/>\n<meta name=\"twitter:site\" content=\"@alterentorn\" \/>\n<script type=\"application\/ld+json\" class=\"yoast-schema-graph\">{\"@context\":\"https:\\\/\\\/schema.org\",\"@graph\":[{\"@type\":\"WebPage\",\"@id\":\"https:\\\/\\\/alter-entorn.com\\\/fr\\\/producto\\\/top-dress-chevaux\\\/\",\"url\":\"https:\\\/\\\/alter-entorn.com\\\/fr\\\/producto\\\/top-dress-chevaux\\\/\",\"name\":\"Top Dress Chevaux - Compl\u00e9ment alimentaire naturel pour chevaux\",\"isPartOf\":{\"@id\":\"https:\\\/\\\/alter-entorn.com\\\/fr\\\/#website\"},\"primaryImageOfPage\":{\"@id\":\"https:\\\/\\\/alter-entorn.com\\\/fr\\\/producto\\\/top-dress-chevaux\\\/#primaryimage\"},\"image\":{\"@id\":\"https:\\\/\\\/alter-entorn.com\\\/fr\\\/producto\\\/top-dress-chevaux\\\/#primaryimage\"},\"thumbnailUrl\":\"https:\\\/\\\/alter-entorn.com\\\/wp-content\\\/uploads\\\/2022\\\/03\\\/topdressproducte.jpg\",\"datePublished\":\"2018-01-15T09:43:11+00:00\",\"dateModified\":\"2019-11-12T13:43:25+00:00\",\"description\":\"Compl\u00e9ment alimentaire de grande valeur nutritionnelle pour les chevaux. Fabriqu\u00e9 \u00e0 partir de son de bl\u00e9 biologique ferment\u00e9 avec de la microbiologie.\",\"breadcrumb\":{\"@id\":\"https:\\\/\\\/alter-entorn.com\\\/fr\\\/producto\\\/top-dress-chevaux\\\/#breadcrumb\"},\"inLanguage\":\"fr-FR\",\"potentialAction\":[{\"@type\":\"ReadAction\",\"target\":[\"https:\\\/\\\/alter-entorn.com\\\/fr\\\/producto\\\/top-dress-chevaux\\\/\"]}]},{\"@type\":\"ImageObject\",\"inLanguage\":\"fr-FR\",\"@id\":\"https:\\\/\\\/alter-entorn.com\\\/fr\\\/producto\\\/top-dress-chevaux\\\/#primaryimage\",\"url\":\"https:\\\/\\\/alter-entorn.com\\\/wp-content\\\/uploads\\\/2022\\\/03\\\/topdressproducte.jpg\",\"contentUrl\":\"https:\\\/\\\/alter-entorn.com\\\/wp-content\\\/uploads\\\/2022\\\/03\\\/topdressproducte.jpg\"},{\"@type\":\"BreadcrumbList\",\"@id\":\"https:\\\/\\\/alter-entorn.com\\\/fr\\\/producto\\\/top-dress-chevaux\\\/#breadcrumb\",\"itemListElement\":[{\"@type\":\"ListItem\",\"position\":1,\"name\":\"Portada\",\"item\":\"https:\\\/\\\/alter-entorn.com\\\/fr\\\/\"},{\"@type\":\"ListItem\",\"position\":2,\"name\":\"Boutique\",\"item\":\"https:\\\/\\\/alter-entorn.com\\\/tienda\\\/\"},{\"@type\":\"ListItem\",\"position\":3,\"name\":\"Top Dress Chevaux (10kg)\"}]},{\"@type\":\"WebSite\",\"@id\":\"https:\\\/\\\/alter-entorn.com\\\/fr\\\/#website\",\"url\":\"https:\\\/\\\/alter-entorn.com\\\/fr\\\/\",\"name\":\"alter-entorn\",\"description\":\"Soluciones Microbiol\u00f3gicas probi\u00f3ticos\",\"publisher\":{\"@id\":\"https:\\\/\\\/alter-entorn.com\\\/fr\\\/#organization\"},\"potentialAction\":[{\"@type\":\"SearchAction\",\"target\":{\"@type\":\"EntryPoint\",\"urlTemplate\":\"https:\\\/\\\/alter-entorn.com\\\/fr\\\/?s={search_term_string}\"},\"query-input\":{\"@type\":\"PropertyValueSpecification\",\"valueRequired\":true,\"valueName\":\"search_term_string\"}}],\"inLanguage\":\"fr-FR\"},{\"@type\":\"Organization\",\"@id\":\"https:\\\/\\\/alter-entorn.com\\\/fr\\\/#organization\",\"name\":\"alter-entorn\",\"url\":\"https:\\\/\\\/alter-entorn.com\\\/fr\\\/\",\"logo\":{\"@type\":\"ImageObject\",\"inLanguage\":\"fr-FR\",\"@id\":\"https:\\\/\\\/alter-entorn.com\\\/fr\\\/#\\\/schema\\\/logo\\\/image\\\/\",\"url\":\"https:\\\/\\\/alter-entorn.com\\\/wp-content\\\/uploads\\\/2018\\\/10\\\/logo_alter_entorn-sin-texto-1.png\",\"contentUrl\":\"https:\\\/\\\/alter-entorn.com\\\/wp-content\\\/uploads\\\/2018\\\/10\\\/logo_alter_entorn-sin-texto-1.png\",\"width\":246,\"height\":68,\"caption\":\"alter-entorn\"},\"image\":{\"@id\":\"https:\\\/\\\/alter-entorn.com\\\/fr\\\/#\\\/schema\\\/logo\\\/image\\\/\"},\"sameAs\":[\"https:\\\/\\\/www.facebook.com\\\/alterentorn\\\/\",\"https:\\\/\\\/x.com\\\/alterentorn\"]}]}<\/script>\n<!-- \/ Yoast SEO plugin. -->","yoast_head_json":{"title":"Top Dress Chevaux - Compl\u00e9ment alimentaire naturel pour chevaux","description":"Compl\u00e9ment alimentaire de grande valeur nutritionnelle pour les chevaux. Fabriqu\u00e9 \u00e0 partir de son de bl\u00e9 biologique ferment\u00e9 avec de la microbiologie.","robots":{"index":"index","follow":"follow","max-snippet":"max-snippet:-1","max-image-preview":"max-image-preview:large","max-video-preview":"max-video-preview:-1"},"canonical":"https:\/\/alter-entorn.com\/fr\/producto\/top-dress-chevaux\/","og_locale":"fr_FR","og_type":"article","og_title":"Top Dress Chevaux - Compl\u00e9ment alimentaire naturel pour chevaux","og_description":"Compl\u00e9ment alimentaire de grande valeur nutritionnelle pour les chevaux. Fabriqu\u00e9 \u00e0 partir de son de bl\u00e9 biologique ferment\u00e9 avec de la microbiologie.","og_url":"https:\/\/alter-entorn.com\/fr\/producto\/top-dress-chevaux\/","og_site_name":"alter-entorn","article_publisher":"https:\/\/www.facebook.com\/alterentorn\/","article_modified_time":"2019-11-12T13:43:25+00:00","og_image":[{"url":"https:\/\/alter-entorn.com\/wp-content\/uploads\/2022\/03\/topdressproducte.jpg","width":1,"height":1,"type":"image\/jpeg"}],"twitter_card":"summary_large_image","twitter_site":"@alterentorn","schema":{"@context":"https:\/\/schema.org","@graph":[{"@type":"WebPage","@id":"https:\/\/alter-entorn.com\/fr\/producto\/top-dress-chevaux\/","url":"https:\/\/alter-entorn.com\/fr\/producto\/top-dress-chevaux\/","name":"Top Dress Chevaux - Compl\u00e9ment alimentaire naturel pour chevaux","isPartOf":{"@id":"https:\/\/alter-entorn.com\/fr\/#website"},"primaryImageOfPage":{"@id":"https:\/\/alter-entorn.com\/fr\/producto\/top-dress-chevaux\/#primaryimage"},"image":{"@id":"https:\/\/alter-entorn.com\/fr\/producto\/top-dress-chevaux\/#primaryimage"},"thumbnailUrl":"https:\/\/alter-entorn.com\/wp-content\/uploads\/2022\/03\/topdressproducte.jpg","datePublished":"2018-01-15T09:43:11+00:00","dateModified":"2019-11-12T13:43:25+00:00","description":"Compl\u00e9ment alimentaire de grande valeur nutritionnelle pour les chevaux. Fabriqu\u00e9 \u00e0 partir de son de bl\u00e9 biologique ferment\u00e9 avec de la microbiologie.","breadcrumb":{"@id":"https:\/\/alter-entorn.com\/fr\/producto\/top-dress-chevaux\/#breadcrumb"},"inLanguage":"fr-FR","potentialAction":[{"@type":"ReadAction","target":["https:\/\/alter-entorn.com\/fr\/producto\/top-dress-chevaux\/"]}]},{"@type":"ImageObject","inLanguage":"fr-FR","@id":"https:\/\/alter-entorn.com\/fr\/producto\/top-dress-chevaux\/#primaryimage","url":"https:\/\/alter-entorn.com\/wp-content\/uploads\/2022\/03\/topdressproducte.jpg","contentUrl":"https:\/\/alter-entorn.com\/wp-content\/uploads\/2022\/03\/topdressproducte.jpg"},{"@type":"BreadcrumbList","@id":"https:\/\/alter-entorn.com\/fr\/producto\/top-dress-chevaux\/#breadcrumb","itemListElement":[{"@type":"ListItem","position":1,"name":"Portada","item":"https:\/\/alter-entorn.com\/fr\/"},{"@type":"ListItem","position":2,"name":"Boutique","item":"https:\/\/alter-entorn.com\/tienda\/"},{"@type":"ListItem","position":3,"name":"Top Dress Chevaux (10kg)"}]},{"@type":"WebSite","@id":"https:\/\/alter-entorn.com\/fr\/#website","url":"https:\/\/alter-entorn.com\/fr\/","name":"alter-entorn","description":"Soluciones Microbiol\u00f3gicas probi\u00f3ticos","publisher":{"@id":"https:\/\/alter-entorn.com\/fr\/#organization"},"potentialAction":[{"@type":"SearchAction","target":{"@type":"EntryPoint","urlTemplate":"https:\/\/alter-entorn.com\/fr\/?s={search_term_string}"},"query-input":{"@type":"PropertyValueSpecification","valueRequired":true,"valueName":"search_term_string"}}],"inLanguage":"fr-FR"},{"@type":"Organization","@id":"https:\/\/alter-entorn.com\/fr\/#organization","name":"alter-entorn","url":"https:\/\/alter-entorn.com\/fr\/","logo":{"@type":"ImageObject","inLanguage":"fr-FR","@id":"https:\/\/alter-entorn.com\/fr\/#\/schema\/logo\/image\/","url":"https:\/\/alter-entorn.com\/wp-content\/uploads\/2018\/10\/logo_alter_entorn-sin-texto-1.png","contentUrl":"https:\/\/alter-entorn.com\/wp-content\/uploads\/2018\/10\/logo_alter_entorn-sin-texto-1.png","width":246,"height":68,"caption":"alter-entorn"},"image":{"@id":"https:\/\/alter-entorn.com\/fr\/#\/schema\/logo\/image\/"},"sameAs":["https:\/\/www.facebook.com\/alterentorn\/","https:\/\/x.com\/alterentorn"]}]}},"_links":{"self":[{"href":"https:\/\/alter-entorn.com\/fr\/wp-json\/wp\/v2\/product\/4268","targetHints":{"allow":["GET"]}}],"collection":[{"href":"https:\/\/alter-entorn.com\/fr\/wp-json\/wp\/v2\/product"}],"about":[{"href":"https:\/\/alter-entorn.com\/fr\/wp-json\/wp\/v2\/types\/product"}],"wp:featuredmedia":[{"embeddable":true,"href":"https:\/\/alter-entorn.com\/fr\/wp-json\/wp\/v2\/media\/8785"}],"wp:attachment":[{"href":"https:\/\/alter-entorn.com\/fr\/wp-json\/wp\/v2\/media?parent=4268"}],"wp:term":[{"taxonomy":"product_brand","embeddable":true,"href":"https:\/\/alter-entorn.com\/fr\/wp-json\/wp\/v2\/product_brand?post=4268"},{"taxonomy":"product_cat","embeddable":true,"href":"https:\/\/alter-entorn.com\/fr\/wp-json\/wp\/v2\/product_cat?post=4268"},{"taxonomy":"product_tag","embeddable":true,"href":"https:\/\/alter-entorn.com\/fr\/wp-json\/wp\/v2\/product_tag?post=4268"}],"curies":[{"name":"wp","href":"https:\/\/api.w.org\/{rel}","templated":true}]}}