{"id":4270,"date":"2017-08-21T17:06:36","date_gmt":"2018-01-12T10:13:33","guid":{"rendered":"http:\/\/alter-entorn.com?post_type=product&#038;p=4270"},"modified":"2019-11-12T14:23:41","modified_gmt":"2019-11-12T13:23:41","slug":"fhe-animaux-domestiques","status":"publish","type":"product","link":"https:\/\/alter-entorn.com\/fr\/producto\/fhe-animaux-domestiques\/","title":{"rendered":"Cana Animaux domestiques (500ml)"},"content":{"rendered":"<p>C&rsquo;est un suppl\u00e9ment alimentaire 100% naturel et sans substances chimiques. Nous vivons dans un environnement o\u00f9 nous c\u00f4toyons des milliers de composants chimiques utilis\u00e9s pour fabriquer pratiquement tout ce qui nous entoure et peu \u00e0 peu, nous les accumulons dans notre organisme. Il en est de m\u00eame pour les animaux domestiques. Par cons\u00e9quent, il les aide \u00e1 r\u00e9\u00e9quilibre leur organisme, \u00e0 r\u00e9cup\u00e9rer la sant\u00e9, \u00e0 peupler et enrichir leur flore, ils seront plus sains, ils auront plus de vitalit\u00e9 et ils assimileront mieux les substances nutritives. \u00c9limine la plupart des troubles intestinaux, r\u00e9duit le stress et am\u00e9liore la peau et le pelage.<\/p>\n","protected":false},"excerpt":{"rendered":"<p>Suppl\u00e9ment alimentaire pour animaux domestiques, compl\u00e8tement libre de substances chimiques et certifi\u00e9 ecocert. Cana aide \u00e0 repeupler la flore, \u00e0 absorber les substances nutritives et \u00e0 avoir une meilleure digestion, meilleure peau et pelage, entre autres b\u00e9n\u00e9fices.<\/p>\n","protected":false},"featured_media":8713,"template":"","meta":{"_joinchat":[]},"product_brand":[],"product_cat":[128],"product_tag":[1381,1555,1572,2590,2591,2592,2593],"class_list":{"0":"post-4270","1":"product","2":"type-product","3":"status-publish","4":"has-post-thumbnail","6":"product_cat-animaux-domestiques","7":"product_tag-aider-la-digestion-des-animaux-domestiques","8":"product_tag-animaux-supplements-nutritionnels","9":"product_tag-complements-alimentaires-pour-animaux-fr","10":"product_tag-probiotiques-animaux","11":"product_tag-chiens-probiotiques","12":"product_tag-chats-probiotiques","13":"product_tag-animaux-probiotiques","15":"first","16":"instock","17":"taxable","18":"shipping-taxable","19":"purchasable","20":"product-type-simple"},"yoast_head":"<!-- This site is optimized with the Yoast SEO plugin v27.4 - https:\/\/yoast.com\/product\/yoast-seo-wordpress\/ -->\n<title>Cana Animaux domestiques - Compl\u00e9ment alimentaire naturel<\/title>\n<meta name=\"description\" content=\"Compl\u00e9ment alimentaire pour animaux de compagnie \u00e0 base d&#039;ingr\u00e9dients naturels, sans produits chimiques. Aidez \u00e0 restaurer la flore, am\u00e9liorer la vitalit\u00e9 ...\" \/>\n<meta name=\"robots\" content=\"index, follow, max-snippet:-1, max-image-preview:large, max-video-preview:-1\" \/>\n<link rel=\"canonical\" href=\"https:\/\/alter-entorn.com\/fr\/producto\/fhe-animaux-domestiques\/\" \/>\n<meta property=\"og:locale\" content=\"fr_FR\" \/>\n<meta property=\"og:type\" content=\"article\" \/>\n<meta property=\"og:title\" content=\"Cana Animaux domestiques - Compl\u00e9ment alimentaire naturel\" \/>\n<meta property=\"og:description\" content=\"Compl\u00e9ment alimentaire pour animaux de compagnie \u00e0 base d&#039;ingr\u00e9dients naturels, sans produits chimiques. Aidez \u00e0 restaurer la flore, am\u00e9liorer la vitalit\u00e9 ...\" \/>\n<meta property=\"og:url\" content=\"https:\/\/alter-entorn.com\/fr\/producto\/fhe-animaux-domestiques\/\" \/>\n<meta property=\"og:site_name\" content=\"alter-entorn\" \/>\n<meta property=\"article:publisher\" content=\"https:\/\/www.facebook.com\/alterentorn\/\" \/>\n<meta property=\"article:modified_time\" content=\"2019-11-12T13:23:41+00:00\" \/>\n<meta property=\"og:image\" content=\"https:\/\/alter-entorn.com\/wp-content\/uploads\/2022\/03\/cana-1024x768.png\" \/>\n\t<meta property=\"og:image:width\" content=\"1024\" \/>\n\t<meta property=\"og:image:height\" content=\"768\" \/>\n\t<meta property=\"og:image:type\" content=\"image\/png\" \/>\n<meta name=\"twitter:card\" content=\"summary_large_image\" \/>\n<meta name=\"twitter:site\" content=\"@alterentorn\" \/>\n<meta name=\"twitter:label1\" content=\"Dur\u00e9e de lecture estim\u00e9e\" \/>\n\t<meta name=\"twitter:data1\" content=\"1 minute\" \/>\n<script type=\"application\/ld+json\" class=\"yoast-schema-graph\">{\"@context\":\"https:\\\/\\\/schema.org\",\"@graph\":[{\"@type\":\"WebPage\",\"@id\":\"https:\\\/\\\/alter-entorn.com\\\/fr\\\/producto\\\/fhe-animaux-domestiques\\\/\",\"url\":\"https:\\\/\\\/alter-entorn.com\\\/fr\\\/producto\\\/fhe-animaux-domestiques\\\/\",\"name\":\"Cana Animaux domestiques - Compl\u00e9ment alimentaire naturel\",\"isPartOf\":{\"@id\":\"https:\\\/\\\/alter-entorn.com\\\/fr\\\/#website\"},\"primaryImageOfPage\":{\"@id\":\"https:\\\/\\\/alter-entorn.com\\\/fr\\\/producto\\\/fhe-animaux-domestiques\\\/#primaryimage\"},\"image\":{\"@id\":\"https:\\\/\\\/alter-entorn.com\\\/fr\\\/producto\\\/fhe-animaux-domestiques\\\/#primaryimage\"},\"thumbnailUrl\":\"https:\\\/\\\/alter-entorn.com\\\/wp-content\\\/uploads\\\/2022\\\/03\\\/cana.png\",\"datePublished\":\"2018-01-12T10:13:33+00:00\",\"dateModified\":\"2019-11-12T13:23:41+00:00\",\"description\":\"Compl\u00e9ment alimentaire pour animaux de compagnie \u00e0 base d'ingr\u00e9dients naturels, sans produits chimiques. Aidez \u00e0 restaurer la flore, am\u00e9liorer la vitalit\u00e9 ...\",\"breadcrumb\":{\"@id\":\"https:\\\/\\\/alter-entorn.com\\\/fr\\\/producto\\\/fhe-animaux-domestiques\\\/#breadcrumb\"},\"inLanguage\":\"fr-FR\",\"potentialAction\":[{\"@type\":\"ReadAction\",\"target\":[\"https:\\\/\\\/alter-entorn.com\\\/fr\\\/producto\\\/fhe-animaux-domestiques\\\/\"]}]},{\"@type\":\"ImageObject\",\"inLanguage\":\"fr-FR\",\"@id\":\"https:\\\/\\\/alter-entorn.com\\\/fr\\\/producto\\\/fhe-animaux-domestiques\\\/#primaryimage\",\"url\":\"https:\\\/\\\/alter-entorn.com\\\/wp-content\\\/uploads\\\/2022\\\/03\\\/cana.png\",\"contentUrl\":\"https:\\\/\\\/alter-entorn.com\\\/wp-content\\\/uploads\\\/2022\\\/03\\\/cana.png\",\"width\":5184,\"height\":3888},{\"@type\":\"BreadcrumbList\",\"@id\":\"https:\\\/\\\/alter-entorn.com\\\/fr\\\/producto\\\/fhe-animaux-domestiques\\\/#breadcrumb\",\"itemListElement\":[{\"@type\":\"ListItem\",\"position\":1,\"name\":\"Portada\",\"item\":\"https:\\\/\\\/alter-entorn.com\\\/fr\\\/\"},{\"@type\":\"ListItem\",\"position\":2,\"name\":\"Boutique\",\"item\":\"https:\\\/\\\/alter-entorn.com\\\/tienda\\\/\"},{\"@type\":\"ListItem\",\"position\":3,\"name\":\"Cana Animaux domestiques (500ml)\"}]},{\"@type\":\"WebSite\",\"@id\":\"https:\\\/\\\/alter-entorn.com\\\/fr\\\/#website\",\"url\":\"https:\\\/\\\/alter-entorn.com\\\/fr\\\/\",\"name\":\"alter-entorn\",\"description\":\"Soluciones Microbiol\u00f3gicas probi\u00f3ticos\",\"publisher\":{\"@id\":\"https:\\\/\\\/alter-entorn.com\\\/fr\\\/#organization\"},\"potentialAction\":[{\"@type\":\"SearchAction\",\"target\":{\"@type\":\"EntryPoint\",\"urlTemplate\":\"https:\\\/\\\/alter-entorn.com\\\/fr\\\/?s={search_term_string}\"},\"query-input\":{\"@type\":\"PropertyValueSpecification\",\"valueRequired\":true,\"valueName\":\"search_term_string\"}}],\"inLanguage\":\"fr-FR\"},{\"@type\":\"Organization\",\"@id\":\"https:\\\/\\\/alter-entorn.com\\\/fr\\\/#organization\",\"name\":\"alter-entorn\",\"url\":\"https:\\\/\\\/alter-entorn.com\\\/fr\\\/\",\"logo\":{\"@type\":\"ImageObject\",\"inLanguage\":\"fr-FR\",\"@id\":\"https:\\\/\\\/alter-entorn.com\\\/fr\\\/#\\\/schema\\\/logo\\\/image\\\/\",\"url\":\"https:\\\/\\\/alter-entorn.com\\\/wp-content\\\/uploads\\\/2018\\\/10\\\/logo_alter_entorn-sin-texto-1.png\",\"contentUrl\":\"https:\\\/\\\/alter-entorn.com\\\/wp-content\\\/uploads\\\/2018\\\/10\\\/logo_alter_entorn-sin-texto-1.png\",\"width\":246,\"height\":68,\"caption\":\"alter-entorn\"},\"image\":{\"@id\":\"https:\\\/\\\/alter-entorn.com\\\/fr\\\/#\\\/schema\\\/logo\\\/image\\\/\"},\"sameAs\":[\"https:\\\/\\\/www.facebook.com\\\/alterentorn\\\/\",\"https:\\\/\\\/x.com\\\/alterentorn\"]}]}<\/script>\n<!-- \/ Yoast SEO plugin. -->","yoast_head_json":{"title":"Cana Animaux domestiques - Compl\u00e9ment alimentaire naturel","description":"Compl\u00e9ment alimentaire pour animaux de compagnie \u00e0 base d'ingr\u00e9dients naturels, sans produits chimiques. Aidez \u00e0 restaurer la flore, am\u00e9liorer la vitalit\u00e9 ...","robots":{"index":"index","follow":"follow","max-snippet":"max-snippet:-1","max-image-preview":"max-image-preview:large","max-video-preview":"max-video-preview:-1"},"canonical":"https:\/\/alter-entorn.com\/fr\/producto\/fhe-animaux-domestiques\/","og_locale":"fr_FR","og_type":"article","og_title":"Cana Animaux domestiques - Compl\u00e9ment alimentaire naturel","og_description":"Compl\u00e9ment alimentaire pour animaux de compagnie \u00e0 base d'ingr\u00e9dients naturels, sans produits chimiques. Aidez \u00e0 restaurer la flore, am\u00e9liorer la vitalit\u00e9 ...","og_url":"https:\/\/alter-entorn.com\/fr\/producto\/fhe-animaux-domestiques\/","og_site_name":"alter-entorn","article_publisher":"https:\/\/www.facebook.com\/alterentorn\/","article_modified_time":"2019-11-12T13:23:41+00:00","og_image":[{"width":1024,"height":768,"url":"https:\/\/alter-entorn.com\/wp-content\/uploads\/2022\/03\/cana-1024x768.png","type":"image\/png"}],"twitter_card":"summary_large_image","twitter_site":"@alterentorn","twitter_misc":{"Dur\u00e9e de lecture estim\u00e9e":"1 minute"},"schema":{"@context":"https:\/\/schema.org","@graph":[{"@type":"WebPage","@id":"https:\/\/alter-entorn.com\/fr\/producto\/fhe-animaux-domestiques\/","url":"https:\/\/alter-entorn.com\/fr\/producto\/fhe-animaux-domestiques\/","name":"Cana Animaux domestiques - Compl\u00e9ment alimentaire naturel","isPartOf":{"@id":"https:\/\/alter-entorn.com\/fr\/#website"},"primaryImageOfPage":{"@id":"https:\/\/alter-entorn.com\/fr\/producto\/fhe-animaux-domestiques\/#primaryimage"},"image":{"@id":"https:\/\/alter-entorn.com\/fr\/producto\/fhe-animaux-domestiques\/#primaryimage"},"thumbnailUrl":"https:\/\/alter-entorn.com\/wp-content\/uploads\/2022\/03\/cana.png","datePublished":"2018-01-12T10:13:33+00:00","dateModified":"2019-11-12T13:23:41+00:00","description":"Compl\u00e9ment alimentaire pour animaux de compagnie \u00e0 base d'ingr\u00e9dients naturels, sans produits chimiques. Aidez \u00e0 restaurer la flore, am\u00e9liorer la vitalit\u00e9 ...","breadcrumb":{"@id":"https:\/\/alter-entorn.com\/fr\/producto\/fhe-animaux-domestiques\/#breadcrumb"},"inLanguage":"fr-FR","potentialAction":[{"@type":"ReadAction","target":["https:\/\/alter-entorn.com\/fr\/producto\/fhe-animaux-domestiques\/"]}]},{"@type":"ImageObject","inLanguage":"fr-FR","@id":"https:\/\/alter-entorn.com\/fr\/producto\/fhe-animaux-domestiques\/#primaryimage","url":"https:\/\/alter-entorn.com\/wp-content\/uploads\/2022\/03\/cana.png","contentUrl":"https:\/\/alter-entorn.com\/wp-content\/uploads\/2022\/03\/cana.png","width":5184,"height":3888},{"@type":"BreadcrumbList","@id":"https:\/\/alter-entorn.com\/fr\/producto\/fhe-animaux-domestiques\/#breadcrumb","itemListElement":[{"@type":"ListItem","position":1,"name":"Portada","item":"https:\/\/alter-entorn.com\/fr\/"},{"@type":"ListItem","position":2,"name":"Boutique","item":"https:\/\/alter-entorn.com\/tienda\/"},{"@type":"ListItem","position":3,"name":"Cana Animaux domestiques (500ml)"}]},{"@type":"WebSite","@id":"https:\/\/alter-entorn.com\/fr\/#website","url":"https:\/\/alter-entorn.com\/fr\/","name":"alter-entorn","description":"Soluciones Microbiol\u00f3gicas probi\u00f3ticos","publisher":{"@id":"https:\/\/alter-entorn.com\/fr\/#organization"},"potentialAction":[{"@type":"SearchAction","target":{"@type":"EntryPoint","urlTemplate":"https:\/\/alter-entorn.com\/fr\/?s={search_term_string}"},"query-input":{"@type":"PropertyValueSpecification","valueRequired":true,"valueName":"search_term_string"}}],"inLanguage":"fr-FR"},{"@type":"Organization","@id":"https:\/\/alter-entorn.com\/fr\/#organization","name":"alter-entorn","url":"https:\/\/alter-entorn.com\/fr\/","logo":{"@type":"ImageObject","inLanguage":"fr-FR","@id":"https:\/\/alter-entorn.com\/fr\/#\/schema\/logo\/image\/","url":"https:\/\/alter-entorn.com\/wp-content\/uploads\/2018\/10\/logo_alter_entorn-sin-texto-1.png","contentUrl":"https:\/\/alter-entorn.com\/wp-content\/uploads\/2018\/10\/logo_alter_entorn-sin-texto-1.png","width":246,"height":68,"caption":"alter-entorn"},"image":{"@id":"https:\/\/alter-entorn.com\/fr\/#\/schema\/logo\/image\/"},"sameAs":["https:\/\/www.facebook.com\/alterentorn\/","https:\/\/x.com\/alterentorn"]}]}},"_links":{"self":[{"href":"https:\/\/alter-entorn.com\/fr\/wp-json\/wp\/v2\/product\/4270","targetHints":{"allow":["GET"]}}],"collection":[{"href":"https:\/\/alter-entorn.com\/fr\/wp-json\/wp\/v2\/product"}],"about":[{"href":"https:\/\/alter-entorn.com\/fr\/wp-json\/wp\/v2\/types\/product"}],"wp:featuredmedia":[{"embeddable":true,"href":"https:\/\/alter-entorn.com\/fr\/wp-json\/wp\/v2\/media\/8713"}],"wp:attachment":[{"href":"https:\/\/alter-entorn.com\/fr\/wp-json\/wp\/v2\/media?parent=4270"}],"wp:term":[{"taxonomy":"product_brand","embeddable":true,"href":"https:\/\/alter-entorn.com\/fr\/wp-json\/wp\/v2\/product_brand?post=4270"},{"taxonomy":"product_cat","embeddable":true,"href":"https:\/\/alter-entorn.com\/fr\/wp-json\/wp\/v2\/product_cat?post=4270"},{"taxonomy":"product_tag","embeddable":true,"href":"https:\/\/alter-entorn.com\/fr\/wp-json\/wp\/v2\/product_tag?post=4270"}],"curies":[{"name":"wp","href":"https:\/\/api.w.org\/{rel}","templated":true}]}}