{"id":4271,"date":"2017-08-21T17:05:33","date_gmt":"2017-10-09T15:54:11","guid":{"rendered":"http:\/\/alter-entorn.com?post_type=product&#038;p=4271"},"modified":"2025-02-15T09:44:37","modified_gmt":"2025-02-15T07:44:37","slug":"agrobalanced","status":"publish","type":"product","link":"https:\/\/alter-entorn.com\/fr\/producto\/agrobalanced\/","title":{"rendered":"Agro balanced\u00ae"},"content":{"rendered":"<p>Il se compose de cinq groupes microbiologiques, principalement form\u00e9s par des bact\u00e9ries phototrophes, lactiques, champignons fermentaires et levures qui produisent les effets suivants\u00a0:<\/p>\n<p>INFESTATIONS<\/p>\n<ul>\n<li>Il r\u00e9duit la population de mouches et fourmis en inhibant la croissance des larves.<\/li>\n<li>Il maintient les escargots et limaces loin de la terre trait\u00e9e.<\/li>\n<li>Il conserve la faune pr\u00e9datrice naturelle form\u00e9e par les insectes qui contr\u00f4lent les pathog\u00e8nes, comme les coccinelles.<\/li>\n<li>Il a un pouvoir antifongique s\u00e9lectif qui r\u00e9duit la pr\u00e9sence de champignons nuisibles et stimule l&rsquo;activit\u00e9 des champignons b\u00e9n\u00e9fiques.<\/li>\n<\/ul>\n<p>V\u00c9G\u00c9TATION<\/p>\n<ul>\n<li>Il augmente la vitesse et le pourcentage de germination des graines.<\/li>\n<li>Il augmente les possibilit\u00e9s de survie des plantes greff\u00e9es.<\/li>\n<li>Il augmente la vigueur et la croissance de la tige et des racines.<\/li>\n<li>Il promeut la floraison, la fructification et le m\u00fbrissement.<\/li>\n<li>Il augmente la croissance, la productivit\u00e9, la qualit\u00e9 et la conservation des fruits.<\/li>\n<\/ul>\n<p>SOL<\/p>\n<ul>\n<li>Il r\u00e9duit le compactage du sol et l&rsquo;\u00e9rosion.<\/li>\n<li>Il augmente la porosit\u00e9 et am\u00e9liore l&rsquo;infiltration de l&rsquo;eau, il diminue la n\u00e9cessit\u00e9 d&rsquo;arrosage car la terre est capable d&rsquo;absorber 24\u00a0fois plus l&rsquo;eau de pluie.<\/li>\n<li>Il am\u00e9liore la disponibilit\u00e9 de substances nutritives car il divise les mol\u00e9cules pour faciliter l&rsquo;absorption.<\/li>\n<li>Il supprime et\/ou contr\u00f4le les populations de microorganismes pathog\u00e8nes.<\/li>\n<li>Il augmente la biodiversit\u00e9 microbienne en cr\u00e9ant les conditions n\u00e9cessaires pour que les microorganismes b\u00e9n\u00e9fiques prosp\u00e8rent.<\/li>\n<\/ul>\n","protected":false},"excerpt":{"rendered":"<p>Produit pour le bien-\u00eatre de votre jardin ou potager. Ce produit contr\u00f4le les infestations en favorisant la croissance de la v\u00e9g\u00e9tation et il am\u00e9liore les conditions du sol, parmi d&rsquo;autres b\u00e9n\u00e9fices.<\/p>\n","protected":false},"featured_media":9870,"template":"","meta":{"_joinchat":[]},"product_brand":[],"product_cat":[3218,129],"product_tag":[1338,1340,1349,1364,1366,1479,1498,1523,1528,1532,3219],"class_list":{"0":"post-4271","1":"product","2":"type-product","3":"status-publish","4":"has-post-thumbnail","6":"product_cat-compostage-potager-et-jardin","7":"product_cat-jardin_","8":"product_tag-engrais-ecologique","9":"product_tag-engrais-naturel","10":"product_tag-agriculture-ecologique","11":"product_tag-anti-nuisible-ecologique","12":"product_tag-anti-nuisible-naturel","13":"product_tag-jardinage-ecologique","14":"product_tag-microbiologie-agricole","15":"product_tag-jardin-de-produits-naturels","16":"product_tag-jardin-de-produits-naturels-fr","17":"product_tag-plantes-de-produits-naturels","18":"product_tag-agriculture-regeneratrice","20":"first","21":"instock","22":"taxable","23":"shipping-taxable","24":"purchasable","25":"product-type-variable"},"yoast_head":"<!-- This site is optimized with the Yoast SEO plugin v27.4 - https:\/\/yoast.com\/product\/yoast-seo-wordpress\/ -->\n<title>Agrobalanced - Produit pour le bien-\u00eatre de notre jardin \u00e9cologique<\/title>\n<meta name=\"description\" content=\"Am\u00e9liore la croissance et la floraison des plantes, contr\u00f4le l&#039;apparence des ravageurs, facilite l&#039;absorption des nutriments, entre autres.\" \/>\n<meta name=\"robots\" content=\"index, follow, max-snippet:-1, max-image-preview:large, max-video-preview:-1\" \/>\n<link rel=\"canonical\" href=\"https:\/\/alter-entorn.com\/fr\/producto\/agrobalanced\/\" \/>\n<meta property=\"og:locale\" content=\"fr_FR\" \/>\n<meta property=\"og:type\" content=\"article\" \/>\n<meta property=\"og:title\" content=\"Agrobalanced - Produit pour le bien-\u00eatre de notre jardin \u00e9cologique\" \/>\n<meta property=\"og:description\" content=\"Am\u00e9liore la croissance et la floraison des plantes, contr\u00f4le l&#039;apparence des ravageurs, facilite l&#039;absorption des nutriments, entre autres.\" \/>\n<meta property=\"og:url\" content=\"https:\/\/alter-entorn.com\/fr\/producto\/agrobalanced\/\" \/>\n<meta property=\"og:site_name\" content=\"alter-entorn\" \/>\n<meta property=\"article:publisher\" content=\"https:\/\/www.facebook.com\/alterentorn\/\" \/>\n<meta property=\"article:modified_time\" content=\"2025-02-15T07:44:37+00:00\" \/>\n<meta property=\"og:image\" content=\"https:\/\/alter-entorn.com\/wp-content\/uploads\/2017\/08\/agrobalanced-1.png\" \/>\n\t<meta property=\"og:image:width\" content=\"1500\" \/>\n\t<meta property=\"og:image:height\" content=\"1500\" \/>\n\t<meta property=\"og:image:type\" content=\"image\/png\" \/>\n<meta name=\"twitter:card\" content=\"summary_large_image\" \/>\n<meta name=\"twitter:site\" content=\"@alterentorn\" \/>\n<meta name=\"twitter:label1\" content=\"Dur\u00e9e de lecture estim\u00e9e\" \/>\n\t<meta name=\"twitter:data1\" content=\"1 minute\" \/>\n<script type=\"application\/ld+json\" class=\"yoast-schema-graph\">{\"@context\":\"https:\\\/\\\/schema.org\",\"@graph\":[{\"@type\":\"WebPage\",\"@id\":\"https:\\\/\\\/alter-entorn.com\\\/fr\\\/producto\\\/agrobalanced\\\/\",\"url\":\"https:\\\/\\\/alter-entorn.com\\\/fr\\\/producto\\\/agrobalanced\\\/\",\"name\":\"Agrobalanced - Produit pour le bien-\u00eatre de notre jardin \u00e9cologique\",\"isPartOf\":{\"@id\":\"https:\\\/\\\/alter-entorn.com\\\/fr\\\/#website\"},\"primaryImageOfPage\":{\"@id\":\"https:\\\/\\\/alter-entorn.com\\\/fr\\\/producto\\\/agrobalanced\\\/#primaryimage\"},\"image\":{\"@id\":\"https:\\\/\\\/alter-entorn.com\\\/fr\\\/producto\\\/agrobalanced\\\/#primaryimage\"},\"thumbnailUrl\":\"https:\\\/\\\/alter-entorn.com\\\/wp-content\\\/uploads\\\/2017\\\/08\\\/agrobalanced-1.png\",\"datePublished\":\"2017-10-09T15:54:11+00:00\",\"dateModified\":\"2025-02-15T07:44:37+00:00\",\"description\":\"Am\u00e9liore la croissance et la floraison des plantes, contr\u00f4le l'apparence des ravageurs, facilite l'absorption des nutriments, entre autres.\",\"breadcrumb\":{\"@id\":\"https:\\\/\\\/alter-entorn.com\\\/fr\\\/producto\\\/agrobalanced\\\/#breadcrumb\"},\"inLanguage\":\"fr-FR\",\"potentialAction\":[{\"@type\":\"ReadAction\",\"target\":[\"https:\\\/\\\/alter-entorn.com\\\/fr\\\/producto\\\/agrobalanced\\\/\"]}]},{\"@type\":\"ImageObject\",\"inLanguage\":\"fr-FR\",\"@id\":\"https:\\\/\\\/alter-entorn.com\\\/fr\\\/producto\\\/agrobalanced\\\/#primaryimage\",\"url\":\"https:\\\/\\\/alter-entorn.com\\\/wp-content\\\/uploads\\\/2017\\\/08\\\/agrobalanced-1.png\",\"contentUrl\":\"https:\\\/\\\/alter-entorn.com\\\/wp-content\\\/uploads\\\/2017\\\/08\\\/agrobalanced-1.png\",\"width\":1500,\"height\":1500,\"caption\":\"Concentrado microbiol\u00f3gico para agricultura\"},{\"@type\":\"BreadcrumbList\",\"@id\":\"https:\\\/\\\/alter-entorn.com\\\/fr\\\/producto\\\/agrobalanced\\\/#breadcrumb\",\"itemListElement\":[{\"@type\":\"ListItem\",\"position\":1,\"name\":\"Portada\",\"item\":\"https:\\\/\\\/alter-entorn.com\\\/fr\\\/\"},{\"@type\":\"ListItem\",\"position\":2,\"name\":\"Boutique\",\"item\":\"https:\\\/\\\/alter-entorn.com\\\/tienda\\\/\"},{\"@type\":\"ListItem\",\"position\":3,\"name\":\"Agro balanced\u00ae\"}]},{\"@type\":\"WebSite\",\"@id\":\"https:\\\/\\\/alter-entorn.com\\\/fr\\\/#website\",\"url\":\"https:\\\/\\\/alter-entorn.com\\\/fr\\\/\",\"name\":\"alter-entorn\",\"description\":\"Soluciones Microbiol\u00f3gicas probi\u00f3ticos\",\"publisher\":{\"@id\":\"https:\\\/\\\/alter-entorn.com\\\/fr\\\/#organization\"},\"potentialAction\":[{\"@type\":\"SearchAction\",\"target\":{\"@type\":\"EntryPoint\",\"urlTemplate\":\"https:\\\/\\\/alter-entorn.com\\\/fr\\\/?s={search_term_string}\"},\"query-input\":{\"@type\":\"PropertyValueSpecification\",\"valueRequired\":true,\"valueName\":\"search_term_string\"}}],\"inLanguage\":\"fr-FR\"},{\"@type\":\"Organization\",\"@id\":\"https:\\\/\\\/alter-entorn.com\\\/fr\\\/#organization\",\"name\":\"alter-entorn\",\"url\":\"https:\\\/\\\/alter-entorn.com\\\/fr\\\/\",\"logo\":{\"@type\":\"ImageObject\",\"inLanguage\":\"fr-FR\",\"@id\":\"https:\\\/\\\/alter-entorn.com\\\/fr\\\/#\\\/schema\\\/logo\\\/image\\\/\",\"url\":\"https:\\\/\\\/alter-entorn.com\\\/wp-content\\\/uploads\\\/2018\\\/10\\\/logo_alter_entorn-sin-texto-1.png\",\"contentUrl\":\"https:\\\/\\\/alter-entorn.com\\\/wp-content\\\/uploads\\\/2018\\\/10\\\/logo_alter_entorn-sin-texto-1.png\",\"width\":246,\"height\":68,\"caption\":\"alter-entorn\"},\"image\":{\"@id\":\"https:\\\/\\\/alter-entorn.com\\\/fr\\\/#\\\/schema\\\/logo\\\/image\\\/\"},\"sameAs\":[\"https:\\\/\\\/www.facebook.com\\\/alterentorn\\\/\",\"https:\\\/\\\/x.com\\\/alterentorn\"]}]}<\/script>\n<!-- \/ Yoast SEO plugin. -->","yoast_head_json":{"title":"Agrobalanced - Produit pour le bien-\u00eatre de notre jardin \u00e9cologique","description":"Am\u00e9liore la croissance et la floraison des plantes, contr\u00f4le l'apparence des ravageurs, facilite l'absorption des nutriments, entre autres.","robots":{"index":"index","follow":"follow","max-snippet":"max-snippet:-1","max-image-preview":"max-image-preview:large","max-video-preview":"max-video-preview:-1"},"canonical":"https:\/\/alter-entorn.com\/fr\/producto\/agrobalanced\/","og_locale":"fr_FR","og_type":"article","og_title":"Agrobalanced - Produit pour le bien-\u00eatre de notre jardin \u00e9cologique","og_description":"Am\u00e9liore la croissance et la floraison des plantes, contr\u00f4le l'apparence des ravageurs, facilite l'absorption des nutriments, entre autres.","og_url":"https:\/\/alter-entorn.com\/fr\/producto\/agrobalanced\/","og_site_name":"alter-entorn","article_publisher":"https:\/\/www.facebook.com\/alterentorn\/","article_modified_time":"2025-02-15T07:44:37+00:00","og_image":[{"width":1500,"height":1500,"url":"https:\/\/alter-entorn.com\/wp-content\/uploads\/2017\/08\/agrobalanced-1.png","type":"image\/png"}],"twitter_card":"summary_large_image","twitter_site":"@alterentorn","twitter_misc":{"Dur\u00e9e de lecture estim\u00e9e":"1 minute"},"schema":{"@context":"https:\/\/schema.org","@graph":[{"@type":"WebPage","@id":"https:\/\/alter-entorn.com\/fr\/producto\/agrobalanced\/","url":"https:\/\/alter-entorn.com\/fr\/producto\/agrobalanced\/","name":"Agrobalanced - Produit pour le bien-\u00eatre de notre jardin \u00e9cologique","isPartOf":{"@id":"https:\/\/alter-entorn.com\/fr\/#website"},"primaryImageOfPage":{"@id":"https:\/\/alter-entorn.com\/fr\/producto\/agrobalanced\/#primaryimage"},"image":{"@id":"https:\/\/alter-entorn.com\/fr\/producto\/agrobalanced\/#primaryimage"},"thumbnailUrl":"https:\/\/alter-entorn.com\/wp-content\/uploads\/2017\/08\/agrobalanced-1.png","datePublished":"2017-10-09T15:54:11+00:00","dateModified":"2025-02-15T07:44:37+00:00","description":"Am\u00e9liore la croissance et la floraison des plantes, contr\u00f4le l'apparence des ravageurs, facilite l'absorption des nutriments, entre autres.","breadcrumb":{"@id":"https:\/\/alter-entorn.com\/fr\/producto\/agrobalanced\/#breadcrumb"},"inLanguage":"fr-FR","potentialAction":[{"@type":"ReadAction","target":["https:\/\/alter-entorn.com\/fr\/producto\/agrobalanced\/"]}]},{"@type":"ImageObject","inLanguage":"fr-FR","@id":"https:\/\/alter-entorn.com\/fr\/producto\/agrobalanced\/#primaryimage","url":"https:\/\/alter-entorn.com\/wp-content\/uploads\/2017\/08\/agrobalanced-1.png","contentUrl":"https:\/\/alter-entorn.com\/wp-content\/uploads\/2017\/08\/agrobalanced-1.png","width":1500,"height":1500,"caption":"Concentrado microbiol\u00f3gico para agricultura"},{"@type":"BreadcrumbList","@id":"https:\/\/alter-entorn.com\/fr\/producto\/agrobalanced\/#breadcrumb","itemListElement":[{"@type":"ListItem","position":1,"name":"Portada","item":"https:\/\/alter-entorn.com\/fr\/"},{"@type":"ListItem","position":2,"name":"Boutique","item":"https:\/\/alter-entorn.com\/tienda\/"},{"@type":"ListItem","position":3,"name":"Agro balanced\u00ae"}]},{"@type":"WebSite","@id":"https:\/\/alter-entorn.com\/fr\/#website","url":"https:\/\/alter-entorn.com\/fr\/","name":"alter-entorn","description":"Soluciones Microbiol\u00f3gicas probi\u00f3ticos","publisher":{"@id":"https:\/\/alter-entorn.com\/fr\/#organization"},"potentialAction":[{"@type":"SearchAction","target":{"@type":"EntryPoint","urlTemplate":"https:\/\/alter-entorn.com\/fr\/?s={search_term_string}"},"query-input":{"@type":"PropertyValueSpecification","valueRequired":true,"valueName":"search_term_string"}}],"inLanguage":"fr-FR"},{"@type":"Organization","@id":"https:\/\/alter-entorn.com\/fr\/#organization","name":"alter-entorn","url":"https:\/\/alter-entorn.com\/fr\/","logo":{"@type":"ImageObject","inLanguage":"fr-FR","@id":"https:\/\/alter-entorn.com\/fr\/#\/schema\/logo\/image\/","url":"https:\/\/alter-entorn.com\/wp-content\/uploads\/2018\/10\/logo_alter_entorn-sin-texto-1.png","contentUrl":"https:\/\/alter-entorn.com\/wp-content\/uploads\/2018\/10\/logo_alter_entorn-sin-texto-1.png","width":246,"height":68,"caption":"alter-entorn"},"image":{"@id":"https:\/\/alter-entorn.com\/fr\/#\/schema\/logo\/image\/"},"sameAs":["https:\/\/www.facebook.com\/alterentorn\/","https:\/\/x.com\/alterentorn"]}]}},"_links":{"self":[{"href":"https:\/\/alter-entorn.com\/fr\/wp-json\/wp\/v2\/product\/4271","targetHints":{"allow":["GET"]}}],"collection":[{"href":"https:\/\/alter-entorn.com\/fr\/wp-json\/wp\/v2\/product"}],"about":[{"href":"https:\/\/alter-entorn.com\/fr\/wp-json\/wp\/v2\/types\/product"}],"wp:featuredmedia":[{"embeddable":true,"href":"https:\/\/alter-entorn.com\/fr\/wp-json\/wp\/v2\/media\/9870"}],"wp:attachment":[{"href":"https:\/\/alter-entorn.com\/fr\/wp-json\/wp\/v2\/media?parent=4271"}],"wp:term":[{"taxonomy":"product_brand","embeddable":true,"href":"https:\/\/alter-entorn.com\/fr\/wp-json\/wp\/v2\/product_brand?post=4271"},{"taxonomy":"product_cat","embeddable":true,"href":"https:\/\/alter-entorn.com\/fr\/wp-json\/wp\/v2\/product_cat?post=4271"},{"taxonomy":"product_tag","embeddable":true,"href":"https:\/\/alter-entorn.com\/fr\/wp-json\/wp\/v2\/product_tag?post=4271"}],"curies":[{"name":"wp","href":"https:\/\/api.w.org\/{rel}","templated":true}]}}