{"id":4275,"date":"2017-08-21T16:53:26","date_gmt":"2017-08-21T14:53:26","guid":{"rendered":"http:\/\/alter-entorn.com?product=bio-live-livergall-foie-et-vesicule-biliaire"},"modified":"2026-01-08T13:11:10","modified_gmt":"2026-01-08T11:11:10","slug":"bio-live-foie-et-vesicule-biliaire","status":"publish","type":"product","link":"https:\/\/alter-entorn.com\/fr\/producto\/bio-live-foie-et-vesicule-biliaire\/","title":{"rendered":"microbz Detox"},"content":{"rendered":"<p>Boisson de fermentation naturelle pour le soin sp\u00e9cifique du foie et de la v\u00e9sicule biliaire. Il poss\u00e8de des pouvoirs antioxydants et favorise le bon fonctionnement du syst\u00e8me urinaire. Il pr\u00e9vient l&rsquo;accumulation de cholest\u00e9rol et de graisse, favorise la s\u00e9cr\u00e9tion de bile et la r\u00e9g\u00e9n\u00e9ration des cellules, entre autres avantages.<\/p>\n<p>Recommand\u00e9 pour les personnes ayant des probl\u00e8mes de foie, comme le foie gras, et comme une aide suppl\u00e9mentaire pour tout le monde, en p\u00e9riode de changement de saison ou apr\u00e8s des p\u00e9riodes o\u00f9 nous ne prenons pas trop soin de nous, comme de No\u00ebl ou des vacances d&rsquo;\u00e9t\u00e9.\u00a0Convient aux r\u00e9gimes v\u00e9g\u00e9tariens et v\u00e9g\u00e9taliens.<\/p>\n<p>Ceci est un compl\u00e9ment alimentaire et non un produit m\u00e9dical. Les effets ne sont pas garantis et les r\u00e9sultats peuvent varier.<\/p>\n","protected":false},"excerpt":{"rendered":"<p><strong>VEGAN<\/strong><\/p>\n<p>Boisson de fermentation naturelle \u00e0 partir de micro-organismes b\u00e9n\u00e9fiques, d&rsquo;herbes, de jus et de min\u00e9raux. Sp\u00e9cifique au soin du foie et de la v\u00e9sicule biliaire, il est antioxydant et contribue au bon fonctionnement du syst\u00e8me urinaire.<\/p>\n<p>Sans lactose, sans sucre.<\/p>\n","protected":false},"featured_media":10298,"template":"","meta":{"_joinchat":[]},"product_brand":[],"product_cat":[115,120],"product_tag":[881,882,883,884,885,886,887,888,889,890],"class_list":{"0":"post-4275","1":"product","2":"type-product","3":"status-publish","4":"has-post-thumbnail","6":"product_cat-sante-et-bien-etre","7":"product_cat-supplements-probiotiques","8":"product_tag-supplements-probiotiques","9":"product_tag-soins-du-foie","10":"product_tag-soins-vesiculaires-biliaires","11":"product_tag-liquides-probiotiques","12":"product_tag-complements-alimentaires","13":"product_tag-ameliore-le-systeme-urinaire","14":"product_tag-produits-de-soins-intestinaux","15":"product_tag-amelioration-du-foie","16":"product_tag-produits-du-foie","17":"product_tag-foie-propre","19":"first","20":"instock","21":"taxable","22":"shipping-taxable","23":"purchasable","24":"product-type-variable"},"yoast_head":"<!-- This site is optimized with the Yoast SEO plugin v27.4 - https:\/\/yoast.com\/product\/yoast-seo-wordpress\/ -->\n<title>Bio-live Liver &amp; Gall - Boisson ferment\u00e9e pour le foie<\/title>\n<meta name=\"description\" content=\"Boisson ferment\u00e9e sp\u00e9cifique pour le soin du foie et de la v\u00e9sicule biliaire. Ferment\u00e9 et fabriqu\u00e9 uniquement avec des produits naturels\" \/>\n<meta name=\"robots\" content=\"index, follow, max-snippet:-1, max-image-preview:large, max-video-preview:-1\" \/>\n<link rel=\"canonical\" href=\"https:\/\/alter-entorn.com\/fr\/producto\/bio-live-foie-et-vesicule-biliaire\/\" \/>\n<meta property=\"og:locale\" content=\"fr_FR\" \/>\n<meta property=\"og:type\" content=\"article\" \/>\n<meta property=\"og:title\" content=\"Bio-live Liver &amp; Gall - Boisson ferment\u00e9e pour le foie\" \/>\n<meta property=\"og:description\" content=\"Boisson ferment\u00e9e sp\u00e9cifique pour le soin du foie et de la v\u00e9sicule biliaire. Ferment\u00e9 et fabriqu\u00e9 uniquement avec des produits naturels\" \/>\n<meta property=\"og:url\" content=\"https:\/\/alter-entorn.com\/fr\/producto\/bio-live-foie-et-vesicule-biliaire\/\" \/>\n<meta property=\"og:site_name\" content=\"alter-entorn\" \/>\n<meta property=\"article:publisher\" content=\"https:\/\/www.facebook.com\/alterentorn\/\" \/>\n<meta property=\"article:modified_time\" content=\"2026-01-08T11:11:10+00:00\" \/>\n<meta property=\"og:image\" content=\"https:\/\/alter-entorn.com\/wp-content\/uploads\/2017\/08\/bldetox1.png\" \/>\n\t<meta property=\"og:image:width\" content=\"1000\" \/>\n\t<meta property=\"og:image:height\" content=\"1500\" \/>\n\t<meta property=\"og:image:type\" content=\"image\/png\" \/>\n<meta name=\"twitter:card\" content=\"summary_large_image\" \/>\n<meta name=\"twitter:site\" content=\"@alterentorn\" \/>\n<meta name=\"twitter:label1\" content=\"Dur\u00e9e de lecture estim\u00e9e\" \/>\n\t<meta name=\"twitter:data1\" content=\"1 minute\" \/>\n<script type=\"application\/ld+json\" class=\"yoast-schema-graph\">{\"@context\":\"https:\\\/\\\/schema.org\",\"@graph\":[{\"@type\":\"WebPage\",\"@id\":\"https:\\\/\\\/alter-entorn.com\\\/fr\\\/producto\\\/bio-live-foie-et-vesicule-biliaire\\\/\",\"url\":\"https:\\\/\\\/alter-entorn.com\\\/fr\\\/producto\\\/bio-live-foie-et-vesicule-biliaire\\\/\",\"name\":\"Bio-live Liver & Gall - Boisson ferment\u00e9e pour le foie\",\"isPartOf\":{\"@id\":\"https:\\\/\\\/alter-entorn.com\\\/fr\\\/#website\"},\"primaryImageOfPage\":{\"@id\":\"https:\\\/\\\/alter-entorn.com\\\/fr\\\/producto\\\/bio-live-foie-et-vesicule-biliaire\\\/#primaryimage\"},\"image\":{\"@id\":\"https:\\\/\\\/alter-entorn.com\\\/fr\\\/producto\\\/bio-live-foie-et-vesicule-biliaire\\\/#primaryimage\"},\"thumbnailUrl\":\"https:\\\/\\\/alter-entorn.com\\\/wp-content\\\/uploads\\\/2017\\\/08\\\/bldetox1.png\",\"datePublished\":\"2017-08-21T14:53:26+00:00\",\"dateModified\":\"2026-01-08T11:11:10+00:00\",\"description\":\"Boisson ferment\u00e9e sp\u00e9cifique pour le soin du foie et de la v\u00e9sicule biliaire. Ferment\u00e9 et fabriqu\u00e9 uniquement avec des produits naturels\",\"breadcrumb\":{\"@id\":\"https:\\\/\\\/alter-entorn.com\\\/fr\\\/producto\\\/bio-live-foie-et-vesicule-biliaire\\\/#breadcrumb\"},\"inLanguage\":\"fr-FR\",\"potentialAction\":[{\"@type\":\"ReadAction\",\"target\":[\"https:\\\/\\\/alter-entorn.com\\\/fr\\\/producto\\\/bio-live-foie-et-vesicule-biliaire\\\/\"]}]},{\"@type\":\"ImageObject\",\"inLanguage\":\"fr-FR\",\"@id\":\"https:\\\/\\\/alter-entorn.com\\\/fr\\\/producto\\\/bio-live-foie-et-vesicule-biliaire\\\/#primaryimage\",\"url\":\"https:\\\/\\\/alter-entorn.com\\\/wp-content\\\/uploads\\\/2017\\\/08\\\/bldetox1.png\",\"contentUrl\":\"https:\\\/\\\/alter-entorn.com\\\/wp-content\\\/uploads\\\/2017\\\/08\\\/bldetox1.png\",\"width\":1000,\"height\":1500},{\"@type\":\"BreadcrumbList\",\"@id\":\"https:\\\/\\\/alter-entorn.com\\\/fr\\\/producto\\\/bio-live-foie-et-vesicule-biliaire\\\/#breadcrumb\",\"itemListElement\":[{\"@type\":\"ListItem\",\"position\":1,\"name\":\"Portada\",\"item\":\"https:\\\/\\\/alter-entorn.com\\\/fr\\\/\"},{\"@type\":\"ListItem\",\"position\":2,\"name\":\"Boutique\",\"item\":\"https:\\\/\\\/alter-entorn.com\\\/tienda\\\/\"},{\"@type\":\"ListItem\",\"position\":3,\"name\":\"microbz Detox\"}]},{\"@type\":\"WebSite\",\"@id\":\"https:\\\/\\\/alter-entorn.com\\\/fr\\\/#website\",\"url\":\"https:\\\/\\\/alter-entorn.com\\\/fr\\\/\",\"name\":\"alter-entorn\",\"description\":\"Soluciones Microbiol\u00f3gicas probi\u00f3ticos\",\"publisher\":{\"@id\":\"https:\\\/\\\/alter-entorn.com\\\/fr\\\/#organization\"},\"potentialAction\":[{\"@type\":\"SearchAction\",\"target\":{\"@type\":\"EntryPoint\",\"urlTemplate\":\"https:\\\/\\\/alter-entorn.com\\\/fr\\\/?s={search_term_string}\"},\"query-input\":{\"@type\":\"PropertyValueSpecification\",\"valueRequired\":true,\"valueName\":\"search_term_string\"}}],\"inLanguage\":\"fr-FR\"},{\"@type\":\"Organization\",\"@id\":\"https:\\\/\\\/alter-entorn.com\\\/fr\\\/#organization\",\"name\":\"alter-entorn\",\"url\":\"https:\\\/\\\/alter-entorn.com\\\/fr\\\/\",\"logo\":{\"@type\":\"ImageObject\",\"inLanguage\":\"fr-FR\",\"@id\":\"https:\\\/\\\/alter-entorn.com\\\/fr\\\/#\\\/schema\\\/logo\\\/image\\\/\",\"url\":\"https:\\\/\\\/alter-entorn.com\\\/wp-content\\\/uploads\\\/2018\\\/10\\\/logo_alter_entorn-sin-texto-1.png\",\"contentUrl\":\"https:\\\/\\\/alter-entorn.com\\\/wp-content\\\/uploads\\\/2018\\\/10\\\/logo_alter_entorn-sin-texto-1.png\",\"width\":246,\"height\":68,\"caption\":\"alter-entorn\"},\"image\":{\"@id\":\"https:\\\/\\\/alter-entorn.com\\\/fr\\\/#\\\/schema\\\/logo\\\/image\\\/\"},\"sameAs\":[\"https:\\\/\\\/www.facebook.com\\\/alterentorn\\\/\",\"https:\\\/\\\/x.com\\\/alterentorn\"]}]}<\/script>\n<!-- \/ Yoast SEO plugin. -->","yoast_head_json":{"title":"Bio-live Liver & Gall - Boisson ferment\u00e9e pour le foie","description":"Boisson ferment\u00e9e sp\u00e9cifique pour le soin du foie et de la v\u00e9sicule biliaire. Ferment\u00e9 et fabriqu\u00e9 uniquement avec des produits naturels","robots":{"index":"index","follow":"follow","max-snippet":"max-snippet:-1","max-image-preview":"max-image-preview:large","max-video-preview":"max-video-preview:-1"},"canonical":"https:\/\/alter-entorn.com\/fr\/producto\/bio-live-foie-et-vesicule-biliaire\/","og_locale":"fr_FR","og_type":"article","og_title":"Bio-live Liver & Gall - Boisson ferment\u00e9e pour le foie","og_description":"Boisson ferment\u00e9e sp\u00e9cifique pour le soin du foie et de la v\u00e9sicule biliaire. Ferment\u00e9 et fabriqu\u00e9 uniquement avec des produits naturels","og_url":"https:\/\/alter-entorn.com\/fr\/producto\/bio-live-foie-et-vesicule-biliaire\/","og_site_name":"alter-entorn","article_publisher":"https:\/\/www.facebook.com\/alterentorn\/","article_modified_time":"2026-01-08T11:11:10+00:00","og_image":[{"width":1000,"height":1500,"url":"https:\/\/alter-entorn.com\/wp-content\/uploads\/2017\/08\/bldetox1.png","type":"image\/png"}],"twitter_card":"summary_large_image","twitter_site":"@alterentorn","twitter_misc":{"Dur\u00e9e de lecture estim\u00e9e":"1 minute"},"schema":{"@context":"https:\/\/schema.org","@graph":[{"@type":"WebPage","@id":"https:\/\/alter-entorn.com\/fr\/producto\/bio-live-foie-et-vesicule-biliaire\/","url":"https:\/\/alter-entorn.com\/fr\/producto\/bio-live-foie-et-vesicule-biliaire\/","name":"Bio-live Liver & Gall - Boisson ferment\u00e9e pour le foie","isPartOf":{"@id":"https:\/\/alter-entorn.com\/fr\/#website"},"primaryImageOfPage":{"@id":"https:\/\/alter-entorn.com\/fr\/producto\/bio-live-foie-et-vesicule-biliaire\/#primaryimage"},"image":{"@id":"https:\/\/alter-entorn.com\/fr\/producto\/bio-live-foie-et-vesicule-biliaire\/#primaryimage"},"thumbnailUrl":"https:\/\/alter-entorn.com\/wp-content\/uploads\/2017\/08\/bldetox1.png","datePublished":"2017-08-21T14:53:26+00:00","dateModified":"2026-01-08T11:11:10+00:00","description":"Boisson ferment\u00e9e sp\u00e9cifique pour le soin du foie et de la v\u00e9sicule biliaire. Ferment\u00e9 et fabriqu\u00e9 uniquement avec des produits naturels","breadcrumb":{"@id":"https:\/\/alter-entorn.com\/fr\/producto\/bio-live-foie-et-vesicule-biliaire\/#breadcrumb"},"inLanguage":"fr-FR","potentialAction":[{"@type":"ReadAction","target":["https:\/\/alter-entorn.com\/fr\/producto\/bio-live-foie-et-vesicule-biliaire\/"]}]},{"@type":"ImageObject","inLanguage":"fr-FR","@id":"https:\/\/alter-entorn.com\/fr\/producto\/bio-live-foie-et-vesicule-biliaire\/#primaryimage","url":"https:\/\/alter-entorn.com\/wp-content\/uploads\/2017\/08\/bldetox1.png","contentUrl":"https:\/\/alter-entorn.com\/wp-content\/uploads\/2017\/08\/bldetox1.png","width":1000,"height":1500},{"@type":"BreadcrumbList","@id":"https:\/\/alter-entorn.com\/fr\/producto\/bio-live-foie-et-vesicule-biliaire\/#breadcrumb","itemListElement":[{"@type":"ListItem","position":1,"name":"Portada","item":"https:\/\/alter-entorn.com\/fr\/"},{"@type":"ListItem","position":2,"name":"Boutique","item":"https:\/\/alter-entorn.com\/tienda\/"},{"@type":"ListItem","position":3,"name":"microbz Detox"}]},{"@type":"WebSite","@id":"https:\/\/alter-entorn.com\/fr\/#website","url":"https:\/\/alter-entorn.com\/fr\/","name":"alter-entorn","description":"Soluciones Microbiol\u00f3gicas probi\u00f3ticos","publisher":{"@id":"https:\/\/alter-entorn.com\/fr\/#organization"},"potentialAction":[{"@type":"SearchAction","target":{"@type":"EntryPoint","urlTemplate":"https:\/\/alter-entorn.com\/fr\/?s={search_term_string}"},"query-input":{"@type":"PropertyValueSpecification","valueRequired":true,"valueName":"search_term_string"}}],"inLanguage":"fr-FR"},{"@type":"Organization","@id":"https:\/\/alter-entorn.com\/fr\/#organization","name":"alter-entorn","url":"https:\/\/alter-entorn.com\/fr\/","logo":{"@type":"ImageObject","inLanguage":"fr-FR","@id":"https:\/\/alter-entorn.com\/fr\/#\/schema\/logo\/image\/","url":"https:\/\/alter-entorn.com\/wp-content\/uploads\/2018\/10\/logo_alter_entorn-sin-texto-1.png","contentUrl":"https:\/\/alter-entorn.com\/wp-content\/uploads\/2018\/10\/logo_alter_entorn-sin-texto-1.png","width":246,"height":68,"caption":"alter-entorn"},"image":{"@id":"https:\/\/alter-entorn.com\/fr\/#\/schema\/logo\/image\/"},"sameAs":["https:\/\/www.facebook.com\/alterentorn\/","https:\/\/x.com\/alterentorn"]}]}},"_links":{"self":[{"href":"https:\/\/alter-entorn.com\/fr\/wp-json\/wp\/v2\/product\/4275","targetHints":{"allow":["GET"]}}],"collection":[{"href":"https:\/\/alter-entorn.com\/fr\/wp-json\/wp\/v2\/product"}],"about":[{"href":"https:\/\/alter-entorn.com\/fr\/wp-json\/wp\/v2\/types\/product"}],"wp:featuredmedia":[{"embeddable":true,"href":"https:\/\/alter-entorn.com\/fr\/wp-json\/wp\/v2\/media\/10298"}],"wp:attachment":[{"href":"https:\/\/alter-entorn.com\/fr\/wp-json\/wp\/v2\/media?parent=4275"}],"wp:term":[{"taxonomy":"product_brand","embeddable":true,"href":"https:\/\/alter-entorn.com\/fr\/wp-json\/wp\/v2\/product_brand?post=4275"},{"taxonomy":"product_cat","embeddable":true,"href":"https:\/\/alter-entorn.com\/fr\/wp-json\/wp\/v2\/product_cat?post=4275"},{"taxonomy":"product_tag","embeddable":true,"href":"https:\/\/alter-entorn.com\/fr\/wp-json\/wp\/v2\/product_tag?post=4275"}],"curies":[{"name":"wp","href":"https:\/\/api.w.org\/{rel}","templated":true}]}}