{"id":4276,"date":"2017-08-21T16:52:24","date_gmt":"2017-08-21T14:52:24","guid":{"rendered":"http:\/\/alter-entorn.com?product=bio-live-echinasia-echinacee"},"modified":"2026-01-08T13:33:16","modified_gmt":"2026-01-08T11:33:16","slug":"bio-live-echinacee","status":"publish","type":"product","link":"https:\/\/alter-entorn.com\/fr\/producto\/bio-live-echinacee\/","title":{"rendered":"microbz Immunity"},"content":{"rendered":"<p>C&rsquo;est une boisson ferment\u00e9e et faite exclusivement avec des ingr\u00e9dients naturels. Il contient de l&rsquo;\u00e9chinac\u00e9e et d&rsquo;autres herbes qui maintiennent le syst\u00e8me immunitaire en bonne sant\u00e9 et pr\u00e9viennent de nombreuses maladies courantes telles que le rhume. Cela aide \u00e0 les surmonter plus rapidement. Il augmente le nombre de cellules et de globes blancs, ainsi que d&rsquo;autres produits chimiques naturels essentiels pr\u00e9sents dans notre sang, en plus d&rsquo;\u00eatre un puissant antioxydant.<\/p>\n<p>Cette boisson est con\u00e7ue pour stimuler naturellement le syst\u00e8me immunitaire. Elle sera donc d&rsquo;une grande aide si vous souffrez d&rsquo;une maladie chronique ou immunosuppressive chronique. Il peut \u00e9galement aider \u00e0 r\u00e9cup\u00e9rer des effets secondaires des antibiotiques.<\/p>\n<p>Il combine 14 familles de micro-organismes b\u00e9n\u00e9fiques soigneusement s\u00e9lectionn\u00e9s avec plus de 50 jus naturels, min\u00e9raux et herbes.\u00a0Convient aux r\u00e9gimes v\u00e9g\u00e9tariens et v\u00e9g\u00e9taliens.<\/p>\n<p>Ceci est un compl\u00e9ment alimentaire et non un produit m\u00e9dical. Les effets ne sont pas garantis et les r\u00e9sultats peuvent varier.<\/p>\n","protected":false},"excerpt":{"rendered":"<p><strong>VEGAN<\/strong><\/p>\n<p><span lang=\"FR\">Boisson ferment\u00e9e \u00e9labor\u00e9 \u00e0 partir d&rsquo;\u00e9chinac\u00e9e et d&rsquo;autres herbes qui renforcent le syst\u00e8me immunitaire.<\/span><\/p>\n","protected":false},"featured_media":10306,"template":"","meta":{"_joinchat":[]},"product_brand":[],"product_cat":[115,120],"product_tag":[891,892,893,894,895,896,897,898,899,900],"class_list":{"0":"post-4276","1":"product","2":"type-product","3":"status-publish","4":"has-post-thumbnail","6":"product_cat-sante-et-bien-etre","7":"product_cat-supplements-probiotiques","8":"product_tag-supplements-probiotiques-liquides","9":"product_tag-produits-avec-echinacee","10":"product_tag-renforcer-le-systeme-immunitaire","11":"product_tag-prevenir-le-virus","12":"product_tag-ameliorer-les-defenses","13":"product_tag-probiotiques-naturels","14":"product_tag-remedes-contre-le-rhume-naturel","15":"product_tag-bio-live-fr","16":"product_tag-biolive-fr","17":"product_tag-microbz-fr","19":"first","20":"instock","21":"taxable","22":"shipping-taxable","23":"purchasable","24":"product-type-variable"},"yoast_head":"<!-- This site is optimized with the Yoast SEO plugin v27.4 - https:\/\/yoast.com\/product\/yoast-seo-wordpress\/ -->\n<title>microbz Immunity - Boisson ferment\u00e9e avec \u00e9cchinac\u00e9e<\/title>\n<meta name=\"description\" content=\"Boisson ferment\u00e9e avec \u00e9chinac\u00e9e et autres herbes qui renforcent le syst\u00e8me immunitaire en augmentant le nombre de cellules\" \/>\n<meta name=\"robots\" content=\"index, follow, max-snippet:-1, max-image-preview:large, max-video-preview:-1\" \/>\n<link rel=\"canonical\" href=\"https:\/\/alter-entorn.com\/fr\/producto\/bio-live-echinacee\/\" \/>\n<meta property=\"og:locale\" content=\"fr_FR\" \/>\n<meta property=\"og:type\" content=\"article\" \/>\n<meta property=\"og:title\" content=\"microbz Immunity - Boisson ferment\u00e9e avec \u00e9cchinac\u00e9e\" \/>\n<meta property=\"og:description\" content=\"Boisson ferment\u00e9e avec \u00e9chinac\u00e9e et autres herbes qui renforcent le syst\u00e8me immunitaire en augmentant le nombre de cellules\" \/>\n<meta property=\"og:url\" content=\"https:\/\/alter-entorn.com\/fr\/producto\/bio-live-echinacee\/\" \/>\n<meta property=\"og:site_name\" content=\"alter-entorn\" \/>\n<meta property=\"article:publisher\" content=\"https:\/\/www.facebook.com\/alterentorn\/\" \/>\n<meta property=\"article:modified_time\" content=\"2026-01-08T11:33:16+00:00\" \/>\n<meta property=\"og:image\" content=\"https:\/\/alter-entorn.com\/wp-content\/uploads\/2017\/08\/blimmunity1.png\" \/>\n\t<meta property=\"og:image:width\" content=\"1000\" \/>\n\t<meta property=\"og:image:height\" content=\"1500\" \/>\n\t<meta property=\"og:image:type\" content=\"image\/png\" \/>\n<meta name=\"twitter:card\" content=\"summary_large_image\" \/>\n<meta name=\"twitter:site\" content=\"@alterentorn\" \/>\n<meta name=\"twitter:label1\" content=\"Dur\u00e9e de lecture estim\u00e9e\" \/>\n\t<meta name=\"twitter:data1\" content=\"1 minute\" \/>\n<script type=\"application\/ld+json\" class=\"yoast-schema-graph\">{\"@context\":\"https:\\\/\\\/schema.org\",\"@graph\":[{\"@type\":\"WebPage\",\"@id\":\"https:\\\/\\\/alter-entorn.com\\\/fr\\\/producto\\\/bio-live-echinacee\\\/\",\"url\":\"https:\\\/\\\/alter-entorn.com\\\/fr\\\/producto\\\/bio-live-echinacee\\\/\",\"name\":\"microbz Immunity - Boisson ferment\u00e9e avec \u00e9cchinac\u00e9e\",\"isPartOf\":{\"@id\":\"https:\\\/\\\/alter-entorn.com\\\/fr\\\/#website\"},\"primaryImageOfPage\":{\"@id\":\"https:\\\/\\\/alter-entorn.com\\\/fr\\\/producto\\\/bio-live-echinacee\\\/#primaryimage\"},\"image\":{\"@id\":\"https:\\\/\\\/alter-entorn.com\\\/fr\\\/producto\\\/bio-live-echinacee\\\/#primaryimage\"},\"thumbnailUrl\":\"https:\\\/\\\/alter-entorn.com\\\/wp-content\\\/uploads\\\/2017\\\/08\\\/blimmunity1.png\",\"datePublished\":\"2017-08-21T14:52:24+00:00\",\"dateModified\":\"2026-01-08T11:33:16+00:00\",\"description\":\"Boisson ferment\u00e9e avec \u00e9chinac\u00e9e et autres herbes qui renforcent le syst\u00e8me immunitaire en augmentant le nombre de cellules\",\"breadcrumb\":{\"@id\":\"https:\\\/\\\/alter-entorn.com\\\/fr\\\/producto\\\/bio-live-echinacee\\\/#breadcrumb\"},\"inLanguage\":\"fr-FR\",\"potentialAction\":[{\"@type\":\"ReadAction\",\"target\":[\"https:\\\/\\\/alter-entorn.com\\\/fr\\\/producto\\\/bio-live-echinacee\\\/\"]}]},{\"@type\":\"ImageObject\",\"inLanguage\":\"fr-FR\",\"@id\":\"https:\\\/\\\/alter-entorn.com\\\/fr\\\/producto\\\/bio-live-echinacee\\\/#primaryimage\",\"url\":\"https:\\\/\\\/alter-entorn.com\\\/wp-content\\\/uploads\\\/2017\\\/08\\\/blimmunity1.png\",\"contentUrl\":\"https:\\\/\\\/alter-entorn.com\\\/wp-content\\\/uploads\\\/2017\\\/08\\\/blimmunity1.png\",\"width\":1000,\"height\":1500},{\"@type\":\"BreadcrumbList\",\"@id\":\"https:\\\/\\\/alter-entorn.com\\\/fr\\\/producto\\\/bio-live-echinacee\\\/#breadcrumb\",\"itemListElement\":[{\"@type\":\"ListItem\",\"position\":1,\"name\":\"Portada\",\"item\":\"https:\\\/\\\/alter-entorn.com\\\/fr\\\/\"},{\"@type\":\"ListItem\",\"position\":2,\"name\":\"Boutique\",\"item\":\"https:\\\/\\\/alter-entorn.com\\\/tienda\\\/\"},{\"@type\":\"ListItem\",\"position\":3,\"name\":\"microbz Immunity\"}]},{\"@type\":\"WebSite\",\"@id\":\"https:\\\/\\\/alter-entorn.com\\\/fr\\\/#website\",\"url\":\"https:\\\/\\\/alter-entorn.com\\\/fr\\\/\",\"name\":\"alter-entorn\",\"description\":\"Soluciones Microbiol\u00f3gicas probi\u00f3ticos\",\"publisher\":{\"@id\":\"https:\\\/\\\/alter-entorn.com\\\/fr\\\/#organization\"},\"potentialAction\":[{\"@type\":\"SearchAction\",\"target\":{\"@type\":\"EntryPoint\",\"urlTemplate\":\"https:\\\/\\\/alter-entorn.com\\\/fr\\\/?s={search_term_string}\"},\"query-input\":{\"@type\":\"PropertyValueSpecification\",\"valueRequired\":true,\"valueName\":\"search_term_string\"}}],\"inLanguage\":\"fr-FR\"},{\"@type\":\"Organization\",\"@id\":\"https:\\\/\\\/alter-entorn.com\\\/fr\\\/#organization\",\"name\":\"alter-entorn\",\"url\":\"https:\\\/\\\/alter-entorn.com\\\/fr\\\/\",\"logo\":{\"@type\":\"ImageObject\",\"inLanguage\":\"fr-FR\",\"@id\":\"https:\\\/\\\/alter-entorn.com\\\/fr\\\/#\\\/schema\\\/logo\\\/image\\\/\",\"url\":\"https:\\\/\\\/alter-entorn.com\\\/wp-content\\\/uploads\\\/2018\\\/10\\\/logo_alter_entorn-sin-texto-1.png\",\"contentUrl\":\"https:\\\/\\\/alter-entorn.com\\\/wp-content\\\/uploads\\\/2018\\\/10\\\/logo_alter_entorn-sin-texto-1.png\",\"width\":246,\"height\":68,\"caption\":\"alter-entorn\"},\"image\":{\"@id\":\"https:\\\/\\\/alter-entorn.com\\\/fr\\\/#\\\/schema\\\/logo\\\/image\\\/\"},\"sameAs\":[\"https:\\\/\\\/www.facebook.com\\\/alterentorn\\\/\",\"https:\\\/\\\/x.com\\\/alterentorn\"]}]}<\/script>\n<!-- \/ Yoast SEO plugin. -->","yoast_head_json":{"title":"microbz Immunity - Boisson ferment\u00e9e avec \u00e9cchinac\u00e9e","description":"Boisson ferment\u00e9e avec \u00e9chinac\u00e9e et autres herbes qui renforcent le syst\u00e8me immunitaire en augmentant le nombre de cellules","robots":{"index":"index","follow":"follow","max-snippet":"max-snippet:-1","max-image-preview":"max-image-preview:large","max-video-preview":"max-video-preview:-1"},"canonical":"https:\/\/alter-entorn.com\/fr\/producto\/bio-live-echinacee\/","og_locale":"fr_FR","og_type":"article","og_title":"microbz Immunity - Boisson ferment\u00e9e avec \u00e9cchinac\u00e9e","og_description":"Boisson ferment\u00e9e avec \u00e9chinac\u00e9e et autres herbes qui renforcent le syst\u00e8me immunitaire en augmentant le nombre de cellules","og_url":"https:\/\/alter-entorn.com\/fr\/producto\/bio-live-echinacee\/","og_site_name":"alter-entorn","article_publisher":"https:\/\/www.facebook.com\/alterentorn\/","article_modified_time":"2026-01-08T11:33:16+00:00","og_image":[{"width":1000,"height":1500,"url":"https:\/\/alter-entorn.com\/wp-content\/uploads\/2017\/08\/blimmunity1.png","type":"image\/png"}],"twitter_card":"summary_large_image","twitter_site":"@alterentorn","twitter_misc":{"Dur\u00e9e de lecture estim\u00e9e":"1 minute"},"schema":{"@context":"https:\/\/schema.org","@graph":[{"@type":"WebPage","@id":"https:\/\/alter-entorn.com\/fr\/producto\/bio-live-echinacee\/","url":"https:\/\/alter-entorn.com\/fr\/producto\/bio-live-echinacee\/","name":"microbz Immunity - Boisson ferment\u00e9e avec \u00e9cchinac\u00e9e","isPartOf":{"@id":"https:\/\/alter-entorn.com\/fr\/#website"},"primaryImageOfPage":{"@id":"https:\/\/alter-entorn.com\/fr\/producto\/bio-live-echinacee\/#primaryimage"},"image":{"@id":"https:\/\/alter-entorn.com\/fr\/producto\/bio-live-echinacee\/#primaryimage"},"thumbnailUrl":"https:\/\/alter-entorn.com\/wp-content\/uploads\/2017\/08\/blimmunity1.png","datePublished":"2017-08-21T14:52:24+00:00","dateModified":"2026-01-08T11:33:16+00:00","description":"Boisson ferment\u00e9e avec \u00e9chinac\u00e9e et autres herbes qui renforcent le syst\u00e8me immunitaire en augmentant le nombre de cellules","breadcrumb":{"@id":"https:\/\/alter-entorn.com\/fr\/producto\/bio-live-echinacee\/#breadcrumb"},"inLanguage":"fr-FR","potentialAction":[{"@type":"ReadAction","target":["https:\/\/alter-entorn.com\/fr\/producto\/bio-live-echinacee\/"]}]},{"@type":"ImageObject","inLanguage":"fr-FR","@id":"https:\/\/alter-entorn.com\/fr\/producto\/bio-live-echinacee\/#primaryimage","url":"https:\/\/alter-entorn.com\/wp-content\/uploads\/2017\/08\/blimmunity1.png","contentUrl":"https:\/\/alter-entorn.com\/wp-content\/uploads\/2017\/08\/blimmunity1.png","width":1000,"height":1500},{"@type":"BreadcrumbList","@id":"https:\/\/alter-entorn.com\/fr\/producto\/bio-live-echinacee\/#breadcrumb","itemListElement":[{"@type":"ListItem","position":1,"name":"Portada","item":"https:\/\/alter-entorn.com\/fr\/"},{"@type":"ListItem","position":2,"name":"Boutique","item":"https:\/\/alter-entorn.com\/tienda\/"},{"@type":"ListItem","position":3,"name":"microbz Immunity"}]},{"@type":"WebSite","@id":"https:\/\/alter-entorn.com\/fr\/#website","url":"https:\/\/alter-entorn.com\/fr\/","name":"alter-entorn","description":"Soluciones Microbiol\u00f3gicas probi\u00f3ticos","publisher":{"@id":"https:\/\/alter-entorn.com\/fr\/#organization"},"potentialAction":[{"@type":"SearchAction","target":{"@type":"EntryPoint","urlTemplate":"https:\/\/alter-entorn.com\/fr\/?s={search_term_string}"},"query-input":{"@type":"PropertyValueSpecification","valueRequired":true,"valueName":"search_term_string"}}],"inLanguage":"fr-FR"},{"@type":"Organization","@id":"https:\/\/alter-entorn.com\/fr\/#organization","name":"alter-entorn","url":"https:\/\/alter-entorn.com\/fr\/","logo":{"@type":"ImageObject","inLanguage":"fr-FR","@id":"https:\/\/alter-entorn.com\/fr\/#\/schema\/logo\/image\/","url":"https:\/\/alter-entorn.com\/wp-content\/uploads\/2018\/10\/logo_alter_entorn-sin-texto-1.png","contentUrl":"https:\/\/alter-entorn.com\/wp-content\/uploads\/2018\/10\/logo_alter_entorn-sin-texto-1.png","width":246,"height":68,"caption":"alter-entorn"},"image":{"@id":"https:\/\/alter-entorn.com\/fr\/#\/schema\/logo\/image\/"},"sameAs":["https:\/\/www.facebook.com\/alterentorn\/","https:\/\/x.com\/alterentorn"]}]}},"_links":{"self":[{"href":"https:\/\/alter-entorn.com\/fr\/wp-json\/wp\/v2\/product\/4276","targetHints":{"allow":["GET"]}}],"collection":[{"href":"https:\/\/alter-entorn.com\/fr\/wp-json\/wp\/v2\/product"}],"about":[{"href":"https:\/\/alter-entorn.com\/fr\/wp-json\/wp\/v2\/types\/product"}],"wp:featuredmedia":[{"embeddable":true,"href":"https:\/\/alter-entorn.com\/fr\/wp-json\/wp\/v2\/media\/10306"}],"wp:attachment":[{"href":"https:\/\/alter-entorn.com\/fr\/wp-json\/wp\/v2\/media?parent=4276"}],"wp:term":[{"taxonomy":"product_brand","embeddable":true,"href":"https:\/\/alter-entorn.com\/fr\/wp-json\/wp\/v2\/product_brand?post=4276"},{"taxonomy":"product_cat","embeddable":true,"href":"https:\/\/alter-entorn.com\/fr\/wp-json\/wp\/v2\/product_cat?post=4276"},{"taxonomy":"product_tag","embeddable":true,"href":"https:\/\/alter-entorn.com\/fr\/wp-json\/wp\/v2\/product_tag?post=4276"}],"curies":[{"name":"wp","href":"https:\/\/api.w.org\/{rel}","templated":true}]}}