{"id":4281,"date":"2017-08-21T16:50:27","date_gmt":"2017-10-09T15:56:07","guid":{"rendered":"http:\/\/alter-entorn.com?post_type=product&#038;p=4281"},"modified":"2025-02-13T02:06:46","modified_gmt":"2025-02-13T00:06:46","slug":"compose-eco-2m-22l","status":"publish","type":"product","link":"https:\/\/alter-entorn.com\/fr\/producto\/compose-eco-2m-22l\/","title":{"rendered":"Compuesto ECO 3M 22L"},"content":{"rendered":"<p>Compost \u00e9cologique 3M, mati\u00e8re organique compost\u00e9e, micro-organismes et min\u00e9raux. La fertilisation avec de la mati\u00e8re organique bien compost\u00e9e, contrairement \u00e0 l&rsquo;apport de d\u00e9chets organiques non compost\u00e9s, comme le fumier frais, permet l&rsquo;apport de mati\u00e8re organique stabilis\u00e9e sous forme d&rsquo;humus au sol, la lib\u00e9ration progressive de ses nutriments et l&rsquo;utilisation d&rsquo;un produit exempt d&rsquo;agents pathog\u00e8nes et de graines de gramin\u00e9es adventives. \u00a0Un apport r\u00e9gulier de compost 3M r\u00e9cup\u00e8re la flore microbienne native et la structure du sol. Il fournit des nutriments et facilite leur absorption par les plantes, augmentant ainsi la production et la croissance des cultures. R\u00e9duit le stress hydrique, \u00e9limine les produits chimiques pathog\u00e8nes r\u00e9siduels et les champignons. Favorise la restauration des sols improductifs. \u00a0Ses r\u00e9sultats commencent \u00e0 \u00eatre per\u00e7us d\u00e8s la premi\u00e8re ann\u00e9e, et prennent toute leur ampleur d\u00e8s la troisi\u00e8me ann\u00e9e.<\/p>\n","protected":false},"excerpt":{"rendered":"<p>Compos\u00e9 de mati\u00e8re organique, de micro-organismes de composition vari\u00e9e et de min\u00e9raux, il am\u00e9liore la structure du sol, apporte et am\u00e9liore l&rsquo;absorption des nutriments pour les plantes.<\/p>\n","protected":false},"featured_media":8721,"template":"","meta":{"_joinchat":[]},"product_brand":[],"product_cat":[3218,129],"product_tag":[1338,1340,1344,1349,1400,1412,1415,1419,1479,1517,3219],"class_list":{"0":"post-4281","1":"product","2":"type-product","3":"status-publish","4":"has-post-thumbnail","6":"product_cat-compostage-potager-et-jardin","7":"product_cat-jardin_","8":"product_tag-engrais-ecologique","9":"product_tag-engrais-naturel","10":"product_tag-plantes-dengrais-naturels","11":"product_tag-agriculture-ecologique","12":"product_tag-compose-ecologique","13":"product_tag-compost-microbiotique","14":"product_tag-compost-naturel","15":"product_tag-compost-organique-fr","16":"product_tag-jardinage-ecologique","17":"product_tag-produits-ecologiques","18":"product_tag-agriculture-regeneratrice","20":"first","21":"instock","22":"taxable","23":"shipping-taxable","24":"purchasable","25":"product-type-simple"},"yoast_head":"<!-- This site is optimized with the Yoast SEO plugin v27.4 - https:\/\/yoast.com\/product\/yoast-seo-wordpress\/ -->\n<title>Compuesto ECO 3M 22L - alter-entorn<\/title>\n<meta name=\"description\" content=\"Compos\u00e9e a partir de mati\u00e8re org\u00e1nique, mineraux et microorganismes. R\u00e9g\u00e9n\u00e8re la microbiologie i structure du sol. Am\u00e9liore l&#039;absortion de nutriments.\" \/>\n<meta name=\"robots\" content=\"index, follow, max-snippet:-1, max-image-preview:large, max-video-preview:-1\" \/>\n<link rel=\"canonical\" href=\"https:\/\/alter-entorn.com\/fr\/producto\/compose-eco-2m-22l\/\" \/>\n<meta property=\"og:locale\" content=\"fr_FR\" \/>\n<meta property=\"og:type\" content=\"article\" \/>\n<meta property=\"og:title\" content=\"Compuesto ECO 3M 22L - alter-entorn\" \/>\n<meta property=\"og:description\" content=\"Compos\u00e9e a partir de mati\u00e8re org\u00e1nique, mineraux et microorganismes. R\u00e9g\u00e9n\u00e8re la microbiologie i structure du sol. Am\u00e9liore l&#039;absortion de nutriments.\" \/>\n<meta property=\"og:url\" content=\"https:\/\/alter-entorn.com\/fr\/producto\/compose-eco-2m-22l\/\" \/>\n<meta property=\"og:site_name\" content=\"alter-entorn\" \/>\n<meta property=\"article:publisher\" content=\"https:\/\/www.facebook.com\/alterentorn\/\" \/>\n<meta property=\"article:modified_time\" content=\"2025-02-13T00:06:46+00:00\" \/>\n<meta property=\"og:image\" content=\"https:\/\/alter-entorn.com\/wp-content\/uploads\/2022\/03\/compost3m-1024x768.jpg\" \/>\n\t<meta property=\"og:image:width\" content=\"1024\" \/>\n\t<meta property=\"og:image:height\" content=\"768\" \/>\n\t<meta property=\"og:image:type\" content=\"image\/jpeg\" \/>\n<meta name=\"twitter:card\" content=\"summary_large_image\" \/>\n<meta name=\"twitter:site\" content=\"@alterentorn\" \/>\n<meta name=\"twitter:label1\" content=\"Dur\u00e9e de lecture estim\u00e9e\" \/>\n\t<meta name=\"twitter:data1\" content=\"1 minute\" \/>\n<script type=\"application\/ld+json\" class=\"yoast-schema-graph\">{\"@context\":\"https:\\\/\\\/schema.org\",\"@graph\":[{\"@type\":\"WebPage\",\"@id\":\"https:\\\/\\\/alter-entorn.com\\\/fr\\\/producto\\\/compose-eco-2m-22l\\\/\",\"url\":\"https:\\\/\\\/alter-entorn.com\\\/fr\\\/producto\\\/compose-eco-2m-22l\\\/\",\"name\":\"Compuesto ECO 3M 22L - alter-entorn\",\"isPartOf\":{\"@id\":\"https:\\\/\\\/alter-entorn.com\\\/fr\\\/#website\"},\"primaryImageOfPage\":{\"@id\":\"https:\\\/\\\/alter-entorn.com\\\/fr\\\/producto\\\/compose-eco-2m-22l\\\/#primaryimage\"},\"image\":{\"@id\":\"https:\\\/\\\/alter-entorn.com\\\/fr\\\/producto\\\/compose-eco-2m-22l\\\/#primaryimage\"},\"thumbnailUrl\":\"https:\\\/\\\/alter-entorn.com\\\/wp-content\\\/uploads\\\/2022\\\/03\\\/compost3m.jpg\",\"datePublished\":\"2017-10-09T15:56:07+00:00\",\"dateModified\":\"2025-02-13T00:06:46+00:00\",\"description\":\"Compos\u00e9e a partir de mati\u00e8re org\u00e1nique, mineraux et microorganismes. R\u00e9g\u00e9n\u00e8re la microbiologie i structure du sol. Am\u00e9liore l'absortion de nutriments.\",\"breadcrumb\":{\"@id\":\"https:\\\/\\\/alter-entorn.com\\\/fr\\\/producto\\\/compose-eco-2m-22l\\\/#breadcrumb\"},\"inLanguage\":\"fr-FR\",\"potentialAction\":[{\"@type\":\"ReadAction\",\"target\":[\"https:\\\/\\\/alter-entorn.com\\\/fr\\\/producto\\\/compose-eco-2m-22l\\\/\"]}]},{\"@type\":\"ImageObject\",\"inLanguage\":\"fr-FR\",\"@id\":\"https:\\\/\\\/alter-entorn.com\\\/fr\\\/producto\\\/compose-eco-2m-22l\\\/#primaryimage\",\"url\":\"https:\\\/\\\/alter-entorn.com\\\/wp-content\\\/uploads\\\/2022\\\/03\\\/compost3m.jpg\",\"contentUrl\":\"https:\\\/\\\/alter-entorn.com\\\/wp-content\\\/uploads\\\/2022\\\/03\\\/compost3m.jpg\",\"width\":2560,\"height\":1920,\"caption\":\"Compost 3M.Un apport de mati\u00e8re organique Microorganismes et Min\u00e9raux.\"},{\"@type\":\"BreadcrumbList\",\"@id\":\"https:\\\/\\\/alter-entorn.com\\\/fr\\\/producto\\\/compose-eco-2m-22l\\\/#breadcrumb\",\"itemListElement\":[{\"@type\":\"ListItem\",\"position\":1,\"name\":\"Portada\",\"item\":\"https:\\\/\\\/alter-entorn.com\\\/fr\\\/\"},{\"@type\":\"ListItem\",\"position\":2,\"name\":\"Boutique\",\"item\":\"https:\\\/\\\/alter-entorn.com\\\/tienda\\\/\"},{\"@type\":\"ListItem\",\"position\":3,\"name\":\"Compuesto ECO 3M 22L\"}]},{\"@type\":\"WebSite\",\"@id\":\"https:\\\/\\\/alter-entorn.com\\\/fr\\\/#website\",\"url\":\"https:\\\/\\\/alter-entorn.com\\\/fr\\\/\",\"name\":\"alter-entorn\",\"description\":\"Soluciones Microbiol\u00f3gicas probi\u00f3ticos\",\"publisher\":{\"@id\":\"https:\\\/\\\/alter-entorn.com\\\/fr\\\/#organization\"},\"potentialAction\":[{\"@type\":\"SearchAction\",\"target\":{\"@type\":\"EntryPoint\",\"urlTemplate\":\"https:\\\/\\\/alter-entorn.com\\\/fr\\\/?s={search_term_string}\"},\"query-input\":{\"@type\":\"PropertyValueSpecification\",\"valueRequired\":true,\"valueName\":\"search_term_string\"}}],\"inLanguage\":\"fr-FR\"},{\"@type\":\"Organization\",\"@id\":\"https:\\\/\\\/alter-entorn.com\\\/fr\\\/#organization\",\"name\":\"alter-entorn\",\"url\":\"https:\\\/\\\/alter-entorn.com\\\/fr\\\/\",\"logo\":{\"@type\":\"ImageObject\",\"inLanguage\":\"fr-FR\",\"@id\":\"https:\\\/\\\/alter-entorn.com\\\/fr\\\/#\\\/schema\\\/logo\\\/image\\\/\",\"url\":\"https:\\\/\\\/alter-entorn.com\\\/wp-content\\\/uploads\\\/2018\\\/10\\\/logo_alter_entorn-sin-texto-1.png\",\"contentUrl\":\"https:\\\/\\\/alter-entorn.com\\\/wp-content\\\/uploads\\\/2018\\\/10\\\/logo_alter_entorn-sin-texto-1.png\",\"width\":246,\"height\":68,\"caption\":\"alter-entorn\"},\"image\":{\"@id\":\"https:\\\/\\\/alter-entorn.com\\\/fr\\\/#\\\/schema\\\/logo\\\/image\\\/\"},\"sameAs\":[\"https:\\\/\\\/www.facebook.com\\\/alterentorn\\\/\",\"https:\\\/\\\/x.com\\\/alterentorn\"]}]}<\/script>\n<!-- \/ Yoast SEO plugin. -->","yoast_head_json":{"title":"Compuesto ECO 3M 22L - alter-entorn","description":"Compos\u00e9e a partir de mati\u00e8re org\u00e1nique, mineraux et microorganismes. R\u00e9g\u00e9n\u00e8re la microbiologie i structure du sol. Am\u00e9liore l'absortion de nutriments.","robots":{"index":"index","follow":"follow","max-snippet":"max-snippet:-1","max-image-preview":"max-image-preview:large","max-video-preview":"max-video-preview:-1"},"canonical":"https:\/\/alter-entorn.com\/fr\/producto\/compose-eco-2m-22l\/","og_locale":"fr_FR","og_type":"article","og_title":"Compuesto ECO 3M 22L - alter-entorn","og_description":"Compos\u00e9e a partir de mati\u00e8re org\u00e1nique, mineraux et microorganismes. R\u00e9g\u00e9n\u00e8re la microbiologie i structure du sol. Am\u00e9liore l'absortion de nutriments.","og_url":"https:\/\/alter-entorn.com\/fr\/producto\/compose-eco-2m-22l\/","og_site_name":"alter-entorn","article_publisher":"https:\/\/www.facebook.com\/alterentorn\/","article_modified_time":"2025-02-13T00:06:46+00:00","og_image":[{"width":1024,"height":768,"url":"https:\/\/alter-entorn.com\/wp-content\/uploads\/2022\/03\/compost3m-1024x768.jpg","type":"image\/jpeg"}],"twitter_card":"summary_large_image","twitter_site":"@alterentorn","twitter_misc":{"Dur\u00e9e de lecture estim\u00e9e":"1 minute"},"schema":{"@context":"https:\/\/schema.org","@graph":[{"@type":"WebPage","@id":"https:\/\/alter-entorn.com\/fr\/producto\/compose-eco-2m-22l\/","url":"https:\/\/alter-entorn.com\/fr\/producto\/compose-eco-2m-22l\/","name":"Compuesto ECO 3M 22L - alter-entorn","isPartOf":{"@id":"https:\/\/alter-entorn.com\/fr\/#website"},"primaryImageOfPage":{"@id":"https:\/\/alter-entorn.com\/fr\/producto\/compose-eco-2m-22l\/#primaryimage"},"image":{"@id":"https:\/\/alter-entorn.com\/fr\/producto\/compose-eco-2m-22l\/#primaryimage"},"thumbnailUrl":"https:\/\/alter-entorn.com\/wp-content\/uploads\/2022\/03\/compost3m.jpg","datePublished":"2017-10-09T15:56:07+00:00","dateModified":"2025-02-13T00:06:46+00:00","description":"Compos\u00e9e a partir de mati\u00e8re org\u00e1nique, mineraux et microorganismes. R\u00e9g\u00e9n\u00e8re la microbiologie i structure du sol. Am\u00e9liore l'absortion de nutriments.","breadcrumb":{"@id":"https:\/\/alter-entorn.com\/fr\/producto\/compose-eco-2m-22l\/#breadcrumb"},"inLanguage":"fr-FR","potentialAction":[{"@type":"ReadAction","target":["https:\/\/alter-entorn.com\/fr\/producto\/compose-eco-2m-22l\/"]}]},{"@type":"ImageObject","inLanguage":"fr-FR","@id":"https:\/\/alter-entorn.com\/fr\/producto\/compose-eco-2m-22l\/#primaryimage","url":"https:\/\/alter-entorn.com\/wp-content\/uploads\/2022\/03\/compost3m.jpg","contentUrl":"https:\/\/alter-entorn.com\/wp-content\/uploads\/2022\/03\/compost3m.jpg","width":2560,"height":1920,"caption":"Compost 3M.Un apport de mati\u00e8re organique Microorganismes et Min\u00e9raux."},{"@type":"BreadcrumbList","@id":"https:\/\/alter-entorn.com\/fr\/producto\/compose-eco-2m-22l\/#breadcrumb","itemListElement":[{"@type":"ListItem","position":1,"name":"Portada","item":"https:\/\/alter-entorn.com\/fr\/"},{"@type":"ListItem","position":2,"name":"Boutique","item":"https:\/\/alter-entorn.com\/tienda\/"},{"@type":"ListItem","position":3,"name":"Compuesto ECO 3M 22L"}]},{"@type":"WebSite","@id":"https:\/\/alter-entorn.com\/fr\/#website","url":"https:\/\/alter-entorn.com\/fr\/","name":"alter-entorn","description":"Soluciones Microbiol\u00f3gicas probi\u00f3ticos","publisher":{"@id":"https:\/\/alter-entorn.com\/fr\/#organization"},"potentialAction":[{"@type":"SearchAction","target":{"@type":"EntryPoint","urlTemplate":"https:\/\/alter-entorn.com\/fr\/?s={search_term_string}"},"query-input":{"@type":"PropertyValueSpecification","valueRequired":true,"valueName":"search_term_string"}}],"inLanguage":"fr-FR"},{"@type":"Organization","@id":"https:\/\/alter-entorn.com\/fr\/#organization","name":"alter-entorn","url":"https:\/\/alter-entorn.com\/fr\/","logo":{"@type":"ImageObject","inLanguage":"fr-FR","@id":"https:\/\/alter-entorn.com\/fr\/#\/schema\/logo\/image\/","url":"https:\/\/alter-entorn.com\/wp-content\/uploads\/2018\/10\/logo_alter_entorn-sin-texto-1.png","contentUrl":"https:\/\/alter-entorn.com\/wp-content\/uploads\/2018\/10\/logo_alter_entorn-sin-texto-1.png","width":246,"height":68,"caption":"alter-entorn"},"image":{"@id":"https:\/\/alter-entorn.com\/fr\/#\/schema\/logo\/image\/"},"sameAs":["https:\/\/www.facebook.com\/alterentorn\/","https:\/\/x.com\/alterentorn"]}]}},"_links":{"self":[{"href":"https:\/\/alter-entorn.com\/fr\/wp-json\/wp\/v2\/product\/4281","targetHints":{"allow":["GET"]}}],"collection":[{"href":"https:\/\/alter-entorn.com\/fr\/wp-json\/wp\/v2\/product"}],"about":[{"href":"https:\/\/alter-entorn.com\/fr\/wp-json\/wp\/v2\/types\/product"}],"wp:featuredmedia":[{"embeddable":true,"href":"https:\/\/alter-entorn.com\/fr\/wp-json\/wp\/v2\/media\/8721"}],"wp:attachment":[{"href":"https:\/\/alter-entorn.com\/fr\/wp-json\/wp\/v2\/media?parent=4281"}],"wp:term":[{"taxonomy":"product_brand","embeddable":true,"href":"https:\/\/alter-entorn.com\/fr\/wp-json\/wp\/v2\/product_brand?post=4281"},{"taxonomy":"product_cat","embeddable":true,"href":"https:\/\/alter-entorn.com\/fr\/wp-json\/wp\/v2\/product_cat?post=4281"},{"taxonomy":"product_tag","embeddable":true,"href":"https:\/\/alter-entorn.com\/fr\/wp-json\/wp\/v2\/product_tag?post=4281"}],"curies":[{"name":"wp","href":"https:\/\/api.w.org\/{rel}","templated":true}]}}