{"id":4284,"date":"2017-08-21T16:35:35","date_gmt":"2017-08-21T14:35:35","guid":{"rendered":"http:\/\/alter-entorn.com?product=ceramique-em-grise"},"modified":"2019-11-12T13:46:54","modified_gmt":"2019-11-12T12:46:54","slug":"ceramique-em-grise","status":"publish","type":"product","link":"https:\/\/alter-entorn.com\/fr\/producto\/ceramique-em-grise\/","title":{"rendered":"C\u00e9ramique EM Grise (500g)"},"content":{"rendered":"<p>Il est fabriqu\u00e9 en fermentant de l&rsquo;argile riche en microorganismes pendant plusieurs mois, puis cuit. Cela a un impact positif sur l&rsquo;eau que nous ing\u00e9rons, ainsi que sur celle que nous utilisons pour arroser les plantes. Il a un effet optimal lorsqu&rsquo;il est associ\u00e9 aux nettoyants eMC\u00ae pour la maintenance des canalisations.<\/p>\n<p>La c\u00e9ramique grise EM active les substances de l\u2019eau qui sont perdues lorsqu\u2019elles stagnent pendant un certain temps, comme dans un vase ou une bouteille, ou dans une piscine ou un radeau. Il convient au compost apr\u00e8s utilisation.<\/p>\n","protected":false},"excerpt":{"rendered":"<p>Elle am\u00e9liore la qualit\u00e9 de l&rsquo;eau en diminuant la chaux et la tension superficielle tout en augmentant la douceur et la fra\u00eecheur. Elles sont id\u00e9ales pour l&rsquo;eau de consommation, d&rsquo;arrosage, d&rsquo;entretien d&rsquo;\u00e9tangs, de piscines et de tuyauteries.<\/p>\n","protected":false},"featured_media":3872,"template":"","meta":{"_joinchat":[]},"product_brand":[],"product_cat":[3218,115,128,129],"product_tag":[927,933,932,931,930,929,928,926,925,924,923],"class_list":{"0":"post-4284","1":"product","2":"type-product","3":"status-publish","4":"has-post-thumbnail","6":"product_cat-compostage-potager-et-jardin","7":"product_cat-sante-et-bien-etre","8":"product_cat-animaux-domestiques","9":"product_cat-jardin_","10":"product_tag-piscines-de-produits-naturels","11":"product_tag-entretien-de-leau","12":"product_tag-purification-de-leau","13":"product_tag-purifier-leau","14":"product_tag-eau-saine","15":"product_tag-qualite-deau-stagnante","16":"product_tag-conserver-les-piscines-deau","17":"product_tag-reduire-le-chlore-naturellement","18":"product_tag-radeaux-de-maintenance","19":"product_tag-entretien-de-bassin","20":"product_tag-piscines-deau-dentretien","22":"first","23":"instock","24":"taxable","25":"shipping-taxable","26":"purchasable","27":"product-type-simple"},"yoast_head":"<!-- This site is optimized with the Yoast SEO plugin v27.4 - https:\/\/yoast.com\/product\/yoast-seo-wordpress\/ -->\n<title>C\u00e9ramiques grises pour am\u00e9liorer la qualit\u00e9 de l&#039;eau<\/title>\n<meta name=\"description\" content=\"Am\u00e9liore la qualit\u00e9 de l&#039;eau stagnante en r\u00e9duisant la chaux et la tension superficielle. Convient pour l&#039;eau potable, l&#039;irrigation, l&#039;entretien de la piscine...\" \/>\n<meta name=\"robots\" content=\"index, follow, max-snippet:-1, max-image-preview:large, max-video-preview:-1\" \/>\n<link rel=\"canonical\" href=\"https:\/\/alter-entorn.com\/fr\/producto\/ceramique-em-grise\/\" \/>\n<meta property=\"og:locale\" content=\"fr_FR\" \/>\n<meta property=\"og:type\" content=\"article\" \/>\n<meta property=\"og:title\" content=\"C\u00e9ramiques grises pour am\u00e9liorer la qualit\u00e9 de l&#039;eau\" \/>\n<meta property=\"og:description\" content=\"Am\u00e9liore la qualit\u00e9 de l&#039;eau stagnante en r\u00e9duisant la chaux et la tension superficielle. Convient pour l&#039;eau potable, l&#039;irrigation, l&#039;entretien de la piscine...\" \/>\n<meta property=\"og:url\" content=\"https:\/\/alter-entorn.com\/fr\/producto\/ceramique-em-grise\/\" \/>\n<meta property=\"og:site_name\" content=\"alter-entorn\" \/>\n<meta property=\"article:publisher\" content=\"https:\/\/www.facebook.com\/alterentorn\/\" \/>\n<meta property=\"article:modified_time\" content=\"2019-11-12T12:46:54+00:00\" \/>\n<meta property=\"og:image\" content=\"https:\/\/alter-entorn.com\/wp-content\/uploads\/2017\/08\/ceramica-gris-1.png\" \/>\n\t<meta property=\"og:image:width\" content=\"432\" \/>\n\t<meta property=\"og:image:height\" content=\"536\" \/>\n\t<meta property=\"og:image:type\" content=\"image\/png\" \/>\n<meta name=\"twitter:card\" content=\"summary_large_image\" \/>\n<meta name=\"twitter:site\" content=\"@alterentorn\" \/>\n<script type=\"application\/ld+json\" class=\"yoast-schema-graph\">{\"@context\":\"https:\\\/\\\/schema.org\",\"@graph\":[{\"@type\":\"WebPage\",\"@id\":\"https:\\\/\\\/alter-entorn.com\\\/fr\\\/producto\\\/ceramique-em-grise\\\/\",\"url\":\"https:\\\/\\\/alter-entorn.com\\\/fr\\\/producto\\\/ceramique-em-grise\\\/\",\"name\":\"C\u00e9ramiques grises pour am\u00e9liorer la qualit\u00e9 de l'eau\",\"isPartOf\":{\"@id\":\"https:\\\/\\\/alter-entorn.com\\\/fr\\\/#website\"},\"primaryImageOfPage\":{\"@id\":\"https:\\\/\\\/alter-entorn.com\\\/fr\\\/producto\\\/ceramique-em-grise\\\/#primaryimage\"},\"image\":{\"@id\":\"https:\\\/\\\/alter-entorn.com\\\/fr\\\/producto\\\/ceramique-em-grise\\\/#primaryimage\"},\"thumbnailUrl\":\"https:\\\/\\\/alter-entorn.com\\\/wp-content\\\/uploads\\\/2017\\\/08\\\/ceramica-gris-1.png\",\"datePublished\":\"2017-08-21T14:35:35+00:00\",\"dateModified\":\"2019-11-12T12:46:54+00:00\",\"description\":\"Am\u00e9liore la qualit\u00e9 de l'eau stagnante en r\u00e9duisant la chaux et la tension superficielle. Convient pour l'eau potable, l'irrigation, l'entretien de la piscine...\",\"breadcrumb\":{\"@id\":\"https:\\\/\\\/alter-entorn.com\\\/fr\\\/producto\\\/ceramique-em-grise\\\/#breadcrumb\"},\"inLanguage\":\"fr-FR\",\"potentialAction\":[{\"@type\":\"ReadAction\",\"target\":[\"https:\\\/\\\/alter-entorn.com\\\/fr\\\/producto\\\/ceramique-em-grise\\\/\"]}]},{\"@type\":\"ImageObject\",\"inLanguage\":\"fr-FR\",\"@id\":\"https:\\\/\\\/alter-entorn.com\\\/fr\\\/producto\\\/ceramique-em-grise\\\/#primaryimage\",\"url\":\"https:\\\/\\\/alter-entorn.com\\\/wp-content\\\/uploads\\\/2017\\\/08\\\/ceramica-gris-1.png\",\"contentUrl\":\"https:\\\/\\\/alter-entorn.com\\\/wp-content\\\/uploads\\\/2017\\\/08\\\/ceramica-gris-1.png\",\"width\":432,\"height\":536},{\"@type\":\"BreadcrumbList\",\"@id\":\"https:\\\/\\\/alter-entorn.com\\\/fr\\\/producto\\\/ceramique-em-grise\\\/#breadcrumb\",\"itemListElement\":[{\"@type\":\"ListItem\",\"position\":1,\"name\":\"Portada\",\"item\":\"https:\\\/\\\/alter-entorn.com\\\/fr\\\/\"},{\"@type\":\"ListItem\",\"position\":2,\"name\":\"Boutique\",\"item\":\"https:\\\/\\\/alter-entorn.com\\\/tienda\\\/\"},{\"@type\":\"ListItem\",\"position\":3,\"name\":\"C\u00e9ramique EM Grise (500g)\"}]},{\"@type\":\"WebSite\",\"@id\":\"https:\\\/\\\/alter-entorn.com\\\/fr\\\/#website\",\"url\":\"https:\\\/\\\/alter-entorn.com\\\/fr\\\/\",\"name\":\"alter-entorn\",\"description\":\"Soluciones Microbiol\u00f3gicas probi\u00f3ticos\",\"publisher\":{\"@id\":\"https:\\\/\\\/alter-entorn.com\\\/fr\\\/#organization\"},\"potentialAction\":[{\"@type\":\"SearchAction\",\"target\":{\"@type\":\"EntryPoint\",\"urlTemplate\":\"https:\\\/\\\/alter-entorn.com\\\/fr\\\/?s={search_term_string}\"},\"query-input\":{\"@type\":\"PropertyValueSpecification\",\"valueRequired\":true,\"valueName\":\"search_term_string\"}}],\"inLanguage\":\"fr-FR\"},{\"@type\":\"Organization\",\"@id\":\"https:\\\/\\\/alter-entorn.com\\\/fr\\\/#organization\",\"name\":\"alter-entorn\",\"url\":\"https:\\\/\\\/alter-entorn.com\\\/fr\\\/\",\"logo\":{\"@type\":\"ImageObject\",\"inLanguage\":\"fr-FR\",\"@id\":\"https:\\\/\\\/alter-entorn.com\\\/fr\\\/#\\\/schema\\\/logo\\\/image\\\/\",\"url\":\"https:\\\/\\\/alter-entorn.com\\\/wp-content\\\/uploads\\\/2018\\\/10\\\/logo_alter_entorn-sin-texto-1.png\",\"contentUrl\":\"https:\\\/\\\/alter-entorn.com\\\/wp-content\\\/uploads\\\/2018\\\/10\\\/logo_alter_entorn-sin-texto-1.png\",\"width\":246,\"height\":68,\"caption\":\"alter-entorn\"},\"image\":{\"@id\":\"https:\\\/\\\/alter-entorn.com\\\/fr\\\/#\\\/schema\\\/logo\\\/image\\\/\"},\"sameAs\":[\"https:\\\/\\\/www.facebook.com\\\/alterentorn\\\/\",\"https:\\\/\\\/x.com\\\/alterentorn\"]}]}<\/script>\n<!-- \/ Yoast SEO plugin. -->","yoast_head_json":{"title":"C\u00e9ramiques grises pour am\u00e9liorer la qualit\u00e9 de l'eau","description":"Am\u00e9liore la qualit\u00e9 de l'eau stagnante en r\u00e9duisant la chaux et la tension superficielle. Convient pour l'eau potable, l'irrigation, l'entretien de la piscine...","robots":{"index":"index","follow":"follow","max-snippet":"max-snippet:-1","max-image-preview":"max-image-preview:large","max-video-preview":"max-video-preview:-1"},"canonical":"https:\/\/alter-entorn.com\/fr\/producto\/ceramique-em-grise\/","og_locale":"fr_FR","og_type":"article","og_title":"C\u00e9ramiques grises pour am\u00e9liorer la qualit\u00e9 de l'eau","og_description":"Am\u00e9liore la qualit\u00e9 de l'eau stagnante en r\u00e9duisant la chaux et la tension superficielle. Convient pour l'eau potable, l'irrigation, l'entretien de la piscine...","og_url":"https:\/\/alter-entorn.com\/fr\/producto\/ceramique-em-grise\/","og_site_name":"alter-entorn","article_publisher":"https:\/\/www.facebook.com\/alterentorn\/","article_modified_time":"2019-11-12T12:46:54+00:00","og_image":[{"width":432,"height":536,"url":"https:\/\/alter-entorn.com\/wp-content\/uploads\/2017\/08\/ceramica-gris-1.png","type":"image\/png"}],"twitter_card":"summary_large_image","twitter_site":"@alterentorn","schema":{"@context":"https:\/\/schema.org","@graph":[{"@type":"WebPage","@id":"https:\/\/alter-entorn.com\/fr\/producto\/ceramique-em-grise\/","url":"https:\/\/alter-entorn.com\/fr\/producto\/ceramique-em-grise\/","name":"C\u00e9ramiques grises pour am\u00e9liorer la qualit\u00e9 de l'eau","isPartOf":{"@id":"https:\/\/alter-entorn.com\/fr\/#website"},"primaryImageOfPage":{"@id":"https:\/\/alter-entorn.com\/fr\/producto\/ceramique-em-grise\/#primaryimage"},"image":{"@id":"https:\/\/alter-entorn.com\/fr\/producto\/ceramique-em-grise\/#primaryimage"},"thumbnailUrl":"https:\/\/alter-entorn.com\/wp-content\/uploads\/2017\/08\/ceramica-gris-1.png","datePublished":"2017-08-21T14:35:35+00:00","dateModified":"2019-11-12T12:46:54+00:00","description":"Am\u00e9liore la qualit\u00e9 de l'eau stagnante en r\u00e9duisant la chaux et la tension superficielle. Convient pour l'eau potable, l'irrigation, l'entretien de la piscine...","breadcrumb":{"@id":"https:\/\/alter-entorn.com\/fr\/producto\/ceramique-em-grise\/#breadcrumb"},"inLanguage":"fr-FR","potentialAction":[{"@type":"ReadAction","target":["https:\/\/alter-entorn.com\/fr\/producto\/ceramique-em-grise\/"]}]},{"@type":"ImageObject","inLanguage":"fr-FR","@id":"https:\/\/alter-entorn.com\/fr\/producto\/ceramique-em-grise\/#primaryimage","url":"https:\/\/alter-entorn.com\/wp-content\/uploads\/2017\/08\/ceramica-gris-1.png","contentUrl":"https:\/\/alter-entorn.com\/wp-content\/uploads\/2017\/08\/ceramica-gris-1.png","width":432,"height":536},{"@type":"BreadcrumbList","@id":"https:\/\/alter-entorn.com\/fr\/producto\/ceramique-em-grise\/#breadcrumb","itemListElement":[{"@type":"ListItem","position":1,"name":"Portada","item":"https:\/\/alter-entorn.com\/fr\/"},{"@type":"ListItem","position":2,"name":"Boutique","item":"https:\/\/alter-entorn.com\/tienda\/"},{"@type":"ListItem","position":3,"name":"C\u00e9ramique EM Grise (500g)"}]},{"@type":"WebSite","@id":"https:\/\/alter-entorn.com\/fr\/#website","url":"https:\/\/alter-entorn.com\/fr\/","name":"alter-entorn","description":"Soluciones Microbiol\u00f3gicas probi\u00f3ticos","publisher":{"@id":"https:\/\/alter-entorn.com\/fr\/#organization"},"potentialAction":[{"@type":"SearchAction","target":{"@type":"EntryPoint","urlTemplate":"https:\/\/alter-entorn.com\/fr\/?s={search_term_string}"},"query-input":{"@type":"PropertyValueSpecification","valueRequired":true,"valueName":"search_term_string"}}],"inLanguage":"fr-FR"},{"@type":"Organization","@id":"https:\/\/alter-entorn.com\/fr\/#organization","name":"alter-entorn","url":"https:\/\/alter-entorn.com\/fr\/","logo":{"@type":"ImageObject","inLanguage":"fr-FR","@id":"https:\/\/alter-entorn.com\/fr\/#\/schema\/logo\/image\/","url":"https:\/\/alter-entorn.com\/wp-content\/uploads\/2018\/10\/logo_alter_entorn-sin-texto-1.png","contentUrl":"https:\/\/alter-entorn.com\/wp-content\/uploads\/2018\/10\/logo_alter_entorn-sin-texto-1.png","width":246,"height":68,"caption":"alter-entorn"},"image":{"@id":"https:\/\/alter-entorn.com\/fr\/#\/schema\/logo\/image\/"},"sameAs":["https:\/\/www.facebook.com\/alterentorn\/","https:\/\/x.com\/alterentorn"]}]}},"_links":{"self":[{"href":"https:\/\/alter-entorn.com\/fr\/wp-json\/wp\/v2\/product\/4284","targetHints":{"allow":["GET"]}}],"collection":[{"href":"https:\/\/alter-entorn.com\/fr\/wp-json\/wp\/v2\/product"}],"about":[{"href":"https:\/\/alter-entorn.com\/fr\/wp-json\/wp\/v2\/types\/product"}],"wp:featuredmedia":[{"embeddable":true,"href":"https:\/\/alter-entorn.com\/fr\/wp-json\/wp\/v2\/media\/3872"}],"wp:attachment":[{"href":"https:\/\/alter-entorn.com\/fr\/wp-json\/wp\/v2\/media?parent=4284"}],"wp:term":[{"taxonomy":"product_brand","embeddable":true,"href":"https:\/\/alter-entorn.com\/fr\/wp-json\/wp\/v2\/product_brand?post=4284"},{"taxonomy":"product_cat","embeddable":true,"href":"https:\/\/alter-entorn.com\/fr\/wp-json\/wp\/v2\/product_cat?post=4284"},{"taxonomy":"product_tag","embeddable":true,"href":"https:\/\/alter-entorn.com\/fr\/wp-json\/wp\/v2\/product_tag?post=4284"}],"curies":[{"name":"wp","href":"https:\/\/api.w.org\/{rel}","templated":true}]}}