{"id":4288,"date":"2017-07-22T18:28:58","date_gmt":"2017-07-22T16:28:58","guid":{"rendered":"http:\/\/alter-entorn.com?product=cube-de-compostage"},"modified":"2025-02-13T02:08:07","modified_gmt":"2025-02-13T00:08:07","slug":"seau-a-dechets-organiques","status":"publish","type":"product","link":"https:\/\/alter-entorn.com\/fr\/producto\/seau-a-dechets-organiques\/","title":{"rendered":"Bokashi poubelles organiques (2x16l)"},"content":{"rendered":"<p>L&rsquo;ensemble de seaux bokashi se compose de deux seaux avec un bac de drainage et un robinet pour extraire l&rsquo;engrais liquide. Les seaux \u00e0 d\u00e9chets organiques Bokashi (2 unit\u00e9s) sont herm\u00e9tiquement ferm\u00e9s afin que le processus de fermentation se d\u00e9roule correctement sans mauvaises odeurs. Le son de Bokashi est utilis\u00e9 ensemble.<\/p>\n<p>Tous les 3 ou 4 jours, le liquide est retir\u00e9. Vous pouvez utiliser ce liquide pour fertiliser vos plantes dilu\u00e9 5cl\/l. Chaque fois que nous ajouterons de la mati\u00e8re organique ou en fin de journ\u00e9e nous recouvrirons d&rsquo;une couche de bokashi. Le son de Bokashi active la fermentation, apporte des micro-organismes et pr\u00e9vient les mauvaises odeurs.<\/p>\n<p>Une fois le seau \u00e0 bokashi plein, il est laiss\u00e9 couvert pendant 15 jours \u00e0 temp\u00e9rature ambiante, \u00e9liminant le lixiviat pour terminer le processus. Utilisez l&rsquo;autre seau pour continuer \u00e0 profiter des d\u00e9chets organiques de votre maison.<\/p>\n<p>Apr\u00e8s 15 jours vous pouvez enfouir la mati\u00e8re organique ferment\u00e9e dans votre verger ou jardin comme nutriment pour vos plantes ou l&rsquo;ajouter au composteur pour obtenir un excellent humus.<\/p>\n<p>En raison de ses petites dimensions, le cube bokashi est parfait pour les petits espaces afin que nous puissions les avoir dans la cuisine ou dans n&rsquo;importe quelle pi\u00e8ce de notre maison, pour faciliter son utilisation, sans aucun inconv\u00e9nient.<\/p>\n","protected":false},"excerpt":{"rendered":"<p>Deux seaux pour la gestion des d\u00e9chets organiques domestiques. On extrait un lixiviat que nous pouvons utiliser pour irriguer nos plantes, nos jardins et nos vergers, ainsi que pour nettoyer les canalisations domestiques. En plus d&rsquo;une mati\u00e8re organique tr\u00e8s riche en nutriments que nous pouvons convertir en compost par un autre processus.<\/p>\n","protected":false},"featured_media":8729,"template":"","meta":{"_joinchat":[]},"product_brand":[],"product_cat":[3218,126],"product_tag":[1370,1396,1431,1436,2857,2858,2859,2879,2880,3219],"class_list":{"0":"post-4288","1":"product","2":"type-product","3":"status-publish","4":"has-post-thumbnail","6":"product_cat-compostage-potager-et-jardin","7":"product_cat-residus_","8":"product_tag-profiter-des-restes-organiques","9":"product_tag-le-compostage-a-la-maison","10":"product_tag-seau-a-compost","11":"product_tag-seau-de-materiel-organique","12":"product_tag-bokashi-fr","13":"product_tag-residus-organiques","14":"product_tag-compost-fr","15":"product_tag-plongeur-naturel","16":"product_tag-engrais-naturel-fr","17":"product_tag-agriculture-regeneratrice","19":"first","20":"outofstock","21":"taxable","22":"shipping-taxable","23":"purchasable","24":"product-type-simple"},"yoast_head":"<!-- This site is optimized with the Yoast SEO plugin v27.4 - https:\/\/yoast.com\/product\/yoast-seo-wordpress\/ -->\n<title>Poubelles organiques de type Bokashi, sans mauvaises odeurs<\/title>\n<meta name=\"description\" content=\"Seaux herm\u00e9tiques pour la gestion des d\u00e9chets organiques m\u00e9nagers. Le lixiviat est extrait pour nos plantes et nos tuyaux\" \/>\n<meta name=\"robots\" content=\"index, follow, max-snippet:-1, max-image-preview:large, max-video-preview:-1\" \/>\n<link rel=\"canonical\" href=\"https:\/\/alter-entorn.com\/fr\/producto\/seau-a-dechets-organiques\/\" \/>\n<meta property=\"og:locale\" content=\"fr_FR\" \/>\n<meta property=\"og:type\" content=\"article\" \/>\n<meta property=\"og:title\" content=\"Poubelles organiques de type Bokashi, sans mauvaises odeurs\" \/>\n<meta property=\"og:description\" content=\"Seaux herm\u00e9tiques pour la gestion des d\u00e9chets organiques m\u00e9nagers. Le lixiviat est extrait pour nos plantes et nos tuyaux\" \/>\n<meta property=\"og:url\" content=\"https:\/\/alter-entorn.com\/fr\/producto\/seau-a-dechets-organiques\/\" \/>\n<meta property=\"og:site_name\" content=\"alter-entorn\" \/>\n<meta property=\"article:publisher\" content=\"https:\/\/www.facebook.com\/alterentorn\/\" \/>\n<meta property=\"article:modified_time\" content=\"2025-02-13T00:08:07+00:00\" \/>\n<meta property=\"og:image\" content=\"https:\/\/alter-entorn.com\/wp-content\/uploads\/2022\/03\/cubocompostcapca-1024x768.jpg\" \/>\n\t<meta property=\"og:image:width\" content=\"1024\" \/>\n\t<meta property=\"og:image:height\" content=\"768\" \/>\n\t<meta property=\"og:image:type\" content=\"image\/jpeg\" \/>\n<meta name=\"twitter:card\" content=\"summary_large_image\" \/>\n<meta name=\"twitter:site\" content=\"@alterentorn\" \/>\n<meta name=\"twitter:label1\" content=\"Dur\u00e9e de lecture estim\u00e9e\" \/>\n\t<meta name=\"twitter:data1\" content=\"1 minute\" \/>\n<script type=\"application\/ld+json\" class=\"yoast-schema-graph\">{\"@context\":\"https:\\\/\\\/schema.org\",\"@graph\":[{\"@type\":\"WebPage\",\"@id\":\"https:\\\/\\\/alter-entorn.com\\\/fr\\\/producto\\\/seau-a-dechets-organiques\\\/\",\"url\":\"https:\\\/\\\/alter-entorn.com\\\/fr\\\/producto\\\/seau-a-dechets-organiques\\\/\",\"name\":\"Poubelles organiques de type Bokashi, sans mauvaises odeurs\",\"isPartOf\":{\"@id\":\"https:\\\/\\\/alter-entorn.com\\\/fr\\\/#website\"},\"primaryImageOfPage\":{\"@id\":\"https:\\\/\\\/alter-entorn.com\\\/fr\\\/producto\\\/seau-a-dechets-organiques\\\/#primaryimage\"},\"image\":{\"@id\":\"https:\\\/\\\/alter-entorn.com\\\/fr\\\/producto\\\/seau-a-dechets-organiques\\\/#primaryimage\"},\"thumbnailUrl\":\"https:\\\/\\\/alter-entorn.com\\\/wp-content\\\/uploads\\\/2022\\\/03\\\/cubocompostcapca.jpg\",\"datePublished\":\"2017-07-22T16:28:58+00:00\",\"dateModified\":\"2025-02-13T00:08:07+00:00\",\"description\":\"Seaux herm\u00e9tiques pour la gestion des d\u00e9chets organiques m\u00e9nagers. Le lixiviat est extrait pour nos plantes et nos tuyaux\",\"breadcrumb\":{\"@id\":\"https:\\\/\\\/alter-entorn.com\\\/fr\\\/producto\\\/seau-a-dechets-organiques\\\/#breadcrumb\"},\"inLanguage\":\"fr-FR\",\"potentialAction\":[{\"@type\":\"ReadAction\",\"target\":[\"https:\\\/\\\/alter-entorn.com\\\/fr\\\/producto\\\/seau-a-dechets-organiques\\\/\"]}]},{\"@type\":\"ImageObject\",\"inLanguage\":\"fr-FR\",\"@id\":\"https:\\\/\\\/alter-entorn.com\\\/fr\\\/producto\\\/seau-a-dechets-organiques\\\/#primaryimage\",\"url\":\"https:\\\/\\\/alter-entorn.com\\\/wp-content\\\/uploads\\\/2022\\\/03\\\/cubocompostcapca.jpg\",\"contentUrl\":\"https:\\\/\\\/alter-entorn.com\\\/wp-content\\\/uploads\\\/2022\\\/03\\\/cubocompostcapca.jpg\",\"width\":2560,\"height\":1920,\"caption\":\"Poubelles Bokashi pour faire du compost anaer\u00f3bique \u00e0 la maison.\"},{\"@type\":\"BreadcrumbList\",\"@id\":\"https:\\\/\\\/alter-entorn.com\\\/fr\\\/producto\\\/seau-a-dechets-organiques\\\/#breadcrumb\",\"itemListElement\":[{\"@type\":\"ListItem\",\"position\":1,\"name\":\"Portada\",\"item\":\"https:\\\/\\\/alter-entorn.com\\\/fr\\\/\"},{\"@type\":\"ListItem\",\"position\":2,\"name\":\"Boutique\",\"item\":\"https:\\\/\\\/alter-entorn.com\\\/tienda\\\/\"},{\"@type\":\"ListItem\",\"position\":3,\"name\":\"Bokashi poubelles organiques (2x16l)\"}]},{\"@type\":\"WebSite\",\"@id\":\"https:\\\/\\\/alter-entorn.com\\\/fr\\\/#website\",\"url\":\"https:\\\/\\\/alter-entorn.com\\\/fr\\\/\",\"name\":\"alter-entorn\",\"description\":\"Soluciones Microbiol\u00f3gicas probi\u00f3ticos\",\"publisher\":{\"@id\":\"https:\\\/\\\/alter-entorn.com\\\/fr\\\/#organization\"},\"potentialAction\":[{\"@type\":\"SearchAction\",\"target\":{\"@type\":\"EntryPoint\",\"urlTemplate\":\"https:\\\/\\\/alter-entorn.com\\\/fr\\\/?s={search_term_string}\"},\"query-input\":{\"@type\":\"PropertyValueSpecification\",\"valueRequired\":true,\"valueName\":\"search_term_string\"}}],\"inLanguage\":\"fr-FR\"},{\"@type\":\"Organization\",\"@id\":\"https:\\\/\\\/alter-entorn.com\\\/fr\\\/#organization\",\"name\":\"alter-entorn\",\"url\":\"https:\\\/\\\/alter-entorn.com\\\/fr\\\/\",\"logo\":{\"@type\":\"ImageObject\",\"inLanguage\":\"fr-FR\",\"@id\":\"https:\\\/\\\/alter-entorn.com\\\/fr\\\/#\\\/schema\\\/logo\\\/image\\\/\",\"url\":\"https:\\\/\\\/alter-entorn.com\\\/wp-content\\\/uploads\\\/2018\\\/10\\\/logo_alter_entorn-sin-texto-1.png\",\"contentUrl\":\"https:\\\/\\\/alter-entorn.com\\\/wp-content\\\/uploads\\\/2018\\\/10\\\/logo_alter_entorn-sin-texto-1.png\",\"width\":246,\"height\":68,\"caption\":\"alter-entorn\"},\"image\":{\"@id\":\"https:\\\/\\\/alter-entorn.com\\\/fr\\\/#\\\/schema\\\/logo\\\/image\\\/\"},\"sameAs\":[\"https:\\\/\\\/www.facebook.com\\\/alterentorn\\\/\",\"https:\\\/\\\/x.com\\\/alterentorn\"]}]}<\/script>\n<!-- \/ Yoast SEO plugin. -->","yoast_head_json":{"title":"Poubelles organiques de type Bokashi, sans mauvaises odeurs","description":"Seaux herm\u00e9tiques pour la gestion des d\u00e9chets organiques m\u00e9nagers. Le lixiviat est extrait pour nos plantes et nos tuyaux","robots":{"index":"index","follow":"follow","max-snippet":"max-snippet:-1","max-image-preview":"max-image-preview:large","max-video-preview":"max-video-preview:-1"},"canonical":"https:\/\/alter-entorn.com\/fr\/producto\/seau-a-dechets-organiques\/","og_locale":"fr_FR","og_type":"article","og_title":"Poubelles organiques de type Bokashi, sans mauvaises odeurs","og_description":"Seaux herm\u00e9tiques pour la gestion des d\u00e9chets organiques m\u00e9nagers. Le lixiviat est extrait pour nos plantes et nos tuyaux","og_url":"https:\/\/alter-entorn.com\/fr\/producto\/seau-a-dechets-organiques\/","og_site_name":"alter-entorn","article_publisher":"https:\/\/www.facebook.com\/alterentorn\/","article_modified_time":"2025-02-13T00:08:07+00:00","og_image":[{"width":1024,"height":768,"url":"https:\/\/alter-entorn.com\/wp-content\/uploads\/2022\/03\/cubocompostcapca-1024x768.jpg","type":"image\/jpeg"}],"twitter_card":"summary_large_image","twitter_site":"@alterentorn","twitter_misc":{"Dur\u00e9e de lecture estim\u00e9e":"1 minute"},"schema":{"@context":"https:\/\/schema.org","@graph":[{"@type":"WebPage","@id":"https:\/\/alter-entorn.com\/fr\/producto\/seau-a-dechets-organiques\/","url":"https:\/\/alter-entorn.com\/fr\/producto\/seau-a-dechets-organiques\/","name":"Poubelles organiques de type Bokashi, sans mauvaises odeurs","isPartOf":{"@id":"https:\/\/alter-entorn.com\/fr\/#website"},"primaryImageOfPage":{"@id":"https:\/\/alter-entorn.com\/fr\/producto\/seau-a-dechets-organiques\/#primaryimage"},"image":{"@id":"https:\/\/alter-entorn.com\/fr\/producto\/seau-a-dechets-organiques\/#primaryimage"},"thumbnailUrl":"https:\/\/alter-entorn.com\/wp-content\/uploads\/2022\/03\/cubocompostcapca.jpg","datePublished":"2017-07-22T16:28:58+00:00","dateModified":"2025-02-13T00:08:07+00:00","description":"Seaux herm\u00e9tiques pour la gestion des d\u00e9chets organiques m\u00e9nagers. Le lixiviat est extrait pour nos plantes et nos tuyaux","breadcrumb":{"@id":"https:\/\/alter-entorn.com\/fr\/producto\/seau-a-dechets-organiques\/#breadcrumb"},"inLanguage":"fr-FR","potentialAction":[{"@type":"ReadAction","target":["https:\/\/alter-entorn.com\/fr\/producto\/seau-a-dechets-organiques\/"]}]},{"@type":"ImageObject","inLanguage":"fr-FR","@id":"https:\/\/alter-entorn.com\/fr\/producto\/seau-a-dechets-organiques\/#primaryimage","url":"https:\/\/alter-entorn.com\/wp-content\/uploads\/2022\/03\/cubocompostcapca.jpg","contentUrl":"https:\/\/alter-entorn.com\/wp-content\/uploads\/2022\/03\/cubocompostcapca.jpg","width":2560,"height":1920,"caption":"Poubelles Bokashi pour faire du compost anaer\u00f3bique \u00e0 la maison."},{"@type":"BreadcrumbList","@id":"https:\/\/alter-entorn.com\/fr\/producto\/seau-a-dechets-organiques\/#breadcrumb","itemListElement":[{"@type":"ListItem","position":1,"name":"Portada","item":"https:\/\/alter-entorn.com\/fr\/"},{"@type":"ListItem","position":2,"name":"Boutique","item":"https:\/\/alter-entorn.com\/tienda\/"},{"@type":"ListItem","position":3,"name":"Bokashi poubelles organiques (2x16l)"}]},{"@type":"WebSite","@id":"https:\/\/alter-entorn.com\/fr\/#website","url":"https:\/\/alter-entorn.com\/fr\/","name":"alter-entorn","description":"Soluciones Microbiol\u00f3gicas probi\u00f3ticos","publisher":{"@id":"https:\/\/alter-entorn.com\/fr\/#organization"},"potentialAction":[{"@type":"SearchAction","target":{"@type":"EntryPoint","urlTemplate":"https:\/\/alter-entorn.com\/fr\/?s={search_term_string}"},"query-input":{"@type":"PropertyValueSpecification","valueRequired":true,"valueName":"search_term_string"}}],"inLanguage":"fr-FR"},{"@type":"Organization","@id":"https:\/\/alter-entorn.com\/fr\/#organization","name":"alter-entorn","url":"https:\/\/alter-entorn.com\/fr\/","logo":{"@type":"ImageObject","inLanguage":"fr-FR","@id":"https:\/\/alter-entorn.com\/fr\/#\/schema\/logo\/image\/","url":"https:\/\/alter-entorn.com\/wp-content\/uploads\/2018\/10\/logo_alter_entorn-sin-texto-1.png","contentUrl":"https:\/\/alter-entorn.com\/wp-content\/uploads\/2018\/10\/logo_alter_entorn-sin-texto-1.png","width":246,"height":68,"caption":"alter-entorn"},"image":{"@id":"https:\/\/alter-entorn.com\/fr\/#\/schema\/logo\/image\/"},"sameAs":["https:\/\/www.facebook.com\/alterentorn\/","https:\/\/x.com\/alterentorn"]}]}},"_links":{"self":[{"href":"https:\/\/alter-entorn.com\/fr\/wp-json\/wp\/v2\/product\/4288","targetHints":{"allow":["GET"]}}],"collection":[{"href":"https:\/\/alter-entorn.com\/fr\/wp-json\/wp\/v2\/product"}],"about":[{"href":"https:\/\/alter-entorn.com\/fr\/wp-json\/wp\/v2\/types\/product"}],"wp:featuredmedia":[{"embeddable":true,"href":"https:\/\/alter-entorn.com\/fr\/wp-json\/wp\/v2\/media\/8729"}],"wp:attachment":[{"href":"https:\/\/alter-entorn.com\/fr\/wp-json\/wp\/v2\/media?parent=4288"}],"wp:term":[{"taxonomy":"product_brand","embeddable":true,"href":"https:\/\/alter-entorn.com\/fr\/wp-json\/wp\/v2\/product_brand?post=4288"},{"taxonomy":"product_cat","embeddable":true,"href":"https:\/\/alter-entorn.com\/fr\/wp-json\/wp\/v2\/product_cat?post=4288"},{"taxonomy":"product_tag","embeddable":true,"href":"https:\/\/alter-entorn.com\/fr\/wp-json\/wp\/v2\/product_tag?post=4288"}],"curies":[{"name":"wp","href":"https:\/\/api.w.org\/{rel}","templated":true}]}}