{"id":4311,"date":"2017-07-22T18:03:54","date_gmt":"2017-07-22T16:03:54","guid":{"rendered":"http:\/\/alter-entorn.com?product=produit-concentre-a-usages-multiples-emc-lavande"},"modified":"2025-02-13T00:11:12","modified_gmt":"2025-02-12T22:11:12","slug":"produit-concentre-a-usages-multiples-emc-lavande","status":"publish","type":"product","link":"https:\/\/alter-entorn.com\/fr\/producto\/produit-concentre-a-usages-multiples-emc-lavande\/","title":{"rendered":"Produit concentr\u00e9 \u00e0 usages multiples eMC\u00ae Lavande &#8211; Nettoyage"},"content":{"rendered":"<p>Le concentr\u00e9 tout usage eMC\u00ae Lavender contient des micro-organismes b\u00e9n\u00e9fiques qui aident \u00e0 \u00e9liminer la salet\u00e9 et \u00e0 faciliter le nettoyage. Les surfaces sont maintenues propres plus longtemps, gr\u00e2ce \u00e0 son effet antistatique et anti-adh\u00e9rent, ce qui signifie que la poussi\u00e8re n&rsquo;est pas attir\u00e9e par les surfaces. En outre, les micro-organismes b\u00e9n\u00e9fiques am\u00e9liorent l&rsquo;efficacit\u00e9 des autres ingr\u00e9dients et contr\u00f4lent les agents pathog\u00e8nes afin qu&rsquo;ils ne puissent pas se d\u00e9velopper.<\/p>\n<p>\u00c9limine les odeurs et peut donc \u00e9galement \u00eatre utilis\u00e9 comme assainisseur d&rsquo;air. C&rsquo;est un produit hautement concentr\u00e9 dont une petite quantit\u00e9 est dilu\u00e9e dans de l&rsquo;eau. Un contenant durera donc longtemps et nous permettra d&rsquo;\u00e9conomiser beaucoup d&rsquo;argent. En outre, l\u2019eau restante du nettoyage peut \u00eatre utilis\u00e9e pour arroser les plantes, ce qui leur procure un avantage suppl\u00e9mentaire en nutriments; Ou, s&rsquo;il est jet\u00e9 r\u00e9guli\u00e8rement dans les \u00e9gouts, cela nous aidera \u00e0 nettoyer les tuyaux, \u00e0 \u00e9viter les bourrages et les obstructions et \u00e0 \u00e9liminer les odeurs.<\/p>\n<p>Il ne contient aucun type de produit chimique dangereux nocif, il est donc la meilleure option pour tout le monde: allergique, asthmatique, enceinte, enfants, animaux domestiques, etc. En plus d&rsquo;\u00eatre totalement respectueux de l&rsquo;environnement et de nous aider \u00e0 \u00e9conomiser.<\/p>\n","protected":false},"excerpt":{"rendered":"<p>EMC\u00ae Lavender est un nettoyant naturel efficace contre la salet\u00e9 quotidienne pour un nettoyage g\u00e9n\u00e9ral. Une petite quantit\u00e9 de produit est dilu\u00e9e dans de l\u2019eau et pr\u00eate \u00e0 l\u2019emploi.<\/p>\n<p>Il convient \u00e0 toutes les surfaces: meubles, carreaux, verre, marbre, plastique, acier, etc. Il peut \u00e9galement \u00eatre utilis\u00e9 comme substitut de l&rsquo;assouplissant.<\/p>\n","protected":false},"featured_media":8761,"template":"","meta":{"_joinchat":[]},"product_brand":[],"product_cat":[118,128],"product_tag":[939,940,946,983,987,988,989,990,991,992],"class_list":{"0":"post-4311","1":"product","2":"type-product","3":"status-publish","4":"has-post-thumbnail","6":"product_cat-nettoyage-menager","7":"product_cat-animaux-domestiques","8":"product_tag-nettoyage-naturel","9":"product_tag-nettoyage-ecologique","10":"product_tag-produits-de-nettoyage-naturels","11":"product_tag-nettoyage-des-remedes-maison","12":"product_tag-emc-polyvalent","13":"product_tag-nettoyant-a-la-lavande","14":"product_tag-nettoyants-ecologiques","15":"product_tag-polyvalent-naturel","16":"product_tag-lavande-multi-usages","17":"product_tag-propre-sans-chimie","19":"first","20":"instock","21":"taxable","22":"shipping-taxable","23":"purchasable","24":"product-type-variable"},"yoast_head":"<!-- This site is optimized with the Yoast SEO plugin v27.4 - https:\/\/yoast.com\/product\/yoast-seo-wordpress\/ -->\n<title>Nettoyant multi-usage concentr\u00e9 eMC\u00ae Lavande naturel<\/title>\n<meta name=\"description\" content=\"Nettoyant multi-usages concentr\u00e9 sans produits chimiques, avec des micro-organismes qui \u00e9liminent la salet\u00e9 et les odeurs sur tout type de surface\" \/>\n<meta name=\"robots\" content=\"index, follow, max-snippet:-1, max-image-preview:large, max-video-preview:-1\" \/>\n<link rel=\"canonical\" href=\"https:\/\/alter-entorn.com\/fr\/producto\/produit-concentre-a-usages-multiples-emc-lavande\/\" \/>\n<meta property=\"og:locale\" content=\"fr_FR\" \/>\n<meta property=\"og:type\" content=\"article\" \/>\n<meta property=\"og:title\" content=\"Nettoyant multi-usage concentr\u00e9 eMC\u00ae Lavande naturel\" \/>\n<meta property=\"og:description\" content=\"Nettoyant multi-usages concentr\u00e9 sans produits chimiques, avec des micro-organismes qui \u00e9liminent la salet\u00e9 et les odeurs sur tout type de surface\" \/>\n<meta property=\"og:url\" content=\"https:\/\/alter-entorn.com\/fr\/producto\/produit-concentre-a-usages-multiples-emc-lavande\/\" \/>\n<meta property=\"og:site_name\" content=\"alter-entorn\" \/>\n<meta property=\"article:publisher\" content=\"https:\/\/www.facebook.com\/alterentorn\/\" \/>\n<meta property=\"article:modified_time\" content=\"2025-02-12T22:11:12+00:00\" \/>\n<meta property=\"og:image\" content=\"https:\/\/alter-entorn.com\/wp-content\/uploads\/2022\/03\/multiusoslavanda-1024x768.png\" \/>\n\t<meta property=\"og:image:width\" content=\"1024\" \/>\n\t<meta property=\"og:image:height\" content=\"768\" \/>\n\t<meta property=\"og:image:type\" content=\"image\/png\" \/>\n<meta name=\"twitter:card\" content=\"summary_large_image\" \/>\n<meta name=\"twitter:site\" content=\"@alterentorn\" \/>\n<meta name=\"twitter:label1\" content=\"Dur\u00e9e de lecture estim\u00e9e\" \/>\n\t<meta name=\"twitter:data1\" content=\"1 minute\" \/>\n<script type=\"application\/ld+json\" class=\"yoast-schema-graph\">{\"@context\":\"https:\\\/\\\/schema.org\",\"@graph\":[{\"@type\":\"WebPage\",\"@id\":\"https:\\\/\\\/alter-entorn.com\\\/fr\\\/producto\\\/produit-concentre-a-usages-multiples-emc-lavande\\\/\",\"url\":\"https:\\\/\\\/alter-entorn.com\\\/fr\\\/producto\\\/produit-concentre-a-usages-multiples-emc-lavande\\\/\",\"name\":\"Nettoyant multi-usage concentr\u00e9 eMC\u00ae Lavande naturel\",\"isPartOf\":{\"@id\":\"https:\\\/\\\/alter-entorn.com\\\/fr\\\/#website\"},\"primaryImageOfPage\":{\"@id\":\"https:\\\/\\\/alter-entorn.com\\\/fr\\\/producto\\\/produit-concentre-a-usages-multiples-emc-lavande\\\/#primaryimage\"},\"image\":{\"@id\":\"https:\\\/\\\/alter-entorn.com\\\/fr\\\/producto\\\/produit-concentre-a-usages-multiples-emc-lavande\\\/#primaryimage\"},\"thumbnailUrl\":\"https:\\\/\\\/alter-entorn.com\\\/wp-content\\\/uploads\\\/2022\\\/03\\\/multiusoslavanda.png\",\"datePublished\":\"2017-07-22T16:03:54+00:00\",\"dateModified\":\"2025-02-12T22:11:12+00:00\",\"description\":\"Nettoyant multi-usages concentr\u00e9 sans produits chimiques, avec des micro-organismes qui \u00e9liminent la salet\u00e9 et les odeurs sur tout type de surface\",\"breadcrumb\":{\"@id\":\"https:\\\/\\\/alter-entorn.com\\\/fr\\\/producto\\\/produit-concentre-a-usages-multiples-emc-lavande\\\/#breadcrumb\"},\"inLanguage\":\"fr-FR\",\"potentialAction\":[{\"@type\":\"ReadAction\",\"target\":[\"https:\\\/\\\/alter-entorn.com\\\/fr\\\/producto\\\/produit-concentre-a-usages-multiples-emc-lavande\\\/\"]}]},{\"@type\":\"ImageObject\",\"inLanguage\":\"fr-FR\",\"@id\":\"https:\\\/\\\/alter-entorn.com\\\/fr\\\/producto\\\/produit-concentre-a-usages-multiples-emc-lavande\\\/#primaryimage\",\"url\":\"https:\\\/\\\/alter-entorn.com\\\/wp-content\\\/uploads\\\/2022\\\/03\\\/multiusoslavanda.png\",\"contentUrl\":\"https:\\\/\\\/alter-entorn.com\\\/wp-content\\\/uploads\\\/2022\\\/03\\\/multiusoslavanda.png\",\"width\":5184,\"height\":3888},{\"@type\":\"BreadcrumbList\",\"@id\":\"https:\\\/\\\/alter-entorn.com\\\/fr\\\/producto\\\/produit-concentre-a-usages-multiples-emc-lavande\\\/#breadcrumb\",\"itemListElement\":[{\"@type\":\"ListItem\",\"position\":1,\"name\":\"Portada\",\"item\":\"https:\\\/\\\/alter-entorn.com\\\/fr\\\/\"},{\"@type\":\"ListItem\",\"position\":2,\"name\":\"Boutique\",\"item\":\"https:\\\/\\\/alter-entorn.com\\\/tienda\\\/\"},{\"@type\":\"ListItem\",\"position\":3,\"name\":\"Produit concentr\u00e9 \u00e0 usages multiples eMC\u00ae Lavande &#8211; Nettoyage\"}]},{\"@type\":\"WebSite\",\"@id\":\"https:\\\/\\\/alter-entorn.com\\\/fr\\\/#website\",\"url\":\"https:\\\/\\\/alter-entorn.com\\\/fr\\\/\",\"name\":\"alter-entorn\",\"description\":\"Soluciones Microbiol\u00f3gicas probi\u00f3ticos\",\"publisher\":{\"@id\":\"https:\\\/\\\/alter-entorn.com\\\/fr\\\/#organization\"},\"potentialAction\":[{\"@type\":\"SearchAction\",\"target\":{\"@type\":\"EntryPoint\",\"urlTemplate\":\"https:\\\/\\\/alter-entorn.com\\\/fr\\\/?s={search_term_string}\"},\"query-input\":{\"@type\":\"PropertyValueSpecification\",\"valueRequired\":true,\"valueName\":\"search_term_string\"}}],\"inLanguage\":\"fr-FR\"},{\"@type\":\"Organization\",\"@id\":\"https:\\\/\\\/alter-entorn.com\\\/fr\\\/#organization\",\"name\":\"alter-entorn\",\"url\":\"https:\\\/\\\/alter-entorn.com\\\/fr\\\/\",\"logo\":{\"@type\":\"ImageObject\",\"inLanguage\":\"fr-FR\",\"@id\":\"https:\\\/\\\/alter-entorn.com\\\/fr\\\/#\\\/schema\\\/logo\\\/image\\\/\",\"url\":\"https:\\\/\\\/alter-entorn.com\\\/wp-content\\\/uploads\\\/2018\\\/10\\\/logo_alter_entorn-sin-texto-1.png\",\"contentUrl\":\"https:\\\/\\\/alter-entorn.com\\\/wp-content\\\/uploads\\\/2018\\\/10\\\/logo_alter_entorn-sin-texto-1.png\",\"width\":246,\"height\":68,\"caption\":\"alter-entorn\"},\"image\":{\"@id\":\"https:\\\/\\\/alter-entorn.com\\\/fr\\\/#\\\/schema\\\/logo\\\/image\\\/\"},\"sameAs\":[\"https:\\\/\\\/www.facebook.com\\\/alterentorn\\\/\",\"https:\\\/\\\/x.com\\\/alterentorn\"]}]}<\/script>\n<!-- \/ Yoast SEO plugin. -->","yoast_head_json":{"title":"Nettoyant multi-usage concentr\u00e9 eMC\u00ae Lavande naturel","description":"Nettoyant multi-usages concentr\u00e9 sans produits chimiques, avec des micro-organismes qui \u00e9liminent la salet\u00e9 et les odeurs sur tout type de surface","robots":{"index":"index","follow":"follow","max-snippet":"max-snippet:-1","max-image-preview":"max-image-preview:large","max-video-preview":"max-video-preview:-1"},"canonical":"https:\/\/alter-entorn.com\/fr\/producto\/produit-concentre-a-usages-multiples-emc-lavande\/","og_locale":"fr_FR","og_type":"article","og_title":"Nettoyant multi-usage concentr\u00e9 eMC\u00ae Lavande naturel","og_description":"Nettoyant multi-usages concentr\u00e9 sans produits chimiques, avec des micro-organismes qui \u00e9liminent la salet\u00e9 et les odeurs sur tout type de surface","og_url":"https:\/\/alter-entorn.com\/fr\/producto\/produit-concentre-a-usages-multiples-emc-lavande\/","og_site_name":"alter-entorn","article_publisher":"https:\/\/www.facebook.com\/alterentorn\/","article_modified_time":"2025-02-12T22:11:12+00:00","og_image":[{"width":1024,"height":768,"url":"https:\/\/alter-entorn.com\/wp-content\/uploads\/2022\/03\/multiusoslavanda-1024x768.png","type":"image\/png"}],"twitter_card":"summary_large_image","twitter_site":"@alterentorn","twitter_misc":{"Dur\u00e9e de lecture estim\u00e9e":"1 minute"},"schema":{"@context":"https:\/\/schema.org","@graph":[{"@type":"WebPage","@id":"https:\/\/alter-entorn.com\/fr\/producto\/produit-concentre-a-usages-multiples-emc-lavande\/","url":"https:\/\/alter-entorn.com\/fr\/producto\/produit-concentre-a-usages-multiples-emc-lavande\/","name":"Nettoyant multi-usage concentr\u00e9 eMC\u00ae Lavande naturel","isPartOf":{"@id":"https:\/\/alter-entorn.com\/fr\/#website"},"primaryImageOfPage":{"@id":"https:\/\/alter-entorn.com\/fr\/producto\/produit-concentre-a-usages-multiples-emc-lavande\/#primaryimage"},"image":{"@id":"https:\/\/alter-entorn.com\/fr\/producto\/produit-concentre-a-usages-multiples-emc-lavande\/#primaryimage"},"thumbnailUrl":"https:\/\/alter-entorn.com\/wp-content\/uploads\/2022\/03\/multiusoslavanda.png","datePublished":"2017-07-22T16:03:54+00:00","dateModified":"2025-02-12T22:11:12+00:00","description":"Nettoyant multi-usages concentr\u00e9 sans produits chimiques, avec des micro-organismes qui \u00e9liminent la salet\u00e9 et les odeurs sur tout type de surface","breadcrumb":{"@id":"https:\/\/alter-entorn.com\/fr\/producto\/produit-concentre-a-usages-multiples-emc-lavande\/#breadcrumb"},"inLanguage":"fr-FR","potentialAction":[{"@type":"ReadAction","target":["https:\/\/alter-entorn.com\/fr\/producto\/produit-concentre-a-usages-multiples-emc-lavande\/"]}]},{"@type":"ImageObject","inLanguage":"fr-FR","@id":"https:\/\/alter-entorn.com\/fr\/producto\/produit-concentre-a-usages-multiples-emc-lavande\/#primaryimage","url":"https:\/\/alter-entorn.com\/wp-content\/uploads\/2022\/03\/multiusoslavanda.png","contentUrl":"https:\/\/alter-entorn.com\/wp-content\/uploads\/2022\/03\/multiusoslavanda.png","width":5184,"height":3888},{"@type":"BreadcrumbList","@id":"https:\/\/alter-entorn.com\/fr\/producto\/produit-concentre-a-usages-multiples-emc-lavande\/#breadcrumb","itemListElement":[{"@type":"ListItem","position":1,"name":"Portada","item":"https:\/\/alter-entorn.com\/fr\/"},{"@type":"ListItem","position":2,"name":"Boutique","item":"https:\/\/alter-entorn.com\/tienda\/"},{"@type":"ListItem","position":3,"name":"Produit concentr\u00e9 \u00e0 usages multiples eMC\u00ae Lavande &#8211; Nettoyage"}]},{"@type":"WebSite","@id":"https:\/\/alter-entorn.com\/fr\/#website","url":"https:\/\/alter-entorn.com\/fr\/","name":"alter-entorn","description":"Soluciones Microbiol\u00f3gicas probi\u00f3ticos","publisher":{"@id":"https:\/\/alter-entorn.com\/fr\/#organization"},"potentialAction":[{"@type":"SearchAction","target":{"@type":"EntryPoint","urlTemplate":"https:\/\/alter-entorn.com\/fr\/?s={search_term_string}"},"query-input":{"@type":"PropertyValueSpecification","valueRequired":true,"valueName":"search_term_string"}}],"inLanguage":"fr-FR"},{"@type":"Organization","@id":"https:\/\/alter-entorn.com\/fr\/#organization","name":"alter-entorn","url":"https:\/\/alter-entorn.com\/fr\/","logo":{"@type":"ImageObject","inLanguage":"fr-FR","@id":"https:\/\/alter-entorn.com\/fr\/#\/schema\/logo\/image\/","url":"https:\/\/alter-entorn.com\/wp-content\/uploads\/2018\/10\/logo_alter_entorn-sin-texto-1.png","contentUrl":"https:\/\/alter-entorn.com\/wp-content\/uploads\/2018\/10\/logo_alter_entorn-sin-texto-1.png","width":246,"height":68,"caption":"alter-entorn"},"image":{"@id":"https:\/\/alter-entorn.com\/fr\/#\/schema\/logo\/image\/"},"sameAs":["https:\/\/www.facebook.com\/alterentorn\/","https:\/\/x.com\/alterentorn"]}]}},"_links":{"self":[{"href":"https:\/\/alter-entorn.com\/fr\/wp-json\/wp\/v2\/product\/4311","targetHints":{"allow":["GET"]}}],"collection":[{"href":"https:\/\/alter-entorn.com\/fr\/wp-json\/wp\/v2\/product"}],"about":[{"href":"https:\/\/alter-entorn.com\/fr\/wp-json\/wp\/v2\/types\/product"}],"wp:featuredmedia":[{"embeddable":true,"href":"https:\/\/alter-entorn.com\/fr\/wp-json\/wp\/v2\/media\/8761"}],"wp:attachment":[{"href":"https:\/\/alter-entorn.com\/fr\/wp-json\/wp\/v2\/media?parent=4311"}],"wp:term":[{"taxonomy":"product_brand","embeddable":true,"href":"https:\/\/alter-entorn.com\/fr\/wp-json\/wp\/v2\/product_brand?post=4311"},{"taxonomy":"product_cat","embeddable":true,"href":"https:\/\/alter-entorn.com\/fr\/wp-json\/wp\/v2\/product_cat?post=4311"},{"taxonomy":"product_tag","embeddable":true,"href":"https:\/\/alter-entorn.com\/fr\/wp-json\/wp\/v2\/product_tag?post=4311"}],"curies":[{"name":"wp","href":"https:\/\/api.w.org\/{rel}","templated":true}]}}