{"id":4315,"date":"2017-07-02T16:08:55","date_gmt":"2017-07-02T14:08:55","guid":{"rendered":"http:\/\/alter-entorn.com?product=savon-de-sels-bioemsan"},"modified":"2025-02-14T19:44:18","modified_gmt":"2025-02-14T17:44:18","slug":"savon-de-sels-bioemsan","status":"publish","type":"product","link":"https:\/\/alter-entorn.com\/fr\/producto\/savon-de-sels-bioemsan\/","title":{"rendered":"Savon de sels Bioemsan (75g) &#8211; Cosm\u00e9tique"},"content":{"rendered":"<p>Nettoyant et hydratant doux et agr\u00e9able. Le savon de sels Bioemsan, avec ses huiles essentielles et ses ar\u00f4mes naturels, laisse une sensation de douceur et de fra\u00eecheur dans le corps. Il augmente la souplesse et la r\u00e9sistance de la peau, en plus de la nourrir et de la nettoyer, pour un soin totalement naturel.<\/p>\n","protected":false},"excerpt":{"rendered":"<p><strong> VEGAN <\/strong><\/p>\n<p>Savon solide pour le nettoyage et le soin naturel des mains et du visage. Hydrate la peau et procure une souplesse et une douceur exceptionnelles.<\/p>\n<p>Sans conservateurs, sans \u00e9mulsifiants synth\u00e9tiques, transg\u00e9niques, parfums et colorants. Sans cruaut\u00e9.<\/p>\n<p><img loading=\"lazy\" decoding=\"async\" class=\"alignnone size-medium wp-image-6905\" src=\"https:\/\/alter-entorn.com\/wp-content\/uploads\/2017\/07\/sellos-cosmetica-300x169.png\" alt=\"Sellos de cosm\u00e9tica natural y ecol\u00f3gica Bioemsan\" width=\"300\" height=\"169\" srcset=\"https:\/\/alter-entorn.com\/wp-content\/uploads\/2017\/07\/sellos-cosmetica-300x169.png 300w, https:\/\/alter-entorn.com\/wp-content\/uploads\/2017\/07\/sellos-cosmetica-768x432.png 768w, https:\/\/alter-entorn.com\/wp-content\/uploads\/2017\/07\/sellos-cosmetica-1024x576.png 1024w, https:\/\/alter-entorn.com\/wp-content\/uploads\/2017\/07\/sellos-cosmetica-570x321.png 570w, https:\/\/alter-entorn.com\/wp-content\/uploads\/2017\/07\/sellos-cosmetica.png 1920w\" sizes=\"auto, (max-width: 300px) 100vw, 300px\" \/><\/p>\n","protected":false},"featured_media":3599,"template":"","meta":{"_joinchat":[]},"product_brand":[],"product_cat":[115,121],"product_tag":[978,1002,1003,1004,1005,1006,1007,1008,1009,1010],"class_list":{"0":"post-4315","1":"product","2":"type-product","3":"status-publish","4":"has-post-thumbnail","6":"product_cat-sante-et-bien-etre","7":"product_cat-cosmetiques-naturels-hygiene","8":"product_tag-cosmetiques-naturels","9":"product_tag-savon-au-sel","10":"product_tag-savon-pour-les-mains","11":"product_tag-savon-naturel","12":"product_tag-savon-artisanal","13":"product_tag-savon-manju","14":"product_tag-hygiene-personnelle-personnelle","15":"product_tag-cosmetiques-sans-produits-chimiques","16":"product_tag-hygiene-naturelle","17":"product_tag-produits-de-beaute-naturels","19":"first","20":"onbackorder","21":"taxable","22":"shipping-taxable","23":"purchasable","24":"product-type-simple"},"yoast_head":"<!-- This site is optimized with the Yoast SEO plugin v27.4 - https:\/\/yoast.com\/product\/yoast-seo-wordpress\/ -->\n<title>Savon au sel naturel Biomsan pour les mains et le visage<\/title>\n<meta name=\"description\" content=\"Savon solide de sels et d&#039;huiles essentielles, compl\u00e8tement naturel pour le nettoyage et l&#039;hydratation des mains et du visage.\" \/>\n<meta name=\"robots\" content=\"index, follow, max-snippet:-1, max-image-preview:large, max-video-preview:-1\" \/>\n<link rel=\"canonical\" href=\"https:\/\/alter-entorn.com\/fr\/producto\/savon-de-sels-bioemsan\/\" \/>\n<meta property=\"og:locale\" content=\"fr_FR\" \/>\n<meta property=\"og:type\" content=\"article\" \/>\n<meta property=\"og:title\" content=\"Savon au sel naturel Biomsan pour les mains et le visage\" \/>\n<meta property=\"og:description\" content=\"Savon solide de sels et d&#039;huiles essentielles, compl\u00e8tement naturel pour le nettoyage et l&#039;hydratation des mains et du visage.\" \/>\n<meta property=\"og:url\" content=\"https:\/\/alter-entorn.com\/fr\/producto\/savon-de-sels-bioemsan\/\" \/>\n<meta property=\"og:site_name\" content=\"alter-entorn\" \/>\n<meta property=\"article:publisher\" content=\"https:\/\/www.facebook.com\/alterentorn\/\" \/>\n<meta property=\"article:modified_time\" content=\"2025-02-14T17:44:18+00:00\" \/>\n<meta property=\"og:image\" content=\"https:\/\/alter-entorn.com\/wp-content\/uploads\/2017\/07\/sabo-sal.png\" \/>\n\t<meta property=\"og:image:width\" content=\"450\" \/>\n\t<meta property=\"og:image:height\" content=\"450\" \/>\n\t<meta property=\"og:image:type\" content=\"image\/png\" \/>\n<meta name=\"twitter:card\" content=\"summary_large_image\" \/>\n<meta name=\"twitter:site\" content=\"@alterentorn\" \/>\n<script type=\"application\/ld+json\" class=\"yoast-schema-graph\">{\"@context\":\"https:\\\/\\\/schema.org\",\"@graph\":[{\"@type\":\"WebPage\",\"@id\":\"https:\\\/\\\/alter-entorn.com\\\/fr\\\/producto\\\/savon-de-sels-bioemsan\\\/\",\"url\":\"https:\\\/\\\/alter-entorn.com\\\/fr\\\/producto\\\/savon-de-sels-bioemsan\\\/\",\"name\":\"Savon au sel naturel Biomsan pour les mains et le visage\",\"isPartOf\":{\"@id\":\"https:\\\/\\\/alter-entorn.com\\\/fr\\\/#website\"},\"primaryImageOfPage\":{\"@id\":\"https:\\\/\\\/alter-entorn.com\\\/fr\\\/producto\\\/savon-de-sels-bioemsan\\\/#primaryimage\"},\"image\":{\"@id\":\"https:\\\/\\\/alter-entorn.com\\\/fr\\\/producto\\\/savon-de-sels-bioemsan\\\/#primaryimage\"},\"thumbnailUrl\":\"https:\\\/\\\/alter-entorn.com\\\/wp-content\\\/uploads\\\/2017\\\/07\\\/sabo-sal.png\",\"datePublished\":\"2017-07-02T14:08:55+00:00\",\"dateModified\":\"2025-02-14T17:44:18+00:00\",\"description\":\"Savon solide de sels et d'huiles essentielles, compl\u00e8tement naturel pour le nettoyage et l'hydratation des mains et du visage.\",\"breadcrumb\":{\"@id\":\"https:\\\/\\\/alter-entorn.com\\\/fr\\\/producto\\\/savon-de-sels-bioemsan\\\/#breadcrumb\"},\"inLanguage\":\"fr-FR\",\"potentialAction\":[{\"@type\":\"ReadAction\",\"target\":[\"https:\\\/\\\/alter-entorn.com\\\/fr\\\/producto\\\/savon-de-sels-bioemsan\\\/\"]}]},{\"@type\":\"ImageObject\",\"inLanguage\":\"fr-FR\",\"@id\":\"https:\\\/\\\/alter-entorn.com\\\/fr\\\/producto\\\/savon-de-sels-bioemsan\\\/#primaryimage\",\"url\":\"https:\\\/\\\/alter-entorn.com\\\/wp-content\\\/uploads\\\/2017\\\/07\\\/sabo-sal.png\",\"contentUrl\":\"https:\\\/\\\/alter-entorn.com\\\/wp-content\\\/uploads\\\/2017\\\/07\\\/sabo-sal.png\",\"width\":450,\"height\":450},{\"@type\":\"BreadcrumbList\",\"@id\":\"https:\\\/\\\/alter-entorn.com\\\/fr\\\/producto\\\/savon-de-sels-bioemsan\\\/#breadcrumb\",\"itemListElement\":[{\"@type\":\"ListItem\",\"position\":1,\"name\":\"Portada\",\"item\":\"https:\\\/\\\/alter-entorn.com\\\/fr\\\/\"},{\"@type\":\"ListItem\",\"position\":2,\"name\":\"Boutique\",\"item\":\"https:\\\/\\\/alter-entorn.com\\\/tienda\\\/\"},{\"@type\":\"ListItem\",\"position\":3,\"name\":\"Savon de sels Bioemsan (75g) &#8211; Cosm\u00e9tique\"}]},{\"@type\":\"WebSite\",\"@id\":\"https:\\\/\\\/alter-entorn.com\\\/fr\\\/#website\",\"url\":\"https:\\\/\\\/alter-entorn.com\\\/fr\\\/\",\"name\":\"alter-entorn\",\"description\":\"Soluciones Microbiol\u00f3gicas probi\u00f3ticos\",\"publisher\":{\"@id\":\"https:\\\/\\\/alter-entorn.com\\\/fr\\\/#organization\"},\"potentialAction\":[{\"@type\":\"SearchAction\",\"target\":{\"@type\":\"EntryPoint\",\"urlTemplate\":\"https:\\\/\\\/alter-entorn.com\\\/fr\\\/?s={search_term_string}\"},\"query-input\":{\"@type\":\"PropertyValueSpecification\",\"valueRequired\":true,\"valueName\":\"search_term_string\"}}],\"inLanguage\":\"fr-FR\"},{\"@type\":\"Organization\",\"@id\":\"https:\\\/\\\/alter-entorn.com\\\/fr\\\/#organization\",\"name\":\"alter-entorn\",\"url\":\"https:\\\/\\\/alter-entorn.com\\\/fr\\\/\",\"logo\":{\"@type\":\"ImageObject\",\"inLanguage\":\"fr-FR\",\"@id\":\"https:\\\/\\\/alter-entorn.com\\\/fr\\\/#\\\/schema\\\/logo\\\/image\\\/\",\"url\":\"https:\\\/\\\/alter-entorn.com\\\/wp-content\\\/uploads\\\/2018\\\/10\\\/logo_alter_entorn-sin-texto-1.png\",\"contentUrl\":\"https:\\\/\\\/alter-entorn.com\\\/wp-content\\\/uploads\\\/2018\\\/10\\\/logo_alter_entorn-sin-texto-1.png\",\"width\":246,\"height\":68,\"caption\":\"alter-entorn\"},\"image\":{\"@id\":\"https:\\\/\\\/alter-entorn.com\\\/fr\\\/#\\\/schema\\\/logo\\\/image\\\/\"},\"sameAs\":[\"https:\\\/\\\/www.facebook.com\\\/alterentorn\\\/\",\"https:\\\/\\\/x.com\\\/alterentorn\"]}]}<\/script>\n<!-- \/ Yoast SEO plugin. -->","yoast_head_json":{"title":"Savon au sel naturel Biomsan pour les mains et le visage","description":"Savon solide de sels et d'huiles essentielles, compl\u00e8tement naturel pour le nettoyage et l'hydratation des mains et du visage.","robots":{"index":"index","follow":"follow","max-snippet":"max-snippet:-1","max-image-preview":"max-image-preview:large","max-video-preview":"max-video-preview:-1"},"canonical":"https:\/\/alter-entorn.com\/fr\/producto\/savon-de-sels-bioemsan\/","og_locale":"fr_FR","og_type":"article","og_title":"Savon au sel naturel Biomsan pour les mains et le visage","og_description":"Savon solide de sels et d'huiles essentielles, compl\u00e8tement naturel pour le nettoyage et l'hydratation des mains et du visage.","og_url":"https:\/\/alter-entorn.com\/fr\/producto\/savon-de-sels-bioemsan\/","og_site_name":"alter-entorn","article_publisher":"https:\/\/www.facebook.com\/alterentorn\/","article_modified_time":"2025-02-14T17:44:18+00:00","og_image":[{"width":450,"height":450,"url":"https:\/\/alter-entorn.com\/wp-content\/uploads\/2017\/07\/sabo-sal.png","type":"image\/png"}],"twitter_card":"summary_large_image","twitter_site":"@alterentorn","schema":{"@context":"https:\/\/schema.org","@graph":[{"@type":"WebPage","@id":"https:\/\/alter-entorn.com\/fr\/producto\/savon-de-sels-bioemsan\/","url":"https:\/\/alter-entorn.com\/fr\/producto\/savon-de-sels-bioemsan\/","name":"Savon au sel naturel Biomsan pour les mains et le visage","isPartOf":{"@id":"https:\/\/alter-entorn.com\/fr\/#website"},"primaryImageOfPage":{"@id":"https:\/\/alter-entorn.com\/fr\/producto\/savon-de-sels-bioemsan\/#primaryimage"},"image":{"@id":"https:\/\/alter-entorn.com\/fr\/producto\/savon-de-sels-bioemsan\/#primaryimage"},"thumbnailUrl":"https:\/\/alter-entorn.com\/wp-content\/uploads\/2017\/07\/sabo-sal.png","datePublished":"2017-07-02T14:08:55+00:00","dateModified":"2025-02-14T17:44:18+00:00","description":"Savon solide de sels et d'huiles essentielles, compl\u00e8tement naturel pour le nettoyage et l'hydratation des mains et du visage.","breadcrumb":{"@id":"https:\/\/alter-entorn.com\/fr\/producto\/savon-de-sels-bioemsan\/#breadcrumb"},"inLanguage":"fr-FR","potentialAction":[{"@type":"ReadAction","target":["https:\/\/alter-entorn.com\/fr\/producto\/savon-de-sels-bioemsan\/"]}]},{"@type":"ImageObject","inLanguage":"fr-FR","@id":"https:\/\/alter-entorn.com\/fr\/producto\/savon-de-sels-bioemsan\/#primaryimage","url":"https:\/\/alter-entorn.com\/wp-content\/uploads\/2017\/07\/sabo-sal.png","contentUrl":"https:\/\/alter-entorn.com\/wp-content\/uploads\/2017\/07\/sabo-sal.png","width":450,"height":450},{"@type":"BreadcrumbList","@id":"https:\/\/alter-entorn.com\/fr\/producto\/savon-de-sels-bioemsan\/#breadcrumb","itemListElement":[{"@type":"ListItem","position":1,"name":"Portada","item":"https:\/\/alter-entorn.com\/fr\/"},{"@type":"ListItem","position":2,"name":"Boutique","item":"https:\/\/alter-entorn.com\/tienda\/"},{"@type":"ListItem","position":3,"name":"Savon de sels Bioemsan (75g) &#8211; Cosm\u00e9tique"}]},{"@type":"WebSite","@id":"https:\/\/alter-entorn.com\/fr\/#website","url":"https:\/\/alter-entorn.com\/fr\/","name":"alter-entorn","description":"Soluciones Microbiol\u00f3gicas probi\u00f3ticos","publisher":{"@id":"https:\/\/alter-entorn.com\/fr\/#organization"},"potentialAction":[{"@type":"SearchAction","target":{"@type":"EntryPoint","urlTemplate":"https:\/\/alter-entorn.com\/fr\/?s={search_term_string}"},"query-input":{"@type":"PropertyValueSpecification","valueRequired":true,"valueName":"search_term_string"}}],"inLanguage":"fr-FR"},{"@type":"Organization","@id":"https:\/\/alter-entorn.com\/fr\/#organization","name":"alter-entorn","url":"https:\/\/alter-entorn.com\/fr\/","logo":{"@type":"ImageObject","inLanguage":"fr-FR","@id":"https:\/\/alter-entorn.com\/fr\/#\/schema\/logo\/image\/","url":"https:\/\/alter-entorn.com\/wp-content\/uploads\/2018\/10\/logo_alter_entorn-sin-texto-1.png","contentUrl":"https:\/\/alter-entorn.com\/wp-content\/uploads\/2018\/10\/logo_alter_entorn-sin-texto-1.png","width":246,"height":68,"caption":"alter-entorn"},"image":{"@id":"https:\/\/alter-entorn.com\/fr\/#\/schema\/logo\/image\/"},"sameAs":["https:\/\/www.facebook.com\/alterentorn\/","https:\/\/x.com\/alterentorn"]}]}},"_links":{"self":[{"href":"https:\/\/alter-entorn.com\/fr\/wp-json\/wp\/v2\/product\/4315","targetHints":{"allow":["GET"]}}],"collection":[{"href":"https:\/\/alter-entorn.com\/fr\/wp-json\/wp\/v2\/product"}],"about":[{"href":"https:\/\/alter-entorn.com\/fr\/wp-json\/wp\/v2\/types\/product"}],"wp:featuredmedia":[{"embeddable":true,"href":"https:\/\/alter-entorn.com\/fr\/wp-json\/wp\/v2\/media\/3599"}],"wp:attachment":[{"href":"https:\/\/alter-entorn.com\/fr\/wp-json\/wp\/v2\/media?parent=4315"}],"wp:term":[{"taxonomy":"product_brand","embeddable":true,"href":"https:\/\/alter-entorn.com\/fr\/wp-json\/wp\/v2\/product_brand?post=4315"},{"taxonomy":"product_cat","embeddable":true,"href":"https:\/\/alter-entorn.com\/fr\/wp-json\/wp\/v2\/product_cat?post=4315"},{"taxonomy":"product_tag","embeddable":true,"href":"https:\/\/alter-entorn.com\/fr\/wp-json\/wp\/v2\/product_tag?post=4315"}],"curies":[{"name":"wp","href":"https:\/\/api.w.org\/{rel}","templated":true}]}}