{"id":4325,"date":"2017-07-02T14:28:38","date_gmt":"2017-07-02T12:28:38","guid":{"rendered":"http:\/\/alter-entorn.com?product=bio-live-gold-or"},"modified":"2025-06-30T13:50:32","modified_gmt":"2025-06-30T11:50:32","slug":"bio-live-gold","status":"publish","type":"product","link":"https:\/\/alter-entorn.com\/fr\/producto\/bio-live-gold\/","title":{"rendered":"Bio-live Gold (500ml) &#8211; Boisson ferment\u00e9e"},"content":{"rendered":"<p>Boisson de fermentation naturelle qui r\u00e9tablit la sant\u00e9 digestive, soulageant la plupart des troubles intestinaux tels que br\u00fblures d&rsquo;estomac, ballonnements, gaz ou constipation.<\/p>\n<p>Il aide \u00e0 l&rsquo;absorption correcte des nutriments, augmente la sensation de bien-\u00eatre et r\u00e9duit le niveau de stress. Am\u00e9liore la tol\u00e9rance au bl\u00e9 et aux produits laitiers.<\/p>\n<p>Il combine 14 familles de micro-organismes b\u00e9n\u00e9fiques soigneusement s\u00e9lectionn\u00e9s avec plus de 50 jus naturels, min\u00e9raux et herbes. Convient aux r\u00e9gimes v\u00e9g\u00e9tariens et v\u00e9g\u00e9taliens.<\/p>\n<p>Ceci est un compl\u00e9ment alimentaire et non un produit m\u00e9dical. Les effets ne sont pas garantis et les r\u00e9sultats peuvent varier.<\/p>\n","protected":false},"excerpt":{"rendered":"<p><strong><span lang=\"en-US\">VEGAN<\/span><\/strong><\/p>\n<p><span lang=\"en-US\">Boisson de fermentation naturelle \u00e0 partir de micro-organismes b\u00e9n\u00e9fiques, d&rsquo;herbes, de jus et de min\u00e9raux. R<\/span><span lang=\"en-US\">estaure la flore intestinale et renforce le syst\u00e8me immunitaire.<\/span><span lang=\"en-US\">\u00a0<\/span><\/p>\n<p><span lang=\"en-US\">Sans gluten, sans lactose, sans sucre. Go\u00fbt doux.\u00a0<\/span><\/p>\n","protected":false},"featured_media":10331,"template":"","meta":{"_joinchat":[]},"product_brand":[],"product_cat":[115,120],"product_tag":[885,1061,1071,1072,1073,1074,1075,1076,1077,1078],"class_list":{"0":"post-4325","1":"product","2":"type-product","3":"status-publish","4":"has-post-thumbnail","6":"product_cat-sante-et-bien-etre","7":"product_cat-supplements-probiotiques","8":"product_tag-complements-alimentaires","9":"product_tag-supplement-probiotique-liquide","10":"product_tag-complements-alimentaires-fr","11":"product_tag-conserver-la-flore-intestinale","12":"product_tag-supplements-naturels-fr","13":"product_tag-microbiologie-alimentaire","14":"product_tag-ameliorer-la-tolerance-lactique","15":"product_tag-ameliorer-la-tolerance-au-gluten","16":"product_tag-boisson-digestive-naturelle","17":"product_tag-boisson-probiotique","19":"first","20":"instock","21":"taxable","22":"shipping-taxable","23":"purchasable","24":"product-type-variable"},"yoast_head":"<!-- This site is optimized with the Yoast SEO plugin v27.4 - https:\/\/yoast.com\/product\/yoast-seo-wordpress\/ -->\n<title>Bio-live Gold, boisson ferment\u00e9e \u00e0 partir d&#039;ingr\u00e9dients naturels<\/title>\n<meta name=\"description\" content=\"Boisson de fermentation naturelle \u00e0 base de microorganismes b\u00e9n\u00e9fiques, jus de fruits, min\u00e9raux et herbes\" \/>\n<meta name=\"robots\" content=\"index, follow, max-snippet:-1, max-image-preview:large, max-video-preview:-1\" \/>\n<link rel=\"canonical\" href=\"https:\/\/alter-entorn.com\/fr\/producto\/bio-live-gold\/\" \/>\n<meta property=\"og:locale\" content=\"fr_FR\" \/>\n<meta property=\"og:type\" content=\"article\" \/>\n<meta property=\"og:title\" content=\"Bio-live Gold, boisson ferment\u00e9e \u00e0 partir d&#039;ingr\u00e9dients naturels\" \/>\n<meta property=\"og:description\" content=\"Boisson de fermentation naturelle \u00e0 base de microorganismes b\u00e9n\u00e9fiques, jus de fruits, min\u00e9raux et herbes\" \/>\n<meta property=\"og:url\" content=\"https:\/\/alter-entorn.com\/fr\/producto\/bio-live-gold\/\" \/>\n<meta property=\"og:site_name\" content=\"alter-entorn\" \/>\n<meta property=\"article:publisher\" content=\"https:\/\/www.facebook.com\/alterentorn\/\" \/>\n<meta property=\"article:modified_time\" content=\"2025-06-30T11:50:32+00:00\" \/>\n<meta property=\"og:image\" content=\"https:\/\/alter-entorn.com\/wp-content\/uploads\/2017\/07\/blsustain1.png\" \/>\n\t<meta property=\"og:image:width\" content=\"1000\" \/>\n\t<meta property=\"og:image:height\" content=\"1500\" \/>\n\t<meta property=\"og:image:type\" content=\"image\/png\" \/>\n<meta name=\"twitter:card\" content=\"summary_large_image\" \/>\n<meta name=\"twitter:site\" content=\"@alterentorn\" \/>\n<meta name=\"twitter:label1\" content=\"Dur\u00e9e de lecture estim\u00e9e\" \/>\n\t<meta name=\"twitter:data1\" content=\"1 minute\" \/>\n<script type=\"application\/ld+json\" class=\"yoast-schema-graph\">{\"@context\":\"https:\\\/\\\/schema.org\",\"@graph\":[{\"@type\":\"WebPage\",\"@id\":\"https:\\\/\\\/alter-entorn.com\\\/fr\\\/producto\\\/bio-live-gold\\\/\",\"url\":\"https:\\\/\\\/alter-entorn.com\\\/fr\\\/producto\\\/bio-live-gold\\\/\",\"name\":\"Bio-live Gold, boisson ferment\u00e9e \u00e0 partir d'ingr\u00e9dients naturels\",\"isPartOf\":{\"@id\":\"https:\\\/\\\/alter-entorn.com\\\/fr\\\/#website\"},\"primaryImageOfPage\":{\"@id\":\"https:\\\/\\\/alter-entorn.com\\\/fr\\\/producto\\\/bio-live-gold\\\/#primaryimage\"},\"image\":{\"@id\":\"https:\\\/\\\/alter-entorn.com\\\/fr\\\/producto\\\/bio-live-gold\\\/#primaryimage\"},\"thumbnailUrl\":\"https:\\\/\\\/alter-entorn.com\\\/wp-content\\\/uploads\\\/2017\\\/07\\\/blsustain1.png\",\"datePublished\":\"2017-07-02T12:28:38+00:00\",\"dateModified\":\"2025-06-30T11:50:32+00:00\",\"description\":\"Boisson de fermentation naturelle \u00e0 base de microorganismes b\u00e9n\u00e9fiques, jus de fruits, min\u00e9raux et herbes\",\"breadcrumb\":{\"@id\":\"https:\\\/\\\/alter-entorn.com\\\/fr\\\/producto\\\/bio-live-gold\\\/#breadcrumb\"},\"inLanguage\":\"fr-FR\",\"potentialAction\":[{\"@type\":\"ReadAction\",\"target\":[\"https:\\\/\\\/alter-entorn.com\\\/fr\\\/producto\\\/bio-live-gold\\\/\"]}]},{\"@type\":\"ImageObject\",\"inLanguage\":\"fr-FR\",\"@id\":\"https:\\\/\\\/alter-entorn.com\\\/fr\\\/producto\\\/bio-live-gold\\\/#primaryimage\",\"url\":\"https:\\\/\\\/alter-entorn.com\\\/wp-content\\\/uploads\\\/2017\\\/07\\\/blsustain1.png\",\"contentUrl\":\"https:\\\/\\\/alter-entorn.com\\\/wp-content\\\/uploads\\\/2017\\\/07\\\/blsustain1.png\",\"width\":1000,\"height\":1500},{\"@type\":\"BreadcrumbList\",\"@id\":\"https:\\\/\\\/alter-entorn.com\\\/fr\\\/producto\\\/bio-live-gold\\\/#breadcrumb\",\"itemListElement\":[{\"@type\":\"ListItem\",\"position\":1,\"name\":\"Portada\",\"item\":\"https:\\\/\\\/alter-entorn.com\\\/fr\\\/\"},{\"@type\":\"ListItem\",\"position\":2,\"name\":\"Boutique\",\"item\":\"https:\\\/\\\/alter-entorn.com\\\/tienda\\\/\"},{\"@type\":\"ListItem\",\"position\":3,\"name\":\"Bio-live Gold (500ml) &#8211; Boisson ferment\u00e9e\"}]},{\"@type\":\"WebSite\",\"@id\":\"https:\\\/\\\/alter-entorn.com\\\/fr\\\/#website\",\"url\":\"https:\\\/\\\/alter-entorn.com\\\/fr\\\/\",\"name\":\"alter-entorn\",\"description\":\"Soluciones Microbiol\u00f3gicas probi\u00f3ticos\",\"publisher\":{\"@id\":\"https:\\\/\\\/alter-entorn.com\\\/fr\\\/#organization\"},\"potentialAction\":[{\"@type\":\"SearchAction\",\"target\":{\"@type\":\"EntryPoint\",\"urlTemplate\":\"https:\\\/\\\/alter-entorn.com\\\/fr\\\/?s={search_term_string}\"},\"query-input\":{\"@type\":\"PropertyValueSpecification\",\"valueRequired\":true,\"valueName\":\"search_term_string\"}}],\"inLanguage\":\"fr-FR\"},{\"@type\":\"Organization\",\"@id\":\"https:\\\/\\\/alter-entorn.com\\\/fr\\\/#organization\",\"name\":\"alter-entorn\",\"url\":\"https:\\\/\\\/alter-entorn.com\\\/fr\\\/\",\"logo\":{\"@type\":\"ImageObject\",\"inLanguage\":\"fr-FR\",\"@id\":\"https:\\\/\\\/alter-entorn.com\\\/fr\\\/#\\\/schema\\\/logo\\\/image\\\/\",\"url\":\"https:\\\/\\\/alter-entorn.com\\\/wp-content\\\/uploads\\\/2018\\\/10\\\/logo_alter_entorn-sin-texto-1.png\",\"contentUrl\":\"https:\\\/\\\/alter-entorn.com\\\/wp-content\\\/uploads\\\/2018\\\/10\\\/logo_alter_entorn-sin-texto-1.png\",\"width\":246,\"height\":68,\"caption\":\"alter-entorn\"},\"image\":{\"@id\":\"https:\\\/\\\/alter-entorn.com\\\/fr\\\/#\\\/schema\\\/logo\\\/image\\\/\"},\"sameAs\":[\"https:\\\/\\\/www.facebook.com\\\/alterentorn\\\/\",\"https:\\\/\\\/x.com\\\/alterentorn\"]}]}<\/script>\n<!-- \/ Yoast SEO plugin. -->","yoast_head_json":{"title":"Bio-live Gold, boisson ferment\u00e9e \u00e0 partir d'ingr\u00e9dients naturels","description":"Boisson de fermentation naturelle \u00e0 base de microorganismes b\u00e9n\u00e9fiques, jus de fruits, min\u00e9raux et herbes","robots":{"index":"index","follow":"follow","max-snippet":"max-snippet:-1","max-image-preview":"max-image-preview:large","max-video-preview":"max-video-preview:-1"},"canonical":"https:\/\/alter-entorn.com\/fr\/producto\/bio-live-gold\/","og_locale":"fr_FR","og_type":"article","og_title":"Bio-live Gold, boisson ferment\u00e9e \u00e0 partir d'ingr\u00e9dients naturels","og_description":"Boisson de fermentation naturelle \u00e0 base de microorganismes b\u00e9n\u00e9fiques, jus de fruits, min\u00e9raux et herbes","og_url":"https:\/\/alter-entorn.com\/fr\/producto\/bio-live-gold\/","og_site_name":"alter-entorn","article_publisher":"https:\/\/www.facebook.com\/alterentorn\/","article_modified_time":"2025-06-30T11:50:32+00:00","og_image":[{"width":1000,"height":1500,"url":"https:\/\/alter-entorn.com\/wp-content\/uploads\/2017\/07\/blsustain1.png","type":"image\/png"}],"twitter_card":"summary_large_image","twitter_site":"@alterentorn","twitter_misc":{"Dur\u00e9e de lecture estim\u00e9e":"1 minute"},"schema":{"@context":"https:\/\/schema.org","@graph":[{"@type":"WebPage","@id":"https:\/\/alter-entorn.com\/fr\/producto\/bio-live-gold\/","url":"https:\/\/alter-entorn.com\/fr\/producto\/bio-live-gold\/","name":"Bio-live Gold, boisson ferment\u00e9e \u00e0 partir d'ingr\u00e9dients naturels","isPartOf":{"@id":"https:\/\/alter-entorn.com\/fr\/#website"},"primaryImageOfPage":{"@id":"https:\/\/alter-entorn.com\/fr\/producto\/bio-live-gold\/#primaryimage"},"image":{"@id":"https:\/\/alter-entorn.com\/fr\/producto\/bio-live-gold\/#primaryimage"},"thumbnailUrl":"https:\/\/alter-entorn.com\/wp-content\/uploads\/2017\/07\/blsustain1.png","datePublished":"2017-07-02T12:28:38+00:00","dateModified":"2025-06-30T11:50:32+00:00","description":"Boisson de fermentation naturelle \u00e0 base de microorganismes b\u00e9n\u00e9fiques, jus de fruits, min\u00e9raux et herbes","breadcrumb":{"@id":"https:\/\/alter-entorn.com\/fr\/producto\/bio-live-gold\/#breadcrumb"},"inLanguage":"fr-FR","potentialAction":[{"@type":"ReadAction","target":["https:\/\/alter-entorn.com\/fr\/producto\/bio-live-gold\/"]}]},{"@type":"ImageObject","inLanguage":"fr-FR","@id":"https:\/\/alter-entorn.com\/fr\/producto\/bio-live-gold\/#primaryimage","url":"https:\/\/alter-entorn.com\/wp-content\/uploads\/2017\/07\/blsustain1.png","contentUrl":"https:\/\/alter-entorn.com\/wp-content\/uploads\/2017\/07\/blsustain1.png","width":1000,"height":1500},{"@type":"BreadcrumbList","@id":"https:\/\/alter-entorn.com\/fr\/producto\/bio-live-gold\/#breadcrumb","itemListElement":[{"@type":"ListItem","position":1,"name":"Portada","item":"https:\/\/alter-entorn.com\/fr\/"},{"@type":"ListItem","position":2,"name":"Boutique","item":"https:\/\/alter-entorn.com\/tienda\/"},{"@type":"ListItem","position":3,"name":"Bio-live Gold (500ml) &#8211; Boisson ferment\u00e9e"}]},{"@type":"WebSite","@id":"https:\/\/alter-entorn.com\/fr\/#website","url":"https:\/\/alter-entorn.com\/fr\/","name":"alter-entorn","description":"Soluciones Microbiol\u00f3gicas probi\u00f3ticos","publisher":{"@id":"https:\/\/alter-entorn.com\/fr\/#organization"},"potentialAction":[{"@type":"SearchAction","target":{"@type":"EntryPoint","urlTemplate":"https:\/\/alter-entorn.com\/fr\/?s={search_term_string}"},"query-input":{"@type":"PropertyValueSpecification","valueRequired":true,"valueName":"search_term_string"}}],"inLanguage":"fr-FR"},{"@type":"Organization","@id":"https:\/\/alter-entorn.com\/fr\/#organization","name":"alter-entorn","url":"https:\/\/alter-entorn.com\/fr\/","logo":{"@type":"ImageObject","inLanguage":"fr-FR","@id":"https:\/\/alter-entorn.com\/fr\/#\/schema\/logo\/image\/","url":"https:\/\/alter-entorn.com\/wp-content\/uploads\/2018\/10\/logo_alter_entorn-sin-texto-1.png","contentUrl":"https:\/\/alter-entorn.com\/wp-content\/uploads\/2018\/10\/logo_alter_entorn-sin-texto-1.png","width":246,"height":68,"caption":"alter-entorn"},"image":{"@id":"https:\/\/alter-entorn.com\/fr\/#\/schema\/logo\/image\/"},"sameAs":["https:\/\/www.facebook.com\/alterentorn\/","https:\/\/x.com\/alterentorn"]}]}},"_links":{"self":[{"href":"https:\/\/alter-entorn.com\/fr\/wp-json\/wp\/v2\/product\/4325","targetHints":{"allow":["GET"]}}],"collection":[{"href":"https:\/\/alter-entorn.com\/fr\/wp-json\/wp\/v2\/product"}],"about":[{"href":"https:\/\/alter-entorn.com\/fr\/wp-json\/wp\/v2\/types\/product"}],"wp:featuredmedia":[{"embeddable":true,"href":"https:\/\/alter-entorn.com\/fr\/wp-json\/wp\/v2\/media\/10331"}],"wp:attachment":[{"href":"https:\/\/alter-entorn.com\/fr\/wp-json\/wp\/v2\/media?parent=4325"}],"wp:term":[{"taxonomy":"product_brand","embeddable":true,"href":"https:\/\/alter-entorn.com\/fr\/wp-json\/wp\/v2\/product_brand?post=4325"},{"taxonomy":"product_cat","embeddable":true,"href":"https:\/\/alter-entorn.com\/fr\/wp-json\/wp\/v2\/product_cat?post=4325"},{"taxonomy":"product_tag","embeddable":true,"href":"https:\/\/alter-entorn.com\/fr\/wp-json\/wp\/v2\/product_tag?post=4325"}],"curies":[{"name":"wp","href":"https:\/\/api.w.org\/{rel}","templated":true}]}}