{"id":4531,"date":"2017-11-02T12:26:43","date_gmt":"2017-11-02T10:26:43","guid":{"rendered":"http:\/\/alter-entorn.com?product=bonbons-manju"},"modified":"2025-02-14T04:20:24","modified_gmt":"2025-02-14T02:20:24","slug":"bonbons-manju","status":"publish","type":"product","link":"https:\/\/alter-entorn.com\/fr\/producto\/bonbons-manju\/","title":{"rendered":"Bonbons Manju (100g)"},"content":{"rendered":"<p>Les bonbons Manju sont fabriqu\u00e9s \u00e0 partir de sucre de canne d&rsquo;Okinawa, de sel de mer Manju et de sirop d&rsquo;amidon. Le sel de mer consomm\u00e9 sans exc\u00e8s, renforce notre syst\u00e8me immunitaire, poss\u00e8de des propri\u00e9t\u00e9s antioxydantes et r\u00e9g\u00e9n\u00e9rantes, nous aide \u00e0 r\u00e9duire le niveau d&rsquo;acides dans notre corps et \u00e0 acc\u00e9l\u00e9rer la digestion des aliments.<\/p>\n","protected":false},"excerpt":{"rendered":"<p>Les bonbons au sel de mer Manju contiennent 1,5% de sel non-iod\u00e9, enti\u00e8rement naturel et riche en min\u00e9raux b\u00e9n\u00e9fiques pour notre corps. Ils ont des propri\u00e9t\u00e9s antioxydantes et r\u00e9g\u00e9n\u00e9rantes.<\/p>\n<p>Convient aux diab\u00e9tiques<\/p>\n","protected":false},"featured_media":7521,"template":"","meta":{"_joinchat":[]},"product_brand":[],"product_cat":[115,120],"product_tag":[471,472,473,474,475,476,477,478],"class_list":{"0":"post-4531","1":"product","2":"type-product","3":"status-publish","4":"has-post-thumbnail","6":"product_cat-sante-et-bien-etre","7":"product_cat-supplements-probiotiques","8":"product_tag-sel-de-mer-bonbons","9":"product_tag-pilules-de-sel-de-mer","10":"product_tag-bonbons-diabetiques","11":"product_tag-bonbons-au-sel","12":"product_tag-bonbons-sales","13":"product_tag-bonbons-sans-sucre","14":"product_tag-bonbons-sains","15":"product_tag-bonbons-naturels","17":"first","18":"instock","19":"taxable","20":"shipping-taxable","21":"purchasable","22":"product-type-simple"},"yoast_head":"<!-- This site is optimized with the Yoast SEO plugin v27.4 - https:\/\/yoast.com\/product\/yoast-seo-wordpress\/ -->\n<title>Bonbons au sel de mer Manju adapt\u00e9s aux diab\u00e9tiques<\/title>\n<meta name=\"description\" content=\"Bonbons avec 1,5% de sel non iod\u00e9. Renforcer le syst\u00e8me immunitaire, r\u00e9duire le niveau d&#039;acides et acc\u00e9l\u00e9rer la digestion des aliments\" \/>\n<meta name=\"robots\" content=\"index, follow, max-snippet:-1, max-image-preview:large, max-video-preview:-1\" \/>\n<link rel=\"canonical\" href=\"https:\/\/alter-entorn.com\/fr\/producto\/bonbons-manju\/\" \/>\n<meta property=\"og:locale\" content=\"fr_FR\" \/>\n<meta property=\"og:type\" content=\"article\" \/>\n<meta property=\"og:title\" content=\"Bonbons au sel de mer Manju adapt\u00e9s aux diab\u00e9tiques\" \/>\n<meta property=\"og:description\" content=\"Bonbons avec 1,5% de sel non iod\u00e9. Renforcer le syst\u00e8me immunitaire, r\u00e9duire le niveau d&#039;acides et acc\u00e9l\u00e9rer la digestion des aliments\" \/>\n<meta property=\"og:url\" content=\"https:\/\/alter-entorn.com\/fr\/producto\/bonbons-manju\/\" \/>\n<meta property=\"og:site_name\" content=\"alter-entorn\" \/>\n<meta property=\"article:publisher\" content=\"https:\/\/www.facebook.com\/alterentorn\/\" \/>\n<meta property=\"article:modified_time\" content=\"2025-02-14T02:20:24+00:00\" \/>\n<meta property=\"og:image\" content=\"https:\/\/alter-entorn.com\/wp-content\/uploads\/2017\/11\/carmels.png\" \/>\n\t<meta property=\"og:image:width\" content=\"422\" \/>\n\t<meta property=\"og:image:height\" content=\"560\" \/>\n\t<meta property=\"og:image:type\" content=\"image\/png\" \/>\n<meta name=\"twitter:card\" content=\"summary_large_image\" \/>\n<meta name=\"twitter:site\" content=\"@alterentorn\" \/>\n<script type=\"application\/ld+json\" class=\"yoast-schema-graph\">{\"@context\":\"https:\\\/\\\/schema.org\",\"@graph\":[{\"@type\":\"WebPage\",\"@id\":\"https:\\\/\\\/alter-entorn.com\\\/fr\\\/producto\\\/bonbons-manju\\\/\",\"url\":\"https:\\\/\\\/alter-entorn.com\\\/fr\\\/producto\\\/bonbons-manju\\\/\",\"name\":\"Bonbons au sel de mer Manju adapt\u00e9s aux diab\u00e9tiques\",\"isPartOf\":{\"@id\":\"https:\\\/\\\/alter-entorn.com\\\/fr\\\/#website\"},\"primaryImageOfPage\":{\"@id\":\"https:\\\/\\\/alter-entorn.com\\\/fr\\\/producto\\\/bonbons-manju\\\/#primaryimage\"},\"image\":{\"@id\":\"https:\\\/\\\/alter-entorn.com\\\/fr\\\/producto\\\/bonbons-manju\\\/#primaryimage\"},\"thumbnailUrl\":\"https:\\\/\\\/alter-entorn.com\\\/wp-content\\\/uploads\\\/2017\\\/11\\\/carmels.png\",\"datePublished\":\"2017-11-02T10:26:43+00:00\",\"dateModified\":\"2025-02-14T02:20:24+00:00\",\"description\":\"Bonbons avec 1,5% de sel non iod\u00e9. Renforcer le syst\u00e8me immunitaire, r\u00e9duire le niveau d'acides et acc\u00e9l\u00e9rer la digestion des aliments\",\"breadcrumb\":{\"@id\":\"https:\\\/\\\/alter-entorn.com\\\/fr\\\/producto\\\/bonbons-manju\\\/#breadcrumb\"},\"inLanguage\":\"fr-FR\",\"potentialAction\":[{\"@type\":\"ReadAction\",\"target\":[\"https:\\\/\\\/alter-entorn.com\\\/fr\\\/producto\\\/bonbons-manju\\\/\"]}]},{\"@type\":\"ImageObject\",\"inLanguage\":\"fr-FR\",\"@id\":\"https:\\\/\\\/alter-entorn.com\\\/fr\\\/producto\\\/bonbons-manju\\\/#primaryimage\",\"url\":\"https:\\\/\\\/alter-entorn.com\\\/wp-content\\\/uploads\\\/2017\\\/11\\\/carmels.png\",\"contentUrl\":\"https:\\\/\\\/alter-entorn.com\\\/wp-content\\\/uploads\\\/2017\\\/11\\\/carmels.png\",\"width\":422,\"height\":560,\"caption\":\"Caramelos aptos para diab\u00e9ticos\"},{\"@type\":\"BreadcrumbList\",\"@id\":\"https:\\\/\\\/alter-entorn.com\\\/fr\\\/producto\\\/bonbons-manju\\\/#breadcrumb\",\"itemListElement\":[{\"@type\":\"ListItem\",\"position\":1,\"name\":\"Portada\",\"item\":\"https:\\\/\\\/alter-entorn.com\\\/fr\\\/\"},{\"@type\":\"ListItem\",\"position\":2,\"name\":\"Boutique\",\"item\":\"https:\\\/\\\/alter-entorn.com\\\/tienda\\\/\"},{\"@type\":\"ListItem\",\"position\":3,\"name\":\"Bonbons Manju (100g)\"}]},{\"@type\":\"WebSite\",\"@id\":\"https:\\\/\\\/alter-entorn.com\\\/fr\\\/#website\",\"url\":\"https:\\\/\\\/alter-entorn.com\\\/fr\\\/\",\"name\":\"alter-entorn\",\"description\":\"Soluciones Microbiol\u00f3gicas probi\u00f3ticos\",\"publisher\":{\"@id\":\"https:\\\/\\\/alter-entorn.com\\\/fr\\\/#organization\"},\"potentialAction\":[{\"@type\":\"SearchAction\",\"target\":{\"@type\":\"EntryPoint\",\"urlTemplate\":\"https:\\\/\\\/alter-entorn.com\\\/fr\\\/?s={search_term_string}\"},\"query-input\":{\"@type\":\"PropertyValueSpecification\",\"valueRequired\":true,\"valueName\":\"search_term_string\"}}],\"inLanguage\":\"fr-FR\"},{\"@type\":\"Organization\",\"@id\":\"https:\\\/\\\/alter-entorn.com\\\/fr\\\/#organization\",\"name\":\"alter-entorn\",\"url\":\"https:\\\/\\\/alter-entorn.com\\\/fr\\\/\",\"logo\":{\"@type\":\"ImageObject\",\"inLanguage\":\"fr-FR\",\"@id\":\"https:\\\/\\\/alter-entorn.com\\\/fr\\\/#\\\/schema\\\/logo\\\/image\\\/\",\"url\":\"https:\\\/\\\/alter-entorn.com\\\/wp-content\\\/uploads\\\/2018\\\/10\\\/logo_alter_entorn-sin-texto-1.png\",\"contentUrl\":\"https:\\\/\\\/alter-entorn.com\\\/wp-content\\\/uploads\\\/2018\\\/10\\\/logo_alter_entorn-sin-texto-1.png\",\"width\":246,\"height\":68,\"caption\":\"alter-entorn\"},\"image\":{\"@id\":\"https:\\\/\\\/alter-entorn.com\\\/fr\\\/#\\\/schema\\\/logo\\\/image\\\/\"},\"sameAs\":[\"https:\\\/\\\/www.facebook.com\\\/alterentorn\\\/\",\"https:\\\/\\\/x.com\\\/alterentorn\"]}]}<\/script>\n<!-- \/ Yoast SEO plugin. -->","yoast_head_json":{"title":"Bonbons au sel de mer Manju adapt\u00e9s aux diab\u00e9tiques","description":"Bonbons avec 1,5% de sel non iod\u00e9. Renforcer le syst\u00e8me immunitaire, r\u00e9duire le niveau d'acides et acc\u00e9l\u00e9rer la digestion des aliments","robots":{"index":"index","follow":"follow","max-snippet":"max-snippet:-1","max-image-preview":"max-image-preview:large","max-video-preview":"max-video-preview:-1"},"canonical":"https:\/\/alter-entorn.com\/fr\/producto\/bonbons-manju\/","og_locale":"fr_FR","og_type":"article","og_title":"Bonbons au sel de mer Manju adapt\u00e9s aux diab\u00e9tiques","og_description":"Bonbons avec 1,5% de sel non iod\u00e9. Renforcer le syst\u00e8me immunitaire, r\u00e9duire le niveau d'acides et acc\u00e9l\u00e9rer la digestion des aliments","og_url":"https:\/\/alter-entorn.com\/fr\/producto\/bonbons-manju\/","og_site_name":"alter-entorn","article_publisher":"https:\/\/www.facebook.com\/alterentorn\/","article_modified_time":"2025-02-14T02:20:24+00:00","og_image":[{"width":422,"height":560,"url":"https:\/\/alter-entorn.com\/wp-content\/uploads\/2017\/11\/carmels.png","type":"image\/png"}],"twitter_card":"summary_large_image","twitter_site":"@alterentorn","schema":{"@context":"https:\/\/schema.org","@graph":[{"@type":"WebPage","@id":"https:\/\/alter-entorn.com\/fr\/producto\/bonbons-manju\/","url":"https:\/\/alter-entorn.com\/fr\/producto\/bonbons-manju\/","name":"Bonbons au sel de mer Manju adapt\u00e9s aux diab\u00e9tiques","isPartOf":{"@id":"https:\/\/alter-entorn.com\/fr\/#website"},"primaryImageOfPage":{"@id":"https:\/\/alter-entorn.com\/fr\/producto\/bonbons-manju\/#primaryimage"},"image":{"@id":"https:\/\/alter-entorn.com\/fr\/producto\/bonbons-manju\/#primaryimage"},"thumbnailUrl":"https:\/\/alter-entorn.com\/wp-content\/uploads\/2017\/11\/carmels.png","datePublished":"2017-11-02T10:26:43+00:00","dateModified":"2025-02-14T02:20:24+00:00","description":"Bonbons avec 1,5% de sel non iod\u00e9. Renforcer le syst\u00e8me immunitaire, r\u00e9duire le niveau d'acides et acc\u00e9l\u00e9rer la digestion des aliments","breadcrumb":{"@id":"https:\/\/alter-entorn.com\/fr\/producto\/bonbons-manju\/#breadcrumb"},"inLanguage":"fr-FR","potentialAction":[{"@type":"ReadAction","target":["https:\/\/alter-entorn.com\/fr\/producto\/bonbons-manju\/"]}]},{"@type":"ImageObject","inLanguage":"fr-FR","@id":"https:\/\/alter-entorn.com\/fr\/producto\/bonbons-manju\/#primaryimage","url":"https:\/\/alter-entorn.com\/wp-content\/uploads\/2017\/11\/carmels.png","contentUrl":"https:\/\/alter-entorn.com\/wp-content\/uploads\/2017\/11\/carmels.png","width":422,"height":560,"caption":"Caramelos aptos para diab\u00e9ticos"},{"@type":"BreadcrumbList","@id":"https:\/\/alter-entorn.com\/fr\/producto\/bonbons-manju\/#breadcrumb","itemListElement":[{"@type":"ListItem","position":1,"name":"Portada","item":"https:\/\/alter-entorn.com\/fr\/"},{"@type":"ListItem","position":2,"name":"Boutique","item":"https:\/\/alter-entorn.com\/tienda\/"},{"@type":"ListItem","position":3,"name":"Bonbons Manju (100g)"}]},{"@type":"WebSite","@id":"https:\/\/alter-entorn.com\/fr\/#website","url":"https:\/\/alter-entorn.com\/fr\/","name":"alter-entorn","description":"Soluciones Microbiol\u00f3gicas probi\u00f3ticos","publisher":{"@id":"https:\/\/alter-entorn.com\/fr\/#organization"},"potentialAction":[{"@type":"SearchAction","target":{"@type":"EntryPoint","urlTemplate":"https:\/\/alter-entorn.com\/fr\/?s={search_term_string}"},"query-input":{"@type":"PropertyValueSpecification","valueRequired":true,"valueName":"search_term_string"}}],"inLanguage":"fr-FR"},{"@type":"Organization","@id":"https:\/\/alter-entorn.com\/fr\/#organization","name":"alter-entorn","url":"https:\/\/alter-entorn.com\/fr\/","logo":{"@type":"ImageObject","inLanguage":"fr-FR","@id":"https:\/\/alter-entorn.com\/fr\/#\/schema\/logo\/image\/","url":"https:\/\/alter-entorn.com\/wp-content\/uploads\/2018\/10\/logo_alter_entorn-sin-texto-1.png","contentUrl":"https:\/\/alter-entorn.com\/wp-content\/uploads\/2018\/10\/logo_alter_entorn-sin-texto-1.png","width":246,"height":68,"caption":"alter-entorn"},"image":{"@id":"https:\/\/alter-entorn.com\/fr\/#\/schema\/logo\/image\/"},"sameAs":["https:\/\/www.facebook.com\/alterentorn\/","https:\/\/x.com\/alterentorn"]}]}},"_links":{"self":[{"href":"https:\/\/alter-entorn.com\/fr\/wp-json\/wp\/v2\/product\/4531","targetHints":{"allow":["GET"]}}],"collection":[{"href":"https:\/\/alter-entorn.com\/fr\/wp-json\/wp\/v2\/product"}],"about":[{"href":"https:\/\/alter-entorn.com\/fr\/wp-json\/wp\/v2\/types\/product"}],"wp:featuredmedia":[{"embeddable":true,"href":"https:\/\/alter-entorn.com\/fr\/wp-json\/wp\/v2\/media\/7521"}],"wp:attachment":[{"href":"https:\/\/alter-entorn.com\/fr\/wp-json\/wp\/v2\/media?parent=4531"}],"wp:term":[{"taxonomy":"product_brand","embeddable":true,"href":"https:\/\/alter-entorn.com\/fr\/wp-json\/wp\/v2\/product_brand?post=4531"},{"taxonomy":"product_cat","embeddable":true,"href":"https:\/\/alter-entorn.com\/fr\/wp-json\/wp\/v2\/product_cat?post=4531"},{"taxonomy":"product_tag","embeddable":true,"href":"https:\/\/alter-entorn.com\/fr\/wp-json\/wp\/v2\/product_tag?post=4531"}],"curies":[{"name":"wp","href":"https:\/\/api.w.org\/{rel}","templated":true}]}}