{"id":4560,"date":"2017-08-21T17:05:58","date_gmt":"2017-08-21T15:05:58","guid":{"rendered":"http:\/\/alter-entorn.com?post_type=product&#038;p=4560"},"modified":"2025-02-12T22:34:37","modified_gmt":"2025-02-12T20:34:37","slug":"elgan","status":"publish","type":"product","link":"https:\/\/alter-entorn.com\/fr\/producto\/elgan\/","title":{"rendered":"Elgan\u00ae (1l)"},"content":{"rendered":"<p>Les micro-organismes contenus dans Elgan\u00ae d\u00e9gradent les mati\u00e8res organiques et favorisent la disparition des micro-organismes ind\u00e9sirables. Un film s&rsquo;installe progressivement qui maintient les canalisations propres et en bon \u00e9tat, en \u00e9vitant les obstructions et les blocages. Soutient les micro-organismes d\u00e9gradant la mati\u00e8re organique qui travaillent dans les fosses septiques et neutralise les odeurs. Fournit une protection contre la corrosion \u00e0 long terme. \u00c9limine et d\u00e9tartre les salet\u00e9s tenaces. R\u00e9duit les populations de mouches. Emp\u00eache la pourriture en favorisant la fermentation. \u00c9limine les mauvaises odeurs des d\u00e9chets organiques solides et liquides. Acc\u00e9l\u00e8re et optimise le processus de compostage, am\u00e9liore le produit final en apportant des micro-organismes et des nutriments. Pour une meilleure performance du produit, dans certains cas, il est recommand\u00e9 de l&rsquo;associer avec Nutri Start\u00ae, et\/ou Nutri Active\u00ae. Contactez le service technique si vous avez besoin de plus d&rsquo;informations sur son utilisation.<\/p>\n","protected":false},"excerpt":{"rendered":"<p>Une solution durable et saine pour \u00e9liminer les mauvaises odeurs et d\u00e9boucher les canalisations de nos habitations et lieux de travail. Il convient \u00e9galement au compostage, aux fosses septiques et aux toilettes chimiques, entre autres.<\/p>\n","protected":false},"featured_media":8737,"template":"","meta":{"_joinchat":[]},"product_brand":[],"product_cat":[3218,126],"product_tag":[1171,1172,1173,1174,1175,1176,1177,1178,1179,1180],"class_list":{"0":"post-4560","1":"product","2":"type-product","3":"status-publish","4":"has-post-thumbnail","6":"product_cat-compostage-potager-et-jardin","7":"product_cat-residus_","8":"product_tag-eliminer-les-mauvaises-odeurs","9":"product_tag-deboucher-les-tuyaux","10":"product_tag-liquide-pour-compost","11":"product_tag-micro-organismes-de-compostage","12":"product_tag-accelerer-le-compostage","13":"product_tag-eviter-la-putrefaction","14":"product_tag-matiere-organique-liquide","15":"product_tag-decomposer-la-matiere-organique","16":"product_tag-engrais-a-la-maison","17":"product_tag-engrais-domestique","19":"first","20":"instock","21":"taxable","22":"shipping-taxable","23":"purchasable","24":"product-type-variable"},"yoast_head":"<!-- This site is optimized with the Yoast SEO plugin v27.4 - https:\/\/yoast.com\/product\/yoast-seo-wordpress\/ -->\n<title>Elgan\u00ae pour les bouchons, nettoyer les canalisations et acc\u00e9l\u00e9rer le compostage<\/title>\n<meta name=\"description\" content=\"Elgan\u00ae pour acc\u00e9l\u00e9rer le compostage des mati\u00e8res organiques, \u00e9liminer les mauvaises odeurs et nettoyer les canalisations et fosses septiques.\" \/>\n<meta name=\"robots\" content=\"index, follow, max-snippet:-1, max-image-preview:large, max-video-preview:-1\" \/>\n<link rel=\"canonical\" href=\"https:\/\/alter-entorn.com\/fr\/producto\/elgan\/\" \/>\n<meta property=\"og:locale\" content=\"fr_FR\" \/>\n<meta property=\"og:type\" content=\"article\" \/>\n<meta property=\"og:title\" content=\"Elgan\u00ae pour les bouchons, nettoyer les canalisations et acc\u00e9l\u00e9rer le compostage\" \/>\n<meta property=\"og:description\" content=\"Elgan\u00ae pour acc\u00e9l\u00e9rer le compostage des mati\u00e8res organiques, \u00e9liminer les mauvaises odeurs et nettoyer les canalisations et fosses septiques.\" \/>\n<meta property=\"og:url\" content=\"https:\/\/alter-entorn.com\/fr\/producto\/elgan\/\" \/>\n<meta property=\"og:site_name\" content=\"alter-entorn\" \/>\n<meta property=\"article:publisher\" content=\"https:\/\/www.facebook.com\/alterentorn\/\" \/>\n<meta property=\"article:modified_time\" content=\"2025-02-12T20:34:37+00:00\" \/>\n<meta property=\"og:image\" content=\"https:\/\/alter-entorn.com\/wp-content\/uploads\/2022\/03\/elgan1l-1024x768.png\" \/>\n\t<meta property=\"og:image:width\" content=\"1024\" \/>\n\t<meta property=\"og:image:height\" content=\"768\" \/>\n\t<meta property=\"og:image:type\" content=\"image\/png\" \/>\n<meta name=\"twitter:card\" content=\"summary_large_image\" \/>\n<meta name=\"twitter:site\" content=\"@alterentorn\" \/>\n<meta name=\"twitter:label1\" content=\"Dur\u00e9e de lecture estim\u00e9e\" \/>\n\t<meta name=\"twitter:data1\" content=\"1 minute\" \/>\n<script type=\"application\/ld+json\" class=\"yoast-schema-graph\">{\"@context\":\"https:\\\/\\\/schema.org\",\"@graph\":[{\"@type\":\"WebPage\",\"@id\":\"https:\\\/\\\/alter-entorn.com\\\/fr\\\/producto\\\/elgan\\\/\",\"url\":\"https:\\\/\\\/alter-entorn.com\\\/fr\\\/producto\\\/elgan\\\/\",\"name\":\"Elgan\u00ae pour les bouchons, nettoyer les canalisations et acc\u00e9l\u00e9rer le compostage\",\"isPartOf\":{\"@id\":\"https:\\\/\\\/alter-entorn.com\\\/fr\\\/#website\"},\"primaryImageOfPage\":{\"@id\":\"https:\\\/\\\/alter-entorn.com\\\/fr\\\/producto\\\/elgan\\\/#primaryimage\"},\"image\":{\"@id\":\"https:\\\/\\\/alter-entorn.com\\\/fr\\\/producto\\\/elgan\\\/#primaryimage\"},\"thumbnailUrl\":\"https:\\\/\\\/alter-entorn.com\\\/wp-content\\\/uploads\\\/2022\\\/03\\\/elgan1l.png\",\"datePublished\":\"2017-08-21T15:05:58+00:00\",\"dateModified\":\"2025-02-12T20:34:37+00:00\",\"description\":\"Elgan\u00ae pour acc\u00e9l\u00e9rer le compostage des mati\u00e8res organiques, \u00e9liminer les mauvaises odeurs et nettoyer les canalisations et fosses septiques.\",\"breadcrumb\":{\"@id\":\"https:\\\/\\\/alter-entorn.com\\\/fr\\\/producto\\\/elgan\\\/#breadcrumb\"},\"inLanguage\":\"fr-FR\",\"potentialAction\":[{\"@type\":\"ReadAction\",\"target\":[\"https:\\\/\\\/alter-entorn.com\\\/fr\\\/producto\\\/elgan\\\/\"]}]},{\"@type\":\"ImageObject\",\"inLanguage\":\"fr-FR\",\"@id\":\"https:\\\/\\\/alter-entorn.com\\\/fr\\\/producto\\\/elgan\\\/#primaryimage\",\"url\":\"https:\\\/\\\/alter-entorn.com\\\/wp-content\\\/uploads\\\/2022\\\/03\\\/elgan1l.png\",\"contentUrl\":\"https:\\\/\\\/alter-entorn.com\\\/wp-content\\\/uploads\\\/2022\\\/03\\\/elgan1l.png\",\"width\":5184,\"height\":3888,\"caption\":\"Microorganismes combin\u00e9s pour le traitement des d\u00e9chets\"},{\"@type\":\"BreadcrumbList\",\"@id\":\"https:\\\/\\\/alter-entorn.com\\\/fr\\\/producto\\\/elgan\\\/#breadcrumb\",\"itemListElement\":[{\"@type\":\"ListItem\",\"position\":1,\"name\":\"Portada\",\"item\":\"https:\\\/\\\/alter-entorn.com\\\/fr\\\/\"},{\"@type\":\"ListItem\",\"position\":2,\"name\":\"Boutique\",\"item\":\"https:\\\/\\\/alter-entorn.com\\\/tienda\\\/\"},{\"@type\":\"ListItem\",\"position\":3,\"name\":\"Elgan\u00ae (1l)\"}]},{\"@type\":\"WebSite\",\"@id\":\"https:\\\/\\\/alter-entorn.com\\\/fr\\\/#website\",\"url\":\"https:\\\/\\\/alter-entorn.com\\\/fr\\\/\",\"name\":\"alter-entorn\",\"description\":\"Soluciones Microbiol\u00f3gicas probi\u00f3ticos\",\"publisher\":{\"@id\":\"https:\\\/\\\/alter-entorn.com\\\/fr\\\/#organization\"},\"potentialAction\":[{\"@type\":\"SearchAction\",\"target\":{\"@type\":\"EntryPoint\",\"urlTemplate\":\"https:\\\/\\\/alter-entorn.com\\\/fr\\\/?s={search_term_string}\"},\"query-input\":{\"@type\":\"PropertyValueSpecification\",\"valueRequired\":true,\"valueName\":\"search_term_string\"}}],\"inLanguage\":\"fr-FR\"},{\"@type\":\"Organization\",\"@id\":\"https:\\\/\\\/alter-entorn.com\\\/fr\\\/#organization\",\"name\":\"alter-entorn\",\"url\":\"https:\\\/\\\/alter-entorn.com\\\/fr\\\/\",\"logo\":{\"@type\":\"ImageObject\",\"inLanguage\":\"fr-FR\",\"@id\":\"https:\\\/\\\/alter-entorn.com\\\/fr\\\/#\\\/schema\\\/logo\\\/image\\\/\",\"url\":\"https:\\\/\\\/alter-entorn.com\\\/wp-content\\\/uploads\\\/2018\\\/10\\\/logo_alter_entorn-sin-texto-1.png\",\"contentUrl\":\"https:\\\/\\\/alter-entorn.com\\\/wp-content\\\/uploads\\\/2018\\\/10\\\/logo_alter_entorn-sin-texto-1.png\",\"width\":246,\"height\":68,\"caption\":\"alter-entorn\"},\"image\":{\"@id\":\"https:\\\/\\\/alter-entorn.com\\\/fr\\\/#\\\/schema\\\/logo\\\/image\\\/\"},\"sameAs\":[\"https:\\\/\\\/www.facebook.com\\\/alterentorn\\\/\",\"https:\\\/\\\/x.com\\\/alterentorn\"]}]}<\/script>\n<!-- \/ Yoast SEO plugin. -->","yoast_head_json":{"title":"Elgan\u00ae pour les bouchons, nettoyer les canalisations et acc\u00e9l\u00e9rer le compostage","description":"Elgan\u00ae pour acc\u00e9l\u00e9rer le compostage des mati\u00e8res organiques, \u00e9liminer les mauvaises odeurs et nettoyer les canalisations et fosses septiques.","robots":{"index":"index","follow":"follow","max-snippet":"max-snippet:-1","max-image-preview":"max-image-preview:large","max-video-preview":"max-video-preview:-1"},"canonical":"https:\/\/alter-entorn.com\/fr\/producto\/elgan\/","og_locale":"fr_FR","og_type":"article","og_title":"Elgan\u00ae pour les bouchons, nettoyer les canalisations et acc\u00e9l\u00e9rer le compostage","og_description":"Elgan\u00ae pour acc\u00e9l\u00e9rer le compostage des mati\u00e8res organiques, \u00e9liminer les mauvaises odeurs et nettoyer les canalisations et fosses septiques.","og_url":"https:\/\/alter-entorn.com\/fr\/producto\/elgan\/","og_site_name":"alter-entorn","article_publisher":"https:\/\/www.facebook.com\/alterentorn\/","article_modified_time":"2025-02-12T20:34:37+00:00","og_image":[{"width":1024,"height":768,"url":"https:\/\/alter-entorn.com\/wp-content\/uploads\/2022\/03\/elgan1l-1024x768.png","type":"image\/png"}],"twitter_card":"summary_large_image","twitter_site":"@alterentorn","twitter_misc":{"Dur\u00e9e de lecture estim\u00e9e":"1 minute"},"schema":{"@context":"https:\/\/schema.org","@graph":[{"@type":"WebPage","@id":"https:\/\/alter-entorn.com\/fr\/producto\/elgan\/","url":"https:\/\/alter-entorn.com\/fr\/producto\/elgan\/","name":"Elgan\u00ae pour les bouchons, nettoyer les canalisations et acc\u00e9l\u00e9rer le compostage","isPartOf":{"@id":"https:\/\/alter-entorn.com\/fr\/#website"},"primaryImageOfPage":{"@id":"https:\/\/alter-entorn.com\/fr\/producto\/elgan\/#primaryimage"},"image":{"@id":"https:\/\/alter-entorn.com\/fr\/producto\/elgan\/#primaryimage"},"thumbnailUrl":"https:\/\/alter-entorn.com\/wp-content\/uploads\/2022\/03\/elgan1l.png","datePublished":"2017-08-21T15:05:58+00:00","dateModified":"2025-02-12T20:34:37+00:00","description":"Elgan\u00ae pour acc\u00e9l\u00e9rer le compostage des mati\u00e8res organiques, \u00e9liminer les mauvaises odeurs et nettoyer les canalisations et fosses septiques.","breadcrumb":{"@id":"https:\/\/alter-entorn.com\/fr\/producto\/elgan\/#breadcrumb"},"inLanguage":"fr-FR","potentialAction":[{"@type":"ReadAction","target":["https:\/\/alter-entorn.com\/fr\/producto\/elgan\/"]}]},{"@type":"ImageObject","inLanguage":"fr-FR","@id":"https:\/\/alter-entorn.com\/fr\/producto\/elgan\/#primaryimage","url":"https:\/\/alter-entorn.com\/wp-content\/uploads\/2022\/03\/elgan1l.png","contentUrl":"https:\/\/alter-entorn.com\/wp-content\/uploads\/2022\/03\/elgan1l.png","width":5184,"height":3888,"caption":"Microorganismes combin\u00e9s pour le traitement des d\u00e9chets"},{"@type":"BreadcrumbList","@id":"https:\/\/alter-entorn.com\/fr\/producto\/elgan\/#breadcrumb","itemListElement":[{"@type":"ListItem","position":1,"name":"Portada","item":"https:\/\/alter-entorn.com\/fr\/"},{"@type":"ListItem","position":2,"name":"Boutique","item":"https:\/\/alter-entorn.com\/tienda\/"},{"@type":"ListItem","position":3,"name":"Elgan\u00ae (1l)"}]},{"@type":"WebSite","@id":"https:\/\/alter-entorn.com\/fr\/#website","url":"https:\/\/alter-entorn.com\/fr\/","name":"alter-entorn","description":"Soluciones Microbiol\u00f3gicas probi\u00f3ticos","publisher":{"@id":"https:\/\/alter-entorn.com\/fr\/#organization"},"potentialAction":[{"@type":"SearchAction","target":{"@type":"EntryPoint","urlTemplate":"https:\/\/alter-entorn.com\/fr\/?s={search_term_string}"},"query-input":{"@type":"PropertyValueSpecification","valueRequired":true,"valueName":"search_term_string"}}],"inLanguage":"fr-FR"},{"@type":"Organization","@id":"https:\/\/alter-entorn.com\/fr\/#organization","name":"alter-entorn","url":"https:\/\/alter-entorn.com\/fr\/","logo":{"@type":"ImageObject","inLanguage":"fr-FR","@id":"https:\/\/alter-entorn.com\/fr\/#\/schema\/logo\/image\/","url":"https:\/\/alter-entorn.com\/wp-content\/uploads\/2018\/10\/logo_alter_entorn-sin-texto-1.png","contentUrl":"https:\/\/alter-entorn.com\/wp-content\/uploads\/2018\/10\/logo_alter_entorn-sin-texto-1.png","width":246,"height":68,"caption":"alter-entorn"},"image":{"@id":"https:\/\/alter-entorn.com\/fr\/#\/schema\/logo\/image\/"},"sameAs":["https:\/\/www.facebook.com\/alterentorn\/","https:\/\/x.com\/alterentorn"]}]}},"_links":{"self":[{"href":"https:\/\/alter-entorn.com\/fr\/wp-json\/wp\/v2\/product\/4560","targetHints":{"allow":["GET"]}}],"collection":[{"href":"https:\/\/alter-entorn.com\/fr\/wp-json\/wp\/v2\/product"}],"about":[{"href":"https:\/\/alter-entorn.com\/fr\/wp-json\/wp\/v2\/types\/product"}],"wp:featuredmedia":[{"embeddable":true,"href":"https:\/\/alter-entorn.com\/fr\/wp-json\/wp\/v2\/media\/8737"}],"wp:attachment":[{"href":"https:\/\/alter-entorn.com\/fr\/wp-json\/wp\/v2\/media?parent=4560"}],"wp:term":[{"taxonomy":"product_brand","embeddable":true,"href":"https:\/\/alter-entorn.com\/fr\/wp-json\/wp\/v2\/product_brand?post=4560"},{"taxonomy":"product_cat","embeddable":true,"href":"https:\/\/alter-entorn.com\/fr\/wp-json\/wp\/v2\/product_cat?post=4560"},{"taxonomy":"product_tag","embeddable":true,"href":"https:\/\/alter-entorn.com\/fr\/wp-json\/wp\/v2\/product_tag?post=4560"}],"curies":[{"name":"wp","href":"https:\/\/api.w.org\/{rel}","templated":true}]}}