{"id":5691,"date":"2018-07-11T12:21:53","date_gmt":"2018-07-11T10:21:53","guid":{"rendered":"http:\/\/alter-entorn.com\/tienda\/bio-live-for-women\/"},"modified":"2025-12-16T13:09:10","modified_gmt":"2025-12-16T11:09:10","slug":"bio-live-for-women","status":"publish","type":"product","link":"https:\/\/alter-entorn.com\/fr\/producto\/bio-live-for-women\/","title":{"rendered":"microbz for Women (500ml) &#8211; Boisson ferment\u00e9e"},"content":{"rendered":"<p>Boisson de fermentation naturelle sp\u00e9cialement con\u00e7ue pour la sant\u00e9 des femmes. \u00c9quilibre la flore vaginale et le syst\u00e8me hormonal, soulageant les sympt\u00f4mes du syndrome pr\u00e9menstruel et de la m\u00e9nopause. Il soutient les m\u00e8res pendant la grossesse et l&rsquo;allaitement, tout en offrant les b\u00e9n\u00e9fices attendus pour la sant\u00e9 digestive.<\/p>\n<p>Combinaison de 14 familles de microorganismes b\u00e9n\u00e9fiques soigneusement s\u00e9lectionn\u00e9s avec 18 herbes et min\u00e9raux. Convient aux r\u00e9gimes v\u00e9g\u00e9tariens et v\u00e9g\u00e9taliens.<\/p>\n<p>Ceci est un compl\u00e9ment alimentaire et non un produit m\u00e9dical. Les effets ne sont pas garantis et les r\u00e9sultats peuvent varier.<\/p>\n","protected":false},"excerpt":{"rendered":"<p><strong><span lang=\"en-US\">VEGAN<\/span><\/strong><\/p>\n<p><span lang=\"en-US\"> Boisson de fermentation naturelle \u00e0 partir de micro-organismes b\u00e9n\u00e9fiques, d&rsquo;herbes, de jus de fruits et de min\u00e9raux. Sp\u00e9cifique aux femmes pour maintenir l&rsquo;\u00e9quilibre du syst\u00e8me hormonal, entre autres avantages. <\/span><\/p>\n<p><span lang=\"en-US\"> Sans lactose, sans sucre. <\/span><\/p>\n","protected":false},"featured_media":10290,"template":"","meta":{"_joinchat":[]},"product_brand":[],"product_cat":[115,120],"product_tag":[1854,1855,1856,1857,1858,1859,1860,1861,1862],"class_list":{"0":"post-5691","1":"product","2":"type-product","3":"status-publish","4":"has-post-thumbnail","6":"product_cat-sante-et-bien-etre","7":"product_cat-supplements-probiotiques","8":"product_tag-femme-probiotique","9":"product_tag-lactation-probiotique","10":"product_tag-grossesse-probiotique","11":"product_tag-menopause-probiotique","12":"product_tag-menstruation-probiotique","13":"product_tag-flore-vaginale","14":"product_tag-ameliorer-le-systeme-hormonal","15":"product_tag-equilibrer-la-flore-vaginale","16":"product_tag-femmes-probiotiques","18":"first","19":"instock","20":"taxable","21":"shipping-taxable","22":"purchasable","23":"product-type-variable"},"yoast_head":"<!-- This site is optimized with the Yoast SEO plugin v27.5 - https:\/\/yoast.com\/product\/yoast-seo-wordpress\/ -->\n<title>microbz for Women - Boisson ferment\u00e9e pour femme<\/title>\n<meta name=\"description\" content=\"Boisson ferment\u00e9e sp\u00e9cialement pour les femmes. \u00c9quilibre la flore vaginale et le syst\u00e8me hormonal, soulage les sympt\u00f4mes pr\u00e9menstruels et m\u00e9nopausiques, aide pendant la grossesse et l&#039;allaitement\" \/>\n<meta name=\"robots\" content=\"index, follow, max-snippet:-1, max-image-preview:large, max-video-preview:-1\" \/>\n<link rel=\"canonical\" href=\"https:\/\/alter-entorn.com\/fr\/producto\/bio-live-for-women\/\" \/>\n<meta property=\"og:locale\" content=\"fr_FR\" \/>\n<meta property=\"og:type\" content=\"article\" \/>\n<meta property=\"og:title\" content=\"microbz for Women - Boisson ferment\u00e9e pour femme\" \/>\n<meta property=\"og:description\" content=\"Boisson ferment\u00e9e sp\u00e9cialement pour les femmes. \u00c9quilibre la flore vaginale et le syst\u00e8me hormonal, soulage les sympt\u00f4mes pr\u00e9menstruels et m\u00e9nopausiques, aide pendant la grossesse et l&#039;allaitement\" \/>\n<meta property=\"og:url\" content=\"https:\/\/alter-entorn.com\/fr\/producto\/bio-live-for-women\/\" \/>\n<meta property=\"og:site_name\" content=\"alter-entorn\" \/>\n<meta property=\"article:publisher\" content=\"https:\/\/www.facebook.com\/alterentorn\/\" \/>\n<meta property=\"article:modified_time\" content=\"2025-12-16T11:09:10+00:00\" \/>\n<meta property=\"og:image\" content=\"https:\/\/alter-entorn.com\/wp-content\/uploads\/2018\/07\/blwomen1.png\" \/>\n\t<meta property=\"og:image:width\" content=\"1000\" \/>\n\t<meta property=\"og:image:height\" content=\"1500\" \/>\n\t<meta property=\"og:image:type\" content=\"image\/png\" \/>\n<meta name=\"twitter:card\" content=\"summary_large_image\" \/>\n<meta name=\"twitter:site\" content=\"@alterentorn\" \/>\n<meta name=\"twitter:label1\" content=\"Dur\u00e9e de lecture estim\u00e9e\" \/>\n\t<meta name=\"twitter:data1\" content=\"1 minute\" \/>\n<script type=\"application\/ld+json\" class=\"yoast-schema-graph\">{\"@context\":\"https:\\\/\\\/schema.org\",\"@graph\":[{\"@type\":\"WebPage\",\"@id\":\"https:\\\/\\\/alter-entorn.com\\\/fr\\\/producto\\\/bio-live-for-women\\\/\",\"url\":\"https:\\\/\\\/alter-entorn.com\\\/fr\\\/producto\\\/bio-live-for-women\\\/\",\"name\":\"microbz for Women - Boisson ferment\u00e9e pour femme\",\"isPartOf\":{\"@id\":\"https:\\\/\\\/alter-entorn.com\\\/fr\\\/#website\"},\"primaryImageOfPage\":{\"@id\":\"https:\\\/\\\/alter-entorn.com\\\/fr\\\/producto\\\/bio-live-for-women\\\/#primaryimage\"},\"image\":{\"@id\":\"https:\\\/\\\/alter-entorn.com\\\/fr\\\/producto\\\/bio-live-for-women\\\/#primaryimage\"},\"thumbnailUrl\":\"https:\\\/\\\/alter-entorn.com\\\/wp-content\\\/uploads\\\/2018\\\/07\\\/blwomen1.png\",\"datePublished\":\"2018-07-11T10:21:53+00:00\",\"dateModified\":\"2025-12-16T11:09:10+00:00\",\"description\":\"Boisson ferment\u00e9e sp\u00e9cialement pour les femmes. \u00c9quilibre la flore vaginale et le syst\u00e8me hormonal, soulage les sympt\u00f4mes pr\u00e9menstruels et m\u00e9nopausiques, aide pendant la grossesse et l'allaitement\",\"breadcrumb\":{\"@id\":\"https:\\\/\\\/alter-entorn.com\\\/fr\\\/producto\\\/bio-live-for-women\\\/#breadcrumb\"},\"inLanguage\":\"fr-FR\",\"potentialAction\":[{\"@type\":\"ReadAction\",\"target\":[\"https:\\\/\\\/alter-entorn.com\\\/fr\\\/producto\\\/bio-live-for-women\\\/\"]}]},{\"@type\":\"ImageObject\",\"inLanguage\":\"fr-FR\",\"@id\":\"https:\\\/\\\/alter-entorn.com\\\/fr\\\/producto\\\/bio-live-for-women\\\/#primaryimage\",\"url\":\"https:\\\/\\\/alter-entorn.com\\\/wp-content\\\/uploads\\\/2018\\\/07\\\/blwomen1.png\",\"contentUrl\":\"https:\\\/\\\/alter-entorn.com\\\/wp-content\\\/uploads\\\/2018\\\/07\\\/blwomen1.png\",\"width\":1000,\"height\":1500,\"caption\":\"Suplement probiotique Microbz women\"},{\"@type\":\"BreadcrumbList\",\"@id\":\"https:\\\/\\\/alter-entorn.com\\\/fr\\\/producto\\\/bio-live-for-women\\\/#breadcrumb\",\"itemListElement\":[{\"@type\":\"ListItem\",\"position\":1,\"name\":\"Portada\",\"item\":\"https:\\\/\\\/alter-entorn.com\\\/fr\\\/\"},{\"@type\":\"ListItem\",\"position\":2,\"name\":\"Boutique\",\"item\":\"https:\\\/\\\/alter-entorn.com\\\/tienda\\\/\"},{\"@type\":\"ListItem\",\"position\":3,\"name\":\"microbz for Women (500ml) &#8211; Boisson ferment\u00e9e\"}]},{\"@type\":\"WebSite\",\"@id\":\"https:\\\/\\\/alter-entorn.com\\\/fr\\\/#website\",\"url\":\"https:\\\/\\\/alter-entorn.com\\\/fr\\\/\",\"name\":\"alter-entorn\",\"description\":\"Soluciones Microbiol\u00f3gicas probi\u00f3ticos\",\"publisher\":{\"@id\":\"https:\\\/\\\/alter-entorn.com\\\/fr\\\/#organization\"},\"potentialAction\":[{\"@type\":\"SearchAction\",\"target\":{\"@type\":\"EntryPoint\",\"urlTemplate\":\"https:\\\/\\\/alter-entorn.com\\\/fr\\\/?s={search_term_string}\"},\"query-input\":{\"@type\":\"PropertyValueSpecification\",\"valueRequired\":true,\"valueName\":\"search_term_string\"}}],\"inLanguage\":\"fr-FR\"},{\"@type\":\"Organization\",\"@id\":\"https:\\\/\\\/alter-entorn.com\\\/fr\\\/#organization\",\"name\":\"alter-entorn\",\"url\":\"https:\\\/\\\/alter-entorn.com\\\/fr\\\/\",\"logo\":{\"@type\":\"ImageObject\",\"inLanguage\":\"fr-FR\",\"@id\":\"https:\\\/\\\/alter-entorn.com\\\/fr\\\/#\\\/schema\\\/logo\\\/image\\\/\",\"url\":\"https:\\\/\\\/alter-entorn.com\\\/wp-content\\\/uploads\\\/2018\\\/10\\\/logo_alter_entorn-sin-texto-1.png\",\"contentUrl\":\"https:\\\/\\\/alter-entorn.com\\\/wp-content\\\/uploads\\\/2018\\\/10\\\/logo_alter_entorn-sin-texto-1.png\",\"width\":246,\"height\":68,\"caption\":\"alter-entorn\"},\"image\":{\"@id\":\"https:\\\/\\\/alter-entorn.com\\\/fr\\\/#\\\/schema\\\/logo\\\/image\\\/\"},\"sameAs\":[\"https:\\\/\\\/www.facebook.com\\\/alterentorn\\\/\",\"https:\\\/\\\/x.com\\\/alterentorn\"]}]}<\/script>\n<!-- \/ Yoast SEO plugin. -->","yoast_head_json":{"title":"microbz for Women - Boisson ferment\u00e9e pour femme","description":"Boisson ferment\u00e9e sp\u00e9cialement pour les femmes. \u00c9quilibre la flore vaginale et le syst\u00e8me hormonal, soulage les sympt\u00f4mes pr\u00e9menstruels et m\u00e9nopausiques, aide pendant la grossesse et l'allaitement","robots":{"index":"index","follow":"follow","max-snippet":"max-snippet:-1","max-image-preview":"max-image-preview:large","max-video-preview":"max-video-preview:-1"},"canonical":"https:\/\/alter-entorn.com\/fr\/producto\/bio-live-for-women\/","og_locale":"fr_FR","og_type":"article","og_title":"microbz for Women - Boisson ferment\u00e9e pour femme","og_description":"Boisson ferment\u00e9e sp\u00e9cialement pour les femmes. \u00c9quilibre la flore vaginale et le syst\u00e8me hormonal, soulage les sympt\u00f4mes pr\u00e9menstruels et m\u00e9nopausiques, aide pendant la grossesse et l'allaitement","og_url":"https:\/\/alter-entorn.com\/fr\/producto\/bio-live-for-women\/","og_site_name":"alter-entorn","article_publisher":"https:\/\/www.facebook.com\/alterentorn\/","article_modified_time":"2025-12-16T11:09:10+00:00","og_image":[{"width":1000,"height":1500,"url":"https:\/\/alter-entorn.com\/wp-content\/uploads\/2018\/07\/blwomen1.png","type":"image\/png"}],"twitter_card":"summary_large_image","twitter_site":"@alterentorn","twitter_misc":{"Dur\u00e9e de lecture estim\u00e9e":"1 minute"},"schema":{"@context":"https:\/\/schema.org","@graph":[{"@type":"WebPage","@id":"https:\/\/alter-entorn.com\/fr\/producto\/bio-live-for-women\/","url":"https:\/\/alter-entorn.com\/fr\/producto\/bio-live-for-women\/","name":"microbz for Women - Boisson ferment\u00e9e pour femme","isPartOf":{"@id":"https:\/\/alter-entorn.com\/fr\/#website"},"primaryImageOfPage":{"@id":"https:\/\/alter-entorn.com\/fr\/producto\/bio-live-for-women\/#primaryimage"},"image":{"@id":"https:\/\/alter-entorn.com\/fr\/producto\/bio-live-for-women\/#primaryimage"},"thumbnailUrl":"https:\/\/alter-entorn.com\/wp-content\/uploads\/2018\/07\/blwomen1.png","datePublished":"2018-07-11T10:21:53+00:00","dateModified":"2025-12-16T11:09:10+00:00","description":"Boisson ferment\u00e9e sp\u00e9cialement pour les femmes. \u00c9quilibre la flore vaginale et le syst\u00e8me hormonal, soulage les sympt\u00f4mes pr\u00e9menstruels et m\u00e9nopausiques, aide pendant la grossesse et l'allaitement","breadcrumb":{"@id":"https:\/\/alter-entorn.com\/fr\/producto\/bio-live-for-women\/#breadcrumb"},"inLanguage":"fr-FR","potentialAction":[{"@type":"ReadAction","target":["https:\/\/alter-entorn.com\/fr\/producto\/bio-live-for-women\/"]}]},{"@type":"ImageObject","inLanguage":"fr-FR","@id":"https:\/\/alter-entorn.com\/fr\/producto\/bio-live-for-women\/#primaryimage","url":"https:\/\/alter-entorn.com\/wp-content\/uploads\/2018\/07\/blwomen1.png","contentUrl":"https:\/\/alter-entorn.com\/wp-content\/uploads\/2018\/07\/blwomen1.png","width":1000,"height":1500,"caption":"Suplement probiotique Microbz women"},{"@type":"BreadcrumbList","@id":"https:\/\/alter-entorn.com\/fr\/producto\/bio-live-for-women\/#breadcrumb","itemListElement":[{"@type":"ListItem","position":1,"name":"Portada","item":"https:\/\/alter-entorn.com\/fr\/"},{"@type":"ListItem","position":2,"name":"Boutique","item":"https:\/\/alter-entorn.com\/tienda\/"},{"@type":"ListItem","position":3,"name":"microbz for Women (500ml) &#8211; Boisson ferment\u00e9e"}]},{"@type":"WebSite","@id":"https:\/\/alter-entorn.com\/fr\/#website","url":"https:\/\/alter-entorn.com\/fr\/","name":"alter-entorn","description":"Soluciones Microbiol\u00f3gicas probi\u00f3ticos","publisher":{"@id":"https:\/\/alter-entorn.com\/fr\/#organization"},"potentialAction":[{"@type":"SearchAction","target":{"@type":"EntryPoint","urlTemplate":"https:\/\/alter-entorn.com\/fr\/?s={search_term_string}"},"query-input":{"@type":"PropertyValueSpecification","valueRequired":true,"valueName":"search_term_string"}}],"inLanguage":"fr-FR"},{"@type":"Organization","@id":"https:\/\/alter-entorn.com\/fr\/#organization","name":"alter-entorn","url":"https:\/\/alter-entorn.com\/fr\/","logo":{"@type":"ImageObject","inLanguage":"fr-FR","@id":"https:\/\/alter-entorn.com\/fr\/#\/schema\/logo\/image\/","url":"https:\/\/alter-entorn.com\/wp-content\/uploads\/2018\/10\/logo_alter_entorn-sin-texto-1.png","contentUrl":"https:\/\/alter-entorn.com\/wp-content\/uploads\/2018\/10\/logo_alter_entorn-sin-texto-1.png","width":246,"height":68,"caption":"alter-entorn"},"image":{"@id":"https:\/\/alter-entorn.com\/fr\/#\/schema\/logo\/image\/"},"sameAs":["https:\/\/www.facebook.com\/alterentorn\/","https:\/\/x.com\/alterentorn"]}]}},"_links":{"self":[{"href":"https:\/\/alter-entorn.com\/fr\/wp-json\/wp\/v2\/product\/5691","targetHints":{"allow":["GET"]}}],"collection":[{"href":"https:\/\/alter-entorn.com\/fr\/wp-json\/wp\/v2\/product"}],"about":[{"href":"https:\/\/alter-entorn.com\/fr\/wp-json\/wp\/v2\/types\/product"}],"wp:featuredmedia":[{"embeddable":true,"href":"https:\/\/alter-entorn.com\/fr\/wp-json\/wp\/v2\/media\/10290"}],"wp:attachment":[{"href":"https:\/\/alter-entorn.com\/fr\/wp-json\/wp\/v2\/media?parent=5691"}],"wp:term":[{"taxonomy":"product_brand","embeddable":true,"href":"https:\/\/alter-entorn.com\/fr\/wp-json\/wp\/v2\/product_brand?post=5691"},{"taxonomy":"product_cat","embeddable":true,"href":"https:\/\/alter-entorn.com\/fr\/wp-json\/wp\/v2\/product_cat?post=5691"},{"taxonomy":"product_tag","embeddable":true,"href":"https:\/\/alter-entorn.com\/fr\/wp-json\/wp\/v2\/product_tag?post=5691"}],"curies":[{"name":"wp","href":"https:\/\/api.w.org\/{rel}","templated":true}]}}