{"id":6170,"date":"2018-10-16T11:58:47","date_gmt":"2018-10-16T09:58:47","guid":{"rendered":"https:\/\/alter-entorn.com\/producto\/crema-de-manos\/"},"modified":"2025-02-15T10:26:41","modified_gmt":"2025-02-15T08:26:41","slug":"creme-de-mains","status":"publish","type":"product","link":"https:\/\/alter-entorn.com\/fr\/producto\/creme-de-mains\/","title":{"rendered":"Cr\u00e8me Mains Bioemsan (70ml) &#8211; Cosm\u00e9tique"},"content":{"rendered":"<p>Pour obtenir de belles et belles mains, l&rsquo;application r\u00e9guli\u00e8re de la cr\u00e8me pour les mains Bioemsan r\u00e9g\u00e9n\u00e8re le manteau acide de la peau, hydrate et nourrit l&rsquo;\u00e9piderme, renforce les ongles et prend soin des cuticules. Prot\u00e8ge contre le vieillissement pr\u00e9matur\u00e9 de la peau et les rayons UV. Son association avec le nettoyage du savon aux sels Bioemsan augmentera ses effets b\u00e9n\u00e9fiques.<\/p>\n","protected":false},"excerpt":{"rendered":"<p>Cr\u00e8me pour le soin de toutes sortes de mains. Nourrit, hydrate et rajeunit le manteau acide de la peau; renforce les ongles et nourrit les cuticules. Absorption rapide.<\/p>\n<p>Sans conservateurs, sans \u00e9mulsifiants synth\u00e9tiques, transg\u00e9niques, parfums et colorants. Sans cruaut\u00e9.<\/p>\n<p><img loading=\"lazy\" decoding=\"async\" class=\"alignnone size-medium wp-image-6905\" src=\"https:\/\/alter-entorn.com\/wp-content\/uploads\/2017\/07\/sellos-cosmetica-300x169.png\" alt=\"Sellos de cosm\u00e9tica natural y ecol\u00f3gica Bioemsan\" width=\"300\" height=\"169\" srcset=\"https:\/\/alter-entorn.com\/wp-content\/uploads\/2017\/07\/sellos-cosmetica-300x169.png 300w, https:\/\/alter-entorn.com\/wp-content\/uploads\/2017\/07\/sellos-cosmetica-768x432.png 768w, https:\/\/alter-entorn.com\/wp-content\/uploads\/2017\/07\/sellos-cosmetica-1024x576.png 1024w, https:\/\/alter-entorn.com\/wp-content\/uploads\/2017\/07\/sellos-cosmetica-570x321.png 570w, https:\/\/alter-entorn.com\/wp-content\/uploads\/2017\/07\/sellos-cosmetica.png 1920w\" sizes=\"auto, (max-width: 300px) 100vw, 300px\" \/><\/p>\n","protected":false},"featured_media":6001,"template":"","meta":{"_joinchat":[]},"product_brand":[],"product_cat":[115,121],"product_tag":[978,2227,2228,2295,2296,2297,2298,2299,2300],"class_list":{"0":"post-6170","1":"product","2":"type-product","3":"status-publish","4":"has-post-thumbnail","6":"product_cat-sante-et-bien-etre","7":"product_cat-cosmetiques-naturels-hygiene","8":"product_tag-cosmetiques-naturels","9":"product_tag-biocosmetica-fr","10":"product_tag-cosmetica-probiotica-fr","11":"product_tag-crema-de-manos-natural-fr","12":"product_tag-crema-fortalecer-unas-fr","13":"product_tag-crema-manos-ecologica-fr","14":"product_tag-crema-manos-rapida-absorcion-fr","15":"product_tag-crema-para-cuticulas-fr","16":"product_tag-rejuvenecer-manos-fr","18":"first","19":"instock","20":"taxable","21":"shipping-taxable","22":"purchasable","23":"product-type-simple"},"yoast_head":"<!-- This site is optimized with the Yoast SEO plugin v27.4 - https:\/\/yoast.com\/product\/yoast-seo-wordpress\/ -->\n<title>Cr\u00e8me pour les mains naturelle et biologique Bioemsan - alter-entorn.com<\/title>\n<meta name=\"description\" content=\"Cr\u00e8me pour le soin de toutes sortes de mains. Nourrit, hydrate et rajeunit le manteau acide de la peau; renforce les ongles et nourrit les cuticules.\" \/>\n<meta name=\"robots\" content=\"index, follow, max-snippet:-1, max-image-preview:large, max-video-preview:-1\" \/>\n<link rel=\"canonical\" href=\"https:\/\/alter-entorn.com\/fr\/producto\/creme-de-mains\/\" \/>\n<meta property=\"og:locale\" content=\"fr_FR\" \/>\n<meta property=\"og:type\" content=\"article\" \/>\n<meta property=\"og:title\" content=\"Cr\u00e8me pour les mains naturelle et biologique Bioemsan - alter-entorn.com\" \/>\n<meta property=\"og:description\" content=\"Cr\u00e8me pour le soin de toutes sortes de mains. Nourrit, hydrate et rajeunit le manteau acide de la peau; renforce les ongles et nourrit les cuticules.\" \/>\n<meta property=\"og:url\" content=\"https:\/\/alter-entorn.com\/fr\/producto\/creme-de-mains\/\" \/>\n<meta property=\"og:site_name\" content=\"alter-entorn\" \/>\n<meta property=\"article:publisher\" content=\"https:\/\/www.facebook.com\/alterentorn\/\" \/>\n<meta property=\"article:modified_time\" content=\"2025-02-15T08:26:41+00:00\" \/>\n<meta property=\"og:image\" content=\"https:\/\/alter-entorn.com\/wp-content\/uploads\/2018\/10\/crema-manos1.png\" \/>\n\t<meta property=\"og:image:width\" content=\"450\" \/>\n\t<meta property=\"og:image:height\" content=\"450\" \/>\n\t<meta property=\"og:image:type\" content=\"image\/png\" \/>\n<meta name=\"twitter:card\" content=\"summary_large_image\" \/>\n<meta name=\"twitter:site\" content=\"@alterentorn\" \/>\n<script type=\"application\/ld+json\" class=\"yoast-schema-graph\">{\"@context\":\"https:\\\/\\\/schema.org\",\"@graph\":[{\"@type\":\"WebPage\",\"@id\":\"https:\\\/\\\/alter-entorn.com\\\/fr\\\/producto\\\/creme-de-mains\\\/\",\"url\":\"https:\\\/\\\/alter-entorn.com\\\/fr\\\/producto\\\/creme-de-mains\\\/\",\"name\":\"Cr\u00e8me pour les mains naturelle et biologique Bioemsan - alter-entorn.com\",\"isPartOf\":{\"@id\":\"https:\\\/\\\/alter-entorn.com\\\/fr\\\/#website\"},\"primaryImageOfPage\":{\"@id\":\"https:\\\/\\\/alter-entorn.com\\\/fr\\\/producto\\\/creme-de-mains\\\/#primaryimage\"},\"image\":{\"@id\":\"https:\\\/\\\/alter-entorn.com\\\/fr\\\/producto\\\/creme-de-mains\\\/#primaryimage\"},\"thumbnailUrl\":\"https:\\\/\\\/alter-entorn.com\\\/wp-content\\\/uploads\\\/2018\\\/10\\\/crema-manos1.png\",\"datePublished\":\"2018-10-16T09:58:47+00:00\",\"dateModified\":\"2025-02-15T08:26:41+00:00\",\"description\":\"Cr\u00e8me pour le soin de toutes sortes de mains. Nourrit, hydrate et rajeunit le manteau acide de la peau; renforce les ongles et nourrit les cuticules.\",\"breadcrumb\":{\"@id\":\"https:\\\/\\\/alter-entorn.com\\\/fr\\\/producto\\\/creme-de-mains\\\/#breadcrumb\"},\"inLanguage\":\"fr-FR\",\"potentialAction\":[{\"@type\":\"ReadAction\",\"target\":[\"https:\\\/\\\/alter-entorn.com\\\/fr\\\/producto\\\/creme-de-mains\\\/\"]}]},{\"@type\":\"ImageObject\",\"inLanguage\":\"fr-FR\",\"@id\":\"https:\\\/\\\/alter-entorn.com\\\/fr\\\/producto\\\/creme-de-mains\\\/#primaryimage\",\"url\":\"https:\\\/\\\/alter-entorn.com\\\/wp-content\\\/uploads\\\/2018\\\/10\\\/crema-manos1.png\",\"contentUrl\":\"https:\\\/\\\/alter-entorn.com\\\/wp-content\\\/uploads\\\/2018\\\/10\\\/crema-manos1.png\",\"width\":450,\"height\":450,\"caption\":\"Bioemsan cr\u00e8me naturelle pour les mains\"},{\"@type\":\"BreadcrumbList\",\"@id\":\"https:\\\/\\\/alter-entorn.com\\\/fr\\\/producto\\\/creme-de-mains\\\/#breadcrumb\",\"itemListElement\":[{\"@type\":\"ListItem\",\"position\":1,\"name\":\"Portada\",\"item\":\"https:\\\/\\\/alter-entorn.com\\\/fr\\\/\"},{\"@type\":\"ListItem\",\"position\":2,\"name\":\"Boutique\",\"item\":\"https:\\\/\\\/alter-entorn.com\\\/tienda\\\/\"},{\"@type\":\"ListItem\",\"position\":3,\"name\":\"Cr\u00e8me Mains Bioemsan (70ml) &#8211; Cosm\u00e9tique\"}]},{\"@type\":\"WebSite\",\"@id\":\"https:\\\/\\\/alter-entorn.com\\\/fr\\\/#website\",\"url\":\"https:\\\/\\\/alter-entorn.com\\\/fr\\\/\",\"name\":\"alter-entorn\",\"description\":\"Soluciones Microbiol\u00f3gicas probi\u00f3ticos\",\"publisher\":{\"@id\":\"https:\\\/\\\/alter-entorn.com\\\/fr\\\/#organization\"},\"potentialAction\":[{\"@type\":\"SearchAction\",\"target\":{\"@type\":\"EntryPoint\",\"urlTemplate\":\"https:\\\/\\\/alter-entorn.com\\\/fr\\\/?s={search_term_string}\"},\"query-input\":{\"@type\":\"PropertyValueSpecification\",\"valueRequired\":true,\"valueName\":\"search_term_string\"}}],\"inLanguage\":\"fr-FR\"},{\"@type\":\"Organization\",\"@id\":\"https:\\\/\\\/alter-entorn.com\\\/fr\\\/#organization\",\"name\":\"alter-entorn\",\"url\":\"https:\\\/\\\/alter-entorn.com\\\/fr\\\/\",\"logo\":{\"@type\":\"ImageObject\",\"inLanguage\":\"fr-FR\",\"@id\":\"https:\\\/\\\/alter-entorn.com\\\/fr\\\/#\\\/schema\\\/logo\\\/image\\\/\",\"url\":\"https:\\\/\\\/alter-entorn.com\\\/wp-content\\\/uploads\\\/2018\\\/10\\\/logo_alter_entorn-sin-texto-1.png\",\"contentUrl\":\"https:\\\/\\\/alter-entorn.com\\\/wp-content\\\/uploads\\\/2018\\\/10\\\/logo_alter_entorn-sin-texto-1.png\",\"width\":246,\"height\":68,\"caption\":\"alter-entorn\"},\"image\":{\"@id\":\"https:\\\/\\\/alter-entorn.com\\\/fr\\\/#\\\/schema\\\/logo\\\/image\\\/\"},\"sameAs\":[\"https:\\\/\\\/www.facebook.com\\\/alterentorn\\\/\",\"https:\\\/\\\/x.com\\\/alterentorn\"]}]}<\/script>\n<!-- \/ Yoast SEO plugin. -->","yoast_head_json":{"title":"Cr\u00e8me pour les mains naturelle et biologique Bioemsan - alter-entorn.com","description":"Cr\u00e8me pour le soin de toutes sortes de mains. Nourrit, hydrate et rajeunit le manteau acide de la peau; renforce les ongles et nourrit les cuticules.","robots":{"index":"index","follow":"follow","max-snippet":"max-snippet:-1","max-image-preview":"max-image-preview:large","max-video-preview":"max-video-preview:-1"},"canonical":"https:\/\/alter-entorn.com\/fr\/producto\/creme-de-mains\/","og_locale":"fr_FR","og_type":"article","og_title":"Cr\u00e8me pour les mains naturelle et biologique Bioemsan - alter-entorn.com","og_description":"Cr\u00e8me pour le soin de toutes sortes de mains. Nourrit, hydrate et rajeunit le manteau acide de la peau; renforce les ongles et nourrit les cuticules.","og_url":"https:\/\/alter-entorn.com\/fr\/producto\/creme-de-mains\/","og_site_name":"alter-entorn","article_publisher":"https:\/\/www.facebook.com\/alterentorn\/","article_modified_time":"2025-02-15T08:26:41+00:00","og_image":[{"width":450,"height":450,"url":"https:\/\/alter-entorn.com\/wp-content\/uploads\/2018\/10\/crema-manos1.png","type":"image\/png"}],"twitter_card":"summary_large_image","twitter_site":"@alterentorn","schema":{"@context":"https:\/\/schema.org","@graph":[{"@type":"WebPage","@id":"https:\/\/alter-entorn.com\/fr\/producto\/creme-de-mains\/","url":"https:\/\/alter-entorn.com\/fr\/producto\/creme-de-mains\/","name":"Cr\u00e8me pour les mains naturelle et biologique Bioemsan - alter-entorn.com","isPartOf":{"@id":"https:\/\/alter-entorn.com\/fr\/#website"},"primaryImageOfPage":{"@id":"https:\/\/alter-entorn.com\/fr\/producto\/creme-de-mains\/#primaryimage"},"image":{"@id":"https:\/\/alter-entorn.com\/fr\/producto\/creme-de-mains\/#primaryimage"},"thumbnailUrl":"https:\/\/alter-entorn.com\/wp-content\/uploads\/2018\/10\/crema-manos1.png","datePublished":"2018-10-16T09:58:47+00:00","dateModified":"2025-02-15T08:26:41+00:00","description":"Cr\u00e8me pour le soin de toutes sortes de mains. Nourrit, hydrate et rajeunit le manteau acide de la peau; renforce les ongles et nourrit les cuticules.","breadcrumb":{"@id":"https:\/\/alter-entorn.com\/fr\/producto\/creme-de-mains\/#breadcrumb"},"inLanguage":"fr-FR","potentialAction":[{"@type":"ReadAction","target":["https:\/\/alter-entorn.com\/fr\/producto\/creme-de-mains\/"]}]},{"@type":"ImageObject","inLanguage":"fr-FR","@id":"https:\/\/alter-entorn.com\/fr\/producto\/creme-de-mains\/#primaryimage","url":"https:\/\/alter-entorn.com\/wp-content\/uploads\/2018\/10\/crema-manos1.png","contentUrl":"https:\/\/alter-entorn.com\/wp-content\/uploads\/2018\/10\/crema-manos1.png","width":450,"height":450,"caption":"Bioemsan cr\u00e8me naturelle pour les mains"},{"@type":"BreadcrumbList","@id":"https:\/\/alter-entorn.com\/fr\/producto\/creme-de-mains\/#breadcrumb","itemListElement":[{"@type":"ListItem","position":1,"name":"Portada","item":"https:\/\/alter-entorn.com\/fr\/"},{"@type":"ListItem","position":2,"name":"Boutique","item":"https:\/\/alter-entorn.com\/tienda\/"},{"@type":"ListItem","position":3,"name":"Cr\u00e8me Mains Bioemsan (70ml) &#8211; Cosm\u00e9tique"}]},{"@type":"WebSite","@id":"https:\/\/alter-entorn.com\/fr\/#website","url":"https:\/\/alter-entorn.com\/fr\/","name":"alter-entorn","description":"Soluciones Microbiol\u00f3gicas probi\u00f3ticos","publisher":{"@id":"https:\/\/alter-entorn.com\/fr\/#organization"},"potentialAction":[{"@type":"SearchAction","target":{"@type":"EntryPoint","urlTemplate":"https:\/\/alter-entorn.com\/fr\/?s={search_term_string}"},"query-input":{"@type":"PropertyValueSpecification","valueRequired":true,"valueName":"search_term_string"}}],"inLanguage":"fr-FR"},{"@type":"Organization","@id":"https:\/\/alter-entorn.com\/fr\/#organization","name":"alter-entorn","url":"https:\/\/alter-entorn.com\/fr\/","logo":{"@type":"ImageObject","inLanguage":"fr-FR","@id":"https:\/\/alter-entorn.com\/fr\/#\/schema\/logo\/image\/","url":"https:\/\/alter-entorn.com\/wp-content\/uploads\/2018\/10\/logo_alter_entorn-sin-texto-1.png","contentUrl":"https:\/\/alter-entorn.com\/wp-content\/uploads\/2018\/10\/logo_alter_entorn-sin-texto-1.png","width":246,"height":68,"caption":"alter-entorn"},"image":{"@id":"https:\/\/alter-entorn.com\/fr\/#\/schema\/logo\/image\/"},"sameAs":["https:\/\/www.facebook.com\/alterentorn\/","https:\/\/x.com\/alterentorn"]}]}},"_links":{"self":[{"href":"https:\/\/alter-entorn.com\/fr\/wp-json\/wp\/v2\/product\/6170","targetHints":{"allow":["GET"]}}],"collection":[{"href":"https:\/\/alter-entorn.com\/fr\/wp-json\/wp\/v2\/product"}],"about":[{"href":"https:\/\/alter-entorn.com\/fr\/wp-json\/wp\/v2\/types\/product"}],"wp:featuredmedia":[{"embeddable":true,"href":"https:\/\/alter-entorn.com\/fr\/wp-json\/wp\/v2\/media\/6001"}],"wp:attachment":[{"href":"https:\/\/alter-entorn.com\/fr\/wp-json\/wp\/v2\/media?parent=6170"}],"wp:term":[{"taxonomy":"product_brand","embeddable":true,"href":"https:\/\/alter-entorn.com\/fr\/wp-json\/wp\/v2\/product_brand?post=6170"},{"taxonomy":"product_cat","embeddable":true,"href":"https:\/\/alter-entorn.com\/fr\/wp-json\/wp\/v2\/product_cat?post=6170"},{"taxonomy":"product_tag","embeddable":true,"href":"https:\/\/alter-entorn.com\/fr\/wp-json\/wp\/v2\/product_tag?post=6170"}],"curies":[{"name":"wp","href":"https:\/\/api.w.org\/{rel}","templated":true}]}}