{"id":7054,"date":"2019-08-12T12:14:03","date_gmt":"2019-08-12T11:14:03","guid":{"rendered":"https:\/\/alter-entorn.com\/producto\/kit-de-nettoyage-ecologique-emc\/"},"modified":"2025-02-13T21:43:47","modified_gmt":"2025-02-13T19:43:47","slug":"kit-de-nettoyage-ecologique-emc","status":"publish","type":"product","link":"https:\/\/alter-entorn.com\/fr\/producto\/kit-de-nettoyage-ecologique-emc\/","title":{"rendered":"Kit de nettoyage \u00e9cologique eMC\u00ae"},"content":{"rendered":"<p>Les produits de nettoyage \u00e9cologiques et probiotiques eMC\u00ae sont fabriqu\u00e9s \u00e0 partir d\u2019ingr\u00e9dients naturels et de micro-organismes b\u00e9n\u00e9fiques qui d\u00e9gradent la salet\u00e9 et facilitent le nettoyage. Les surfaces sont maintenues propres plus longtemps, gr\u00e2ce \u00e0 leur effet antistatique et antiadh\u00e9sif, qui emp\u00eache la salet\u00e9 de s\u2019attirer sur les surfaces. De plus, les micro-organismes b\u00e9n\u00e9fiques am\u00e9liorent l&rsquo;efficacit\u00e9 des autres ingr\u00e9dients et contr\u00f4lent les agents pathog\u00e8nes afin qu&rsquo;ils ne puissent pas se d\u00e9velopper.<\/p>\n<p>Ils \u00e9liminent les mauvaises odeurs et peuvent donc \u00e9galement \u00eatre utilis\u00e9s comme assainisseur d&rsquo;air. L&rsquo;eau de nettoyage restante peut \u00eatre utilis\u00e9e pour aroser les plantes, ce qui leur conf\u00e8re un avantage nutritionnel suppl\u00e9mentaire. ou bien, s&rsquo;il est jet\u00e9 r\u00e9guli\u00e8rement dans les \u00e9gouts, il nous aidera \u00e0 nettoyer les tuyaux, emp\u00eachera tout encrassement et en \u00e9liminera les mauvaises odeurs.<\/p>\n<p>Ils ne contiennent aucun type de produit chimique dangereux, ils sont donc la meilleure option pour tout le monde: allergiques, asthmatiques, femmes enceintes, enfants, animaux domestiques, etc. En plus d&rsquo;\u00eatre totalement respectueux de l&rsquo;environnement et de nous aider \u00e0 \u00e9conomiser.<\/p>\n","protected":false},"excerpt":{"rendered":"<p>Pack de produits de nettoyage \u00e9cologiques et probiotiques eMC\u00ae: un spray d&rsquo;un demi-litre de <a href=\"https:\/\/alter-entorn.com\/fr\/producto\/produit-concentre-a-usages-multiples-emc-citron\/\">Citron Multi-usages,<\/a> un de <a href=\"https:\/\/alter-entorn.com\/fr\/producto\/desincrustant-emc\/\">D\u00e9sincrustant<\/a> et un <a href=\"https:\/\/alter-entorn.com\/fr\/producto\/anticalcaire-emc\/\">d&rsquo;Anticalcaire<\/a> pr\u00eat \u00e0 l&#8217;emploi, et un flacon de 100 ml de <a href=\"https:\/\/alter-entorn.com\/fr\/producto\/nettoyants-concentres-pour-sols-emc-lima\/\">Nettotants pour Sols<\/a><\/p>\n","protected":false},"featured_media":7045,"template":"","meta":{"_joinchat":[]},"product_brand":[],"product_cat":[118],"product_tag":[939,940,1517,2824,2825,2826,2827,2828,2829],"class_list":{"0":"post-7054","1":"product","2":"type-product","3":"status-publish","4":"has-post-thumbnail","6":"product_cat-nettoyage-menager","7":"product_tag-nettoyage-naturel","8":"product_tag-nettoyage-ecologique","9":"product_tag-produits-ecologiques","10":"product_tag-polyvalent","11":"product_tag-anticalcaire","12":"product_tag-desincrustant-fr","13":"product_tag-nettoyants-pour-sols","14":"product_tag-nettoyer-sans-produits-chimiques","15":"product_tag-propre-sans-toxines","17":"first","18":"instock","19":"taxable","20":"shipping-taxable","21":"purchasable","22":"product-type-simple"},"yoast_head":"<!-- This site is optimized with the Yoast SEO plugin v27.4 - https:\/\/yoast.com\/product\/yoast-seo-wordpress\/ -->\n<title>Kit de nettoyage \u00e9cologique eMC\u00ae - alter-entorn<\/title>\n<meta name=\"description\" content=\"Kit de produits de nettoyage \u00e9cologiques et probiotiques \u00e0 partir d&#039;ingr\u00e9dients naturels et de microorganismes b\u00e9n\u00e9fiques\" \/>\n<meta name=\"robots\" content=\"index, follow, max-snippet:-1, max-image-preview:large, max-video-preview:-1\" \/>\n<link rel=\"canonical\" href=\"https:\/\/alter-entorn.com\/fr\/producto\/kit-de-nettoyage-ecologique-emc\/\" \/>\n<meta property=\"og:locale\" content=\"fr_FR\" \/>\n<meta property=\"og:type\" content=\"article\" \/>\n<meta property=\"og:title\" content=\"Kit de nettoyage \u00e9cologique eMC\u00ae - alter-entorn\" \/>\n<meta property=\"og:description\" content=\"Kit de produits de nettoyage \u00e9cologiques et probiotiques \u00e0 partir d&#039;ingr\u00e9dients naturels et de microorganismes b\u00e9n\u00e9fiques\" \/>\n<meta property=\"og:url\" content=\"https:\/\/alter-entorn.com\/fr\/producto\/kit-de-nettoyage-ecologique-emc\/\" \/>\n<meta property=\"og:site_name\" content=\"alter-entorn\" \/>\n<meta property=\"article:publisher\" content=\"https:\/\/www.facebook.com\/alterentorn\/\" \/>\n<meta property=\"article:modified_time\" content=\"2025-02-13T19:43:47+00:00\" \/>\n<meta property=\"og:image\" content=\"https:\/\/alter-entorn.com\/wp-content\/uploads\/2019\/07\/sf.jpg\" \/>\n\t<meta property=\"og:image:width\" content=\"4032\" \/>\n\t<meta property=\"og:image:height\" content=\"2268\" \/>\n\t<meta property=\"og:image:type\" content=\"image\/jpeg\" \/>\n<meta name=\"twitter:card\" content=\"summary_large_image\" \/>\n<meta name=\"twitter:site\" content=\"@alterentorn\" \/>\n<meta name=\"twitter:label1\" content=\"Dur\u00e9e de lecture estim\u00e9e\" \/>\n\t<meta name=\"twitter:data1\" content=\"1 minute\" \/>\n<script type=\"application\/ld+json\" class=\"yoast-schema-graph\">{\"@context\":\"https:\\\/\\\/schema.org\",\"@graph\":[{\"@type\":\"WebPage\",\"@id\":\"https:\\\/\\\/alter-entorn.com\\\/fr\\\/producto\\\/kit-de-nettoyage-ecologique-emc\\\/\",\"url\":\"https:\\\/\\\/alter-entorn.com\\\/fr\\\/producto\\\/kit-de-nettoyage-ecologique-emc\\\/\",\"name\":\"Kit de nettoyage \u00e9cologique eMC\u00ae - alter-entorn\",\"isPartOf\":{\"@id\":\"https:\\\/\\\/alter-entorn.com\\\/fr\\\/#website\"},\"primaryImageOfPage\":{\"@id\":\"https:\\\/\\\/alter-entorn.com\\\/fr\\\/producto\\\/kit-de-nettoyage-ecologique-emc\\\/#primaryimage\"},\"image\":{\"@id\":\"https:\\\/\\\/alter-entorn.com\\\/fr\\\/producto\\\/kit-de-nettoyage-ecologique-emc\\\/#primaryimage\"},\"thumbnailUrl\":\"https:\\\/\\\/alter-entorn.com\\\/wp-content\\\/uploads\\\/2019\\\/07\\\/sf.jpg\",\"datePublished\":\"2019-08-12T11:14:03+00:00\",\"dateModified\":\"2025-02-13T19:43:47+00:00\",\"description\":\"Kit de produits de nettoyage \u00e9cologiques et probiotiques \u00e0 partir d'ingr\u00e9dients naturels et de microorganismes b\u00e9n\u00e9fiques\",\"breadcrumb\":{\"@id\":\"https:\\\/\\\/alter-entorn.com\\\/fr\\\/producto\\\/kit-de-nettoyage-ecologique-emc\\\/#breadcrumb\"},\"inLanguage\":\"fr-FR\",\"potentialAction\":[{\"@type\":\"ReadAction\",\"target\":[\"https:\\\/\\\/alter-entorn.com\\\/fr\\\/producto\\\/kit-de-nettoyage-ecologique-emc\\\/\"]}]},{\"@type\":\"ImageObject\",\"inLanguage\":\"fr-FR\",\"@id\":\"https:\\\/\\\/alter-entorn.com\\\/fr\\\/producto\\\/kit-de-nettoyage-ecologique-emc\\\/#primaryimage\",\"url\":\"https:\\\/\\\/alter-entorn.com\\\/wp-content\\\/uploads\\\/2019\\\/07\\\/sf.jpg\",\"contentUrl\":\"https:\\\/\\\/alter-entorn.com\\\/wp-content\\\/uploads\\\/2019\\\/07\\\/sf.jpg\",\"width\":4032,\"height\":2268,\"caption\":\"Kit de limpieza probi\u00f3tica y ecol\u00f3gica\"},{\"@type\":\"BreadcrumbList\",\"@id\":\"https:\\\/\\\/alter-entorn.com\\\/fr\\\/producto\\\/kit-de-nettoyage-ecologique-emc\\\/#breadcrumb\",\"itemListElement\":[{\"@type\":\"ListItem\",\"position\":1,\"name\":\"Portada\",\"item\":\"https:\\\/\\\/alter-entorn.com\\\/fr\\\/\"},{\"@type\":\"ListItem\",\"position\":2,\"name\":\"Boutique\",\"item\":\"https:\\\/\\\/alter-entorn.com\\\/tienda\\\/\"},{\"@type\":\"ListItem\",\"position\":3,\"name\":\"Kit de nettoyage \u00e9cologique eMC\u00ae\"}]},{\"@type\":\"WebSite\",\"@id\":\"https:\\\/\\\/alter-entorn.com\\\/fr\\\/#website\",\"url\":\"https:\\\/\\\/alter-entorn.com\\\/fr\\\/\",\"name\":\"alter-entorn\",\"description\":\"Soluciones Microbiol\u00f3gicas probi\u00f3ticos\",\"publisher\":{\"@id\":\"https:\\\/\\\/alter-entorn.com\\\/fr\\\/#organization\"},\"potentialAction\":[{\"@type\":\"SearchAction\",\"target\":{\"@type\":\"EntryPoint\",\"urlTemplate\":\"https:\\\/\\\/alter-entorn.com\\\/fr\\\/?s={search_term_string}\"},\"query-input\":{\"@type\":\"PropertyValueSpecification\",\"valueRequired\":true,\"valueName\":\"search_term_string\"}}],\"inLanguage\":\"fr-FR\"},{\"@type\":\"Organization\",\"@id\":\"https:\\\/\\\/alter-entorn.com\\\/fr\\\/#organization\",\"name\":\"alter-entorn\",\"url\":\"https:\\\/\\\/alter-entorn.com\\\/fr\\\/\",\"logo\":{\"@type\":\"ImageObject\",\"inLanguage\":\"fr-FR\",\"@id\":\"https:\\\/\\\/alter-entorn.com\\\/fr\\\/#\\\/schema\\\/logo\\\/image\\\/\",\"url\":\"https:\\\/\\\/alter-entorn.com\\\/wp-content\\\/uploads\\\/2018\\\/10\\\/logo_alter_entorn-sin-texto-1.png\",\"contentUrl\":\"https:\\\/\\\/alter-entorn.com\\\/wp-content\\\/uploads\\\/2018\\\/10\\\/logo_alter_entorn-sin-texto-1.png\",\"width\":246,\"height\":68,\"caption\":\"alter-entorn\"},\"image\":{\"@id\":\"https:\\\/\\\/alter-entorn.com\\\/fr\\\/#\\\/schema\\\/logo\\\/image\\\/\"},\"sameAs\":[\"https:\\\/\\\/www.facebook.com\\\/alterentorn\\\/\",\"https:\\\/\\\/x.com\\\/alterentorn\"]}]}<\/script>\n<!-- \/ Yoast SEO plugin. -->","yoast_head_json":{"title":"Kit de nettoyage \u00e9cologique eMC\u00ae - alter-entorn","description":"Kit de produits de nettoyage \u00e9cologiques et probiotiques \u00e0 partir d'ingr\u00e9dients naturels et de microorganismes b\u00e9n\u00e9fiques","robots":{"index":"index","follow":"follow","max-snippet":"max-snippet:-1","max-image-preview":"max-image-preview:large","max-video-preview":"max-video-preview:-1"},"canonical":"https:\/\/alter-entorn.com\/fr\/producto\/kit-de-nettoyage-ecologique-emc\/","og_locale":"fr_FR","og_type":"article","og_title":"Kit de nettoyage \u00e9cologique eMC\u00ae - alter-entorn","og_description":"Kit de produits de nettoyage \u00e9cologiques et probiotiques \u00e0 partir d'ingr\u00e9dients naturels et de microorganismes b\u00e9n\u00e9fiques","og_url":"https:\/\/alter-entorn.com\/fr\/producto\/kit-de-nettoyage-ecologique-emc\/","og_site_name":"alter-entorn","article_publisher":"https:\/\/www.facebook.com\/alterentorn\/","article_modified_time":"2025-02-13T19:43:47+00:00","og_image":[{"width":4032,"height":2268,"url":"https:\/\/alter-entorn.com\/wp-content\/uploads\/2019\/07\/sf.jpg","type":"image\/jpeg"}],"twitter_card":"summary_large_image","twitter_site":"@alterentorn","twitter_misc":{"Dur\u00e9e de lecture estim\u00e9e":"1 minute"},"schema":{"@context":"https:\/\/schema.org","@graph":[{"@type":"WebPage","@id":"https:\/\/alter-entorn.com\/fr\/producto\/kit-de-nettoyage-ecologique-emc\/","url":"https:\/\/alter-entorn.com\/fr\/producto\/kit-de-nettoyage-ecologique-emc\/","name":"Kit de nettoyage \u00e9cologique eMC\u00ae - alter-entorn","isPartOf":{"@id":"https:\/\/alter-entorn.com\/fr\/#website"},"primaryImageOfPage":{"@id":"https:\/\/alter-entorn.com\/fr\/producto\/kit-de-nettoyage-ecologique-emc\/#primaryimage"},"image":{"@id":"https:\/\/alter-entorn.com\/fr\/producto\/kit-de-nettoyage-ecologique-emc\/#primaryimage"},"thumbnailUrl":"https:\/\/alter-entorn.com\/wp-content\/uploads\/2019\/07\/sf.jpg","datePublished":"2019-08-12T11:14:03+00:00","dateModified":"2025-02-13T19:43:47+00:00","description":"Kit de produits de nettoyage \u00e9cologiques et probiotiques \u00e0 partir d'ingr\u00e9dients naturels et de microorganismes b\u00e9n\u00e9fiques","breadcrumb":{"@id":"https:\/\/alter-entorn.com\/fr\/producto\/kit-de-nettoyage-ecologique-emc\/#breadcrumb"},"inLanguage":"fr-FR","potentialAction":[{"@type":"ReadAction","target":["https:\/\/alter-entorn.com\/fr\/producto\/kit-de-nettoyage-ecologique-emc\/"]}]},{"@type":"ImageObject","inLanguage":"fr-FR","@id":"https:\/\/alter-entorn.com\/fr\/producto\/kit-de-nettoyage-ecologique-emc\/#primaryimage","url":"https:\/\/alter-entorn.com\/wp-content\/uploads\/2019\/07\/sf.jpg","contentUrl":"https:\/\/alter-entorn.com\/wp-content\/uploads\/2019\/07\/sf.jpg","width":4032,"height":2268,"caption":"Kit de limpieza probi\u00f3tica y ecol\u00f3gica"},{"@type":"BreadcrumbList","@id":"https:\/\/alter-entorn.com\/fr\/producto\/kit-de-nettoyage-ecologique-emc\/#breadcrumb","itemListElement":[{"@type":"ListItem","position":1,"name":"Portada","item":"https:\/\/alter-entorn.com\/fr\/"},{"@type":"ListItem","position":2,"name":"Boutique","item":"https:\/\/alter-entorn.com\/tienda\/"},{"@type":"ListItem","position":3,"name":"Kit de nettoyage \u00e9cologique eMC\u00ae"}]},{"@type":"WebSite","@id":"https:\/\/alter-entorn.com\/fr\/#website","url":"https:\/\/alter-entorn.com\/fr\/","name":"alter-entorn","description":"Soluciones Microbiol\u00f3gicas probi\u00f3ticos","publisher":{"@id":"https:\/\/alter-entorn.com\/fr\/#organization"},"potentialAction":[{"@type":"SearchAction","target":{"@type":"EntryPoint","urlTemplate":"https:\/\/alter-entorn.com\/fr\/?s={search_term_string}"},"query-input":{"@type":"PropertyValueSpecification","valueRequired":true,"valueName":"search_term_string"}}],"inLanguage":"fr-FR"},{"@type":"Organization","@id":"https:\/\/alter-entorn.com\/fr\/#organization","name":"alter-entorn","url":"https:\/\/alter-entorn.com\/fr\/","logo":{"@type":"ImageObject","inLanguage":"fr-FR","@id":"https:\/\/alter-entorn.com\/fr\/#\/schema\/logo\/image\/","url":"https:\/\/alter-entorn.com\/wp-content\/uploads\/2018\/10\/logo_alter_entorn-sin-texto-1.png","contentUrl":"https:\/\/alter-entorn.com\/wp-content\/uploads\/2018\/10\/logo_alter_entorn-sin-texto-1.png","width":246,"height":68,"caption":"alter-entorn"},"image":{"@id":"https:\/\/alter-entorn.com\/fr\/#\/schema\/logo\/image\/"},"sameAs":["https:\/\/www.facebook.com\/alterentorn\/","https:\/\/x.com\/alterentorn"]}]}},"_links":{"self":[{"href":"https:\/\/alter-entorn.com\/fr\/wp-json\/wp\/v2\/product\/7054","targetHints":{"allow":["GET"]}}],"collection":[{"href":"https:\/\/alter-entorn.com\/fr\/wp-json\/wp\/v2\/product"}],"about":[{"href":"https:\/\/alter-entorn.com\/fr\/wp-json\/wp\/v2\/types\/product"}],"wp:featuredmedia":[{"embeddable":true,"href":"https:\/\/alter-entorn.com\/fr\/wp-json\/wp\/v2\/media\/7045"}],"wp:attachment":[{"href":"https:\/\/alter-entorn.com\/fr\/wp-json\/wp\/v2\/media?parent=7054"}],"wp:term":[{"taxonomy":"product_brand","embeddable":true,"href":"https:\/\/alter-entorn.com\/fr\/wp-json\/wp\/v2\/product_brand?post=7054"},{"taxonomy":"product_cat","embeddable":true,"href":"https:\/\/alter-entorn.com\/fr\/wp-json\/wp\/v2\/product_cat?post=7054"},{"taxonomy":"product_tag","embeddable":true,"href":"https:\/\/alter-entorn.com\/fr\/wp-json\/wp\/v2\/product_tag?post=7054"}],"curies":[{"name":"wp","href":"https:\/\/api.w.org\/{rel}","templated":true}]}}