{"id":7074,"date":"2019-08-20T12:07:46","date_gmt":"2019-08-20T15:08:37","guid":{"rendered":"https:\/\/alter-entorn.com\/producto\/sac-de-son-bokashi-2kg\/"},"modified":"2025-02-14T18:03:29","modified_gmt":"2025-02-14T16:03:29","slug":"son-bokashi","status":"publish","type":"product","link":"https:\/\/alter-entorn.com\/fr\/producto\/son-bokashi\/","title":{"rendered":"Saco de salvado Bokashi (2kg)"},"content":{"rendered":"<p>Bokashi pr\u00e9par\u00e9 \u00e0 partir de son de bl\u00e9 ferment\u00e9 avec de la m\u00e9lasse et enrichi en micro-organismes b\u00e9n\u00e9fiques. Active la fermentation des d\u00e9chets organiques, pr\u00e9vient la putr\u00e9faction, \u00e9limine les mauvaises odeurs et maintient le contr\u00f4le des \u00e9ventuels parasites. Utilis\u00e9 conjointement avec le bac \u00e0 compost domestique, il am\u00e9liore le processus et \u00e9limine les mauvaises odeurs. Cette m\u00e9thode de compostage ana\u00e9robie s\u00e9pare le liquide de fermentation. Cet engrais liquide, riche en nutriments et en micro-organismes, est id\u00e9al pour nos plantes de jardin et d&rsquo;int\u00e9rieur. &nbsp;Chaque fois que nous mettrons des d\u00e9chets organiques dans notre <a data-mce-href=\"\/?p=4288\" href=\"https:\/\/alter-entorn.com\/fr\/producto\/seau-a-dechets-organiques\/\">bac \u00e0 compost<\/a>, nous les recouvrirons de bokashi pour garantir un processus de fermentation ana\u00e9robie sans mauvaises odeurs. Une fois le seau plein, on le laisse reposer pendant trois semaines, en \u00e9liminant le lixiviat. La mati\u00e8re organique obtenue peut \u00eatre utilis\u00e9e directement dans le jardin en l&rsquo;enfouissant \u00e0 environ 20 cm des racines des plantes ou en la mettant dans un seau plus grand avec de la terre en dessous et sur le dessus jusqu&rsquo;\u00e0 ce qu&rsquo;elle ait fini de composter.<\/p>\n","protected":false},"excerpt":{"rendered":"<p>Pr\u00e9par\u00e9 \u00e0 partir de son de bl\u00e9 ferment\u00e9 \u00e0 ajouter aux seaux de d\u00e9chets organiques. Il acc\u00e9l\u00e8re le processus de fermentation, \u00e9limine les mauvaises odeurs et am\u00e9liore la qualit\u00e9 du lixivi\u00e9, entre autres avantages.<\/p>\n","protected":false},"featured_media":7070,"template":"","meta":{"_joinchat":[]},"product_brand":[],"product_cat":[3218,126],"product_tag":[2857,2858,2859,2860,2861,2862,2863,2864,2865,3219,3275],"class_list":{"0":"post-7074","1":"product","2":"type-product","3":"status-publish","4":"has-post-thumbnail","6":"product_cat-compostage-potager-et-jardin","7":"product_cat-residus_","8":"product_tag-bokashi-fr","9":"product_tag-residus-organiques","10":"product_tag-compost-fr","11":"product_tag-son-de-ble","12":"product_tag-bokashi-prepare","13":"product_tag-compost-domestique","14":"product_tag-lixiviat","15":"product_tag-cube-bokashi","16":"product_tag-materielle-organique","17":"product_tag-agriculture-regeneratrice","18":"product_tag-compost-microbiologique","20":"first","21":"instock","22":"taxable","23":"shipping-taxable","24":"purchasable","25":"product-type-simple"},"yoast_head":"<!-- This site is optimized with the Yoast SEO plugin v27.4 - https:\/\/yoast.com\/product\/yoast-seo-wordpress\/ -->\n<title>Saco de salvado Bokashi (2kg) - alter-entorn<\/title>\n<meta name=\"description\" content=\"Pr\u00e9paration de son de bl\u00e9 ferment\u00e9 \u00e0 ajouter dans la poubelle des d\u00e9chets organiques m\u00e9nagers. \u00c9limine les odeurs, acc\u00e9l\u00e8re le processus, am\u00e9liore le r\u00e9sultat.\" \/>\n<meta name=\"robots\" content=\"index, follow, max-snippet:-1, max-image-preview:large, max-video-preview:-1\" \/>\n<link rel=\"canonical\" href=\"https:\/\/alter-entorn.com\/fr\/producto\/son-bokashi\/\" \/>\n<meta property=\"og:locale\" content=\"fr_FR\" \/>\n<meta property=\"og:type\" content=\"article\" \/>\n<meta property=\"og:title\" content=\"Saco de salvado Bokashi (2kg) - alter-entorn\" \/>\n<meta property=\"og:description\" content=\"Pr\u00e9paration de son de bl\u00e9 ferment\u00e9 \u00e0 ajouter dans la poubelle des d\u00e9chets organiques m\u00e9nagers. \u00c9limine les odeurs, acc\u00e9l\u00e8re le processus, am\u00e9liore le r\u00e9sultat.\" \/>\n<meta property=\"og:url\" content=\"https:\/\/alter-entorn.com\/fr\/producto\/son-bokashi\/\" \/>\n<meta property=\"og:site_name\" content=\"alter-entorn\" \/>\n<meta property=\"article:publisher\" content=\"https:\/\/www.facebook.com\/alterentorn\/\" \/>\n<meta property=\"article:modified_time\" content=\"2025-02-14T16:03:29+00:00\" \/>\n<meta property=\"og:image\" content=\"https:\/\/alter-entorn.com\/wp-content\/uploads\/2019\/08\/bokashi.jpg\" \/>\n\t<meta property=\"og:image:width\" content=\"1010\" \/>\n\t<meta property=\"og:image:height\" content=\"1010\" \/>\n\t<meta property=\"og:image:type\" content=\"image\/jpeg\" \/>\n<meta name=\"twitter:card\" content=\"summary_large_image\" \/>\n<meta name=\"twitter:site\" content=\"@alterentorn\" \/>\n<meta name=\"twitter:label1\" content=\"Dur\u00e9e de lecture estim\u00e9e\" \/>\n\t<meta name=\"twitter:data1\" content=\"1 minute\" \/>\n<script type=\"application\/ld+json\" class=\"yoast-schema-graph\">{\"@context\":\"https:\\\/\\\/schema.org\",\"@graph\":[{\"@type\":\"WebPage\",\"@id\":\"https:\\\/\\\/alter-entorn.com\\\/fr\\\/producto\\\/son-bokashi\\\/\",\"url\":\"https:\\\/\\\/alter-entorn.com\\\/fr\\\/producto\\\/son-bokashi\\\/\",\"name\":\"Saco de salvado Bokashi (2kg) - alter-entorn\",\"isPartOf\":{\"@id\":\"https:\\\/\\\/alter-entorn.com\\\/fr\\\/#website\"},\"primaryImageOfPage\":{\"@id\":\"https:\\\/\\\/alter-entorn.com\\\/fr\\\/producto\\\/son-bokashi\\\/#primaryimage\"},\"image\":{\"@id\":\"https:\\\/\\\/alter-entorn.com\\\/fr\\\/producto\\\/son-bokashi\\\/#primaryimage\"},\"thumbnailUrl\":\"https:\\\/\\\/alter-entorn.com\\\/wp-content\\\/uploads\\\/2019\\\/08\\\/bokashi.jpg\",\"datePublished\":\"2019-08-20T15:08:37+00:00\",\"dateModified\":\"2025-02-14T16:03:29+00:00\",\"description\":\"Pr\u00e9paration de son de bl\u00e9 ferment\u00e9 \u00e0 ajouter dans la poubelle des d\u00e9chets organiques m\u00e9nagers. \u00c9limine les odeurs, acc\u00e9l\u00e8re le processus, am\u00e9liore le r\u00e9sultat.\",\"breadcrumb\":{\"@id\":\"https:\\\/\\\/alter-entorn.com\\\/fr\\\/producto\\\/son-bokashi\\\/#breadcrumb\"},\"inLanguage\":\"fr-FR\",\"potentialAction\":[{\"@type\":\"ReadAction\",\"target\":[\"https:\\\/\\\/alter-entorn.com\\\/fr\\\/producto\\\/son-bokashi\\\/\"]}]},{\"@type\":\"ImageObject\",\"inLanguage\":\"fr-FR\",\"@id\":\"https:\\\/\\\/alter-entorn.com\\\/fr\\\/producto\\\/son-bokashi\\\/#primaryimage\",\"url\":\"https:\\\/\\\/alter-entorn.com\\\/wp-content\\\/uploads\\\/2019\\\/08\\\/bokashi.jpg\",\"contentUrl\":\"https:\\\/\\\/alter-entorn.com\\\/wp-content\\\/uploads\\\/2019\\\/08\\\/bokashi.jpg\",\"width\":1010,\"height\":1010,\"caption\":\"Son de bl\u00e9 ferment\u00e9 Bokashi\"},{\"@type\":\"BreadcrumbList\",\"@id\":\"https:\\\/\\\/alter-entorn.com\\\/fr\\\/producto\\\/son-bokashi\\\/#breadcrumb\",\"itemListElement\":[{\"@type\":\"ListItem\",\"position\":1,\"name\":\"Portada\",\"item\":\"https:\\\/\\\/alter-entorn.com\\\/fr\\\/\"},{\"@type\":\"ListItem\",\"position\":2,\"name\":\"Boutique\",\"item\":\"https:\\\/\\\/alter-entorn.com\\\/tienda\\\/\"},{\"@type\":\"ListItem\",\"position\":3,\"name\":\"Saco de salvado Bokashi (2kg)\"}]},{\"@type\":\"WebSite\",\"@id\":\"https:\\\/\\\/alter-entorn.com\\\/fr\\\/#website\",\"url\":\"https:\\\/\\\/alter-entorn.com\\\/fr\\\/\",\"name\":\"alter-entorn\",\"description\":\"Soluciones Microbiol\u00f3gicas probi\u00f3ticos\",\"publisher\":{\"@id\":\"https:\\\/\\\/alter-entorn.com\\\/fr\\\/#organization\"},\"potentialAction\":[{\"@type\":\"SearchAction\",\"target\":{\"@type\":\"EntryPoint\",\"urlTemplate\":\"https:\\\/\\\/alter-entorn.com\\\/fr\\\/?s={search_term_string}\"},\"query-input\":{\"@type\":\"PropertyValueSpecification\",\"valueRequired\":true,\"valueName\":\"search_term_string\"}}],\"inLanguage\":\"fr-FR\"},{\"@type\":\"Organization\",\"@id\":\"https:\\\/\\\/alter-entorn.com\\\/fr\\\/#organization\",\"name\":\"alter-entorn\",\"url\":\"https:\\\/\\\/alter-entorn.com\\\/fr\\\/\",\"logo\":{\"@type\":\"ImageObject\",\"inLanguage\":\"fr-FR\",\"@id\":\"https:\\\/\\\/alter-entorn.com\\\/fr\\\/#\\\/schema\\\/logo\\\/image\\\/\",\"url\":\"https:\\\/\\\/alter-entorn.com\\\/wp-content\\\/uploads\\\/2018\\\/10\\\/logo_alter_entorn-sin-texto-1.png\",\"contentUrl\":\"https:\\\/\\\/alter-entorn.com\\\/wp-content\\\/uploads\\\/2018\\\/10\\\/logo_alter_entorn-sin-texto-1.png\",\"width\":246,\"height\":68,\"caption\":\"alter-entorn\"},\"image\":{\"@id\":\"https:\\\/\\\/alter-entorn.com\\\/fr\\\/#\\\/schema\\\/logo\\\/image\\\/\"},\"sameAs\":[\"https:\\\/\\\/www.facebook.com\\\/alterentorn\\\/\",\"https:\\\/\\\/x.com\\\/alterentorn\"]}]}<\/script>\n<!-- \/ Yoast SEO plugin. -->","yoast_head_json":{"title":"Saco de salvado Bokashi (2kg) - alter-entorn","description":"Pr\u00e9paration de son de bl\u00e9 ferment\u00e9 \u00e0 ajouter dans la poubelle des d\u00e9chets organiques m\u00e9nagers. \u00c9limine les odeurs, acc\u00e9l\u00e8re le processus, am\u00e9liore le r\u00e9sultat.","robots":{"index":"index","follow":"follow","max-snippet":"max-snippet:-1","max-image-preview":"max-image-preview:large","max-video-preview":"max-video-preview:-1"},"canonical":"https:\/\/alter-entorn.com\/fr\/producto\/son-bokashi\/","og_locale":"fr_FR","og_type":"article","og_title":"Saco de salvado Bokashi (2kg) - alter-entorn","og_description":"Pr\u00e9paration de son de bl\u00e9 ferment\u00e9 \u00e0 ajouter dans la poubelle des d\u00e9chets organiques m\u00e9nagers. \u00c9limine les odeurs, acc\u00e9l\u00e8re le processus, am\u00e9liore le r\u00e9sultat.","og_url":"https:\/\/alter-entorn.com\/fr\/producto\/son-bokashi\/","og_site_name":"alter-entorn","article_publisher":"https:\/\/www.facebook.com\/alterentorn\/","article_modified_time":"2025-02-14T16:03:29+00:00","og_image":[{"width":1010,"height":1010,"url":"https:\/\/alter-entorn.com\/wp-content\/uploads\/2019\/08\/bokashi.jpg","type":"image\/jpeg"}],"twitter_card":"summary_large_image","twitter_site":"@alterentorn","twitter_misc":{"Dur\u00e9e de lecture estim\u00e9e":"1 minute"},"schema":{"@context":"https:\/\/schema.org","@graph":[{"@type":"WebPage","@id":"https:\/\/alter-entorn.com\/fr\/producto\/son-bokashi\/","url":"https:\/\/alter-entorn.com\/fr\/producto\/son-bokashi\/","name":"Saco de salvado Bokashi (2kg) - alter-entorn","isPartOf":{"@id":"https:\/\/alter-entorn.com\/fr\/#website"},"primaryImageOfPage":{"@id":"https:\/\/alter-entorn.com\/fr\/producto\/son-bokashi\/#primaryimage"},"image":{"@id":"https:\/\/alter-entorn.com\/fr\/producto\/son-bokashi\/#primaryimage"},"thumbnailUrl":"https:\/\/alter-entorn.com\/wp-content\/uploads\/2019\/08\/bokashi.jpg","datePublished":"2019-08-20T15:08:37+00:00","dateModified":"2025-02-14T16:03:29+00:00","description":"Pr\u00e9paration de son de bl\u00e9 ferment\u00e9 \u00e0 ajouter dans la poubelle des d\u00e9chets organiques m\u00e9nagers. \u00c9limine les odeurs, acc\u00e9l\u00e8re le processus, am\u00e9liore le r\u00e9sultat.","breadcrumb":{"@id":"https:\/\/alter-entorn.com\/fr\/producto\/son-bokashi\/#breadcrumb"},"inLanguage":"fr-FR","potentialAction":[{"@type":"ReadAction","target":["https:\/\/alter-entorn.com\/fr\/producto\/son-bokashi\/"]}]},{"@type":"ImageObject","inLanguage":"fr-FR","@id":"https:\/\/alter-entorn.com\/fr\/producto\/son-bokashi\/#primaryimage","url":"https:\/\/alter-entorn.com\/wp-content\/uploads\/2019\/08\/bokashi.jpg","contentUrl":"https:\/\/alter-entorn.com\/wp-content\/uploads\/2019\/08\/bokashi.jpg","width":1010,"height":1010,"caption":"Son de bl\u00e9 ferment\u00e9 Bokashi"},{"@type":"BreadcrumbList","@id":"https:\/\/alter-entorn.com\/fr\/producto\/son-bokashi\/#breadcrumb","itemListElement":[{"@type":"ListItem","position":1,"name":"Portada","item":"https:\/\/alter-entorn.com\/fr\/"},{"@type":"ListItem","position":2,"name":"Boutique","item":"https:\/\/alter-entorn.com\/tienda\/"},{"@type":"ListItem","position":3,"name":"Saco de salvado Bokashi (2kg)"}]},{"@type":"WebSite","@id":"https:\/\/alter-entorn.com\/fr\/#website","url":"https:\/\/alter-entorn.com\/fr\/","name":"alter-entorn","description":"Soluciones Microbiol\u00f3gicas probi\u00f3ticos","publisher":{"@id":"https:\/\/alter-entorn.com\/fr\/#organization"},"potentialAction":[{"@type":"SearchAction","target":{"@type":"EntryPoint","urlTemplate":"https:\/\/alter-entorn.com\/fr\/?s={search_term_string}"},"query-input":{"@type":"PropertyValueSpecification","valueRequired":true,"valueName":"search_term_string"}}],"inLanguage":"fr-FR"},{"@type":"Organization","@id":"https:\/\/alter-entorn.com\/fr\/#organization","name":"alter-entorn","url":"https:\/\/alter-entorn.com\/fr\/","logo":{"@type":"ImageObject","inLanguage":"fr-FR","@id":"https:\/\/alter-entorn.com\/fr\/#\/schema\/logo\/image\/","url":"https:\/\/alter-entorn.com\/wp-content\/uploads\/2018\/10\/logo_alter_entorn-sin-texto-1.png","contentUrl":"https:\/\/alter-entorn.com\/wp-content\/uploads\/2018\/10\/logo_alter_entorn-sin-texto-1.png","width":246,"height":68,"caption":"alter-entorn"},"image":{"@id":"https:\/\/alter-entorn.com\/fr\/#\/schema\/logo\/image\/"},"sameAs":["https:\/\/www.facebook.com\/alterentorn\/","https:\/\/x.com\/alterentorn"]}]}},"_links":{"self":[{"href":"https:\/\/alter-entorn.com\/fr\/wp-json\/wp\/v2\/product\/7074","targetHints":{"allow":["GET"]}}],"collection":[{"href":"https:\/\/alter-entorn.com\/fr\/wp-json\/wp\/v2\/product"}],"about":[{"href":"https:\/\/alter-entorn.com\/fr\/wp-json\/wp\/v2\/types\/product"}],"wp:featuredmedia":[{"embeddable":true,"href":"https:\/\/alter-entorn.com\/fr\/wp-json\/wp\/v2\/media\/7070"}],"wp:attachment":[{"href":"https:\/\/alter-entorn.com\/fr\/wp-json\/wp\/v2\/media?parent=7074"}],"wp:term":[{"taxonomy":"product_brand","embeddable":true,"href":"https:\/\/alter-entorn.com\/fr\/wp-json\/wp\/v2\/product_brand?post=7074"},{"taxonomy":"product_cat","embeddable":true,"href":"https:\/\/alter-entorn.com\/fr\/wp-json\/wp\/v2\/product_cat?post=7074"},{"taxonomy":"product_tag","embeddable":true,"href":"https:\/\/alter-entorn.com\/fr\/wp-json\/wp\/v2\/product_tag?post=7074"}],"curies":[{"name":"wp","href":"https:\/\/api.w.org\/{rel}","templated":true}]}}