{"id":7150,"date":"2019-08-27T11:16:59","date_gmt":"2019-08-28T07:40:31","guid":{"rendered":"https:\/\/alter-entorn.com\/producto\/nutri-start\/"},"modified":"2025-02-14T19:32:25","modified_gmt":"2025-02-14T17:32:25","slug":"nutri-start","status":"publish","type":"product","link":"https:\/\/alter-entorn.com\/fr\/producto\/nutri-start\/","title":{"rendered":"Nutri Start\u00ae (1l)"},"content":{"rendered":"<p>Nutri Start\u00ae sont des nutriments d&rsquo;origine v\u00e9g\u00e9tale pour les micro-organismes, servant d&rsquo;aliment et d&rsquo;activateur, am\u00e9liorant leur efficacit\u00e9. Il fournit des glucides, des min\u00e9raux et des vitamines, contribuant \u00e0 augmenter la microbiologie b\u00e9n\u00e9fique, ce qui donne un produit de meilleure qualit\u00e9. En ajoutant Nutri Start\u00ae aux combinaisons de micro-organismes alter-entorn, les bact\u00e9ries sont activ\u00e9es plus efficacement et plus rapidement pour atteindre leurs objectifs. Dans les processus de compostage, en augmentant la population de micro-organismes b\u00e9n\u00e9fiques en d\u00e9composition, le processus est acc\u00e9l\u00e9r\u00e9 et on obtient un compost de meilleure qualit\u00e9 avec un grand apport de nutriments. Bien que cela ne soit pas toujours n\u00e9cessaire, dans certaines applications microbiologiques, cela peut s\u2019av\u00e9rer tr\u00e8s pratique. Si vous avez besoin de plus d\u2019informations, n\u2019h\u00e9sitez pas \u00e0 nous contacter concernant votre cas.<\/p>\n","protected":false},"excerpt":{"rendered":"<p><strong>ECOCERT<\/strong><\/p>\n<p>Combinaison de nutriments et de micro-organismes b\u00e9n\u00e9fiques. Cela les active et am\u00e9liore leur efficacit\u00e9. Il est g\u00e9n\u00e9ralement utilis\u00e9 avec <a href=\"https:\/\/alter-entorn.com\/fr\/producto\/elgan\/\">Elgan\u00ae<\/a> ou <a href=\"https:\/\/alter-entorn.com\/fr\/producto\/agrobalanced\/\">Agro balanced\u00ae<\/a> pour diff\u00e9rents usages.<\/p>\n","protected":false},"featured_media":8765,"template":"","meta":{"_joinchat":[]},"product_brand":[],"product_cat":[3218,126],"product_tag":[2927,2928,2929,2930,2931,2932,2933,2934,3219,3282],"class_list":{"0":"post-7150","1":"product","2":"type-product","3":"status-publish","4":"has-post-thumbnail","6":"product_cat-compostage-potager-et-jardin","7":"product_cat-residus_","8":"product_tag-nutriments-pour-les-microorganismes","9":"product_tag-des-enzymes","10":"product_tag-bacteries-benefiques","11":"product_tag-activer-les-bacteries","12":"product_tag-ameliorer-la-microbiologie","13":"product_tag-activer-les-microorganismes","14":"product_tag-microorganismes-efficaces","15":"product_tag-formule-de-microbiologie","16":"product_tag-agriculture-regeneratrice","17":"product_tag-acelerateur-de-compostaje","19":"first","20":"instock","21":"taxable","22":"shipping-taxable","23":"purchasable","24":"product-type-variable"},"yoast_head":"<!-- This site is optimized with the Yoast SEO plugin v27.4 - https:\/\/yoast.com\/product\/yoast-seo-wordpress\/ -->\n<title>Nutri Start\u00ae (1l) - alter-entorn<\/title>\n<meta name=\"description\" content=\"Nutriments d&#039;origine v\u00e9getal pour micro-organismes\" \/>\n<meta name=\"robots\" content=\"index, follow, max-snippet:-1, max-image-preview:large, max-video-preview:-1\" \/>\n<link rel=\"canonical\" href=\"https:\/\/alter-entorn.com\/fr\/producto\/nutri-start\/\" \/>\n<meta property=\"og:locale\" content=\"fr_FR\" \/>\n<meta property=\"og:type\" content=\"article\" \/>\n<meta property=\"og:title\" content=\"Nutri Start\u00ae (1l) - alter-entorn\" \/>\n<meta property=\"og:description\" content=\"Nutriments d&#039;origine v\u00e9getal pour micro-organismes\" \/>\n<meta property=\"og:url\" content=\"https:\/\/alter-entorn.com\/fr\/producto\/nutri-start\/\" \/>\n<meta property=\"og:site_name\" content=\"alter-entorn\" \/>\n<meta property=\"article:publisher\" content=\"https:\/\/www.facebook.com\/alterentorn\/\" \/>\n<meta property=\"article:modified_time\" content=\"2025-02-14T17:32:25+00:00\" \/>\n<meta property=\"og:image\" content=\"https:\/\/alter-entorn.com\/wp-content\/uploads\/2022\/03\/nutristart1l-1024x768.png\" \/>\n\t<meta property=\"og:image:width\" content=\"1024\" \/>\n\t<meta property=\"og:image:height\" content=\"768\" \/>\n\t<meta property=\"og:image:type\" content=\"image\/png\" \/>\n<meta name=\"twitter:card\" content=\"summary_large_image\" \/>\n<meta name=\"twitter:site\" content=\"@alterentorn\" \/>\n<meta name=\"twitter:label1\" content=\"Dur\u00e9e de lecture estim\u00e9e\" \/>\n\t<meta name=\"twitter:data1\" content=\"1 minute\" \/>\n<script type=\"application\/ld+json\" class=\"yoast-schema-graph\">{\"@context\":\"https:\\\/\\\/schema.org\",\"@graph\":[{\"@type\":\"WebPage\",\"@id\":\"https:\\\/\\\/alter-entorn.com\\\/fr\\\/producto\\\/nutri-start\\\/\",\"url\":\"https:\\\/\\\/alter-entorn.com\\\/fr\\\/producto\\\/nutri-start\\\/\",\"name\":\"Nutri Start\u00ae (1l) - alter-entorn\",\"isPartOf\":{\"@id\":\"https:\\\/\\\/alter-entorn.com\\\/fr\\\/#website\"},\"primaryImageOfPage\":{\"@id\":\"https:\\\/\\\/alter-entorn.com\\\/fr\\\/producto\\\/nutri-start\\\/#primaryimage\"},\"image\":{\"@id\":\"https:\\\/\\\/alter-entorn.com\\\/fr\\\/producto\\\/nutri-start\\\/#primaryimage\"},\"thumbnailUrl\":\"https:\\\/\\\/alter-entorn.com\\\/wp-content\\\/uploads\\\/2022\\\/03\\\/nutristart1l.png\",\"datePublished\":\"2019-08-28T07:40:31+00:00\",\"dateModified\":\"2025-02-14T17:32:25+00:00\",\"description\":\"Nutriments d'origine v\u00e9getal pour micro-organismes\",\"breadcrumb\":{\"@id\":\"https:\\\/\\\/alter-entorn.com\\\/fr\\\/producto\\\/nutri-start\\\/#breadcrumb\"},\"inLanguage\":\"fr-FR\",\"potentialAction\":[{\"@type\":\"ReadAction\",\"target\":[\"https:\\\/\\\/alter-entorn.com\\\/fr\\\/producto\\\/nutri-start\\\/\"]}]},{\"@type\":\"ImageObject\",\"inLanguage\":\"fr-FR\",\"@id\":\"https:\\\/\\\/alter-entorn.com\\\/fr\\\/producto\\\/nutri-start\\\/#primaryimage\",\"url\":\"https:\\\/\\\/alter-entorn.com\\\/wp-content\\\/uploads\\\/2022\\\/03\\\/nutristart1l.png\",\"contentUrl\":\"https:\\\/\\\/alter-entorn.com\\\/wp-content\\\/uploads\\\/2022\\\/03\\\/nutristart1l.png\",\"width\":5184,\"height\":3888,\"caption\":\"Nutriments pour micro-organismes\"},{\"@type\":\"BreadcrumbList\",\"@id\":\"https:\\\/\\\/alter-entorn.com\\\/fr\\\/producto\\\/nutri-start\\\/#breadcrumb\",\"itemListElement\":[{\"@type\":\"ListItem\",\"position\":1,\"name\":\"Portada\",\"item\":\"https:\\\/\\\/alter-entorn.com\\\/fr\\\/\"},{\"@type\":\"ListItem\",\"position\":2,\"name\":\"Boutique\",\"item\":\"https:\\\/\\\/alter-entorn.com\\\/tienda\\\/\"},{\"@type\":\"ListItem\",\"position\":3,\"name\":\"Nutri Start\u00ae (1l)\"}]},{\"@type\":\"WebSite\",\"@id\":\"https:\\\/\\\/alter-entorn.com\\\/fr\\\/#website\",\"url\":\"https:\\\/\\\/alter-entorn.com\\\/fr\\\/\",\"name\":\"alter-entorn\",\"description\":\"Soluciones Microbiol\u00f3gicas probi\u00f3ticos\",\"publisher\":{\"@id\":\"https:\\\/\\\/alter-entorn.com\\\/fr\\\/#organization\"},\"potentialAction\":[{\"@type\":\"SearchAction\",\"target\":{\"@type\":\"EntryPoint\",\"urlTemplate\":\"https:\\\/\\\/alter-entorn.com\\\/fr\\\/?s={search_term_string}\"},\"query-input\":{\"@type\":\"PropertyValueSpecification\",\"valueRequired\":true,\"valueName\":\"search_term_string\"}}],\"inLanguage\":\"fr-FR\"},{\"@type\":\"Organization\",\"@id\":\"https:\\\/\\\/alter-entorn.com\\\/fr\\\/#organization\",\"name\":\"alter-entorn\",\"url\":\"https:\\\/\\\/alter-entorn.com\\\/fr\\\/\",\"logo\":{\"@type\":\"ImageObject\",\"inLanguage\":\"fr-FR\",\"@id\":\"https:\\\/\\\/alter-entorn.com\\\/fr\\\/#\\\/schema\\\/logo\\\/image\\\/\",\"url\":\"https:\\\/\\\/alter-entorn.com\\\/wp-content\\\/uploads\\\/2018\\\/10\\\/logo_alter_entorn-sin-texto-1.png\",\"contentUrl\":\"https:\\\/\\\/alter-entorn.com\\\/wp-content\\\/uploads\\\/2018\\\/10\\\/logo_alter_entorn-sin-texto-1.png\",\"width\":246,\"height\":68,\"caption\":\"alter-entorn\"},\"image\":{\"@id\":\"https:\\\/\\\/alter-entorn.com\\\/fr\\\/#\\\/schema\\\/logo\\\/image\\\/\"},\"sameAs\":[\"https:\\\/\\\/www.facebook.com\\\/alterentorn\\\/\",\"https:\\\/\\\/x.com\\\/alterentorn\"]}]}<\/script>\n<!-- \/ Yoast SEO plugin. -->","yoast_head_json":{"title":"Nutri Start\u00ae (1l) - alter-entorn","description":"Nutriments d'origine v\u00e9getal pour micro-organismes","robots":{"index":"index","follow":"follow","max-snippet":"max-snippet:-1","max-image-preview":"max-image-preview:large","max-video-preview":"max-video-preview:-1"},"canonical":"https:\/\/alter-entorn.com\/fr\/producto\/nutri-start\/","og_locale":"fr_FR","og_type":"article","og_title":"Nutri Start\u00ae (1l) - alter-entorn","og_description":"Nutriments d'origine v\u00e9getal pour micro-organismes","og_url":"https:\/\/alter-entorn.com\/fr\/producto\/nutri-start\/","og_site_name":"alter-entorn","article_publisher":"https:\/\/www.facebook.com\/alterentorn\/","article_modified_time":"2025-02-14T17:32:25+00:00","og_image":[{"width":1024,"height":768,"url":"https:\/\/alter-entorn.com\/wp-content\/uploads\/2022\/03\/nutristart1l-1024x768.png","type":"image\/png"}],"twitter_card":"summary_large_image","twitter_site":"@alterentorn","twitter_misc":{"Dur\u00e9e de lecture estim\u00e9e":"1 minute"},"schema":{"@context":"https:\/\/schema.org","@graph":[{"@type":"WebPage","@id":"https:\/\/alter-entorn.com\/fr\/producto\/nutri-start\/","url":"https:\/\/alter-entorn.com\/fr\/producto\/nutri-start\/","name":"Nutri Start\u00ae (1l) - alter-entorn","isPartOf":{"@id":"https:\/\/alter-entorn.com\/fr\/#website"},"primaryImageOfPage":{"@id":"https:\/\/alter-entorn.com\/fr\/producto\/nutri-start\/#primaryimage"},"image":{"@id":"https:\/\/alter-entorn.com\/fr\/producto\/nutri-start\/#primaryimage"},"thumbnailUrl":"https:\/\/alter-entorn.com\/wp-content\/uploads\/2022\/03\/nutristart1l.png","datePublished":"2019-08-28T07:40:31+00:00","dateModified":"2025-02-14T17:32:25+00:00","description":"Nutriments d'origine v\u00e9getal pour micro-organismes","breadcrumb":{"@id":"https:\/\/alter-entorn.com\/fr\/producto\/nutri-start\/#breadcrumb"},"inLanguage":"fr-FR","potentialAction":[{"@type":"ReadAction","target":["https:\/\/alter-entorn.com\/fr\/producto\/nutri-start\/"]}]},{"@type":"ImageObject","inLanguage":"fr-FR","@id":"https:\/\/alter-entorn.com\/fr\/producto\/nutri-start\/#primaryimage","url":"https:\/\/alter-entorn.com\/wp-content\/uploads\/2022\/03\/nutristart1l.png","contentUrl":"https:\/\/alter-entorn.com\/wp-content\/uploads\/2022\/03\/nutristart1l.png","width":5184,"height":3888,"caption":"Nutriments pour micro-organismes"},{"@type":"BreadcrumbList","@id":"https:\/\/alter-entorn.com\/fr\/producto\/nutri-start\/#breadcrumb","itemListElement":[{"@type":"ListItem","position":1,"name":"Portada","item":"https:\/\/alter-entorn.com\/fr\/"},{"@type":"ListItem","position":2,"name":"Boutique","item":"https:\/\/alter-entorn.com\/tienda\/"},{"@type":"ListItem","position":3,"name":"Nutri Start\u00ae (1l)"}]},{"@type":"WebSite","@id":"https:\/\/alter-entorn.com\/fr\/#website","url":"https:\/\/alter-entorn.com\/fr\/","name":"alter-entorn","description":"Soluciones Microbiol\u00f3gicas probi\u00f3ticos","publisher":{"@id":"https:\/\/alter-entorn.com\/fr\/#organization"},"potentialAction":[{"@type":"SearchAction","target":{"@type":"EntryPoint","urlTemplate":"https:\/\/alter-entorn.com\/fr\/?s={search_term_string}"},"query-input":{"@type":"PropertyValueSpecification","valueRequired":true,"valueName":"search_term_string"}}],"inLanguage":"fr-FR"},{"@type":"Organization","@id":"https:\/\/alter-entorn.com\/fr\/#organization","name":"alter-entorn","url":"https:\/\/alter-entorn.com\/fr\/","logo":{"@type":"ImageObject","inLanguage":"fr-FR","@id":"https:\/\/alter-entorn.com\/fr\/#\/schema\/logo\/image\/","url":"https:\/\/alter-entorn.com\/wp-content\/uploads\/2018\/10\/logo_alter_entorn-sin-texto-1.png","contentUrl":"https:\/\/alter-entorn.com\/wp-content\/uploads\/2018\/10\/logo_alter_entorn-sin-texto-1.png","width":246,"height":68,"caption":"alter-entorn"},"image":{"@id":"https:\/\/alter-entorn.com\/fr\/#\/schema\/logo\/image\/"},"sameAs":["https:\/\/www.facebook.com\/alterentorn\/","https:\/\/x.com\/alterentorn"]}]}},"_links":{"self":[{"href":"https:\/\/alter-entorn.com\/fr\/wp-json\/wp\/v2\/product\/7150","targetHints":{"allow":["GET"]}}],"collection":[{"href":"https:\/\/alter-entorn.com\/fr\/wp-json\/wp\/v2\/product"}],"about":[{"href":"https:\/\/alter-entorn.com\/fr\/wp-json\/wp\/v2\/types\/product"}],"wp:featuredmedia":[{"embeddable":true,"href":"https:\/\/alter-entorn.com\/fr\/wp-json\/wp\/v2\/media\/8765"}],"wp:attachment":[{"href":"https:\/\/alter-entorn.com\/fr\/wp-json\/wp\/v2\/media?parent=7150"}],"wp:term":[{"taxonomy":"product_brand","embeddable":true,"href":"https:\/\/alter-entorn.com\/fr\/wp-json\/wp\/v2\/product_brand?post=7150"},{"taxonomy":"product_cat","embeddable":true,"href":"https:\/\/alter-entorn.com\/fr\/wp-json\/wp\/v2\/product_cat?post=7150"},{"taxonomy":"product_tag","embeddable":true,"href":"https:\/\/alter-entorn.com\/fr\/wp-json\/wp\/v2\/product_tag?post=7150"}],"curies":[{"name":"wp","href":"https:\/\/api.w.org\/{rel}","templated":true}]}}