{"id":7274,"date":"2019-10-16T13:19:14","date_gmt":"2019-10-17T08:11:09","guid":{"rendered":"https:\/\/alter-entorn.com\/producto\/bio-live-sleep-boisson-fermentee\/"},"modified":"2026-01-08T13:40:24","modified_gmt":"2026-01-08T11:40:24","slug":"bio-live-sleep-boisson-fermentee","status":"publish","type":"product","link":"https:\/\/alter-entorn.com\/fr\/producto\/bio-live-sleep-boisson-fermentee\/","title":{"rendered":"microbz Sleep"},"content":{"rendered":"<p>Boisson de fermentation naturelle \u00e0 base de camomille, de val\u00e9riane et d\u2019autres plantes m\u00e9dicinales reconnues depuis des milliers d\u2019ann\u00e9es pour leurs bienfaits pour la sant\u00e9 et le sommeil: elles aident \u00e0 la relaxation, r\u00e9duisent l\u2019anxi\u00e9t\u00e9, combattent l\u2019insomnie, stabilisent le syst\u00e8me nerveux, etc. En plus d&rsquo;offrir les avantages escompt\u00e9s sur la sant\u00e9 digestive de diff\u00e9rentes souches bact\u00e9riennes.<\/p>\n<p>Il combine 14 familles de microorganismes b\u00e9n\u00e9fiques soigneusement s\u00e9lectionn\u00e9s avec des herbes et des min\u00e9raux. Convient aux r\u00e9gimes v\u00e9g\u00e9tariens et v\u00e9g\u00e9taliens.<\/p>\n<p>Ceci est un compl\u00e9ment alimentaire et non un produit m\u00e9dical. Les effets ne sont pas garantis et les r\u00e9sultats peuvent varier.<\/p>\n","protected":false},"excerpt":{"rendered":"<p><strong><span lang=\"en-US\">VEGAN<\/span><\/strong><\/p>\n<p><span lang=\"en-US\">Boisson de fermentation naturelle \u00e0 partir de micro-organismes b\u00e9n\u00e9fiques, d&rsquo;herbes, de jus et de min\u00e9raux. Sp\u00e9cifique pour vous aider \u00e0 vous endormir et \u00e0 mieux dormir<\/span><\/p>\n<p><span lang=\"en-US\">Sans lactose, sans gluten, sans bl\u00e9, sans sucre.<\/span><\/p>\n","protected":false},"featured_media":10286,"template":"","meta":{"_joinchat":[]},"product_brand":[],"product_cat":[115,120],"product_tag":[3048,3049,3050,3051,3052,3053,3054,3055,3056],"class_list":{"0":"post-7274","1":"product","2":"type-product","3":"status-publish","4":"has-post-thumbnail","6":"product_cat-sante-et-bien-etre","7":"product_cat-supplements-probiotiques","8":"product_tag-probiotiques-du-sommeil","9":"product_tag-sendormir","10":"product_tag-dors-souvent","11":"product_tag-sommeil-probiotique","12":"product_tag-produit-de-sommeil-naturel","13":"product_tag-probiotiques-du-sommeil-fr","14":"product_tag-ameliorer-le-sommeil","15":"product_tag-herbes-dormantes","16":"product_tag-remede-naturel-pour-le-sommeil","18":"first","19":"instock","20":"taxable","21":"shipping-taxable","22":"purchasable","23":"product-type-variable"},"yoast_head":"<!-- This site is optimized with the Yoast SEO plugin v27.4 - https:\/\/yoast.com\/product\/yoast-seo-wordpress\/ -->\n<title>microbz Sleep - alter-entorn<\/title>\n<meta name=\"description\" content=\"Boisson ferment\u00e9e \u00e0 partir d&#039;ingr\u00e9dients naturels pour s&#039;endormir et bien dormir toute la nuit\" \/>\n<meta name=\"robots\" content=\"index, follow, max-snippet:-1, max-image-preview:large, max-video-preview:-1\" \/>\n<link rel=\"canonical\" href=\"https:\/\/alter-entorn.com\/fr\/producto\/bio-live-sleep-boisson-fermentee\/\" \/>\n<meta property=\"og:locale\" content=\"fr_FR\" \/>\n<meta property=\"og:type\" content=\"article\" \/>\n<meta property=\"og:title\" content=\"microbz Sleep - alter-entorn\" \/>\n<meta property=\"og:description\" content=\"Boisson ferment\u00e9e \u00e0 partir d&#039;ingr\u00e9dients naturels pour s&#039;endormir et bien dormir toute la nuit\" \/>\n<meta property=\"og:url\" content=\"https:\/\/alter-entorn.com\/fr\/producto\/bio-live-sleep-boisson-fermentee\/\" \/>\n<meta property=\"og:site_name\" content=\"alter-entorn\" \/>\n<meta property=\"article:publisher\" content=\"https:\/\/www.facebook.com\/alterentorn\/\" \/>\n<meta property=\"article:modified_time\" content=\"2026-01-08T11:40:24+00:00\" \/>\n<meta property=\"og:image\" content=\"https:\/\/alter-entorn.com\/wp-content\/uploads\/2019\/10\/blsleep1.png\" \/>\n\t<meta property=\"og:image:width\" content=\"1000\" \/>\n\t<meta property=\"og:image:height\" content=\"1500\" \/>\n\t<meta property=\"og:image:type\" content=\"image\/png\" \/>\n<meta name=\"twitter:card\" content=\"summary_large_image\" \/>\n<meta name=\"twitter:site\" content=\"@alterentorn\" \/>\n<meta name=\"twitter:label1\" content=\"Dur\u00e9e de lecture estim\u00e9e\" \/>\n\t<meta name=\"twitter:data1\" content=\"1 minute\" \/>\n<script type=\"application\/ld+json\" class=\"yoast-schema-graph\">{\"@context\":\"https:\\\/\\\/schema.org\",\"@graph\":[{\"@type\":\"WebPage\",\"@id\":\"https:\\\/\\\/alter-entorn.com\\\/fr\\\/producto\\\/bio-live-sleep-boisson-fermentee\\\/\",\"url\":\"https:\\\/\\\/alter-entorn.com\\\/fr\\\/producto\\\/bio-live-sleep-boisson-fermentee\\\/\",\"name\":\"microbz Sleep - alter-entorn\",\"isPartOf\":{\"@id\":\"https:\\\/\\\/alter-entorn.com\\\/fr\\\/#website\"},\"primaryImageOfPage\":{\"@id\":\"https:\\\/\\\/alter-entorn.com\\\/fr\\\/producto\\\/bio-live-sleep-boisson-fermentee\\\/#primaryimage\"},\"image\":{\"@id\":\"https:\\\/\\\/alter-entorn.com\\\/fr\\\/producto\\\/bio-live-sleep-boisson-fermentee\\\/#primaryimage\"},\"thumbnailUrl\":\"https:\\\/\\\/alter-entorn.com\\\/wp-content\\\/uploads\\\/2019\\\/10\\\/blsleep1.png\",\"datePublished\":\"2019-10-17T08:11:09+00:00\",\"dateModified\":\"2026-01-08T11:40:24+00:00\",\"description\":\"Boisson ferment\u00e9e \u00e0 partir d'ingr\u00e9dients naturels pour s'endormir et bien dormir toute la nuit\",\"breadcrumb\":{\"@id\":\"https:\\\/\\\/alter-entorn.com\\\/fr\\\/producto\\\/bio-live-sleep-boisson-fermentee\\\/#breadcrumb\"},\"inLanguage\":\"fr-FR\",\"potentialAction\":[{\"@type\":\"ReadAction\",\"target\":[\"https:\\\/\\\/alter-entorn.com\\\/fr\\\/producto\\\/bio-live-sleep-boisson-fermentee\\\/\"]}]},{\"@type\":\"ImageObject\",\"inLanguage\":\"fr-FR\",\"@id\":\"https:\\\/\\\/alter-entorn.com\\\/fr\\\/producto\\\/bio-live-sleep-boisson-fermentee\\\/#primaryimage\",\"url\":\"https:\\\/\\\/alter-entorn.com\\\/wp-content\\\/uploads\\\/2019\\\/10\\\/blsleep1.png\",\"contentUrl\":\"https:\\\/\\\/alter-entorn.com\\\/wp-content\\\/uploads\\\/2019\\\/10\\\/blsleep1.png\",\"width\":1000,\"height\":1500},{\"@type\":\"BreadcrumbList\",\"@id\":\"https:\\\/\\\/alter-entorn.com\\\/fr\\\/producto\\\/bio-live-sleep-boisson-fermentee\\\/#breadcrumb\",\"itemListElement\":[{\"@type\":\"ListItem\",\"position\":1,\"name\":\"Portada\",\"item\":\"https:\\\/\\\/alter-entorn.com\\\/fr\\\/\"},{\"@type\":\"ListItem\",\"position\":2,\"name\":\"Boutique\",\"item\":\"https:\\\/\\\/alter-entorn.com\\\/tienda\\\/\"},{\"@type\":\"ListItem\",\"position\":3,\"name\":\"microbz Sleep\"}]},{\"@type\":\"WebSite\",\"@id\":\"https:\\\/\\\/alter-entorn.com\\\/fr\\\/#website\",\"url\":\"https:\\\/\\\/alter-entorn.com\\\/fr\\\/\",\"name\":\"alter-entorn\",\"description\":\"Soluciones Microbiol\u00f3gicas probi\u00f3ticos\",\"publisher\":{\"@id\":\"https:\\\/\\\/alter-entorn.com\\\/fr\\\/#organization\"},\"potentialAction\":[{\"@type\":\"SearchAction\",\"target\":{\"@type\":\"EntryPoint\",\"urlTemplate\":\"https:\\\/\\\/alter-entorn.com\\\/fr\\\/?s={search_term_string}\"},\"query-input\":{\"@type\":\"PropertyValueSpecification\",\"valueRequired\":true,\"valueName\":\"search_term_string\"}}],\"inLanguage\":\"fr-FR\"},{\"@type\":\"Organization\",\"@id\":\"https:\\\/\\\/alter-entorn.com\\\/fr\\\/#organization\",\"name\":\"alter-entorn\",\"url\":\"https:\\\/\\\/alter-entorn.com\\\/fr\\\/\",\"logo\":{\"@type\":\"ImageObject\",\"inLanguage\":\"fr-FR\",\"@id\":\"https:\\\/\\\/alter-entorn.com\\\/fr\\\/#\\\/schema\\\/logo\\\/image\\\/\",\"url\":\"https:\\\/\\\/alter-entorn.com\\\/wp-content\\\/uploads\\\/2018\\\/10\\\/logo_alter_entorn-sin-texto-1.png\",\"contentUrl\":\"https:\\\/\\\/alter-entorn.com\\\/wp-content\\\/uploads\\\/2018\\\/10\\\/logo_alter_entorn-sin-texto-1.png\",\"width\":246,\"height\":68,\"caption\":\"alter-entorn\"},\"image\":{\"@id\":\"https:\\\/\\\/alter-entorn.com\\\/fr\\\/#\\\/schema\\\/logo\\\/image\\\/\"},\"sameAs\":[\"https:\\\/\\\/www.facebook.com\\\/alterentorn\\\/\",\"https:\\\/\\\/x.com\\\/alterentorn\"]}]}<\/script>\n<!-- \/ Yoast SEO plugin. -->","yoast_head_json":{"title":"microbz Sleep - alter-entorn","description":"Boisson ferment\u00e9e \u00e0 partir d'ingr\u00e9dients naturels pour s'endormir et bien dormir toute la nuit","robots":{"index":"index","follow":"follow","max-snippet":"max-snippet:-1","max-image-preview":"max-image-preview:large","max-video-preview":"max-video-preview:-1"},"canonical":"https:\/\/alter-entorn.com\/fr\/producto\/bio-live-sleep-boisson-fermentee\/","og_locale":"fr_FR","og_type":"article","og_title":"microbz Sleep - alter-entorn","og_description":"Boisson ferment\u00e9e \u00e0 partir d'ingr\u00e9dients naturels pour s'endormir et bien dormir toute la nuit","og_url":"https:\/\/alter-entorn.com\/fr\/producto\/bio-live-sleep-boisson-fermentee\/","og_site_name":"alter-entorn","article_publisher":"https:\/\/www.facebook.com\/alterentorn\/","article_modified_time":"2026-01-08T11:40:24+00:00","og_image":[{"width":1000,"height":1500,"url":"https:\/\/alter-entorn.com\/wp-content\/uploads\/2019\/10\/blsleep1.png","type":"image\/png"}],"twitter_card":"summary_large_image","twitter_site":"@alterentorn","twitter_misc":{"Dur\u00e9e de lecture estim\u00e9e":"1 minute"},"schema":{"@context":"https:\/\/schema.org","@graph":[{"@type":"WebPage","@id":"https:\/\/alter-entorn.com\/fr\/producto\/bio-live-sleep-boisson-fermentee\/","url":"https:\/\/alter-entorn.com\/fr\/producto\/bio-live-sleep-boisson-fermentee\/","name":"microbz Sleep - alter-entorn","isPartOf":{"@id":"https:\/\/alter-entorn.com\/fr\/#website"},"primaryImageOfPage":{"@id":"https:\/\/alter-entorn.com\/fr\/producto\/bio-live-sleep-boisson-fermentee\/#primaryimage"},"image":{"@id":"https:\/\/alter-entorn.com\/fr\/producto\/bio-live-sleep-boisson-fermentee\/#primaryimage"},"thumbnailUrl":"https:\/\/alter-entorn.com\/wp-content\/uploads\/2019\/10\/blsleep1.png","datePublished":"2019-10-17T08:11:09+00:00","dateModified":"2026-01-08T11:40:24+00:00","description":"Boisson ferment\u00e9e \u00e0 partir d'ingr\u00e9dients naturels pour s'endormir et bien dormir toute la nuit","breadcrumb":{"@id":"https:\/\/alter-entorn.com\/fr\/producto\/bio-live-sleep-boisson-fermentee\/#breadcrumb"},"inLanguage":"fr-FR","potentialAction":[{"@type":"ReadAction","target":["https:\/\/alter-entorn.com\/fr\/producto\/bio-live-sleep-boisson-fermentee\/"]}]},{"@type":"ImageObject","inLanguage":"fr-FR","@id":"https:\/\/alter-entorn.com\/fr\/producto\/bio-live-sleep-boisson-fermentee\/#primaryimage","url":"https:\/\/alter-entorn.com\/wp-content\/uploads\/2019\/10\/blsleep1.png","contentUrl":"https:\/\/alter-entorn.com\/wp-content\/uploads\/2019\/10\/blsleep1.png","width":1000,"height":1500},{"@type":"BreadcrumbList","@id":"https:\/\/alter-entorn.com\/fr\/producto\/bio-live-sleep-boisson-fermentee\/#breadcrumb","itemListElement":[{"@type":"ListItem","position":1,"name":"Portada","item":"https:\/\/alter-entorn.com\/fr\/"},{"@type":"ListItem","position":2,"name":"Boutique","item":"https:\/\/alter-entorn.com\/tienda\/"},{"@type":"ListItem","position":3,"name":"microbz Sleep"}]},{"@type":"WebSite","@id":"https:\/\/alter-entorn.com\/fr\/#website","url":"https:\/\/alter-entorn.com\/fr\/","name":"alter-entorn","description":"Soluciones Microbiol\u00f3gicas probi\u00f3ticos","publisher":{"@id":"https:\/\/alter-entorn.com\/fr\/#organization"},"potentialAction":[{"@type":"SearchAction","target":{"@type":"EntryPoint","urlTemplate":"https:\/\/alter-entorn.com\/fr\/?s={search_term_string}"},"query-input":{"@type":"PropertyValueSpecification","valueRequired":true,"valueName":"search_term_string"}}],"inLanguage":"fr-FR"},{"@type":"Organization","@id":"https:\/\/alter-entorn.com\/fr\/#organization","name":"alter-entorn","url":"https:\/\/alter-entorn.com\/fr\/","logo":{"@type":"ImageObject","inLanguage":"fr-FR","@id":"https:\/\/alter-entorn.com\/fr\/#\/schema\/logo\/image\/","url":"https:\/\/alter-entorn.com\/wp-content\/uploads\/2018\/10\/logo_alter_entorn-sin-texto-1.png","contentUrl":"https:\/\/alter-entorn.com\/wp-content\/uploads\/2018\/10\/logo_alter_entorn-sin-texto-1.png","width":246,"height":68,"caption":"alter-entorn"},"image":{"@id":"https:\/\/alter-entorn.com\/fr\/#\/schema\/logo\/image\/"},"sameAs":["https:\/\/www.facebook.com\/alterentorn\/","https:\/\/x.com\/alterentorn"]}]}},"_links":{"self":[{"href":"https:\/\/alter-entorn.com\/fr\/wp-json\/wp\/v2\/product\/7274","targetHints":{"allow":["GET"]}}],"collection":[{"href":"https:\/\/alter-entorn.com\/fr\/wp-json\/wp\/v2\/product"}],"about":[{"href":"https:\/\/alter-entorn.com\/fr\/wp-json\/wp\/v2\/types\/product"}],"wp:featuredmedia":[{"embeddable":true,"href":"https:\/\/alter-entorn.com\/fr\/wp-json\/wp\/v2\/media\/10286"}],"wp:attachment":[{"href":"https:\/\/alter-entorn.com\/fr\/wp-json\/wp\/v2\/media?parent=7274"}],"wp:term":[{"taxonomy":"product_brand","embeddable":true,"href":"https:\/\/alter-entorn.com\/fr\/wp-json\/wp\/v2\/product_brand?post=7274"},{"taxonomy":"product_cat","embeddable":true,"href":"https:\/\/alter-entorn.com\/fr\/wp-json\/wp\/v2\/product_cat?post=7274"},{"taxonomy":"product_tag","embeddable":true,"href":"https:\/\/alter-entorn.com\/fr\/wp-json\/wp\/v2\/product_tag?post=7274"}],"curies":[{"name":"wp","href":"https:\/\/api.w.org\/{rel}","templated":true}]}}