{"id":7509,"date":"2019-11-14T10:00:28","date_gmt":"2019-11-14T09:00:28","guid":{"rendered":"https:\/\/alter-entorn.com\/producto\/multi-usages-3s-concentre-05l-nettoyage\/"},"modified":"2025-02-12T16:26:55","modified_gmt":"2025-02-12T14:26:55","slug":"multi-usages-3s-concentre-05l-nettoyage","status":"publish","type":"product","link":"https:\/\/alter-entorn.com\/fr\/producto\/multi-usages-3s-concentre-05l-nettoyage\/","title":{"rendered":"Multi-usages 3S concentr\u00e9 (0,5l) &#8211; Nettoyage"},"content":{"rendered":"<div class=\"tlid-input input\">\n<div class=\"source-wrap\">\n<div class=\"input-full-height-wrapper tlid-input-full-height-wrapper\">\n<div class=\"source-input\">\n<div class=\"source-footer-wrap source-or-target-footer\">\n<div class=\"character-count tlid-character-count\">\n<div class=\"cc-ctr normal\">Le concentr\u00e9 Multipurpose 3S ne contient que des micro-organismes b\u00e9n\u00e9fiques qui nettoient (aident \u00e0 \u00e9liminer la salet\u00e9) toutes les surfaces. C&rsquo;est facile, agr\u00e9able et am\u00e9liore la qualit\u00e9 des espaces o\u00f9 il est appliqu\u00e9. Les surfaces sont maintenues propres plus longtemps, gr\u00e2ce \u00e0 leur effet antistatique et anti-adh\u00e9rent qui emp\u00eache la poussi\u00e8re d&rsquo;\u00eatre attir\u00e9e par les surfaces. De plus, les micro-organismes b\u00e9n\u00e9fiques am\u00e9liorent l&rsquo;efficacit\u00e9 des autres ingr\u00e9dients et contr\u00f4lent les agents pathog\u00e8nes afin qu&rsquo;ils ne puissent pas se d\u00e9velopper.<\/div>\n<\/div>\n<\/div>\n<\/div>\n<\/div>\n<\/div>\n<\/div>\n<div class=\"tlid-results-container results-container\">\n<div class=\"tlid-result result-dict-wrapper\">\n<div class=\"result tlid-copy-target\">\n<div class=\"text-wrap tlid-copy-target\">\n<div class=\"result-shield-container tlid-copy-target\"><span class=\"tlid-translation translation\" lang=\"fr\"><span class=\"tlid-translation translation\" lang=\"fr\"><br \/>\n\u00c9limine les mauvaises odeurs et peut donc \u00e9galement \u00eatre utilis\u00e9 comme assainisseur d&rsquo;air. C&rsquo;est un produit hautement concentr\u00e9 dont une petite quantit\u00e9 est dilu\u00e9e dans de l&rsquo;eau. Un contenant durera donc longtemps et nous permettra d&rsquo;\u00e9conomiser beaucoup d&rsquo;argent. En outre, l&rsquo;eau de nettoyage restante peut \u00eatre utilis\u00e9e pour irriguer les plantes, ce qui leur conf\u00e8re un avantage nutritionnel suppl\u00e9mentaire. ou bien, s&rsquo;il est jet\u00e9 r\u00e9guli\u00e8rement dans les \u00e9gouts, il nous aidera \u00e0 nettoyer les tuyaux, emp\u00eachera tout encrassement et en \u00e9liminera les mauvaises odeurs.<\/span><\/span>Il ne contient aucun type de produit chimique dangereux, il est donc la meilleure option pour tout le monde: allergique, hypersensible, asthmatique, enceinte, enfants, animaux domestiques, etc. En plus d&rsquo;\u00eatre totalement respectueux de l&rsquo;environnement et de nous aider \u00e0 \u00e9conomiser.<\/p>\n<\/div>\n<\/div>\n<\/div>\n<\/div>\n<\/div>\n","protected":false},"excerpt":{"rendered":"<p><strong>ECOCERT<\/strong><\/p>\n<p>Nous avons con\u00e7u ce nettoyant sp\u00e9cialement pour les personnes pr\u00e9sentant une sensibilit\u00e9 multiple aux produits chimiques, des allergies environnementales, une hypersensibilit\u00e9, etc. Totalement naturel, s\u00fbr et sain.<\/p>\n<p>Pas de produits chimiques nocifs, pas de parfums, pas d&rsquo;huiles essentielles.<\/p>\n<p>C&rsquo;est un produit tr\u00e8s concentr\u00e9, une petite quantit\u00e9 est dilu\u00e9e dans de l&rsquo;eau et pr\u00eate \u00e0 l&#8217;emploi. Convient au nettoyage g\u00e9n\u00e9ral de toutes les surfaces: verre, bois, acier, carrelage, marbre, etc.<\/p>\n","protected":false},"featured_media":8757,"template":"","meta":{"_joinchat":[]},"product_brand":[],"product_cat":[118],"product_tag":[945,2828,2829,3115,3116,3117,3118,3119,3120],"class_list":{"0":"post-7509","1":"product","2":"type-product","3":"status-publish","4":"has-post-thumbnail","6":"product_cat-nettoyage-menager","7":"product_tag-nettoyants-naturels","8":"product_tag-nettoyer-sans-produits-chimiques","9":"product_tag-propre-sans-toxines","10":"product_tag-sensibilite-chimique-multiple","11":"product_tag-hypersensibilite","12":"product_tag-sans-parfum","13":"product_tag-pas-dhuiles-essentielles","14":"product_tag-maladie-environnementale","15":"product_tag-allergie-chimique","17":"first","18":"outofstock","19":"taxable","20":"shipping-taxable","21":"purchasable","22":"product-type-simple"},"yoast_head":"<!-- This site is optimized with the Yoast SEO plugin v27.4 - https:\/\/yoast.com\/product\/yoast-seo-wordpress\/ -->\n<title>Multi-usages 3S concentr\u00e9 (0,5l) - Nettoyage - alter-entorn<\/title>\n<meta name=\"description\" content=\"Nettoyant probiotique naturel et concentr\u00e9, sans produits chimiques nocifs, sans parfums ni huiles essentielles\" \/>\n<meta name=\"robots\" content=\"index, follow, max-snippet:-1, max-image-preview:large, max-video-preview:-1\" \/>\n<link rel=\"canonical\" href=\"https:\/\/alter-entorn.com\/fr\/producto\/multi-usages-3s-concentre-05l-nettoyage\/\" \/>\n<meta property=\"og:locale\" content=\"fr_FR\" \/>\n<meta property=\"og:type\" content=\"article\" \/>\n<meta property=\"og:title\" content=\"Multi-usages 3S concentr\u00e9 (0,5l) - Nettoyage - alter-entorn\" \/>\n<meta property=\"og:description\" content=\"Nettoyant probiotique naturel et concentr\u00e9, sans produits chimiques nocifs, sans parfums ni huiles essentielles\" \/>\n<meta property=\"og:url\" content=\"https:\/\/alter-entorn.com\/fr\/producto\/multi-usages-3s-concentre-05l-nettoyage\/\" \/>\n<meta property=\"og:site_name\" content=\"alter-entorn\" \/>\n<meta property=\"article:publisher\" content=\"https:\/\/www.facebook.com\/alterentorn\/\" \/>\n<meta property=\"article:modified_time\" content=\"2025-02-12T14:26:55+00:00\" \/>\n<meta property=\"og:image\" content=\"https:\/\/alter-entorn.com\/wp-content\/uploads\/2022\/03\/multiusos3s-1024x768.png\" \/>\n\t<meta property=\"og:image:width\" content=\"1024\" \/>\n\t<meta property=\"og:image:height\" content=\"768\" \/>\n\t<meta property=\"og:image:type\" content=\"image\/png\" \/>\n<meta name=\"twitter:card\" content=\"summary_large_image\" \/>\n<meta name=\"twitter:site\" content=\"@alterentorn\" \/>\n<meta name=\"twitter:label1\" content=\"Dur\u00e9e de lecture estim\u00e9e\" \/>\n\t<meta name=\"twitter:data1\" content=\"1 minute\" \/>\n<script type=\"application\/ld+json\" class=\"yoast-schema-graph\">{\"@context\":\"https:\\\/\\\/schema.org\",\"@graph\":[{\"@type\":\"WebPage\",\"@id\":\"https:\\\/\\\/alter-entorn.com\\\/fr\\\/producto\\\/multi-usages-3s-concentre-05l-nettoyage\\\/\",\"url\":\"https:\\\/\\\/alter-entorn.com\\\/fr\\\/producto\\\/multi-usages-3s-concentre-05l-nettoyage\\\/\",\"name\":\"Multi-usages 3S concentr\u00e9 (0,5l) - Nettoyage - alter-entorn\",\"isPartOf\":{\"@id\":\"https:\\\/\\\/alter-entorn.com\\\/fr\\\/#website\"},\"primaryImageOfPage\":{\"@id\":\"https:\\\/\\\/alter-entorn.com\\\/fr\\\/producto\\\/multi-usages-3s-concentre-05l-nettoyage\\\/#primaryimage\"},\"image\":{\"@id\":\"https:\\\/\\\/alter-entorn.com\\\/fr\\\/producto\\\/multi-usages-3s-concentre-05l-nettoyage\\\/#primaryimage\"},\"thumbnailUrl\":\"https:\\\/\\\/alter-entorn.com\\\/wp-content\\\/uploads\\\/2022\\\/03\\\/multiusos3s.png\",\"datePublished\":\"2019-11-14T09:00:28+00:00\",\"dateModified\":\"2025-02-12T14:26:55+00:00\",\"description\":\"Nettoyant probiotique naturel et concentr\u00e9, sans produits chimiques nocifs, sans parfums ni huiles essentielles\",\"breadcrumb\":{\"@id\":\"https:\\\/\\\/alter-entorn.com\\\/fr\\\/producto\\\/multi-usages-3s-concentre-05l-nettoyage\\\/#breadcrumb\"},\"inLanguage\":\"fr-FR\",\"potentialAction\":[{\"@type\":\"ReadAction\",\"target\":[\"https:\\\/\\\/alter-entorn.com\\\/fr\\\/producto\\\/multi-usages-3s-concentre-05l-nettoyage\\\/\"]}]},{\"@type\":\"ImageObject\",\"inLanguage\":\"fr-FR\",\"@id\":\"https:\\\/\\\/alter-entorn.com\\\/fr\\\/producto\\\/multi-usages-3s-concentre-05l-nettoyage\\\/#primaryimage\",\"url\":\"https:\\\/\\\/alter-entorn.com\\\/wp-content\\\/uploads\\\/2022\\\/03\\\/multiusos3s.png\",\"contentUrl\":\"https:\\\/\\\/alter-entorn.com\\\/wp-content\\\/uploads\\\/2022\\\/03\\\/multiusos3s.png\",\"width\":5184,\"height\":3888},{\"@type\":\"BreadcrumbList\",\"@id\":\"https:\\\/\\\/alter-entorn.com\\\/fr\\\/producto\\\/multi-usages-3s-concentre-05l-nettoyage\\\/#breadcrumb\",\"itemListElement\":[{\"@type\":\"ListItem\",\"position\":1,\"name\":\"Portada\",\"item\":\"https:\\\/\\\/alter-entorn.com\\\/fr\\\/\"},{\"@type\":\"ListItem\",\"position\":2,\"name\":\"Boutique\",\"item\":\"https:\\\/\\\/alter-entorn.com\\\/tienda\\\/\"},{\"@type\":\"ListItem\",\"position\":3,\"name\":\"Multi-usages 3S concentr\u00e9 (0,5l) &#8211; Nettoyage\"}]},{\"@type\":\"WebSite\",\"@id\":\"https:\\\/\\\/alter-entorn.com\\\/fr\\\/#website\",\"url\":\"https:\\\/\\\/alter-entorn.com\\\/fr\\\/\",\"name\":\"alter-entorn\",\"description\":\"Soluciones Microbiol\u00f3gicas probi\u00f3ticos\",\"publisher\":{\"@id\":\"https:\\\/\\\/alter-entorn.com\\\/fr\\\/#organization\"},\"potentialAction\":[{\"@type\":\"SearchAction\",\"target\":{\"@type\":\"EntryPoint\",\"urlTemplate\":\"https:\\\/\\\/alter-entorn.com\\\/fr\\\/?s={search_term_string}\"},\"query-input\":{\"@type\":\"PropertyValueSpecification\",\"valueRequired\":true,\"valueName\":\"search_term_string\"}}],\"inLanguage\":\"fr-FR\"},{\"@type\":\"Organization\",\"@id\":\"https:\\\/\\\/alter-entorn.com\\\/fr\\\/#organization\",\"name\":\"alter-entorn\",\"url\":\"https:\\\/\\\/alter-entorn.com\\\/fr\\\/\",\"logo\":{\"@type\":\"ImageObject\",\"inLanguage\":\"fr-FR\",\"@id\":\"https:\\\/\\\/alter-entorn.com\\\/fr\\\/#\\\/schema\\\/logo\\\/image\\\/\",\"url\":\"https:\\\/\\\/alter-entorn.com\\\/wp-content\\\/uploads\\\/2018\\\/10\\\/logo_alter_entorn-sin-texto-1.png\",\"contentUrl\":\"https:\\\/\\\/alter-entorn.com\\\/wp-content\\\/uploads\\\/2018\\\/10\\\/logo_alter_entorn-sin-texto-1.png\",\"width\":246,\"height\":68,\"caption\":\"alter-entorn\"},\"image\":{\"@id\":\"https:\\\/\\\/alter-entorn.com\\\/fr\\\/#\\\/schema\\\/logo\\\/image\\\/\"},\"sameAs\":[\"https:\\\/\\\/www.facebook.com\\\/alterentorn\\\/\",\"https:\\\/\\\/x.com\\\/alterentorn\"]}]}<\/script>\n<!-- \/ Yoast SEO plugin. -->","yoast_head_json":{"title":"Multi-usages 3S concentr\u00e9 (0,5l) - Nettoyage - alter-entorn","description":"Nettoyant probiotique naturel et concentr\u00e9, sans produits chimiques nocifs, sans parfums ni huiles essentielles","robots":{"index":"index","follow":"follow","max-snippet":"max-snippet:-1","max-image-preview":"max-image-preview:large","max-video-preview":"max-video-preview:-1"},"canonical":"https:\/\/alter-entorn.com\/fr\/producto\/multi-usages-3s-concentre-05l-nettoyage\/","og_locale":"fr_FR","og_type":"article","og_title":"Multi-usages 3S concentr\u00e9 (0,5l) - Nettoyage - alter-entorn","og_description":"Nettoyant probiotique naturel et concentr\u00e9, sans produits chimiques nocifs, sans parfums ni huiles essentielles","og_url":"https:\/\/alter-entorn.com\/fr\/producto\/multi-usages-3s-concentre-05l-nettoyage\/","og_site_name":"alter-entorn","article_publisher":"https:\/\/www.facebook.com\/alterentorn\/","article_modified_time":"2025-02-12T14:26:55+00:00","og_image":[{"width":1024,"height":768,"url":"https:\/\/alter-entorn.com\/wp-content\/uploads\/2022\/03\/multiusos3s-1024x768.png","type":"image\/png"}],"twitter_card":"summary_large_image","twitter_site":"@alterentorn","twitter_misc":{"Dur\u00e9e de lecture estim\u00e9e":"1 minute"},"schema":{"@context":"https:\/\/schema.org","@graph":[{"@type":"WebPage","@id":"https:\/\/alter-entorn.com\/fr\/producto\/multi-usages-3s-concentre-05l-nettoyage\/","url":"https:\/\/alter-entorn.com\/fr\/producto\/multi-usages-3s-concentre-05l-nettoyage\/","name":"Multi-usages 3S concentr\u00e9 (0,5l) - Nettoyage - alter-entorn","isPartOf":{"@id":"https:\/\/alter-entorn.com\/fr\/#website"},"primaryImageOfPage":{"@id":"https:\/\/alter-entorn.com\/fr\/producto\/multi-usages-3s-concentre-05l-nettoyage\/#primaryimage"},"image":{"@id":"https:\/\/alter-entorn.com\/fr\/producto\/multi-usages-3s-concentre-05l-nettoyage\/#primaryimage"},"thumbnailUrl":"https:\/\/alter-entorn.com\/wp-content\/uploads\/2022\/03\/multiusos3s.png","datePublished":"2019-11-14T09:00:28+00:00","dateModified":"2025-02-12T14:26:55+00:00","description":"Nettoyant probiotique naturel et concentr\u00e9, sans produits chimiques nocifs, sans parfums ni huiles essentielles","breadcrumb":{"@id":"https:\/\/alter-entorn.com\/fr\/producto\/multi-usages-3s-concentre-05l-nettoyage\/#breadcrumb"},"inLanguage":"fr-FR","potentialAction":[{"@type":"ReadAction","target":["https:\/\/alter-entorn.com\/fr\/producto\/multi-usages-3s-concentre-05l-nettoyage\/"]}]},{"@type":"ImageObject","inLanguage":"fr-FR","@id":"https:\/\/alter-entorn.com\/fr\/producto\/multi-usages-3s-concentre-05l-nettoyage\/#primaryimage","url":"https:\/\/alter-entorn.com\/wp-content\/uploads\/2022\/03\/multiusos3s.png","contentUrl":"https:\/\/alter-entorn.com\/wp-content\/uploads\/2022\/03\/multiusos3s.png","width":5184,"height":3888},{"@type":"BreadcrumbList","@id":"https:\/\/alter-entorn.com\/fr\/producto\/multi-usages-3s-concentre-05l-nettoyage\/#breadcrumb","itemListElement":[{"@type":"ListItem","position":1,"name":"Portada","item":"https:\/\/alter-entorn.com\/fr\/"},{"@type":"ListItem","position":2,"name":"Boutique","item":"https:\/\/alter-entorn.com\/tienda\/"},{"@type":"ListItem","position":3,"name":"Multi-usages 3S concentr\u00e9 (0,5l) &#8211; Nettoyage"}]},{"@type":"WebSite","@id":"https:\/\/alter-entorn.com\/fr\/#website","url":"https:\/\/alter-entorn.com\/fr\/","name":"alter-entorn","description":"Soluciones Microbiol\u00f3gicas probi\u00f3ticos","publisher":{"@id":"https:\/\/alter-entorn.com\/fr\/#organization"},"potentialAction":[{"@type":"SearchAction","target":{"@type":"EntryPoint","urlTemplate":"https:\/\/alter-entorn.com\/fr\/?s={search_term_string}"},"query-input":{"@type":"PropertyValueSpecification","valueRequired":true,"valueName":"search_term_string"}}],"inLanguage":"fr-FR"},{"@type":"Organization","@id":"https:\/\/alter-entorn.com\/fr\/#organization","name":"alter-entorn","url":"https:\/\/alter-entorn.com\/fr\/","logo":{"@type":"ImageObject","inLanguage":"fr-FR","@id":"https:\/\/alter-entorn.com\/fr\/#\/schema\/logo\/image\/","url":"https:\/\/alter-entorn.com\/wp-content\/uploads\/2018\/10\/logo_alter_entorn-sin-texto-1.png","contentUrl":"https:\/\/alter-entorn.com\/wp-content\/uploads\/2018\/10\/logo_alter_entorn-sin-texto-1.png","width":246,"height":68,"caption":"alter-entorn"},"image":{"@id":"https:\/\/alter-entorn.com\/fr\/#\/schema\/logo\/image\/"},"sameAs":["https:\/\/www.facebook.com\/alterentorn\/","https:\/\/x.com\/alterentorn"]}]}},"_links":{"self":[{"href":"https:\/\/alter-entorn.com\/fr\/wp-json\/wp\/v2\/product\/7509","targetHints":{"allow":["GET"]}}],"collection":[{"href":"https:\/\/alter-entorn.com\/fr\/wp-json\/wp\/v2\/product"}],"about":[{"href":"https:\/\/alter-entorn.com\/fr\/wp-json\/wp\/v2\/types\/product"}],"wp:featuredmedia":[{"embeddable":true,"href":"https:\/\/alter-entorn.com\/fr\/wp-json\/wp\/v2\/media\/8757"}],"wp:attachment":[{"href":"https:\/\/alter-entorn.com\/fr\/wp-json\/wp\/v2\/media?parent=7509"}],"wp:term":[{"taxonomy":"product_brand","embeddable":true,"href":"https:\/\/alter-entorn.com\/fr\/wp-json\/wp\/v2\/product_brand?post=7509"},{"taxonomy":"product_cat","embeddable":true,"href":"https:\/\/alter-entorn.com\/fr\/wp-json\/wp\/v2\/product_cat?post=7509"},{"taxonomy":"product_tag","embeddable":true,"href":"https:\/\/alter-entorn.com\/fr\/wp-json\/wp\/v2\/product_tag?post=7509"}],"curies":[{"name":"wp","href":"https:\/\/api.w.org\/{rel}","templated":true}]}}