{"id":7909,"date":"2020-09-15T12:18:04","date_gmt":"2020-09-15T11:18:04","guid":{"rendered":"https:\/\/alter-entorn.com\/?post_type=product&#038;p=7909"},"modified":"2026-01-08T12:55:13","modified_gmt":"2026-01-08T10:55:13","slug":"bio-live-renace-revive","status":"publish","type":"product","link":"https:\/\/alter-entorn.com\/fr\/producto\/bio-live-renace-revive\/","title":{"rendered":"microbz Revive"},"content":{"rendered":"<p>Votre intestin est le fondement de votre sant\u00e9. Il poss\u00e8de plus de 1000 m2 de muqueuse intestinale qui agit comme une barri\u00e8re pour contr\u00f4ler ce qui est absorb\u00e9 dans la circulation sanguine. L&rsquo;intestin peut d\u00e9velopper de grandes fissures en r\u00e9ponse \u00e0 une alimentation riche en sucres, en aliments transform\u00e9s et en alcool, au stress et en toxines environnementales. Cela d\u00e9clenche des processus inflammatoires et alt\u00e8re la flore intestinale, ce qui peut entra\u00eener des d\u00e9s\u00e9quilibres dans le tube digestif et des cons\u00e9quences graves sur la sant\u00e9.<\/p>\n<p>Les produits Bio-Live sont fabriqu\u00e9s avec la m\u00eame acidit\u00e9 que l&rsquo;estomac (3,2 pH) afin que les bact\u00e9ries b\u00e9n\u00e9fiques puissent atteindre l&rsquo;intestin vivantes et pr\u00eates \u00e0 travailler, contrairement aux compl\u00e9ments lyophilis\u00e9s qui n\u00e9cessitent une r\u00e9activation.<\/p>\n<p>Bio-Live Revive est votre gardien intestinal. Il est con\u00e7u pour soulager et traiter l&rsquo;inflammation dans n&rsquo;importe quelle partie du syst\u00e8me digestif, de la bouche \u00e0 la fin du voyage. Si vous avez des probl\u00e8mes de sant\u00e9 intestinale, nous vous recommandons de prendre Revive pendant deux mois pour r\u00e9parer l&rsquo;intestin et le tractus gastro-intestinal, puis de passer \u00e0 un autre probiotique Bio-Live de notre gamme pour maintenir la sant\u00e9 intestinale.<\/p>\n<p>Bio-Live Revive est :<\/p>\n<p>&#8211; Fabriqu\u00e9 avec l&rsquo;acide amin\u00e9 L. Glutamine, qui est particuli\u00e8rement bon pour r\u00e9parer l&rsquo;intestin et soutenir la fonction c\u00e9r\u00e9brale ;<\/p>\n<p>&#8211; un ensemble de 15 familles de cultures vivantes ;<\/p>\n<p>&#8211; ferment\u00e9 avec des ingr\u00e9dients de premi\u00e8re qualit\u00e9 pour la sant\u00e9 digestive ;<\/p>\n<p>&#8211; sans gluten, transg\u00e9nique, bl\u00e9, produits laitiers et sans sucre ;<\/p>\n<p>Ingr\u00e9dients cl\u00e9s : Cultures biologiques actives : l&rsquo;intestin, \u00e9galement connu sous le nom de deuxi\u00e8me cerveau, est la cl\u00e9 du maintien de la sant\u00e9. Les micro-organismes b\u00e9n\u00e9fiques dans l&rsquo;intestin sont essentiels \u00e0 la digestion, \u00e0 la d\u00e9composition des toxines, \u00e0 la production de vitamines et au soutien du syst\u00e8me immunitaire.<\/p>\n<p>&nbsp;<\/p>\n<p><img loading=\"lazy\" decoding=\"async\" class=\"alignnone size-medium wp-image-7896\" src=\"https:\/\/alter-entorn.com\/wp-content\/uploads\/2020\/09\/2.png\" alt=\"\" width=\"300\" height=\"212\" srcset=\"https:\/\/alter-entorn.com\/wp-content\/uploads\/2020\/09\/2.png 1999w, https:\/\/alter-entorn.com\/wp-content\/uploads\/2020\/09\/2-300x212.png 300w, https:\/\/alter-entorn.com\/wp-content\/uploads\/2020\/09\/2-1024x724.png 1024w, https:\/\/alter-entorn.com\/wp-content\/uploads\/2020\/09\/2-768x543.png 768w, https:\/\/alter-entorn.com\/wp-content\/uploads\/2020\/09\/2-1536x1086.png 1536w, https:\/\/alter-entorn.com\/wp-content\/uploads\/2020\/09\/2-570x403.png 570w\" sizes=\"auto, (max-width: 300px) 100vw, 300px\" \/><\/p>\n","protected":false},"excerpt":{"rendered":"<p>microbz Revive est votre gardien intestinal. Il est con\u00e7u pour soulager et traiter l&rsquo;inflammation dans n&rsquo;importe quelle partie du syst\u00e8me digestif, de la bouche \u00e0 la fin du voyage. Si vous avez des probl\u00e8mes de sant\u00e9 intestinale, nous vous recommandons de prendre Revive pendant deux mois pour r\u00e9parer l&rsquo;intestin et le tractus gastro-intestinal, puis de passer \u00e0 un autre probiotique Bio-Live de notre gamme pour maintenir la sant\u00e9 intestinale.<\/p>\n<p>Sans gluten, transg\u00e9nique, bl\u00e9, produits laitiers et sans sucre.<\/p>\n","protected":false},"featured_media":10274,"template":"","meta":{"_joinchat":[]},"product_brand":[],"product_cat":[115,120],"product_tag":[],"class_list":{"0":"post-7909","1":"product","2":"type-product","3":"status-publish","4":"has-post-thumbnail","6":"product_cat-sante-et-bien-etre","7":"product_cat-supplements-probiotiques","9":"first","10":"instock","11":"taxable","12":"shipping-taxable","13":"purchasable","14":"product-type-variable","15":"has-default-attributes"},"yoast_head":"<!-- This site is optimized with the Yoast SEO plugin v27.4 - https:\/\/yoast.com\/product\/yoast-seo-wordpress\/ -->\n<title>microbz Revive - alter-entorn<\/title>\n<meta name=\"robots\" content=\"index, follow, max-snippet:-1, max-image-preview:large, max-video-preview:-1\" \/>\n<link rel=\"canonical\" href=\"https:\/\/alter-entorn.com\/fr\/producto\/bio-live-renace-revive\/\" \/>\n<meta property=\"og:locale\" content=\"fr_FR\" \/>\n<meta property=\"og:type\" content=\"article\" \/>\n<meta property=\"og:title\" content=\"microbz Revive - alter-entorn\" \/>\n<meta property=\"og:description\" content=\"microbz Revive est votre gardien intestinal. Il est con\u00e7u pour soulager et traiter l&#039;inflammation dans n&#039;importe quelle partie du syst\u00e8me digestif, de la bouche \u00e0 la fin du voyage. Si vous avez des probl\u00e8mes de sant\u00e9 intestinale, nous vous recommandons de prendre Revive pendant deux mois pour r\u00e9parer l&#039;intestin et le tractus gastro-intestinal, puis de passer \u00e0 un autre probiotique Bio-Live de notre gamme pour maintenir la sant\u00e9 intestinale.  Sans gluten, transg\u00e9nique, bl\u00e9, produits laitiers et sans sucre.\" \/>\n<meta property=\"og:url\" content=\"https:\/\/alter-entorn.com\/fr\/producto\/bio-live-renace-revive\/\" \/>\n<meta property=\"og:site_name\" content=\"alter-entorn\" \/>\n<meta property=\"article:publisher\" content=\"https:\/\/www.facebook.com\/alterentorn\/\" \/>\n<meta property=\"article:modified_time\" content=\"2026-01-08T10:55:13+00:00\" \/>\n<meta property=\"og:image\" content=\"https:\/\/alter-entorn.com\/wp-content\/uploads\/2020\/09\/1-1.png\" \/>\n\t<meta property=\"og:image:width\" content=\"1000\" \/>\n\t<meta property=\"og:image:height\" content=\"1500\" \/>\n\t<meta property=\"og:image:type\" content=\"image\/png\" \/>\n<meta name=\"twitter:card\" content=\"summary_large_image\" \/>\n<meta name=\"twitter:site\" content=\"@alterentorn\" \/>\n<meta name=\"twitter:label1\" content=\"Dur\u00e9e de lecture estim\u00e9e\" \/>\n\t<meta name=\"twitter:data1\" content=\"2 minutes\" \/>\n<script type=\"application\/ld+json\" class=\"yoast-schema-graph\">{\"@context\":\"https:\\\/\\\/schema.org\",\"@graph\":[{\"@type\":\"WebPage\",\"@id\":\"https:\\\/\\\/alter-entorn.com\\\/fr\\\/producto\\\/bio-live-renace-revive\\\/\",\"url\":\"https:\\\/\\\/alter-entorn.com\\\/fr\\\/producto\\\/bio-live-renace-revive\\\/\",\"name\":\"microbz Revive - alter-entorn\",\"isPartOf\":{\"@id\":\"https:\\\/\\\/alter-entorn.com\\\/fr\\\/#website\"},\"primaryImageOfPage\":{\"@id\":\"https:\\\/\\\/alter-entorn.com\\\/fr\\\/producto\\\/bio-live-renace-revive\\\/#primaryimage\"},\"image\":{\"@id\":\"https:\\\/\\\/alter-entorn.com\\\/fr\\\/producto\\\/bio-live-renace-revive\\\/#primaryimage\"},\"thumbnailUrl\":\"https:\\\/\\\/alter-entorn.com\\\/wp-content\\\/uploads\\\/2020\\\/09\\\/1-1.png\",\"datePublished\":\"2020-09-15T11:18:04+00:00\",\"dateModified\":\"2026-01-08T10:55:13+00:00\",\"breadcrumb\":{\"@id\":\"https:\\\/\\\/alter-entorn.com\\\/fr\\\/producto\\\/bio-live-renace-revive\\\/#breadcrumb\"},\"inLanguage\":\"fr-FR\",\"potentialAction\":[{\"@type\":\"ReadAction\",\"target\":[\"https:\\\/\\\/alter-entorn.com\\\/fr\\\/producto\\\/bio-live-renace-revive\\\/\"]}]},{\"@type\":\"ImageObject\",\"inLanguage\":\"fr-FR\",\"@id\":\"https:\\\/\\\/alter-entorn.com\\\/fr\\\/producto\\\/bio-live-renace-revive\\\/#primaryimage\",\"url\":\"https:\\\/\\\/alter-entorn.com\\\/wp-content\\\/uploads\\\/2020\\\/09\\\/1-1.png\",\"contentUrl\":\"https:\\\/\\\/alter-entorn.com\\\/wp-content\\\/uploads\\\/2020\\\/09\\\/1-1.png\",\"width\":1000,\"height\":1500},{\"@type\":\"BreadcrumbList\",\"@id\":\"https:\\\/\\\/alter-entorn.com\\\/fr\\\/producto\\\/bio-live-renace-revive\\\/#breadcrumb\",\"itemListElement\":[{\"@type\":\"ListItem\",\"position\":1,\"name\":\"Portada\",\"item\":\"https:\\\/\\\/alter-entorn.com\\\/fr\\\/\"},{\"@type\":\"ListItem\",\"position\":2,\"name\":\"Boutique\",\"item\":\"https:\\\/\\\/alter-entorn.com\\\/tienda\\\/\"},{\"@type\":\"ListItem\",\"position\":3,\"name\":\"microbz Revive\"}]},{\"@type\":\"WebSite\",\"@id\":\"https:\\\/\\\/alter-entorn.com\\\/fr\\\/#website\",\"url\":\"https:\\\/\\\/alter-entorn.com\\\/fr\\\/\",\"name\":\"alter-entorn\",\"description\":\"Soluciones Microbiol\u00f3gicas probi\u00f3ticos\",\"publisher\":{\"@id\":\"https:\\\/\\\/alter-entorn.com\\\/fr\\\/#organization\"},\"potentialAction\":[{\"@type\":\"SearchAction\",\"target\":{\"@type\":\"EntryPoint\",\"urlTemplate\":\"https:\\\/\\\/alter-entorn.com\\\/fr\\\/?s={search_term_string}\"},\"query-input\":{\"@type\":\"PropertyValueSpecification\",\"valueRequired\":true,\"valueName\":\"search_term_string\"}}],\"inLanguage\":\"fr-FR\"},{\"@type\":\"Organization\",\"@id\":\"https:\\\/\\\/alter-entorn.com\\\/fr\\\/#organization\",\"name\":\"alter-entorn\",\"url\":\"https:\\\/\\\/alter-entorn.com\\\/fr\\\/\",\"logo\":{\"@type\":\"ImageObject\",\"inLanguage\":\"fr-FR\",\"@id\":\"https:\\\/\\\/alter-entorn.com\\\/fr\\\/#\\\/schema\\\/logo\\\/image\\\/\",\"url\":\"https:\\\/\\\/alter-entorn.com\\\/wp-content\\\/uploads\\\/2018\\\/10\\\/logo_alter_entorn-sin-texto-1.png\",\"contentUrl\":\"https:\\\/\\\/alter-entorn.com\\\/wp-content\\\/uploads\\\/2018\\\/10\\\/logo_alter_entorn-sin-texto-1.png\",\"width\":246,\"height\":68,\"caption\":\"alter-entorn\"},\"image\":{\"@id\":\"https:\\\/\\\/alter-entorn.com\\\/fr\\\/#\\\/schema\\\/logo\\\/image\\\/\"},\"sameAs\":[\"https:\\\/\\\/www.facebook.com\\\/alterentorn\\\/\",\"https:\\\/\\\/x.com\\\/alterentorn\"]}]}<\/script>\n<!-- \/ Yoast SEO plugin. -->","yoast_head_json":{"title":"microbz Revive - alter-entorn","robots":{"index":"index","follow":"follow","max-snippet":"max-snippet:-1","max-image-preview":"max-image-preview:large","max-video-preview":"max-video-preview:-1"},"canonical":"https:\/\/alter-entorn.com\/fr\/producto\/bio-live-renace-revive\/","og_locale":"fr_FR","og_type":"article","og_title":"microbz Revive - alter-entorn","og_description":"microbz Revive est votre gardien intestinal. Il est con\u00e7u pour soulager et traiter l'inflammation dans n'importe quelle partie du syst\u00e8me digestif, de la bouche \u00e0 la fin du voyage. Si vous avez des probl\u00e8mes de sant\u00e9 intestinale, nous vous recommandons de prendre Revive pendant deux mois pour r\u00e9parer l'intestin et le tractus gastro-intestinal, puis de passer \u00e0 un autre probiotique Bio-Live de notre gamme pour maintenir la sant\u00e9 intestinale.  Sans gluten, transg\u00e9nique, bl\u00e9, produits laitiers et sans sucre.","og_url":"https:\/\/alter-entorn.com\/fr\/producto\/bio-live-renace-revive\/","og_site_name":"alter-entorn","article_publisher":"https:\/\/www.facebook.com\/alterentorn\/","article_modified_time":"2026-01-08T10:55:13+00:00","og_image":[{"width":1000,"height":1500,"url":"https:\/\/alter-entorn.com\/wp-content\/uploads\/2020\/09\/1-1.png","type":"image\/png"}],"twitter_card":"summary_large_image","twitter_site":"@alterentorn","twitter_misc":{"Dur\u00e9e de lecture estim\u00e9e":"2 minutes"},"schema":{"@context":"https:\/\/schema.org","@graph":[{"@type":"WebPage","@id":"https:\/\/alter-entorn.com\/fr\/producto\/bio-live-renace-revive\/","url":"https:\/\/alter-entorn.com\/fr\/producto\/bio-live-renace-revive\/","name":"microbz Revive - alter-entorn","isPartOf":{"@id":"https:\/\/alter-entorn.com\/fr\/#website"},"primaryImageOfPage":{"@id":"https:\/\/alter-entorn.com\/fr\/producto\/bio-live-renace-revive\/#primaryimage"},"image":{"@id":"https:\/\/alter-entorn.com\/fr\/producto\/bio-live-renace-revive\/#primaryimage"},"thumbnailUrl":"https:\/\/alter-entorn.com\/wp-content\/uploads\/2020\/09\/1-1.png","datePublished":"2020-09-15T11:18:04+00:00","dateModified":"2026-01-08T10:55:13+00:00","breadcrumb":{"@id":"https:\/\/alter-entorn.com\/fr\/producto\/bio-live-renace-revive\/#breadcrumb"},"inLanguage":"fr-FR","potentialAction":[{"@type":"ReadAction","target":["https:\/\/alter-entorn.com\/fr\/producto\/bio-live-renace-revive\/"]}]},{"@type":"ImageObject","inLanguage":"fr-FR","@id":"https:\/\/alter-entorn.com\/fr\/producto\/bio-live-renace-revive\/#primaryimage","url":"https:\/\/alter-entorn.com\/wp-content\/uploads\/2020\/09\/1-1.png","contentUrl":"https:\/\/alter-entorn.com\/wp-content\/uploads\/2020\/09\/1-1.png","width":1000,"height":1500},{"@type":"BreadcrumbList","@id":"https:\/\/alter-entorn.com\/fr\/producto\/bio-live-renace-revive\/#breadcrumb","itemListElement":[{"@type":"ListItem","position":1,"name":"Portada","item":"https:\/\/alter-entorn.com\/fr\/"},{"@type":"ListItem","position":2,"name":"Boutique","item":"https:\/\/alter-entorn.com\/tienda\/"},{"@type":"ListItem","position":3,"name":"microbz Revive"}]},{"@type":"WebSite","@id":"https:\/\/alter-entorn.com\/fr\/#website","url":"https:\/\/alter-entorn.com\/fr\/","name":"alter-entorn","description":"Soluciones Microbiol\u00f3gicas probi\u00f3ticos","publisher":{"@id":"https:\/\/alter-entorn.com\/fr\/#organization"},"potentialAction":[{"@type":"SearchAction","target":{"@type":"EntryPoint","urlTemplate":"https:\/\/alter-entorn.com\/fr\/?s={search_term_string}"},"query-input":{"@type":"PropertyValueSpecification","valueRequired":true,"valueName":"search_term_string"}}],"inLanguage":"fr-FR"},{"@type":"Organization","@id":"https:\/\/alter-entorn.com\/fr\/#organization","name":"alter-entorn","url":"https:\/\/alter-entorn.com\/fr\/","logo":{"@type":"ImageObject","inLanguage":"fr-FR","@id":"https:\/\/alter-entorn.com\/fr\/#\/schema\/logo\/image\/","url":"https:\/\/alter-entorn.com\/wp-content\/uploads\/2018\/10\/logo_alter_entorn-sin-texto-1.png","contentUrl":"https:\/\/alter-entorn.com\/wp-content\/uploads\/2018\/10\/logo_alter_entorn-sin-texto-1.png","width":246,"height":68,"caption":"alter-entorn"},"image":{"@id":"https:\/\/alter-entorn.com\/fr\/#\/schema\/logo\/image\/"},"sameAs":["https:\/\/www.facebook.com\/alterentorn\/","https:\/\/x.com\/alterentorn"]}]}},"_links":{"self":[{"href":"https:\/\/alter-entorn.com\/fr\/wp-json\/wp\/v2\/product\/7909","targetHints":{"allow":["GET"]}}],"collection":[{"href":"https:\/\/alter-entorn.com\/fr\/wp-json\/wp\/v2\/product"}],"about":[{"href":"https:\/\/alter-entorn.com\/fr\/wp-json\/wp\/v2\/types\/product"}],"wp:featuredmedia":[{"embeddable":true,"href":"https:\/\/alter-entorn.com\/fr\/wp-json\/wp\/v2\/media\/10274"}],"wp:attachment":[{"href":"https:\/\/alter-entorn.com\/fr\/wp-json\/wp\/v2\/media?parent=7909"}],"wp:term":[{"taxonomy":"product_brand","embeddable":true,"href":"https:\/\/alter-entorn.com\/fr\/wp-json\/wp\/v2\/product_brand?post=7909"},{"taxonomy":"product_cat","embeddable":true,"href":"https:\/\/alter-entorn.com\/fr\/wp-json\/wp\/v2\/product_cat?post=7909"},{"taxonomy":"product_tag","embeddable":true,"href":"https:\/\/alter-entorn.com\/fr\/wp-json\/wp\/v2\/product_tag?post=7909"}],"curies":[{"name":"wp","href":"https:\/\/api.w.org\/{rel}","templated":true}]}}